{"id":24015,"date":"2021-10-10T05:06:12","date_gmt":"2021-10-10T05:06:12","guid":{"rendered":"https:\/\/mouldking.store\/shop\/moc-35603-modular-park-creator-by-gabizon-moc-factory\/"},"modified":"2025-12-25T09:20:06","modified_gmt":"2025-12-25T02:20:06","slug":"moc-35603-modular-park-creator-by-gabizon-moc-factory","status":"publish","type":"product","link":"https:\/\/mouldking.store\/fr\/shop\/moc-35603-modular-park-creator-by-gabizon-moc-factory\/","title":{"rendered":"MOC-35603 Cr\u00e9ateur de parc modulaire par gabizon MOC FACTORY"},"content":{"rendered":"<p>MOC-35603 Modular Park Creator par gabizon MOC FACTORY est un ensemble de la collection Creator, con\u00e7u par gabizon. Ce MOC 35603 est livr\u00e9 avec des instructions PDF faciles \u00e0 construire et \u00e0 trouver les pi\u00e8ces manquantes. L&#039;ensemble contient 1191 pi\u00e8ces, sorties pour la premi\u00e8re fois en 2021.<\/p>\n<figure id=\"attachment_205310\" aria-describedby=\"caption-attachment-205310\" style=\"width: 800px\" class=\"wp-caption aligncenter\"><a href=\"https:\/\/pay.lpwstore.com\/wp-content\/uploads\/2021\/04\/MOC-35603-Modular-Park-Creator-by-gabizon-MOC-FACTORY.jpg\" target=\"_blank\" rel=\"noopener\"><img fetchpriority=\"high\" decoding=\"async\" class=\"wp-image-205310 size-full\" title=\"MOC-35603 Cr\u00e9ateur de parc modulaire par gabizon MOC FACTORY\" src=\"https:\/\/pay.lpwstore.com\/wp-content\/uploads\/2021\/04\/MOC-35603-Modular-Park-Creator-by-gabizon-MOC-FACTORY.jpg\" alt=\"MOC-35603 Modular Park Creator by gabizon MOC FACTORY\" width=\"800\" height=\"800\" \/><\/a><figcaption id=\"caption-attachment-205310\" class=\"wp-caption-text\">MOC-35603 Cr\u00e9ateur de parc modulaire par gabizon MOC FACTORY<\/figcaption><\/figure>","protected":false},"excerpt":{"rendered":"<ul>\n<li>Inclure\u00a0<strong>1191+<\/strong>\u00a0pi\u00e8ces<\/li>\n<li>Instruction PDF en ligne<\/li>\n<li>Bloc ABS de haute qualit\u00e9<\/li>\n<\/ul>","protected":false},"featured_media":24014,"comment_status":"open","ping_status":"closed","template":"","meta":{"_acf_changed":false},"product_cat":[371],"product_tag":[],"class_list":["product","first","instock","shipping-taxable","purchasable","product-type-simple"],"acf":[],"_links":{"self":[{"href":"https:\/\/mouldking.store\/fr\/wp-json\/wp\/v2\/product\/24015","targetHints":{"allow":["GET"]}}],"collection":[{"href":"https:\/\/mouldking.store\/fr\/wp-json\/wp\/v2\/product"}],"about":[{"href":"https:\/\/mouldking.store\/fr\/wp-json\/wp\/v2\/types\/product"}],"replies":[{"embeddable":true,"href":"https:\/\/mouldking.store\/fr\/wp-json\/wp\/v2\/comments?post=24015"}],"wp:featuredmedia":[{"embeddable":true,"href":"https:\/\/mouldking.store\/fr\/wp-json\/wp\/v2\/media\/24014"}],"wp:attachment":[{"href":"https:\/\/mouldking.store\/fr\/wp-json\/wp\/v2\/media?parent=24015"}],"wp:term":[{"taxonomy":"product_cat","embeddable":true,"href":"https:\/\/mouldking.store\/fr\/wp-json\/wp\/v2\/product_cat?post=24015"},{"taxonomy":"product_tag","embeddable":true,"href":"https:\/\/mouldking.store\/fr\/wp-json\/wp\/v2\/product_tag?post=24015"}],"curies":[{"name":"wp","href":"https:\/\/api.w.org\/{rel}","templated":true}]}}