{"id":24070,"date":"2021-10-10T05:06:41","date_gmt":"2021-10-10T05:06:41","guid":{"rendered":"https:\/\/mouldking.store\/shop\/moc-52610-audi-rs5-dtm-orange-technic-by-springer83-moc-factory\/"},"modified":"2025-12-25T09:20:01","modified_gmt":"2025-12-25T02:20:01","slug":"moc-52610-audi-rs5-dtm-orange-technic-by-springer83-moc-factory","status":"publish","type":"product","link":"https:\/\/mouldking.store\/fr\/shop\/moc-52610-audi-rs5-dtm-orange-technic-by-springer83-moc-factory\/","title":{"rendered":"MOC-52610 Audi RS5 DTM Orange Technic by Springer83 MOC FACTORY"},"content":{"rendered":"<p style=\"text-align: left\">MOC-52610 Audi RS5 DTM Orange Technic by Springer83 MOC FACTORY is a set in Technic collection, designed by Springer83. This MOC 52610 comes with PDF instruction which is easy to build and find the missing pieces. The set contains 4024 pieces, first released in 2021.<\/p>\n<p style=\"text-align: left\"><strong>NOTE:<\/strong><\/p>\n<ul style=\"text-align: center\">\n<li style=\"text-align: left\"><strong>La couleur des pi\u00e8ces individuelles ne correspond pas \u00e0 celle des pi\u00e8ces de dessin, ce qui n&#039;affecte pas l&#039;apparence.<\/strong><\/li>\n<li style=\"text-align: left\"><strong>Veuillez acheter avec soin pour ceux qui ne sont pas pr\u00e9occup\u00e9s par la pr\u00e9cision, la diff\u00e9rence de couleur des pi\u00e8ces domestiques.<\/strong><\/li>\n<li style=\"text-align: left\"><strong>Le client peut avoir \u00e0 payer les frais de douane suppl\u00e9mentaires lors de la r\u00e9ception des marchandises.<\/strong><\/li>\n<\/ul>\n<figure id=\"attachment_205459\" aria-describedby=\"caption-attachment-205459\" style=\"width: 800px\" class=\"wp-caption aligncenter\"><a href=\"https:\/\/pay.lpwstore.com\/wp-content\/uploads\/2021\/04\/MOC-52610-Audi-RS5-DTM-Orange-Technic-by-Springer83-MOC-FACTORY.jpg\" target=\"_blank\" rel=\"noopener\"><img fetchpriority=\"high\" decoding=\"async\" class=\"wp-image-205459 size-full\" title=\"MOC-52610 Audi RS5 DTM Orange Technic by Springer83 MOC FACTORY\" src=\"https:\/\/pay.lpwstore.com\/wp-content\/uploads\/2021\/04\/MOC-52610-Audi-RS5-DTM-Orange-Technic-by-Springer83-MOC-FACTORY.jpg\" alt=\"MOC-52610 Audi RS5 DTM Orange Technic by Springer83 MOC FACTORY\" width=\"800\" height=\"800\" \/><\/a><figcaption id=\"caption-attachment-205459\" class=\"wp-caption-text\">MOC-52610 Audi RS5 DTM Orange Technic by Springer83 MOC FACTORY<\/figcaption><\/figure>\n<p><img decoding=\"async\" class=\"alignnone size-full wp-image-205460 aligncenter\" src=\"https:\/\/pay.lpwstore.com\/wp-content\/uploads\/2021\/04\/MOC-52610-Audi-RS5-DTM-Orange-Technic-by-Springer83-MOC-FACTORY-2.jpg\" alt=\"-\" width=\"800\" height=\"800\" title=\"-\"> <img decoding=\"async\" class=\"alignnone size-full wp-image-205461 aligncenter\" src=\"https:\/\/pay.lpwstore.com\/wp-content\/uploads\/2021\/04\/MOC-52610-Audi-RS5-DTM-Orange-Technic-by-Springer83-MOC-FACTORY-3.jpg\" alt=\"-\" width=\"800\" height=\"800\" title=\"-\"><\/p>","protected":false},"excerpt":{"rendered":"<ul>\n<li>Inclure\u00a0<strong>4024+<\/strong>\u00a0pi\u00e8ces<\/li>\n<li>Instruction PDF en ligne<\/li>\n<li>Bloc ABS de haute qualit\u00e9<\/li>\n<li>Pas de moteur<\/li>\n<\/ul>","protected":false},"featured_media":24067,"comment_status":"open","ping_status":"closed","template":"","meta":{"_acf_changed":false},"product_cat":[364],"product_tag":[],"class_list":["product","first","outofstock","shipping-taxable","purchasable","product-type-simple"],"acf":[],"_links":{"self":[{"href":"https:\/\/mouldking.store\/fr\/wp-json\/wp\/v2\/product\/24070","targetHints":{"allow":["GET"]}}],"collection":[{"href":"https:\/\/mouldking.store\/fr\/wp-json\/wp\/v2\/product"}],"about":[{"href":"https:\/\/mouldking.store\/fr\/wp-json\/wp\/v2\/types\/product"}],"replies":[{"embeddable":true,"href":"https:\/\/mouldking.store\/fr\/wp-json\/wp\/v2\/comments?post=24070"}],"wp:featuredmedia":[{"embeddable":true,"href":"https:\/\/mouldking.store\/fr\/wp-json\/wp\/v2\/media\/24067"}],"wp:attachment":[{"href":"https:\/\/mouldking.store\/fr\/wp-json\/wp\/v2\/media?parent=24070"}],"wp:term":[{"taxonomy":"product_cat","embeddable":true,"href":"https:\/\/mouldking.store\/fr\/wp-json\/wp\/v2\/product_cat?post=24070"},{"taxonomy":"product_tag","embeddable":true,"href":"https:\/\/mouldking.store\/fr\/wp-json\/wp\/v2\/product_tag?post=24070"}],"curies":[{"name":"wp","href":"https:\/\/api.w.org\/{rel}","templated":true}]}}