{"id":24121,"date":"2021-10-10T05:08:46","date_gmt":"2021-10-09T22:08:46","guid":{"rendered":"https:\/\/mouldking.store\/shop\/moc-65633-single-trooper-aerial-platform-star-wars-by-veryblocky-moc-factory\/"},"modified":"2025-12-25T09:20:00","modified_gmt":"2025-12-25T02:20:00","slug":"moc-65633-single-trooper-aerial-platform-star-wars-by-veryblocky-moc-factory","status":"publish","type":"product","link":"https:\/\/mouldking.store\/fr\/shop\/moc-65633-single-trooper-aerial-platform-star-wars-by-veryblocky-moc-factory\/","title":{"rendered":"MOC-65633 Plate-forme a\u00e9rienne pour un seul soldat Star Wars par veryblocky MOC FACTORY"},"content":{"rendered":"<p style=\"text-align: left;\">MOC-65633 Single Trooper Aerial Platform Star Wars par veryblocky MOC FACTORY est un ensemble de la collection Star Wars, con\u00e7u par veryblocky. Ce MOC 65633 est livr\u00e9 avec des instructions PDF faciles \u00e0 construire et \u00e0 trouver les pi\u00e8ces manquantes. L&#039;ensemble contient 188 pi\u00e8ces, sorties pour la premi\u00e8re fois en 2021.<\/p>\n<figure id=\"attachment_205602\" class=\"wp-caption aligncenter\" style=\"width: 800px;\" aria-describedby=\"caption-attachment-205602\"><a href=\"https:\/\/pay.lpwstore.com\/wp-content\/uploads\/2021\/04\/MOC-65633-Single-Trooper-Aerial-Platform-Star-Wars-by-veryblocky-MOC-FACTORY.jpg\" target=\"_blank\" rel=\"noopener\"><img fetchpriority=\"high\" decoding=\"async\" class=\"wp-image-205602 size-full\" title=\"MOC-65633 Plate-forme a\u00e9rienne pour un seul soldat Star Wars par veryblocky MOC FACTORY\" src=\"https:\/\/pay.lpwstore.com\/wp-content\/uploads\/2021\/04\/MOC-65633-Single-Trooper-Aerial-Platform-Star-Wars-by-veryblocky-MOC-FACTORY.jpg\" alt=\"MOC-65633 Single Trooper Aerial Platform Star Wars by veryblocky MOC FACTORY\" width=\"800\" height=\"800\" \/><\/a><figcaption id=\"caption-attachment-205602\" class=\"wp-caption-text\">MOC-65633 Plate-forme a\u00e9rienne pour un seul soldat Star Wars par veryblocky MOC FACTORY<\/figcaption><\/figure>\n<p><img decoding=\"async\" class=\"alignnone size-full wp-image-205603 aligncenter\" src=\"https:\/\/pay.lpwstore.com\/wp-content\/uploads\/2021\/04\/MOC-65633-Single-Trooper-Aerial-Platform-Star-Wars-by-veryblocky-MOC-FACTORY-2.jpg\" alt=\"-\" width=\"800\" height=\"800\" title=\"-\"> <img decoding=\"async\" class=\"alignnone size-full wp-image-205604 aligncenter\" src=\"https:\/\/pay.lpwstore.com\/wp-content\/uploads\/2021\/04\/MOC-65633-Single-Trooper-Aerial-Platform-Star-Wars-by-veryblocky-MOC-FACTORY-3.jpg\" alt=\"-\" width=\"800\" height=\"800\" title=\"-\"> <img loading=\"lazy\" decoding=\"async\" class=\"alignnone size-full wp-image-205605 aligncenter\" src=\"https:\/\/pay.lpwstore.com\/wp-content\/uploads\/2021\/04\/MOC-65633-Single-Trooper-Aerial-Platform-Star-Wars-by-veryblocky-MOC-FACTORY-4.jpg\" alt=\"-\" width=\"800\" height=\"800\" title=\"-\"><\/p>","protected":false},"excerpt":{"rendered":"<ul>\n<li>Inclure\u00a0<strong>188+<\/strong>\u00a0pi\u00e8ces<\/li>\n<li>Instruction PDF en ligne<\/li>\n<li>Bloc ABS de haute qualit\u00e9<\/li>\n<li>Dimensions : 12 x 8 x 23 cm<\/li>\n<li>NOT includes battle droid<\/li>\n<\/ul>","protected":false},"featured_media":24117,"comment_status":"open","ping_status":"closed","template":"","meta":{"_acf_changed":false},"product_cat":[415],"product_tag":[],"class_list":["product","first","instock","shipping-taxable","purchasable","product-type-simple"],"acf":[],"_links":{"self":[{"href":"https:\/\/mouldking.store\/fr\/wp-json\/wp\/v2\/product\/24121","targetHints":{"allow":["GET"]}}],"collection":[{"href":"https:\/\/mouldking.store\/fr\/wp-json\/wp\/v2\/product"}],"about":[{"href":"https:\/\/mouldking.store\/fr\/wp-json\/wp\/v2\/types\/product"}],"replies":[{"embeddable":true,"href":"https:\/\/mouldking.store\/fr\/wp-json\/wp\/v2\/comments?post=24121"}],"wp:featuredmedia":[{"embeddable":true,"href":"https:\/\/mouldking.store\/fr\/wp-json\/wp\/v2\/media\/24117"}],"wp:attachment":[{"href":"https:\/\/mouldking.store\/fr\/wp-json\/wp\/v2\/media?parent=24121"}],"wp:term":[{"taxonomy":"product_cat","embeddable":true,"href":"https:\/\/mouldking.store\/fr\/wp-json\/wp\/v2\/product_cat?post=24121"},{"taxonomy":"product_tag","embeddable":true,"href":"https:\/\/mouldking.store\/fr\/wp-json\/wp\/v2\/product_tag?post=24121"}],"curies":[{"name":"wp","href":"https:\/\/api.w.org\/{rel}","templated":true}]}}