{"id":24158,"date":"2021-10-10T05:08:57","date_gmt":"2021-10-09T22:08:57","guid":{"rendered":"https:\/\/mouldking.store\/shop\/moc-32443-breaking-bad-rv-creator-by-blocksmiths-moc-factory\/"},"modified":"2025-12-25T09:20:00","modified_gmt":"2025-12-25T02:20:00","slug":"moc-32443-breaking-bad-rv-creator-by-blocksmiths-moc-factory","status":"publish","type":"product","link":"https:\/\/mouldking.store\/fr\/shop\/moc-32443-breaking-bad-rv-creator-by-blocksmiths-moc-factory\/","title":{"rendered":"MOC-32443 Breaking Bad RV Creator par blocksmiths MOC FACTORY"},"content":{"rendered":"<p>MOC-32443 Breaking Bad RV Creator par blocksmiths MOC FACTORY est un ensemble de la collection Creator, con\u00e7u par blocksmiths. Ce MOC 32443 est livr\u00e9 avec des instructions PDF faciles \u00e0 construire et \u00e0 trouver les pi\u00e8ces manquantes. L&#039;ensemble contient 47 pi\u00e8ces, sorties pour la premi\u00e8re fois en 2021.<\/p>\n<figure id=\"attachment_205808\" aria-describedby=\"caption-attachment-205808\" style=\"width: 800px\" class=\"wp-caption aligncenter\"><a href=\"https:\/\/pay.lpwstore.com\/wp-content\/uploads\/2021\/04\/MOC-32443-Breaking-Bad-RV-Creator-by-blocksmiths-MOC-FACTORY.jpg\" target=\"_blank\" rel=\"noopener\"><img fetchpriority=\"high\" decoding=\"async\" class=\"wp-image-205808 size-full\" title=\"MOC-32443 Breaking Bad RV Creator par blocksmiths MOC FACTORY\" src=\"https:\/\/pay.lpwstore.com\/wp-content\/uploads\/2021\/04\/MOC-32443-Breaking-Bad-RV-Creator-by-blocksmiths-MOC-FACTORY.jpg\" alt=\"MOC-32443 Breaking Bad RV Creator by blocksmiths MOC FACTORY\" width=\"800\" height=\"800\" \/><\/a><figcaption id=\"caption-attachment-205808\" class=\"wp-caption-text\">MOC-32443 Breaking Bad RV Creator par blocksmiths MOC FACTORY<\/figcaption><\/figure>","protected":false},"excerpt":{"rendered":"<ul>\n<li>Inclure <strong>47+<\/strong> pi\u00e8ces<\/li>\n<li>Instruction PDF en ligne<\/li>\n<li>Bloc ABS de haute qualit\u00e9<\/li>\n<li>Dimensions : 7 x 1,6 x 3 cm<\/li>\n<\/ul>","protected":false},"featured_media":24157,"comment_status":"open","ping_status":"closed","template":"","meta":{"_acf_changed":false},"product_cat":[371],"product_tag":[],"class_list":["product","first","outofstock","shipping-taxable","purchasable","product-type-simple"],"acf":[],"_links":{"self":[{"href":"https:\/\/mouldking.store\/fr\/wp-json\/wp\/v2\/product\/24158","targetHints":{"allow":["GET"]}}],"collection":[{"href":"https:\/\/mouldking.store\/fr\/wp-json\/wp\/v2\/product"}],"about":[{"href":"https:\/\/mouldking.store\/fr\/wp-json\/wp\/v2\/types\/product"}],"replies":[{"embeddable":true,"href":"https:\/\/mouldking.store\/fr\/wp-json\/wp\/v2\/comments?post=24158"}],"wp:featuredmedia":[{"embeddable":true,"href":"https:\/\/mouldking.store\/fr\/wp-json\/wp\/v2\/media\/24157"}],"wp:attachment":[{"href":"https:\/\/mouldking.store\/fr\/wp-json\/wp\/v2\/media?parent=24158"}],"wp:term":[{"taxonomy":"product_cat","embeddable":true,"href":"https:\/\/mouldking.store\/fr\/wp-json\/wp\/v2\/product_cat?post=24158"},{"taxonomy":"product_tag","embeddable":true,"href":"https:\/\/mouldking.store\/fr\/wp-json\/wp\/v2\/product_tag?post=24158"}],"curies":[{"name":"wp","href":"https:\/\/api.w.org\/{rel}","templated":true}]}}