{"id":24197,"date":"2021-10-10T05:09:11","date_gmt":"2021-10-10T05:09:11","guid":{"rendered":"https:\/\/mouldking.store\/shop\/moc-45605-kassbohrer-pistenbully-100-antarktis-rc-technic-by-jbs-brick-creations-moc-factory\/"},"modified":"2025-12-25T09:19:52","modified_gmt":"2025-12-25T02:19:52","slug":"moc-45605-kassbohrer-pistenbully-100-antarktis-rc-technic-by-jbs-brick-creations-moc-factory","status":"publish","type":"product","link":"https:\/\/mouldking.store\/fr\/shop\/moc-45605-kassbohrer-pistenbully-100-antarktis-rc-technic-by-jbs-brick-creations-moc-factory\/","title":{"rendered":"MOC-45605 K\u00e4ssbohrer Pistenbully 100 Antarktis (RC) Technic by JBs Brick Creations MOC FACTORY"},"content":{"rendered":"<p style=\"text-align: left\">MOC-45605 K\u00e4ssbohrer Pistenbully 100 Antarktis (RC) Technic by JBs Brick Creations MOC FACTORY is a set in Technic collection, designed by JBs Brick Creations. This MOC 45605 comes with PDF instruction which is easy to build and find the missing pieces. The set contains 1592 pieces, first released in 2021.<\/p>\n<p style=\"text-align: left\"><strong>NOTE:<\/strong><\/p>\n<ul style=\"text-align: center\">\n<li style=\"text-align: left\"><strong>La couleur des pi\u00e8ces individuelles ne correspond pas \u00e0 celle des pi\u00e8ces de dessin, ce qui n&#039;affecte pas l&#039;apparence.<\/strong><\/li>\n<li style=\"text-align: left\"><strong>Veuillez acheter avec soin pour ceux qui ne sont pas pr\u00e9occup\u00e9s par la pr\u00e9cision, la diff\u00e9rence de couleur des pi\u00e8ces domestiques.<\/strong><\/li>\n<li style=\"text-align: left\"><strong>Le client peut avoir \u00e0 payer les frais de douane suppl\u00e9mentaires lors de la r\u00e9ception des marchandises.<\/strong><\/li>\n<\/ul>\n<figure id=\"attachment_206267\" aria-describedby=\"caption-attachment-206267\" style=\"width: 800px\" class=\"wp-caption aligncenter\"><a href=\"https:\/\/pay.lpwstore.com\/wp-content\/uploads\/2021\/05\/MOC-45605-K\u00e4ssbohrer-Pistenbully-100-Antarktis-RC-Technic-by-JBs-Brick-Creations-MOC-FACTORY.jpg\" target=\"_blank\" rel=\"noopener\"><img fetchpriority=\"high\" decoding=\"async\" class=\"wp-image-206267 size-full\" title=\"MOC-45605 K\u00e4ssbohrer Pistenbully 100 Antarktis (RC) Technic by JBs Brick Creations MOC FACTORY\" src=\"https:\/\/pay.lpwstore.com\/wp-content\/uploads\/2021\/05\/MOC-45605-K\u00e4ssbohrer-Pistenbully-100-Antarktis-RC-Technic-by-JBs-Brick-Creations-MOC-FACTORY.jpg\" alt=\"MOC-45605 K\u00e4ssbohrer Pistenbully 100 Antarktis (RC) Technic by JBs Brick Creations MOC FACTORY\" width=\"800\" height=\"800\" \/><\/a><figcaption id=\"caption-attachment-206267\" class=\"wp-caption-text\">MOC-45605 K\u00e4ssbohrer Pistenbully 100 Antarktis (RC) Technic by JBs Brick Creations MOC FACTORY<\/figcaption><\/figure>\n<p><img decoding=\"async\" class=\"alignnone size-full wp-image-206268 aligncenter\" src=\"https:\/\/pay.lpwstore.com\/wp-content\/uploads\/2021\/05\/MOC-45605-K\u00e4ssbohrer-Pistenbully-100-Antarktis-RC-Technic-by-JBs-Brick-Creations-MOC-FACTORY-2.jpg\" alt=\"-\" width=\"800\" height=\"800\" title=\"-\"> <img decoding=\"async\" class=\"alignnone size-full wp-image-206269 aligncenter\" src=\"https:\/\/pay.lpwstore.com\/wp-content\/uploads\/2021\/05\/MOC-45605-K\u00e4ssbohrer-Pistenbully-100-Antarktis-RC-Technic-by-JBs-Brick-Creations-MOC-FACTORY-3.jpg\" alt=\"-\" width=\"800\" height=\"800\" title=\"-\"> <img loading=\"lazy\" decoding=\"async\" class=\"alignnone size-full wp-image-206270 aligncenter\" src=\"https:\/\/pay.lpwstore.com\/wp-content\/uploads\/2021\/05\/MOC-45605-K\u00e4ssbohrer-Pistenbully-100-Antarktis-RC-Technic-by-JBs-Brick-Creations-MOC-FACTORY-4.jpg\" alt=\"-\" width=\"800\" height=\"800\" title=\"-\"> <img loading=\"lazy\" decoding=\"async\" class=\"alignnone size-full wp-image-206271 aligncenter\" src=\"https:\/\/pay.lpwstore.com\/wp-content\/uploads\/2021\/05\/MOC-45605-K\u00e4ssbohrer-Pistenbully-100-Antarktis-RC-Technic-by-JBs-Brick-Creations-MOC-FACTORY-5.jpg\" alt=\"-\" width=\"800\" height=\"800\" title=\"-\"><\/p>","protected":false},"excerpt":{"rendered":"<ul>\n<li>Inclure <strong>1592+<\/strong> pi\u00e8ces<\/li>\n<li>Instruction PDF en ligne<\/li>\n<li>Bloc ABS de haute qualit\u00e9<\/li>\n<\/ul>","protected":false},"featured_media":18853,"comment_status":"open","ping_status":"closed","template":"","meta":{"_acf_changed":false},"product_cat":[364],"product_tag":[],"class_list":["product","first","outofstock","shipping-taxable","purchasable","product-type-simple"],"acf":[],"_links":{"self":[{"href":"https:\/\/mouldking.store\/fr\/wp-json\/wp\/v2\/product\/24197","targetHints":{"allow":["GET"]}}],"collection":[{"href":"https:\/\/mouldking.store\/fr\/wp-json\/wp\/v2\/product"}],"about":[{"href":"https:\/\/mouldking.store\/fr\/wp-json\/wp\/v2\/types\/product"}],"replies":[{"embeddable":true,"href":"https:\/\/mouldking.store\/fr\/wp-json\/wp\/v2\/comments?post=24197"}],"wp:featuredmedia":[{"embeddable":true,"href":"https:\/\/mouldking.store\/fr\/wp-json\/wp\/v2\/media\/18853"}],"wp:attachment":[{"href":"https:\/\/mouldking.store\/fr\/wp-json\/wp\/v2\/media?parent=24197"}],"wp:term":[{"taxonomy":"product_cat","embeddable":true,"href":"https:\/\/mouldking.store\/fr\/wp-json\/wp\/v2\/product_cat?post=24197"},{"taxonomy":"product_tag","embeddable":true,"href":"https:\/\/mouldking.store\/fr\/wp-json\/wp\/v2\/product_tag?post=24197"}],"curies":[{"name":"wp","href":"https:\/\/api.w.org\/{rel}","templated":true}]}}