{"id":24321,"date":"2021-10-10T05:11:32","date_gmt":"2021-10-10T05:11:32","guid":{"rendered":"https:\/\/mouldking.store\/shop\/moc-90136-darth-moore-pixel-art-star-wars-moc-factory\/"},"modified":"2025-12-25T09:19:50","modified_gmt":"2025-12-25T02:19:50","slug":"moc-90136-darth-moore-pixel-art-star-wars-moc-factory","status":"publish","type":"product","link":"https:\/\/mouldking.store\/fr\/shop\/moc-90136-darth-moore-pixel-art-star-wars-moc-factory\/","title":{"rendered":"MOC-90136 Dark Moore Pixel Art Star Wars MOC FACTORY"},"content":{"rendered":"<p>MOC-90136 Darth Moore Pixel Art Star Wars MOC FACTORY est un ensemble de la collection Star Wars. Ce MOC 90136 est livr\u00e9 avec des instructions PDF faciles \u00e0 construire et \u00e0 trouver les pi\u00e8ces manquantes. L&#039;ensemble contient 2304 pi\u00e8ces, sorties pour la premi\u00e8re fois en 2021.<\/p>\n<p><a href=\"https:\/\/pay.lpwstore.com\/wp-content\/uploads\/2021\/05\/MOC-90136-Darth-Moore-Pixel-Art-Star-Wars-MOC-FACTORY.jpg\" target=\"_blank\" rel=\"noopener\"><img fetchpriority=\"high\" decoding=\"async\" class=\"wp-image-206888 size-full\" title=\"MOC-90136 Dark Moore Pixel Art Star Wars MOC FACTORY\" src=\"https:\/\/pay.lpwstore.com\/wp-content\/uploads\/2021\/05\/MOC-90136-Darth-Moore-Pixel-Art-Star-Wars-MOC-FACTORY.jpg\" alt=\"MOC-90136 Darth Moore Pixel Art Star Wars MOC FACTORY\" width=\"800\" height=\"800\" \/><\/a><\/p>\n<figure id=\"attachment_206886\" aria-describedby=\"caption-attachment-206886\" style=\"width: 800px\" class=\"wp-caption aligncenter\"><img decoding=\"async\" class=\"wp-image-206886\" title=\"MOC-90136 Dark Moore Pixel Art Star Wars MOC FACTORY\" src=\"https:\/\/pay.lpwstore.com\/wp-content\/uploads\/2021\/05\/moc-90136-darth-moore-pixel-art-star-wars-moc-factory-230543.jpg\" alt=\"MOC-90136 Darth Moore Pixel Art Star Wars MOC FACTORY\" width=\"800\" height=\"800\" \/><figcaption id=\"caption-attachment-206886\" class=\"wp-caption-text\">MOC-90136 Dark Moore Pixel Art Star Wars MOC FACTORY<\/figcaption><\/figure>\n<figure id=\"attachment_206887\" aria-describedby=\"caption-attachment-206887\" style=\"width: 800px\" class=\"wp-caption aligncenter\"><img decoding=\"async\" class=\"wp-image-206887\" title=\"MOC-90136 Dark Moore Pixel Art Star Wars MOC FACTORY\" src=\"https:\/\/pay.lpwstore.com\/wp-content\/uploads\/2021\/05\/moc-90136-darth-moore-pixel-art-star-wars-moc-factory-230546.jpg\" alt=\"MOC-90136 Darth Moore Pixel Art Star Wars MOC FACTORY\" width=\"800\" height=\"800\" \/><figcaption id=\"caption-attachment-206887\" class=\"wp-caption-text\">MOC-90136 Dark Moore Pixel Art Star Wars MOC FACTORY<\/figcaption><\/figure>","protected":false},"excerpt":{"rendered":"<ul>\n<li>Inclure\u00a0<strong>2304+<\/strong>\u00a0pi\u00e8ces<\/li>\n<li>Instruction PDF en ligne<\/li>\n<li>Bloc ABS de haute qualit\u00e9<\/li>\n<li>Dimensions : 38,4 x 38,4 x 0,67 cm<\/li>\n<\/ul>","protected":false},"featured_media":24318,"comment_status":"open","ping_status":"closed","template":"","meta":{"_acf_changed":false},"product_cat":[415],"product_tag":[],"class_list":["product","first","outofstock","shipping-taxable","purchasable","product-type-simple"],"acf":[],"_links":{"self":[{"href":"https:\/\/mouldking.store\/fr\/wp-json\/wp\/v2\/product\/24321","targetHints":{"allow":["GET"]}}],"collection":[{"href":"https:\/\/mouldking.store\/fr\/wp-json\/wp\/v2\/product"}],"about":[{"href":"https:\/\/mouldking.store\/fr\/wp-json\/wp\/v2\/types\/product"}],"replies":[{"embeddable":true,"href":"https:\/\/mouldking.store\/fr\/wp-json\/wp\/v2\/comments?post=24321"}],"wp:featuredmedia":[{"embeddable":true,"href":"https:\/\/mouldking.store\/fr\/wp-json\/wp\/v2\/media\/24318"}],"wp:attachment":[{"href":"https:\/\/mouldking.store\/fr\/wp-json\/wp\/v2\/media?parent=24321"}],"wp:term":[{"taxonomy":"product_cat","embeddable":true,"href":"https:\/\/mouldking.store\/fr\/wp-json\/wp\/v2\/product_cat?post=24321"},{"taxonomy":"product_tag","embeddable":true,"href":"https:\/\/mouldking.store\/fr\/wp-json\/wp\/v2\/product_tag?post=24321"}],"curies":[{"name":"wp","href":"https:\/\/api.w.org\/{rel}","templated":true}]}}