{"id":24332,"date":"2021-10-10T05:12:00","date_gmt":"2021-10-10T05:12:00","guid":{"rendered":"https:\/\/mouldking.store\/shop\/moc-47757-side-dumper-truck-with-low-loader-trailer-bussing-42098-c-model-technic-by-time-hh-moc-factory\/"},"modified":"2025-12-25T09:19:50","modified_gmt":"2025-12-25T02:19:50","slug":"moc-47757-side-dumper-truck-with-low-loader-trailer-bussing-42098-c-model-technic-by-time-hh-moc-factory","status":"publish","type":"product","link":"https:\/\/mouldking.store\/fr\/shop\/moc-47757-side-dumper-truck-with-low-loader-trailer-bussing-42098-c-model-technic-by-time-hh-moc-factory\/","title":{"rendered":"MOC-47757 Side Dumper Truck with Low Loader Trailer &#8220;B\u00fcssing&#8221; ( 42098 C-Model) Technic by time-hh MOC FACTORY"},"content":{"rendered":"<p style=\"text-align: left\">MOC-47757 Side Dumper Truck with Low Loader Trailer &#8220;B\u00fcssing&#8221; ( 42098 C-Model) Technic by time-hh MOC FACTORY is a set in Technic collection, designed bytime-hh. This MOC 47757 comes with PDF instruction which is easy to build and find the missing pieces. The set contains 1210 pieces, first released in 2021.<\/p>\n<p style=\"text-align: left\"><strong>NOTE:<\/strong><\/p>\n<ul style=\"text-align: center\">\n<li style=\"text-align: left\"><strong>La couleur des pi\u00e8ces individuelles ne correspond pas \u00e0 celle des pi\u00e8ces de dessin, ce qui n&#039;affecte pas l&#039;apparence.<\/strong><\/li>\n<li style=\"text-align: left\"><strong>Veuillez acheter avec soin pour ceux qui ne sont pas pr\u00e9occup\u00e9s par la pr\u00e9cision, la diff\u00e9rence de couleur des pi\u00e8ces domestiques.<\/strong><\/li>\n<li style=\"text-align: left\"><strong>Le client peut avoir \u00e0 payer les frais de douane suppl\u00e9mentaires lors de la r\u00e9ception des marchandises.<\/strong><\/li>\n<\/ul>\n<figure id=\"attachment_206898\" aria-describedby=\"caption-attachment-206898\" style=\"width: 800px\" class=\"wp-caption aligncenter\"><a href=\"https:\/\/pay.lpwstore.com\/wp-content\/uploads\/2021\/05\/MOC-47757-Side-Dumper-Truck-with-Low-Loader-Trailer-B\u00fcssing-42098-C-Model-Technic-by-time-hh-MOC-FACTORY.jpg\" target=\"_blank\" rel=\"noopener\"><img fetchpriority=\"high\" decoding=\"async\" class=\"wp-image-206898 size-full\" title=\"MOC-47757 Camion \u00e0 benne basculante avec remorque surbaiss\u00e9e &quot;B\u00fcssing&quot; (mod\u00e8le 42098 C) Technic by time-hh MOC FACTORY\" src=\"https:\/\/pay.lpwstore.com\/wp-content\/uploads\/2021\/05\/MOC-47757-Side-Dumper-Truck-with-Low-Loader-Trailer-B\u00fcssing-42098-C-Model-Technic-by-time-hh-MOC-FACTORY.jpg\" alt=\"MOC-47757 Side Dumper Truck with Low Loader Trailer &quot;B\u00fcssing&quot; ( 42098 C-Model) Technic by time-hh MOC FACTORY\" width=\"800\" height=\"800\" \/><\/a><figcaption id=\"caption-attachment-206898\" class=\"wp-caption-text\">MOC-47757 Side Dumper Truck with Low Loader Trailer &#8220;B\u00fcssing&#8221; ( 42098 C-Model) Technic by time-hh MOC FACTORY<\/figcaption><\/figure>\n<p><img decoding=\"async\" class=\"alignnone size-full wp-image-206899 aligncenter\" src=\"https:\/\/pay.lpwstore.com\/wp-content\/uploads\/2021\/05\/MOC-47757-Side-Dumper-Truck-with-Low-Loader-Trailer-B\u00fcssing-42098-C-Model-Technic-by-time-hh-MOC-FACTORY-2.jpg\" alt=\"-\" width=\"800\" height=\"800\" title=\"-\"> <img decoding=\"async\" class=\"alignnone size-full wp-image-206900 aligncenter\" src=\"https:\/\/pay.lpwstore.com\/wp-content\/uploads\/2021\/05\/MOC-47757-Side-Dumper-Truck-with-Low-Loader-Trailer-B\u00fcssing-42098-C-Model-Technic-by-time-hh-MOC-FACTORY-3.jpg\" alt=\"-\" width=\"800\" height=\"800\" title=\"-\"> <img loading=\"lazy\" decoding=\"async\" class=\"alignnone size-full wp-image-206901 aligncenter\" src=\"https:\/\/pay.lpwstore.com\/wp-content\/uploads\/2021\/05\/MOC-47757-Side-Dumper-Truck-with-Low-Loader-Trailer-B\u00fcssing-42098-C-Model-Technic-by-time-hh-MOC-FACTORY-4.jpg\" alt=\"-\" width=\"800\" height=\"800\" title=\"-\"> <img loading=\"lazy\" decoding=\"async\" class=\"alignnone size-full wp-image-206902 aligncenter\" src=\"https:\/\/pay.lpwstore.com\/wp-content\/uploads\/2021\/05\/MOC-47757-Side-Dumper-Truck-with-Low-Loader-Trailer-B\u00fcssing-42098-C-Model-Technic-by-time-hh-MOC-FACTORY-5.jpg\" alt=\"-\" width=\"800\" height=\"800\" title=\"-\"> <img loading=\"lazy\" decoding=\"async\" class=\"alignnone size-full wp-image-206903 aligncenter\" src=\"https:\/\/pay.lpwstore.com\/wp-content\/uploads\/2021\/05\/MOC-47757-Side-Dumper-Truck-with-Low-Loader-Trailer-B\u00fcssing-42098-C-Model-Technic-by-time-hh-MOC-FACTORY-6.jpg\" alt=\"-\" width=\"800\" height=\"800\" title=\"-\"><\/p>","protected":false},"excerpt":{"rendered":"<ul>\n<li>Inclure\u00a0<strong>1210+<\/strong>\u00a0pi\u00e8ces<\/li>\n<li>Instruction PDF en ligne<\/li>\n<li>Bloc ABS de haute qualit\u00e9<\/li>\n<\/ul>","protected":false},"featured_media":18862,"comment_status":"open","ping_status":"closed","template":"","meta":{"_acf_changed":false},"product_cat":[364],"product_tag":[],"class_list":["product","first","outofstock","shipping-taxable","purchasable","product-type-simple"],"acf":[],"_links":{"self":[{"href":"https:\/\/mouldking.store\/fr\/wp-json\/wp\/v2\/product\/24332","targetHints":{"allow":["GET"]}}],"collection":[{"href":"https:\/\/mouldking.store\/fr\/wp-json\/wp\/v2\/product"}],"about":[{"href":"https:\/\/mouldking.store\/fr\/wp-json\/wp\/v2\/types\/product"}],"replies":[{"embeddable":true,"href":"https:\/\/mouldking.store\/fr\/wp-json\/wp\/v2\/comments?post=24332"}],"wp:featuredmedia":[{"embeddable":true,"href":"https:\/\/mouldking.store\/fr\/wp-json\/wp\/v2\/media\/18862"}],"wp:attachment":[{"href":"https:\/\/mouldking.store\/fr\/wp-json\/wp\/v2\/media?parent=24332"}],"wp:term":[{"taxonomy":"product_cat","embeddable":true,"href":"https:\/\/mouldking.store\/fr\/wp-json\/wp\/v2\/product_cat?post=24332"},{"taxonomy":"product_tag","embeddable":true,"href":"https:\/\/mouldking.store\/fr\/wp-json\/wp\/v2\/product_tag?post=24332"}],"curies":[{"name":"wp","href":"https:\/\/api.w.org\/{rel}","templated":true}]}}