{"id":24364,"date":"2021-10-10T05:12:19","date_gmt":"2021-10-10T05:12:19","guid":{"rendered":"https:\/\/mouldking.store\/shop\/moc-90144-ice-age-squirrel-pixel-art-movie-moc-factory\/"},"modified":"2025-12-25T09:17:28","modified_gmt":"2025-12-25T02:17:28","slug":"moc-90144-ice-age-squirrel-pixel-art-movie-moc-factory","status":"publish","type":"product","link":"https:\/\/mouldking.store\/fr\/shop\/moc-90144-ice-age-squirrel-pixel-art-movie-moc-factory\/","title":{"rendered":"MOC-90144 Ice Age \u00c9cureuil Pixel Art Film MOC FACTORY"},"content":{"rendered":"<p>MOC-90144 Ice Age Squirrel Pixel Art Movie MOC FACTORY est un ensemble de la collection Movie. Ce MOC 90144 est livr\u00e9 avec des instructions PDF faciles \u00e0 construire et \u00e0 trouver les pi\u00e8ces manquantes. L&#039;ensemble contient 2304 pi\u00e8ces, sorties pour la premi\u00e8re fois en 2021.<\/p>\n<figure id=\"attachment_206991\" aria-describedby=\"caption-attachment-206991\" style=\"width: 800px\" class=\"wp-caption aligncenter\"><a href=\"https:\/\/pay.lpwstore.com\/wp-content\/uploads\/2021\/05\/MOC-90144-Ice-Age-Squirrel-Pixel-Art-Movie-MOC-FACTORY.jpg\" target=\"_blank\" rel=\"noopener\"><img fetchpriority=\"high\" decoding=\"async\" class=\"wp-image-206991 size-full\" title=\"MOC-90144 Ice Age \u00c9cureuil Pixel Art Film MOC FACTORY\" src=\"https:\/\/pay.lpwstore.com\/wp-content\/uploads\/2021\/05\/MOC-90144-Ice-Age-Squirrel-Pixel-Art-Movie-MOC-FACTORY.jpg\" alt=\"MOC-90144 Ice Age Squirrel Pixel Art Movie MOC FACTORY\" width=\"800\" height=\"800\" \/><\/a><figcaption id=\"caption-attachment-206991\" class=\"wp-caption-text\">MOC-90144 Ice Age \u00c9cureuil Pixel Art Film MOC FACTORY<\/figcaption><\/figure>\n<figure id=\"attachment_206989\" aria-describedby=\"caption-attachment-206989\" style=\"width: 800px\" class=\"wp-caption aligncenter\"><img decoding=\"async\" class=\"wp-image-206989\" title=\"MOC-90144 Ice Age \u00c9cureuil Pixel Art Film MOC FACTORY\" src=\"https:\/\/pay.lpwstore.com\/wp-content\/uploads\/2021\/05\/moc-90144-ice-age-squirrel-pixel-art-movie-moc-factory-224400.jpg\" alt=\"MOC-90144 Ice Age Squirrel Pixel Art Movie MOC FACTORY\" width=\"800\" height=\"800\" \/><figcaption id=\"caption-attachment-206989\" class=\"wp-caption-text\">MOC-90144 Ice Age \u00c9cureuil Pixel Art Film MOC FACTORY<\/figcaption><\/figure>\n<figure id=\"attachment_206990\" aria-describedby=\"caption-attachment-206990\" style=\"width: 800px\" class=\"wp-caption aligncenter\"><img decoding=\"async\" class=\"wp-image-206990\" title=\"MOC-90144 Ice Age \u00c9cureuil Pixel Art Film MOC FACTORY\" src=\"https:\/\/pay.lpwstore.com\/wp-content\/uploads\/2021\/05\/moc-90144-ice-age-squirrel-pixel-art-movie-moc-factory-224404.jpg\" alt=\"MOC-90144 Ice Age Squirrel Pixel Art Movie MOC FACTORY\" width=\"800\" height=\"800\" \/><figcaption id=\"caption-attachment-206990\" class=\"wp-caption-text\">MOC-90144 Ice Age \u00c9cureuil Pixel Art Film MOC FACTORY<\/figcaption><\/figure>\n<p>&nbsp;<\/p>\n<p>&nbsp;<\/p>","protected":false},"excerpt":{"rendered":"<ul>\n<li>Inclure\u00a0<strong>2304+<\/strong>\u00a0pi\u00e8ces<\/li>\n<li>Instruction PDF en ligne<\/li>\n<li>Bloc ABS de haute qualit\u00e9<\/li>\n<li>Dimensions : 38,4 x 38,4 x 0,67 cm<\/li>\n<\/ul>","protected":false},"featured_media":24361,"comment_status":"open","ping_status":"closed","template":"","meta":{"_acf_changed":false},"product_cat":[581],"product_tag":[],"class_list":["product","first","outofstock","shipping-taxable","purchasable","product-type-simple"],"acf":[],"_links":{"self":[{"href":"https:\/\/mouldking.store\/fr\/wp-json\/wp\/v2\/product\/24364","targetHints":{"allow":["GET"]}}],"collection":[{"href":"https:\/\/mouldking.store\/fr\/wp-json\/wp\/v2\/product"}],"about":[{"href":"https:\/\/mouldking.store\/fr\/wp-json\/wp\/v2\/types\/product"}],"replies":[{"embeddable":true,"href":"https:\/\/mouldking.store\/fr\/wp-json\/wp\/v2\/comments?post=24364"}],"wp:featuredmedia":[{"embeddable":true,"href":"https:\/\/mouldking.store\/fr\/wp-json\/wp\/v2\/media\/24361"}],"wp:attachment":[{"href":"https:\/\/mouldking.store\/fr\/wp-json\/wp\/v2\/media?parent=24364"}],"wp:term":[{"taxonomy":"product_cat","embeddable":true,"href":"https:\/\/mouldking.store\/fr\/wp-json\/wp\/v2\/product_cat?post=24364"},{"taxonomy":"product_tag","embeddable":true,"href":"https:\/\/mouldking.store\/fr\/wp-json\/wp\/v2\/product_tag?post=24364"}],"curies":[{"name":"wp","href":"https:\/\/api.w.org\/{rel}","templated":true}]}}