{"id":24372,"date":"2021-10-10T05:12:29","date_gmt":"2021-10-09T22:12:29","guid":{"rendered":"https:\/\/mouldking.store\/shop\/moc-45112-colonial-viper-mk1-version-2-0-space-by-apenello-moc-factory\/"},"modified":"2025-12-25T09:17:28","modified_gmt":"2025-12-25T02:17:28","slug":"moc-45112-colonial-viper-mk1-version-2-0-space-by-apenello-moc-factory","status":"publish","type":"product","link":"https:\/\/mouldking.store\/fr\/shop\/moc-45112-colonial-viper-mk1-version-2-0-space-by-apenello-moc-factory\/","title":{"rendered":"MOC-45112 Colonial Viper MK1 \u2013 Version 2.0 Space par apenello MOC FACTORY"},"content":{"rendered":"<p>MOC-45112 Colonial Viper MK1 \u2013 Version 2.0 Space par apenello MOC FACTORY est un ensemble de la collection Space, con\u00e7u par apenello. Ce MOC 45112 est livr\u00e9 avec des instructions PDF faciles \u00e0 construire et \u00e0 trouver les pi\u00e8ces manquantes. L&#039;ensemble contient 612 pi\u00e8ces, sorties pour la premi\u00e8re fois en 2021.<\/p>\n<p><a href=\"https:\/\/pay.lpwstore.com\/wp-content\/uploads\/2021\/05\/MOC-45112-Colonial-Viper-MK1-Version-2.0-Space-by-apenello-MOC-FACTORY.jpg\" target=\"_blank\" rel=\"noopener\"><img fetchpriority=\"high\" decoding=\"async\" class=\"aligncenter wp-image-207007 size-full\" title=\"MOC-45112 Colonial Viper MK1 - Version 2.0 Espace par apenello MOC FACTORY\" src=\"https:\/\/pay.lpwstore.com\/wp-content\/uploads\/2021\/05\/MOC-45112-Colonial-Viper-MK1-Version-2.0-Space-by-apenello-MOC-FACTORY.jpg\" alt=\"MOC-45112 Colonial Viper MK1 - Version 2.0 Space by apenello MOC FACTORY\" width=\"800\" height=\"800\" \/><\/a><\/p>\n<p>&nbsp;<\/p>\n<figure id=\"attachment_207003\" aria-describedby=\"caption-attachment-207003\" style=\"width: 1000px\" class=\"wp-caption aligncenter\"><img decoding=\"async\" class=\"size-full wp-image-207003\" title=\"MOC-45112 Colonial Viper MK1 - Version 2.0 Espace par apenello MOC FACTORY\" src=\"https:\/\/pay.lpwstore.com\/wp-content\/uploads\/2021\/05\/moc-45112-colonial-viper-mk1-version-2-0-space-by-apenello-moc-factory-204526.jpg\" alt=\"MOC-45112 Colonial Viper MK1 - Version 2.0 Space by apenello MOC FACTORY\" width=\"1000\" height=\"1000\" \/><figcaption id=\"caption-attachment-207003\" class=\"wp-caption-text\">MOC-45112 Colonial Viper MK1 \u2013 Version 2.0 Space par apenello MOC FACTORY<\/figcaption><\/figure>\n<figure id=\"attachment_207004\" aria-describedby=\"caption-attachment-207004\" style=\"width: 1000px\" class=\"wp-caption aligncenter\"><img decoding=\"async\" class=\"size-full wp-image-207004\" title=\"MOC-45112 Colonial Viper MK1 - Version 2.0 Espace par apenello MOC FACTORY\" src=\"https:\/\/pay.lpwstore.com\/wp-content\/uploads\/2021\/05\/moc-45112-colonial-viper-mk1-version-2-0-space-by-apenello-moc-factory-204529.jpg\" alt=\"MOC-45112 Colonial Viper MK1 - Version 2.0 Space by apenello MOC FACTORY\" width=\"1000\" height=\"1000\" \/><figcaption id=\"caption-attachment-207004\" class=\"wp-caption-text\">MOC-45112 Colonial Viper MK1 \u2013 Version 2.0 Space par apenello MOC FACTORY<\/figcaption><\/figure>\n<figure id=\"attachment_207005\" aria-describedby=\"caption-attachment-207005\" style=\"width: 1000px\" class=\"wp-caption aligncenter\"><img loading=\"lazy\" decoding=\"async\" class=\"size-full wp-image-207005\" title=\"MOC-45112 Colonial Viper MK1 - Version 2.0 Espace par apenello MOC FACTORY\" src=\"https:\/\/pay.lpwstore.com\/wp-content\/uploads\/2021\/05\/moc-45112-colonial-viper-mk1-version-2-0-space-by-apenello-moc-factory-204532.jpg\" alt=\"MOC-45112 Colonial Viper MK1 - Version 2.0 Space by apenello MOC FACTORY\" width=\"1000\" height=\"1000\" \/><figcaption id=\"caption-attachment-207005\" class=\"wp-caption-text\">MOC-45112 Colonial Viper MK1 \u2013 Version 2.0 Space par apenello MOC FACTORY<\/figcaption><\/figure>\n<figure id=\"attachment_207006\" aria-describedby=\"caption-attachment-207006\" style=\"width: 1000px\" class=\"wp-caption aligncenter\"><img loading=\"lazy\" decoding=\"async\" class=\"size-full wp-image-207006\" title=\"MOC-45112 Colonial Viper MK1 - Version 2.0 Espace par apenello MOC FACTORY\" src=\"https:\/\/pay.lpwstore.com\/wp-content\/uploads\/2021\/05\/moc-45112-colonial-viper-mk1-version-2-0-space-by-apenello-moc-factory-204536.jpg\" alt=\"MOC-45112 Colonial Viper MK1 - Version 2.0 Space by apenello MOC FACTORY\" width=\"1000\" height=\"1000\" \/><figcaption id=\"caption-attachment-207006\" class=\"wp-caption-text\">MOC-45112 Colonial Viper MK1 \u2013 Version 2.0 Space par apenello MOC FACTORY<\/figcaption><\/figure>","protected":false},"excerpt":{"rendered":"<ul>\n<li>Inclure\u00a0<strong>612+<\/strong>\u00a0pi\u00e8ces<\/li>\n<li>Instruction PDF en ligne<\/li>\n<li>Bloc ABS de haute qualit\u00e9<\/li>\n<li>Dimensions : 30 x 11 x 12 cm<\/li>\n<\/ul>","protected":false},"featured_media":24367,"comment_status":"open","ping_status":"closed","template":"","meta":{"_acf_changed":false},"product_cat":[371],"product_tag":[],"class_list":["product","first","instock","shipping-taxable","purchasable","product-type-simple"],"acf":[],"_links":{"self":[{"href":"https:\/\/mouldking.store\/fr\/wp-json\/wp\/v2\/product\/24372","targetHints":{"allow":["GET"]}}],"collection":[{"href":"https:\/\/mouldking.store\/fr\/wp-json\/wp\/v2\/product"}],"about":[{"href":"https:\/\/mouldking.store\/fr\/wp-json\/wp\/v2\/types\/product"}],"replies":[{"embeddable":true,"href":"https:\/\/mouldking.store\/fr\/wp-json\/wp\/v2\/comments?post=24372"}],"wp:featuredmedia":[{"embeddable":true,"href":"https:\/\/mouldking.store\/fr\/wp-json\/wp\/v2\/media\/24367"}],"wp:attachment":[{"href":"https:\/\/mouldking.store\/fr\/wp-json\/wp\/v2\/media?parent=24372"}],"wp:term":[{"taxonomy":"product_cat","embeddable":true,"href":"https:\/\/mouldking.store\/fr\/wp-json\/wp\/v2\/product_cat?post=24372"},{"taxonomy":"product_tag","embeddable":true,"href":"https:\/\/mouldking.store\/fr\/wp-json\/wp\/v2\/product_tag?post=24372"}],"curies":[{"name":"wp","href":"https:\/\/api.w.org\/{rel}","templated":true}]}}