{"id":24377,"date":"2021-10-10T05:12:33","date_gmt":"2021-10-10T05:12:33","guid":{"rendered":"https:\/\/mouldking.store\/shop\/moc-90145-hulk-pixel-art-big-scale-movie-moc-factory\/"},"modified":"2025-12-25T09:17:28","modified_gmt":"2025-12-25T02:17:28","slug":"moc-90145-hulk-pixel-art-big-scale-movie-moc-factory","status":"publish","type":"product","link":"https:\/\/mouldking.store\/fr\/shop\/moc-90145-hulk-pixel-art-big-scale-movie-moc-factory\/","title":{"rendered":"MOC-90145 Hulk Pixel Art Film \u00e0 grande \u00e9chelle MOC FACTORY"},"content":{"rendered":"<p>MOC-90145 Hulk Pixel Art Big Scale Movie MOC FACTORY est un ensemble de la collection Movie. Ce MOC 90145 est livr\u00e9 avec des instructions PDF faciles \u00e0 construire et \u00e0 trouver les pi\u00e8ces manquantes. L&#039;ensemble contient 6912 pi\u00e8ces, sorties pour la premi\u00e8re fois en 2021.<\/p>\n<p><a href=\"https:\/\/pay.lpwstore.com\/wp-content\/uploads\/2021\/05\/MOC-90145-Hulk-Pixel-Art-Big-Scale-Movie-MOC-FACTORY.jpg\" target=\"_blank\" rel=\"noopener\"><img fetchpriority=\"high\" decoding=\"async\" class=\"aligncenter wp-image-207014 size-full\" title=\"MOC-90145 Hulk Pixel Art Film \u00e0 grande \u00e9chelle MOC FACTORY\" src=\"https:\/\/pay.lpwstore.com\/wp-content\/uploads\/2021\/05\/MOC-90145-Hulk-Pixel-Art-Big-Scale-Movie-MOC-FACTORY.jpg\" alt=\"MOC-90145 Hulk Pixel Art Big Scale Movie MOC FACTORY\" width=\"800\" height=\"800\" \/><\/a><\/p>\n<figure id=\"attachment_207010\" aria-describedby=\"caption-attachment-207010\" style=\"width: 800px\" class=\"wp-caption aligncenter\"><img decoding=\"async\" class=\"wp-image-207010\" title=\"MOC-90145 Hulk Pixel Art Film \u00e0 grande \u00e9chelle MOC FACTORY\" src=\"https:\/\/pay.lpwstore.com\/wp-content\/uploads\/2021\/05\/moc-90145-hulk-pixel-art-big-scale-movie-moc-factory-210709.jpg\" alt=\"MOC-90145 Hulk Pixel Art Big Scale Movie MOC FACTORY\" width=\"800\" height=\"800\" \/><figcaption id=\"caption-attachment-207010\" class=\"wp-caption-text\">MOC-90145 Hulk Pixel Art Film \u00e0 grande \u00e9chelle MOC FACTORY<\/figcaption><\/figure>\n<figure id=\"attachment_207011\" aria-describedby=\"caption-attachment-207011\" style=\"width: 800px\" class=\"wp-caption aligncenter\"><img decoding=\"async\" class=\"wp-image-207011\" title=\"MOC-90145 Hulk Pixel Art Film \u00e0 grande \u00e9chelle MOC FACTORY\" src=\"https:\/\/pay.lpwstore.com\/wp-content\/uploads\/2021\/05\/moc-90145-hulk-pixel-art-big-scale-movie-moc-factory-210712.jpg\" alt=\"MOC-90145 Hulk Pixel Art Big Scale Movie MOC FACTORY\" width=\"800\" height=\"800\" \/><figcaption id=\"caption-attachment-207011\" class=\"wp-caption-text\">MOC-90145 Hulk Pixel Art Film \u00e0 grande \u00e9chelle MOC FACTORY<\/figcaption><\/figure>\n<figure id=\"attachment_207012\" aria-describedby=\"caption-attachment-207012\" style=\"width: 800px\" class=\"wp-caption aligncenter\"><img loading=\"lazy\" decoding=\"async\" class=\"wp-image-207012\" title=\"MOC-90145 Hulk Pixel Art Film \u00e0 grande \u00e9chelle MOC FACTORY\" src=\"https:\/\/pay.lpwstore.com\/wp-content\/uploads\/2021\/05\/moc-90145-hulk-pixel-art-big-scale-movie-moc-factory-210715.jpg\" alt=\"MOC-90145 Hulk Pixel Art Big Scale Movie MOC FACTORY\" width=\"800\" height=\"800\" \/><figcaption id=\"caption-attachment-207012\" class=\"wp-caption-text\">MOC-90145 Hulk Pixel Art Film \u00e0 grande \u00e9chelle MOC FACTORY<\/figcaption><\/figure>\n<p>&nbsp;<\/p>\n<figure id=\"attachment_207013\" aria-describedby=\"caption-attachment-207013\" style=\"width: 1920px\" class=\"wp-caption aligncenter\"><img loading=\"lazy\" decoding=\"async\" class=\"size-full wp-image-207013\" title=\"MOC-90145 Hulk Pixel Art Film \u00e0 grande \u00e9chelle MOC FACTORY\" src=\"https:\/\/pay.lpwstore.com\/wp-content\/uploads\/2021\/05\/moc-90145-hulk-pixel-art-big-scale-movie-moc-factory-210719.png\" alt=\"MOC-90145 Hulk Pixel Art Big Scale Movie MOC FACTORY\" width=\"1920\" height=\"640\" \/><figcaption id=\"caption-attachment-207013\" class=\"wp-caption-text\">MOC-90145 Hulk Pixel Art Film \u00e0 grande \u00e9chelle MOC FACTORY<\/figcaption><\/figure>","protected":false},"excerpt":{"rendered":"<ul>\n<li>Inclure <strong>6912+<\/strong>\u00a0pi\u00e8ces<\/li>\n<li>Instruction PDF en ligne<\/li>\n<li>Bloc ABS de haute qualit\u00e9<\/li>\n<li>Dimensions : 144 x 48 cm<\/li>\n<\/ul>","protected":false},"featured_media":24373,"comment_status":"open","ping_status":"closed","template":"","meta":{"_acf_changed":false},"product_cat":[581],"product_tag":[],"class_list":["product","first","outofstock","shipping-taxable","purchasable","product-type-simple"],"acf":[],"_links":{"self":[{"href":"https:\/\/mouldking.store\/fr\/wp-json\/wp\/v2\/product\/24377","targetHints":{"allow":["GET"]}}],"collection":[{"href":"https:\/\/mouldking.store\/fr\/wp-json\/wp\/v2\/product"}],"about":[{"href":"https:\/\/mouldking.store\/fr\/wp-json\/wp\/v2\/types\/product"}],"replies":[{"embeddable":true,"href":"https:\/\/mouldking.store\/fr\/wp-json\/wp\/v2\/comments?post=24377"}],"wp:featuredmedia":[{"embeddable":true,"href":"https:\/\/mouldking.store\/fr\/wp-json\/wp\/v2\/media\/24373"}],"wp:attachment":[{"href":"https:\/\/mouldking.store\/fr\/wp-json\/wp\/v2\/media?parent=24377"}],"wp:term":[{"taxonomy":"product_cat","embeddable":true,"href":"https:\/\/mouldking.store\/fr\/wp-json\/wp\/v2\/product_cat?post=24377"},{"taxonomy":"product_tag","embeddable":true,"href":"https:\/\/mouldking.store\/fr\/wp-json\/wp\/v2\/product_tag?post=24377"}],"curies":[{"name":"wp","href":"https:\/\/api.w.org\/{rel}","templated":true}]}}