{"id":24497,"date":"2021-10-10T05:15:19","date_gmt":"2021-10-10T05:15:19","guid":{"rendered":"https:\/\/mouldking.store\/shop\/moc-65928-bastion-from-overwatch-creator-by-kmx-creations-moc-factory\/"},"modified":"2025-12-25T09:17:25","modified_gmt":"2025-12-25T02:17:25","slug":"moc-65928-bastion-from-overwatch-creator-by-kmx-creations-moc-factory","status":"publish","type":"product","link":"https:\/\/mouldking.store\/fr\/shop\/moc-65928-bastion-from-overwatch-creator-by-kmx-creations-moc-factory\/","title":{"rendered":"MOC-65928 Bastion d&#039;Overwatch Creator par KMX Creations MOC FACTORY"},"content":{"rendered":"<p>MOC-65928 Bastion d&#039;Overwatch Creator par KMX Creations MOC FACTORY est un ensemble de la collection Creator, con\u00e7u par KMX Creations. Ce MOC 65928 est livr\u00e9 avec des instructions PDF faciles \u00e0 construire et \u00e0 trouver les pi\u00e8ces manquantes. L&#039;ensemble contient 260 pi\u00e8ces, sorties pour la premi\u00e8re fois en 2021.<\/p>\n<figure id=\"attachment_207343\" aria-describedby=\"caption-attachment-207343\" style=\"width: 800px\" class=\"wp-caption aligncenter\"><a href=\"https:\/\/pay.lpwstore.com\/wp-content\/uploads\/2021\/05\/MOC-65928-Bastion-from-Overwatch-Creator-by-KMX-Creations-MOC-FACTORY.jpg\" target=\"_blank\" rel=\"noopener\"><img fetchpriority=\"high\" decoding=\"async\" class=\"wp-image-207343 size-full\" title=\"MOC-65928 Bastion d&#039;Overwatch Creator par KMX Creations MOC FACTORY\" src=\"https:\/\/pay.lpwstore.com\/wp-content\/uploads\/2021\/05\/MOC-65928-Bastion-from-Overwatch-Creator-by-KMX-Creations-MOC-FACTORY.jpg\" alt=\"MOC-65928 Bastion from Overwatch Creator by KMX Creations MOC FACTORY\" width=\"800\" height=\"800\" \/><\/a><figcaption id=\"caption-attachment-207343\" class=\"wp-caption-text\">MOC-65928 Bastion d&#039;Overwatch Creator par KMX Creations MOC FACTORY<\/figcaption><\/figure>\n<figure id=\"attachment_207340\" aria-describedby=\"caption-attachment-207340\" style=\"width: 1000px\" class=\"wp-caption aligncenter\"><img decoding=\"async\" class=\"size-full wp-image-207340\" title=\"MOC-65928 Bastion d&#039;Overwatch Creator par KMX Creations MOC FACTORY\" src=\"https:\/\/pay.lpwstore.com\/wp-content\/uploads\/2021\/05\/moc-65928-bastion-from-overwatch-creator-by-kmx-creations-moc-factory-224823.jpg\" alt=\"MOC-65928 Bastion from Overwatch Creator by KMX Creations MOC FACTORY\" width=\"1000\" height=\"1000\" \/><figcaption id=\"caption-attachment-207340\" class=\"wp-caption-text\">MOC-65928 Bastion d&#039;Overwatch Creator par KMX Creations MOC FACTORY<\/figcaption><\/figure>\n<figure id=\"attachment_207341\" aria-describedby=\"caption-attachment-207341\" style=\"width: 1000px\" class=\"wp-caption aligncenter\"><img decoding=\"async\" class=\"size-full wp-image-207341\" title=\"MOC-65928 Bastion d&#039;Overwatch Creator par KMX Creations MOC FACTORY\" src=\"https:\/\/pay.lpwstore.com\/wp-content\/uploads\/2021\/05\/moc-65928-bastion-from-overwatch-creator-by-kmx-creations-moc-factory-224826.jpg\" alt=\"MOC-65928 Bastion from Overwatch Creator by KMX Creations MOC FACTORY\" width=\"1000\" height=\"1000\" \/><figcaption id=\"caption-attachment-207341\" class=\"wp-caption-text\">MOC-65928 Bastion d&#039;Overwatch Creator par KMX Creations MOC FACTORY<\/figcaption><\/figure>\n<figure id=\"attachment_207342\" aria-describedby=\"caption-attachment-207342\" style=\"width: 1000px\" class=\"wp-caption aligncenter\"><img loading=\"lazy\" decoding=\"async\" class=\"size-full wp-image-207342\" title=\"MOC-65928 Bastion d&#039;Overwatch Creator par KMX Creations MOC FACTORY\" src=\"https:\/\/pay.lpwstore.com\/wp-content\/uploads\/2021\/05\/moc-65928-bastion-from-overwatch-creator-by-kmx-creations-moc-factory-224830.jpg\" alt=\"MOC-65928 Bastion from Overwatch Creator by KMX Creations MOC FACTORY\" width=\"1000\" height=\"1000\" \/><figcaption id=\"caption-attachment-207342\" class=\"wp-caption-text\">MOC-65928 Bastion d&#039;Overwatch Creator par KMX Creations MOC FACTORY<\/figcaption><\/figure>\n<p>&nbsp;<\/p>\n<p>&nbsp;<\/p>","protected":false},"excerpt":{"rendered":"<ul>\n<li>Inclure\u00a0<strong>260+<\/strong>\u00a0pi\u00e8ces<\/li>\n<li>Instruction PDF en ligne<\/li>\n<li>Bloc ABS de haute qualit\u00e9<\/li>\n<\/ul>","protected":false},"featured_media":24493,"comment_status":"open","ping_status":"closed","template":"","meta":{"_acf_changed":false},"product_cat":[371],"product_tag":[],"class_list":["product","first","instock","shipping-taxable","purchasable","product-type-simple"],"acf":[],"_links":{"self":[{"href":"https:\/\/mouldking.store\/fr\/wp-json\/wp\/v2\/product\/24497","targetHints":{"allow":["GET"]}}],"collection":[{"href":"https:\/\/mouldking.store\/fr\/wp-json\/wp\/v2\/product"}],"about":[{"href":"https:\/\/mouldking.store\/fr\/wp-json\/wp\/v2\/types\/product"}],"replies":[{"embeddable":true,"href":"https:\/\/mouldking.store\/fr\/wp-json\/wp\/v2\/comments?post=24497"}],"wp:featuredmedia":[{"embeddable":true,"href":"https:\/\/mouldking.store\/fr\/wp-json\/wp\/v2\/media\/24493"}],"wp:attachment":[{"href":"https:\/\/mouldking.store\/fr\/wp-json\/wp\/v2\/media?parent=24497"}],"wp:term":[{"taxonomy":"product_cat","embeddable":true,"href":"https:\/\/mouldking.store\/fr\/wp-json\/wp\/v2\/product_cat?post=24497"},{"taxonomy":"product_tag","embeddable":true,"href":"https:\/\/mouldking.store\/fr\/wp-json\/wp\/v2\/product_tag?post=24497"}],"curies":[{"name":"wp","href":"https:\/\/api.w.org\/{rel}","templated":true}]}}