{"id":24529,"date":"2021-10-10T05:15:30","date_gmt":"2021-10-10T05:15:30","guid":{"rendered":"https:\/\/mouldking.store\/shop\/moc-71182-mobile-city-time-travel-ep-1-portable-play-set-creator-by-doublebu-moc-factory\/"},"modified":"2025-12-25T09:17:25","modified_gmt":"2025-12-25T02:17:25","slug":"moc-71182-mobile-city-time-travel-ep-1-portable-play-set-creator-by-doublebu-moc-factory","status":"publish","type":"product","link":"https:\/\/mouldking.store\/fr\/shop\/moc-71182-mobile-city-time-travel-ep-1-portable-play-set-creator-by-doublebu-moc-factory\/","title":{"rendered":"MOC-71182 Mobile City - Voyage dans le temps Ep.1 Cr\u00e9ateur de jeu portable par DoubleBU MOC FACTORY"},"content":{"rendered":"<p>MOC-71182 Mobile City - Time Travel Ep.1 Portable Play Set Creator par DoubleBU MOC FACTORY est un ensemble de la collection Creator, con\u00e7u par DoubleBU. Ce MOC 71182 est livr\u00e9 avec des instructions PDF faciles \u00e0 construire et \u00e0 trouver les pi\u00e8ces manquantes. L&#039;ensemble contient 377 pi\u00e8ces, sorties pour la premi\u00e8re fois en 2021.<\/p>\n<figure id=\"attachment_207420\" aria-describedby=\"caption-attachment-207420\" style=\"width: 800px\" class=\"wp-caption aligncenter\"><a href=\"https:\/\/pay.lpwstore.com\/wp-content\/uploads\/2021\/05\/MOC-71182-Mobile-City-Time-Travel-Ep.1-Portable-Play-Set-Creator-by-DoubleBU-MOC-FACTORY.jpg\" target=\"_blank\" rel=\"noopener\"><img fetchpriority=\"high\" decoding=\"async\" class=\"wp-image-207420 size-full\" title=\"MOC-71182 Mobile City - Time Travel Ep.1 Portable Play Set Creator par DoubleBU MOC FACTORY\" src=\"https:\/\/pay.lpwstore.com\/wp-content\/uploads\/2021\/05\/MOC-71182-Mobile-City-Time-Travel-Ep.1-Portable-Play-Set-Creator-by-DoubleBU-MOC-FACTORY.jpg\" alt=\"MOC-71182 Mobile City - Time Travel Ep.1 Portable Play Set Creator by DoubleBU MOC FACTORY\" width=\"800\" height=\"800\" \/><\/a><figcaption id=\"caption-attachment-207420\" class=\"wp-caption-text\">MOC-71182 Mobile City - Voyage dans le temps Ep.1 Cr\u00e9ateur de jeu portable par DoubleBU MOC FACTORY<\/figcaption><\/figure>\n<figure id=\"attachment_207419\" aria-describedby=\"caption-attachment-207419\" style=\"width: 1000px\" class=\"wp-caption aligncenter\"><img decoding=\"async\" class=\"size-full wp-image-207419\" title=\"MOC-71182 Mobile City - Time Travel Ep.1 Portable Play Set Creator par DoubleBU MOC FACTORY\" src=\"https:\/\/pay.lpwstore.com\/wp-content\/uploads\/2021\/05\/moc-71182-mobile-city-time-travel-ep-1-portable-play-set-creator-by-doublebu-moc-factory-231124.jpg\" alt=\"MOC-71182 Mobile City - Time Travel Ep.1 Portable Play Set Creator by DoubleBU MOC FACTORY\" width=\"1000\" height=\"1000\" \/><figcaption id=\"caption-attachment-207419\" class=\"wp-caption-text\">MOC-71182 Mobile City - Voyage dans le temps Ep.1 Cr\u00e9ateur de jeu portable par DoubleBU MOC FACTORY<\/figcaption><\/figure>\n<p>&nbsp;<\/p>","protected":false},"excerpt":{"rendered":"<ul>\n<li>Inclure\u00a0<strong>377+<\/strong>\u00a0pi\u00e8ces<\/li>\n<li>Instruction PDF en ligne<\/li>\n<li>Bloc ABS de haute qualit\u00e9<\/li>\n<li>Dimensions : 13 x 13 x 11 cm<\/li>\n<\/ul>","protected":false},"featured_media":24527,"comment_status":"open","ping_status":"closed","template":"","meta":{"_acf_changed":false},"product_cat":[371],"product_tag":[],"class_list":["product","first","instock","shipping-taxable","purchasable","product-type-simple"],"acf":[],"_links":{"self":[{"href":"https:\/\/mouldking.store\/fr\/wp-json\/wp\/v2\/product\/24529","targetHints":{"allow":["GET"]}}],"collection":[{"href":"https:\/\/mouldking.store\/fr\/wp-json\/wp\/v2\/product"}],"about":[{"href":"https:\/\/mouldking.store\/fr\/wp-json\/wp\/v2\/types\/product"}],"replies":[{"embeddable":true,"href":"https:\/\/mouldking.store\/fr\/wp-json\/wp\/v2\/comments?post=24529"}],"wp:featuredmedia":[{"embeddable":true,"href":"https:\/\/mouldking.store\/fr\/wp-json\/wp\/v2\/media\/24527"}],"wp:attachment":[{"href":"https:\/\/mouldking.store\/fr\/wp-json\/wp\/v2\/media?parent=24529"}],"wp:term":[{"taxonomy":"product_cat","embeddable":true,"href":"https:\/\/mouldking.store\/fr\/wp-json\/wp\/v2\/product_cat?post=24529"},{"taxonomy":"product_tag","embeddable":true,"href":"https:\/\/mouldking.store\/fr\/wp-json\/wp\/v2\/product_tag?post=24529"}],"curies":[{"name":"wp","href":"https:\/\/api.w.org\/{rel}","templated":true}]}}