{"id":24535,"date":"2021-10-10T05:15:34","date_gmt":"2021-10-10T05:15:34","guid":{"rendered":"https:\/\/mouldking.store\/shop\/moc-90159-macross-battleship-space-moc-factory\/"},"modified":"2025-12-25T09:17:25","modified_gmt":"2025-12-25T02:17:25","slug":"moc-90159-macross-battleship-space-moc-factory","status":"publish","type":"product","link":"https:\/\/mouldking.store\/fr\/shop\/moc-90159-macross-battleship-space-moc-factory\/","title":{"rendered":"MOC-90159 Cuirass\u00e9 Macross Espace MOC FACTORY"},"content":{"rendered":"<p>MOC-90159 Battleship Space MOC FACTORY\u00a0 is a set in Space collection. This MOC 90159 comes with PDF instruction which is easy to build and find the missing pieces. The set contains 5800 pieces, first released in 2021.<\/p>\n<p><strong>NOTE:<\/strong><\/p>\n<ul>\n<li><strong>La couleur des pi\u00e8ces individuelles ne correspond pas \u00e0 celle des pi\u00e8ces de dessin, ce qui n&#039;affecte pas l&#039;apparence.<\/strong><\/li>\n<li><strong>Veuillez acheter avec soin pour ceux qui ne sont pas pr\u00e9occup\u00e9s par la pr\u00e9cision, la diff\u00e9rence de couleur des pi\u00e8ces domestiques.<\/strong><\/li>\n<li><strong>Le client peut avoir \u00e0 payer les frais de douane suppl\u00e9mentaires lors de la r\u00e9ception des marchandises (selon la politique de chaque pays)<\/strong><\/li>\n<\/ul>\n<figure id=\"attachment_207428\" aria-describedby=\"caption-attachment-207428\" style=\"width: 800px\" class=\"wp-caption aligncenter\"><a href=\"https:\/\/pay.lpwstore.com\/wp-content\/uploads\/2021\/05\/MOC-90159-Macross-Battleship-Space-MOC-FACTORY.jpg\" target=\"_blank\" rel=\"noopener\"><img fetchpriority=\"high\" decoding=\"async\" class=\"wp-image-207428 size-full\" title=\"MOC-90159 Cuirass\u00e9 Macross Espace MOC FACTORY \" src=\"https:\/\/pay.lpwstore.com\/wp-content\/uploads\/2021\/05\/MOC-90159-Macross-Battleship-Space-MOC-FACTORY.jpg\" alt=\"MOC-90159 Macross Battleship Space MOC FACTORY \" width=\"800\" height=\"800\" \/><\/a><figcaption id=\"caption-attachment-207428\" class=\"wp-caption-text\">MOC-90159 Cuirass\u00e9 Macross Espace MOC FACTORY<\/figcaption><\/figure>\n<figure id=\"attachment_207425\" aria-describedby=\"caption-attachment-207425\" style=\"width: 1100px\" class=\"wp-caption aligncenter\"><img decoding=\"async\" class=\"size-full wp-image-207425\" title=\"MOC-90159 Battleship Space MOC FACTORY\" src=\"https:\/\/pay.lpwstore.com\/wp-content\/uploads\/2021\/05\/moc-90159-battleship-space-moc-factory-001808.jpg\" alt=\"MOC-90159 Battleship Space MOC FACTORY\" width=\"1100\" height=\"1100\" \/><figcaption id=\"caption-attachment-207425\" class=\"wp-caption-text\">MOC-90159 Battleship Space MOC FACTORY<\/figcaption><\/figure>\n<figure id=\"attachment_207426\" aria-describedby=\"caption-attachment-207426\" style=\"width: 1100px\" class=\"wp-caption aligncenter\"><img decoding=\"async\" class=\"size-full wp-image-207426\" title=\"MOC-90159 Battleship Space MOC FACTORY\" src=\"https:\/\/pay.lpwstore.com\/wp-content\/uploads\/2021\/05\/moc-90159-battleship-space-moc-factory-001812.jpg\" alt=\"MOC-90159 Battleship Space MOC FACTORY\" width=\"1100\" height=\"1100\" \/><figcaption id=\"caption-attachment-207426\" class=\"wp-caption-text\">MOC-90159 Battleship Space MOC FACTORY<\/figcaption><\/figure>\n<p>&nbsp;<\/p>\n<p>&nbsp;<\/p>","protected":false},"excerpt":{"rendered":"<ul>\n<li>Inclure<strong> 5800+<\/strong>\u00a0pi\u00e8ces<\/li>\n<li>Instruction PDF en ligne<\/li>\n<li>Bloc ABS de haute qualit\u00e9<\/li>\n<\/ul>","protected":false},"featured_media":24532,"comment_status":"open","ping_status":"closed","template":"","meta":{"_acf_changed":false},"product_cat":[371],"product_tag":[],"class_list":["product","first","outofstock","shipping-taxable","purchasable","product-type-simple"],"acf":[],"_links":{"self":[{"href":"https:\/\/mouldking.store\/fr\/wp-json\/wp\/v2\/product\/24535","targetHints":{"allow":["GET"]}}],"collection":[{"href":"https:\/\/mouldking.store\/fr\/wp-json\/wp\/v2\/product"}],"about":[{"href":"https:\/\/mouldking.store\/fr\/wp-json\/wp\/v2\/types\/product"}],"replies":[{"embeddable":true,"href":"https:\/\/mouldking.store\/fr\/wp-json\/wp\/v2\/comments?post=24535"}],"wp:featuredmedia":[{"embeddable":true,"href":"https:\/\/mouldking.store\/fr\/wp-json\/wp\/v2\/media\/24532"}],"wp:attachment":[{"href":"https:\/\/mouldking.store\/fr\/wp-json\/wp\/v2\/media?parent=24535"}],"wp:term":[{"taxonomy":"product_cat","embeddable":true,"href":"https:\/\/mouldking.store\/fr\/wp-json\/wp\/v2\/product_cat?post=24535"},{"taxonomy":"product_tag","embeddable":true,"href":"https:\/\/mouldking.store\/fr\/wp-json\/wp\/v2\/product_tag?post=24535"}],"curies":[{"name":"wp","href":"https:\/\/api.w.org\/{rel}","templated":true}]}}