{"id":24554,"date":"2021-10-10T05:15:40","date_gmt":"2021-10-10T05:15:40","guid":{"rendered":"https:\/\/mouldking.store\/shop\/moc-34753-telehandler-technic-by-ft-creations-moc-factory\/"},"modified":"2025-12-25T09:17:24","modified_gmt":"2025-12-25T02:17:24","slug":"moc-34753-telehandler-technic-by-ft-creations-moc-factory","status":"publish","type":"product","link":"https:\/\/mouldking.store\/fr\/shop\/moc-34753-telehandler-technic-by-ft-creations-moc-factory\/","title":{"rendered":"MOC-34753 Telehandler Technic par FT-creations MOC FACTORY"},"content":{"rendered":"<p style=\"text-align: left\">MOC-34753 Telehandler Technic by FT-creations MOC FACTORY is a set in Technic collection, designed by FT-creations. This MOC 34753 comes with PDF instruction which is easy to build and find the missing pieces. The set contains 1401 pieces, first released in 2021.<\/p>\n<p style=\"text-align: left\"><strong>NOTE:<\/strong><\/p>\n<ul style=\"text-align: center\">\n<li style=\"text-align: left\"><strong>La couleur des pi\u00e8ces individuelles ne correspond pas \u00e0 celle des pi\u00e8ces de dessin, ce qui n&#039;affecte pas l&#039;apparence.<\/strong><\/li>\n<li style=\"text-align: left\"><strong>Veuillez acheter avec soin pour ceux qui ne sont pas pr\u00e9occup\u00e9s par la pr\u00e9cision, la diff\u00e9rence de couleur des pi\u00e8ces domestiques.<\/strong><\/li>\n<li style=\"text-align: left\"><strong>Le client peut avoir \u00e0 payer les frais de douane suppl\u00e9mentaires lors de la r\u00e9ception des marchandises (selon la politique de chaque pays)<\/strong><\/li>\n<\/ul>\n<figure id=\"attachment_207566\" aria-describedby=\"caption-attachment-207566\" style=\"width: 800px\" class=\"wp-caption aligncenter\"><a href=\"https:\/\/pay.lpwstore.com\/wp-content\/uploads\/2021\/05\/MOC-34753-Telehandler-Technic-by-FT-creations-MOC-FACTORY.jpg\" target=\"_blank\" rel=\"noopener\"><img fetchpriority=\"high\" decoding=\"async\" class=\"wp-image-207566 size-full\" title=\"MOC-34753 Telehandler Technic par FT-creations MOC FACTORY\" src=\"https:\/\/pay.lpwstore.com\/wp-content\/uploads\/2021\/05\/MOC-34753-Telehandler-Technic-by-FT-creations-MOC-FACTORY.jpg\" alt=\"MOC-34753 Telehandler Technic by FT-creations MOC FACTORY\" width=\"800\" height=\"800\" \/><\/a><figcaption id=\"caption-attachment-207566\" class=\"wp-caption-text\">MOC-34753 Telehandler Technic par FT-creations MOC FACTORY<\/figcaption><\/figure>\n<p><img decoding=\"async\" class=\"alignnone size-full wp-image-207567 aligncenter\" src=\"https:\/\/pay.lpwstore.com\/wp-content\/uploads\/2021\/05\/MOC-34753-Telehandler-Technic-by-FT-creations-MOC-FACTORY-2.jpg\" alt=\"-\" width=\"800\" height=\"800\" title=\"-\"> <img decoding=\"async\" class=\"alignnone size-full wp-image-207568 aligncenter\" src=\"https:\/\/pay.lpwstore.com\/wp-content\/uploads\/2021\/05\/MOC-34753-Telehandler-Technic-by-FT-creations-MOC-FACTORY-3.jpg\" alt=\"-\" width=\"800\" height=\"800\" title=\"-\"> <img loading=\"lazy\" decoding=\"async\" class=\"alignnone size-full wp-image-207569 aligncenter\" src=\"https:\/\/pay.lpwstore.com\/wp-content\/uploads\/2021\/05\/MOC-34753-Telehandler-Technic-by-FT-creations-MOC-FACTORY-4.jpg\" alt=\"-\" width=\"800\" height=\"800\" title=\"-\"> <img loading=\"lazy\" decoding=\"async\" class=\"alignnone size-full wp-image-207570 aligncenter\" src=\"https:\/\/pay.lpwstore.com\/wp-content\/uploads\/2021\/05\/MOC-34753-Telehandler-Technic-by-FT-creations-MOC-FACTORY-5.jpg\" alt=\"-\" width=\"800\" height=\"800\" title=\"-\"> <img loading=\"lazy\" decoding=\"async\" class=\"alignnone size-full wp-image-207571 aligncenter\" src=\"https:\/\/pay.lpwstore.com\/wp-content\/uploads\/2021\/05\/MOC-34753-Telehandler-Technic-by-FT-creations-MOC-FACTORY-6.jpg\" alt=\"-\" width=\"800\" height=\"800\" title=\"-\"><\/p>","protected":false},"excerpt":{"rendered":"<ul>\n<li>Inclure\u00a0<strong>1401+<\/strong>\u00a0pi\u00e8ces<\/li>\n<li>Instruction PDF en ligne<\/li>\n<li>Bloc ABS de haute qualit\u00e9<\/li>\n<li>Avec moteur<\/li>\n<\/ul>","protected":false},"featured_media":24548,"comment_status":"open","ping_status":"closed","template":"","meta":{"_acf_changed":false},"product_cat":[364],"product_tag":[],"class_list":["product","first","outofstock","shipping-taxable","purchasable","product-type-simple"],"acf":[],"_links":{"self":[{"href":"https:\/\/mouldking.store\/fr\/wp-json\/wp\/v2\/product\/24554","targetHints":{"allow":["GET"]}}],"collection":[{"href":"https:\/\/mouldking.store\/fr\/wp-json\/wp\/v2\/product"}],"about":[{"href":"https:\/\/mouldking.store\/fr\/wp-json\/wp\/v2\/types\/product"}],"replies":[{"embeddable":true,"href":"https:\/\/mouldking.store\/fr\/wp-json\/wp\/v2\/comments?post=24554"}],"wp:featuredmedia":[{"embeddable":true,"href":"https:\/\/mouldking.store\/fr\/wp-json\/wp\/v2\/media\/24548"}],"wp:attachment":[{"href":"https:\/\/mouldking.store\/fr\/wp-json\/wp\/v2\/media?parent=24554"}],"wp:term":[{"taxonomy":"product_cat","embeddable":true,"href":"https:\/\/mouldking.store\/fr\/wp-json\/wp\/v2\/product_cat?post=24554"},{"taxonomy":"product_tag","embeddable":true,"href":"https:\/\/mouldking.store\/fr\/wp-json\/wp\/v2\/product_tag?post=24554"}],"curies":[{"name":"wp","href":"https:\/\/api.w.org\/{rel}","templated":true}]}}