{"id":24579,"date":"2021-10-10T05:15:48","date_gmt":"2021-10-10T05:15:48","guid":{"rendered":"https:\/\/mouldking.store\/shop\/moc-62809-general-grevious-brickheadz-creator-by-brickbuilt-creations-moc-factory\/"},"modified":"2025-12-25T09:17:24","modified_gmt":"2025-12-25T02:17:24","slug":"moc-62809-general-grevious-brickheadz-creator-by-brickbuilt-creations-moc-factory","status":"publish","type":"product","link":"https:\/\/mouldking.store\/fr\/shop\/moc-62809-general-grevious-brickheadz-creator-by-brickbuilt-creations-moc-factory\/","title":{"rendered":"MOC-62809 G\u00e9n\u00e9ral Grevious \u2013 Brickheadz Creator par BrickBuilt Creations MOC FACTORY"},"content":{"rendered":"<p>MOC-62809 General Grevious \u2013 Brickheadz Creator par BrickBuilt Creations MOC FACTORY est un ensemble de la collection Creator, con\u00e7u par BrickBuilt Creations. Ce MOC 62809 est livr\u00e9 avec des instructions PDF faciles \u00e0 construire et \u00e0 trouver les pi\u00e8ces manquantes. L&#039;ensemble contient 132 pi\u00e8ces, sorties pour la premi\u00e8re fois en 2021.<\/p>\n<figure id=\"attachment_207671\" aria-describedby=\"caption-attachment-207671\" style=\"width: 800px\" class=\"wp-caption aligncenter\"><a href=\"https:\/\/pay.lpwstore.com\/wp-content\/uploads\/2021\/06\/MOC-62809-General-Grevious-Brickheadz-Creator-by-BrickBuilt-Creations-MOC-FACTORY.jpg\" target=\"_blank\" rel=\"noopener\"><img fetchpriority=\"high\" decoding=\"async\" class=\"wp-image-207671 size-full\" title=\"MOC-62809 G\u00e9n\u00e9ral Grevious - Brickheadz Creator par BrickBuilt Creations MOC FACTORY\" src=\"https:\/\/pay.lpwstore.com\/wp-content\/uploads\/2021\/06\/MOC-62809-General-Grevious-Brickheadz-Creator-by-BrickBuilt-Creations-MOC-FACTORY.jpg\" alt=\"MOC-62809 General Grevious - Brickheadz Creator by BrickBuilt Creations MOC FACTORY\" width=\"800\" height=\"800\" \/><\/a><figcaption id=\"caption-attachment-207671\" class=\"wp-caption-text\">MOC-62809 G\u00e9n\u00e9ral Grevious \u2013 Brickheadz Creator par BrickBuilt Creations MOC FACTORY<\/figcaption><\/figure>","protected":false},"excerpt":{"rendered":"<ul>\n<li>Inclure <strong>132+<\/strong> pi\u00e8ces<\/li>\n<li>Instruction PDF en ligne<\/li>\n<li>Bloc ABS de haute qualit\u00e9<\/li>\n<li>Dimensions :7 x 8 x 9 cm<\/li>\n<\/ul>","protected":false},"featured_media":24578,"comment_status":"open","ping_status":"closed","template":"","meta":{"_acf_changed":false},"product_cat":[371],"product_tag":[],"class_list":["product","first","instock","shipping-taxable","purchasable","product-type-simple"],"acf":[],"_links":{"self":[{"href":"https:\/\/mouldking.store\/fr\/wp-json\/wp\/v2\/product\/24579","targetHints":{"allow":["GET"]}}],"collection":[{"href":"https:\/\/mouldking.store\/fr\/wp-json\/wp\/v2\/product"}],"about":[{"href":"https:\/\/mouldking.store\/fr\/wp-json\/wp\/v2\/types\/product"}],"replies":[{"embeddable":true,"href":"https:\/\/mouldking.store\/fr\/wp-json\/wp\/v2\/comments?post=24579"}],"wp:featuredmedia":[{"embeddable":true,"href":"https:\/\/mouldking.store\/fr\/wp-json\/wp\/v2\/media\/24578"}],"wp:attachment":[{"href":"https:\/\/mouldking.store\/fr\/wp-json\/wp\/v2\/media?parent=24579"}],"wp:term":[{"taxonomy":"product_cat","embeddable":true,"href":"https:\/\/mouldking.store\/fr\/wp-json\/wp\/v2\/product_cat?post=24579"},{"taxonomy":"product_tag","embeddable":true,"href":"https:\/\/mouldking.store\/fr\/wp-json\/wp\/v2\/product_tag?post=24579"}],"curies":[{"name":"wp","href":"https:\/\/api.w.org\/{rel}","templated":true}]}}