{"id":24582,"date":"2021-10-10T05:15:49","date_gmt":"2021-10-09T22:15:49","guid":{"rendered":"https:\/\/mouldking.store\/shop\/moc-36681-donald-duck-movie-by-buildbetterbricks-moc-factory\/"},"modified":"2025-12-25T09:17:24","modified_gmt":"2025-12-25T02:17:24","slug":"moc-36681-donald-duck-movie-by-buildbetterbricks-moc-factory","status":"publish","type":"product","link":"https:\/\/mouldking.store\/fr\/shop\/moc-36681-donald-duck-movie-by-buildbetterbricks-moc-factory\/","title":{"rendered":"MOC-36681 Film Donald Duck par buildbetterbricks MOC FACTORY"},"content":{"rendered":"<p>MOC-36681 Donald Duck Movie par buildbetterbricks MOC FACTORY est un ensemble de la collection Movie, con\u00e7u par buildbetterbricks. Ce MOC 36681 est livr\u00e9 avec des instructions PDF faciles \u00e0 construire et \u00e0 trouver les pi\u00e8ces manquantes. L&#039;ensemble contient 249 pi\u00e8ces, sorties pour la premi\u00e8re fois en 2021.<\/p>\n<figure id=\"attachment_207674\" aria-describedby=\"caption-attachment-207674\" style=\"width: 800px\" class=\"wp-caption aligncenter\"><a href=\"https:\/\/pay.lpwstore.com\/wp-content\/uploads\/2021\/06\/MOC-36681-Donald-Duck-Movie-by-buildbetterbricks-MOC-FACTORY.jpg\" target=\"_blank\" rel=\"noopener\"><img fetchpriority=\"high\" decoding=\"async\" class=\"wp-image-207674 size-full\" title=\"MOC-36681 Film Donald Duck par buildbetterbricks MOC FACTORY\" src=\"https:\/\/pay.lpwstore.com\/wp-content\/uploads\/2021\/06\/MOC-36681-Donald-Duck-Movie-by-buildbetterbricks-MOC-FACTORY.jpg\" alt=\"MOC-36681 Donald Duck Movie by buildbetterbricks MOC FACTORY\" width=\"800\" height=\"800\" \/><\/a><figcaption id=\"caption-attachment-207674\" class=\"wp-caption-text\">MOC-36681 Film Donald Duck par buildbetterbricks MOC FACTORY<\/figcaption><\/figure>\n<p>&nbsp;<\/p>\n<figure id=\"attachment_207673\" aria-describedby=\"caption-attachment-207673\" style=\"width: 800px\" class=\"wp-caption aligncenter\"><img decoding=\"async\" class=\"wp-image-207673\" title=\"MOC-36681 Film Donald Duck par buildbetterbricks MOC FACTORY\" src=\"https:\/\/pay.lpwstore.com\/wp-content\/uploads\/2021\/06\/moc-36681-donald-duck-movie-by-buildbetterbricks-moc-factory-110931.jpg\" alt=\"MOC-36681 Donald Duck Movie by buildbetterbricks MOC FACTORY\" width=\"800\" height=\"800\" \/><figcaption id=\"caption-attachment-207673\" class=\"wp-caption-text\">MOC-36681 Film Donald Duck par buildbetterbricks MOC FACTORY<\/figcaption><\/figure>\n<p>&nbsp;<\/p>\n<p>&nbsp;<\/p>","protected":false},"excerpt":{"rendered":"<ul>\n<li>Inclure\u00a0<strong>249+<\/strong>\u00a0pi\u00e8ces<\/li>\n<li>Instruction PDF en ligne<\/li>\n<li>Bloc ABS de haute qualit\u00e9<\/li>\n<li>Dimensions : 6 x 8 x 16 cm<\/li>\n<\/ul>","protected":false},"featured_media":24580,"comment_status":"open","ping_status":"closed","template":"","meta":{"_acf_changed":false},"product_cat":[581],"product_tag":[],"class_list":["product","first","outofstock","shipping-taxable","purchasable","product-type-simple"],"acf":[],"_links":{"self":[{"href":"https:\/\/mouldking.store\/fr\/wp-json\/wp\/v2\/product\/24582","targetHints":{"allow":["GET"]}}],"collection":[{"href":"https:\/\/mouldking.store\/fr\/wp-json\/wp\/v2\/product"}],"about":[{"href":"https:\/\/mouldking.store\/fr\/wp-json\/wp\/v2\/types\/product"}],"replies":[{"embeddable":true,"href":"https:\/\/mouldking.store\/fr\/wp-json\/wp\/v2\/comments?post=24582"}],"wp:featuredmedia":[{"embeddable":true,"href":"https:\/\/mouldking.store\/fr\/wp-json\/wp\/v2\/media\/24580"}],"wp:attachment":[{"href":"https:\/\/mouldking.store\/fr\/wp-json\/wp\/v2\/media?parent=24582"}],"wp:term":[{"taxonomy":"product_cat","embeddable":true,"href":"https:\/\/mouldking.store\/fr\/wp-json\/wp\/v2\/product_cat?post=24582"},{"taxonomy":"product_tag","embeddable":true,"href":"https:\/\/mouldking.store\/fr\/wp-json\/wp\/v2\/product_tag?post=24582"}],"curies":[{"name":"wp","href":"https:\/\/api.w.org\/{rel}","templated":true}]}}