{"id":24596,"date":"2021-10-10T05:15:56","date_gmt":"2021-10-10T05:15:56","guid":{"rendered":"https:\/\/mouldking.store\/shop\/moc-72838-medieval-tavern-modular-building-by-versteinert-moc-factory\/"},"modified":"2025-12-25T09:17:24","modified_gmt":"2025-12-25T02:17:24","slug":"moc-72838-medieval-tavern-modular-building-by-versteinert-moc-factory","status":"publish","type":"product","link":"https:\/\/mouldking.store\/fr\/shop\/moc-72838-medieval-tavern-modular-building-by-versteinert-moc-factory\/","title":{"rendered":"MOC-72838 B\u00e2timent modulaire taverne m\u00e9di\u00e9vale par Versteinert MOC FACTORY"},"content":{"rendered":"<p>MOC-72838 Medieval Tavern Modular Building par Versteinert MOC FACTORY est un ensemble de la collection Modular Building, con\u00e7u par Versteinert . Ce MOC 72838 est livr\u00e9 avec des instructions PDF faciles \u00e0 construire et \u00e0 trouver les pi\u00e8ces manquantes. L&#039;ensemble contient 2951 pi\u00e8ces, sorties pour la premi\u00e8re fois en 2021.<\/p>\n<p><strong>NOTE:<\/strong><\/p>\n<ul>\n<li><strong>La couleur des pi\u00e8ces individuelles ne correspond pas \u00e0 celle des pi\u00e8ces de dessin, ce qui n&#039;affecte pas l&#039;apparence. Pas de chiffres inclus<\/strong><\/li>\n<li><strong>Veuillez acheter avec soin pour ceux qui ne sont pas pr\u00e9occup\u00e9s par la pr\u00e9cision, la diff\u00e9rence de couleur des pi\u00e8ces domestiques.<\/strong><\/li>\n<li><strong>Le client peut avoir \u00e0 payer les frais de douane suppl\u00e9mentaires lors de la r\u00e9ception des marchandises (selon la politique de chaque pays)<\/strong><\/li>\n<\/ul>\n<figure id=\"attachment_207699\" aria-describedby=\"caption-attachment-207699\" style=\"width: 800px\" class=\"wp-caption aligncenter\"><a href=\"https:\/\/pay.lpwstore.com\/wp-content\/uploads\/2021\/06\/MOC-72838-Medieval-Tavern-Modular-Building-by-Versteinert-MOC-FACTORY.jpg\" target=\"_blank\" rel=\"noopener\"><img fetchpriority=\"high\" decoding=\"async\" class=\"wp-image-207699 size-full\" title=\"MOC-72838 B\u00e2timent modulaire taverne m\u00e9di\u00e9vale par Versteinert MOC FACTORY\" src=\"https:\/\/pay.lpwstore.com\/wp-content\/uploads\/2021\/06\/MOC-72838-Medieval-Tavern-Modular-Building-by-Versteinert-MOC-FACTORY.jpg\" alt=\"MOC-72838 Medieval Tavern Modular Building by Versteinert MOC FACTORY\" width=\"800\" height=\"800\" \/><\/a><figcaption id=\"caption-attachment-207699\" class=\"wp-caption-text\">MOC-72838 B\u00e2timent modulaire taverne m\u00e9di\u00e9vale par Versteinert MOC FACTORY<\/figcaption><\/figure>\n<figure id=\"attachment_207694\" aria-describedby=\"caption-attachment-207694\" style=\"width: 1100px\" class=\"wp-caption aligncenter\"><img decoding=\"async\" class=\"size-full wp-image-207694\" title=\"MOC-72838 B\u00e2timent modulaire taverne m\u00e9di\u00e9vale par Versteinert MOC FACTORY\" src=\"https:\/\/pay.lpwstore.com\/wp-content\/uploads\/2021\/06\/moc-72838-medieval-tavern-modular-building-by-versteinert-moc-factory-224811.jpg\" alt=\"MOC-72838 Medieval Tavern Modular Building by Versteinert MOC FACTORY\" width=\"1100\" height=\"1100\" \/><figcaption id=\"caption-attachment-207694\" class=\"wp-caption-text\">MOC-72838 B\u00e2timent modulaire taverne m\u00e9di\u00e9vale par Versteinert MOC FACTORY<\/figcaption><\/figure>\n<figure id=\"attachment_207695\" aria-describedby=\"caption-attachment-207695\" style=\"width: 1100px\" class=\"wp-caption aligncenter\"><img decoding=\"async\" class=\"size-full wp-image-207695\" title=\"MOC-72838 B\u00e2timent modulaire taverne m\u00e9di\u00e9vale par Versteinert MOC FACTORY\" src=\"https:\/\/pay.lpwstore.com\/wp-content\/uploads\/2021\/06\/moc-72838-medieval-tavern-modular-building-by-versteinert-moc-factory-224812.jpg\" alt=\"MOC-72838 Medieval Tavern Modular Building by Versteinert MOC FACTORY\" width=\"1100\" height=\"1100\" \/><figcaption id=\"caption-attachment-207695\" class=\"wp-caption-text\">MOC-72838 B\u00e2timent modulaire taverne m\u00e9di\u00e9vale par Versteinert MOC FACTORY<\/figcaption><\/figure>\n<figure id=\"attachment_207696\" aria-describedby=\"caption-attachment-207696\" style=\"width: 1100px\" class=\"wp-caption aligncenter\"><img loading=\"lazy\" decoding=\"async\" class=\"size-full wp-image-207696\" title=\"MOC-72838 B\u00e2timent modulaire taverne m\u00e9di\u00e9vale par Versteinert MOC FACTORY\" src=\"https:\/\/pay.lpwstore.com\/wp-content\/uploads\/2021\/06\/moc-72838-medieval-tavern-modular-building-by-versteinert-moc-factory-224815.jpg\" alt=\"MOC-72838 Medieval Tavern Modular Building by Versteinert MOC FACTORY\" width=\"1100\" height=\"1100\" \/><figcaption id=\"caption-attachment-207696\" class=\"wp-caption-text\">MOC-72838 B\u00e2timent modulaire taverne m\u00e9di\u00e9vale par Versteinert MOC FACTORY<\/figcaption><\/figure>\n<figure id=\"attachment_207697\" aria-describedby=\"caption-attachment-207697\" style=\"width: 1100px\" class=\"wp-caption aligncenter\"><img loading=\"lazy\" decoding=\"async\" class=\"size-full wp-image-207697\" title=\"MOC-72838 B\u00e2timent modulaire taverne m\u00e9di\u00e9vale par Versteinert MOC FACTORY\" src=\"https:\/\/pay.lpwstore.com\/wp-content\/uploads\/2021\/06\/moc-72838-medieval-tavern-modular-building-by-versteinert-moc-factory-224817.jpg\" alt=\"MOC-72838 Medieval Tavern Modular Building by Versteinert MOC FACTORY\" width=\"1100\" height=\"1100\" \/><figcaption id=\"caption-attachment-207697\" class=\"wp-caption-text\">MOC-72838 B\u00e2timent modulaire taverne m\u00e9di\u00e9vale par Versteinert MOC FACTORY<\/figcaption><\/figure>\n<figure id=\"attachment_207698\" aria-describedby=\"caption-attachment-207698\" style=\"width: 800px\" class=\"wp-caption aligncenter\"><img loading=\"lazy\" decoding=\"async\" class=\"size-full wp-image-207698\" title=\"MOC-72838 B\u00e2timent modulaire taverne m\u00e9di\u00e9vale par Versteinert MOC FACTORY\" src=\"https:\/\/pay.lpwstore.com\/wp-content\/uploads\/2021\/06\/moc-72838-medieval-tavern-modular-building-by-versteinert-moc-factory-224833.jpg\" alt=\"MOC-72838 Medieval Tavern Modular Building by Versteinert MOC FACTORY\" width=\"800\" height=\"800\" \/><figcaption id=\"caption-attachment-207698\" class=\"wp-caption-text\">MOC-72838 B\u00e2timent modulaire taverne m\u00e9di\u00e9vale par Versteinert MOC FACTORY<\/figcaption><\/figure>\n<p>&nbsp;<\/p>\n<p>&nbsp;<\/p>","protected":false},"excerpt":{"rendered":"<ul>\n<li>Inclure\u00a0<strong>2951+<\/strong>\u00a0pi\u00e8ces<\/li>\n<li>Instruction PDF en ligne<\/li>\n<li>Bloc ABS de haute qualit\u00e9<\/li>\n<\/ul>","protected":false},"featured_media":24591,"comment_status":"open","ping_status":"closed","template":"","meta":{"_acf_changed":false},"product_cat":[390],"product_tag":[],"class_list":["product","first","outofstock","shipping-taxable","purchasable","product-type-simple"],"acf":[],"_links":{"self":[{"href":"https:\/\/mouldking.store\/fr\/wp-json\/wp\/v2\/product\/24596","targetHints":{"allow":["GET"]}}],"collection":[{"href":"https:\/\/mouldking.store\/fr\/wp-json\/wp\/v2\/product"}],"about":[{"href":"https:\/\/mouldking.store\/fr\/wp-json\/wp\/v2\/types\/product"}],"replies":[{"embeddable":true,"href":"https:\/\/mouldking.store\/fr\/wp-json\/wp\/v2\/comments?post=24596"}],"wp:featuredmedia":[{"embeddable":true,"href":"https:\/\/mouldking.store\/fr\/wp-json\/wp\/v2\/media\/24591"}],"wp:attachment":[{"href":"https:\/\/mouldking.store\/fr\/wp-json\/wp\/v2\/media?parent=24596"}],"wp:term":[{"taxonomy":"product_cat","embeddable":true,"href":"https:\/\/mouldking.store\/fr\/wp-json\/wp\/v2\/product_cat?post=24596"},{"taxonomy":"product_tag","embeddable":true,"href":"https:\/\/mouldking.store\/fr\/wp-json\/wp\/v2\/product_tag?post=24596"}],"curies":[{"name":"wp","href":"https:\/\/api.w.org\/{rel}","templated":true}]}}