{"id":24612,"date":"2021-10-10T05:16:28","date_gmt":"2021-10-10T05:16:28","guid":{"rendered":"https:\/\/mouldking.store\/shop\/moc-74084-rolls-royce-phantom-viii-ewb-technic-by-olejka-moc-factory\/"},"modified":"2025-12-25T09:17:24","modified_gmt":"2025-12-25T02:17:24","slug":"moc-74084-rolls-royce-phantom-viii-ewb-technic-by-olejka-moc-factory","status":"publish","type":"product","link":"https:\/\/mouldking.store\/fr\/shop\/moc-74084-rolls-royce-phantom-viii-ewb-technic-by-olejka-moc-factory\/","title":{"rendered":"MOC-74084 Rolls-Royce Phantom VIII EWB Technic by OleJka MOC FACTORY"},"content":{"rendered":"<p>MOC-74084 Rolls-Royce Phantom VIII EWB Technic by OleJka MOC FACTORY is a set in Technic collection, designed by OleJka . This MOC 74084 comes with PDF instruction which is easy to build and find the missing pieces. The set contains 4019 pieces, first released in 2021.<\/p>\n<p><strong>NOTE:<\/strong><\/p>\n<ul>\n<li><strong>La couleur des pi\u00e8ces individuelles ne correspond pas \u00e0 celle des pi\u00e8ces de dessin, ce qui n&#039;affecte pas l&#039;apparence.\u00a0<\/strong><\/li>\n<li><strong>Veuillez acheter avec soin pour ceux qui ne sont pas pr\u00e9occup\u00e9s par la pr\u00e9cision, la diff\u00e9rence de couleur des pi\u00e8ces domestiques.<\/strong><\/li>\n<li><strong>Le client peut avoir \u00e0 payer les frais de douane suppl\u00e9mentaires lors de la r\u00e9ception des marchandises (selon la politique de chaque pays)<\/strong><\/li>\n<\/ul>\n<figure id=\"attachment_207762\" aria-describedby=\"caption-attachment-207762\" style=\"width: 800px\" class=\"wp-caption aligncenter\"><a href=\"https:\/\/pay.lpwstore.com\/wp-content\/uploads\/2021\/06\/MOC-74084-Rolls-Royce-Phantom-VIII-EWB-Technic-by-OleJka-MOC-FACTORY.jpg\" target=\"_blank\" rel=\"noopener\"><img fetchpriority=\"high\" decoding=\"async\" class=\"wp-image-207762 size-full\" title=\"MOC-74084 Rolls-Royce Phantom VIII EWB Technic by OleJka MOC FACTORY\" src=\"https:\/\/pay.lpwstore.com\/wp-content\/uploads\/2021\/06\/MOC-74084-Rolls-Royce-Phantom-VIII-EWB-Technic-by-OleJka-MOC-FACTORY.jpg\" alt=\"MOC-74084 Rolls-Royce Phantom VIII EWB Technic by OleJka MOC FACTORY\" width=\"800\" height=\"800\" \/><\/a><figcaption id=\"caption-attachment-207762\" class=\"wp-caption-text\">MOC-74084 Rolls-Royce Phantom VIII EWB Technic by OleJka MOC FACTORY<\/figcaption><\/figure>\n<figure id=\"attachment_207758\" aria-describedby=\"caption-attachment-207758\" style=\"width: 2500px\" class=\"wp-caption aligncenter\"><img decoding=\"async\" class=\"size-full wp-image-207758\" title=\"MOC-74084 Rolls-Royce Phantom VIII EWB Technic by OleJka MOC FACTORY\" src=\"https:\/\/pay.lpwstore.com\/wp-content\/uploads\/2021\/06\/moc-74084-rolls-royce-phantom-viii-ewb-technic-by-olejka-moc-factory-103949.jpg\" alt=\"MOC-74084 Rolls-Royce Phantom VIII EWB Technic by OleJka MOC FACTORY\" width=\"2500\" height=\"1666\" \/><figcaption id=\"caption-attachment-207758\" class=\"wp-caption-text\">MOC-74084 Rolls-Royce Phantom VIII EWB Technic by OleJka MOC FACTORY<\/figcaption><\/figure>\n<figure id=\"attachment_207759\" aria-describedby=\"caption-attachment-207759\" style=\"width: 2500px\" class=\"wp-caption aligncenter\"><img decoding=\"async\" class=\"size-full wp-image-207759\" title=\"MOC-74084 Rolls-Royce Phantom VIII EWB Technic by OleJka MOC FACTORY\" src=\"https:\/\/pay.lpwstore.com\/wp-content\/uploads\/2021\/06\/moc-74084-rolls-royce-phantom-viii-ewb-technic-by-olejka-moc-factory-104001.jpg\" alt=\"MOC-74084 Rolls-Royce Phantom VIII EWB Technic by OleJka MOC FACTORY\" width=\"2500\" height=\"1666\" \/><figcaption id=\"caption-attachment-207759\" class=\"wp-caption-text\">MOC-74084 Rolls-Royce Phantom VIII EWB Technic by OleJka MOC FACTORY<\/figcaption><\/figure>\n<figure id=\"attachment_207760\" aria-describedby=\"caption-attachment-207760\" style=\"width: 2500px\" class=\"wp-caption aligncenter\"><img loading=\"lazy\" decoding=\"async\" class=\"size-full wp-image-207760\" title=\"MOC-74084 Rolls-Royce Phantom VIII EWB Technic by OleJka MOC FACTORY\" src=\"https:\/\/pay.lpwstore.com\/wp-content\/uploads\/2021\/06\/moc-74084-rolls-royce-phantom-viii-ewb-technic-by-olejka-moc-factory-104022.jpg\" alt=\"MOC-74084 Rolls-Royce Phantom VIII EWB Technic by OleJka MOC FACTORY\" width=\"2500\" height=\"1666\" \/><figcaption id=\"caption-attachment-207760\" class=\"wp-caption-text\">MOC-74084 Rolls-Royce Phantom VIII EWB Technic by OleJka MOC FACTORY<\/figcaption><\/figure>\n<figure id=\"attachment_207761\" aria-describedby=\"caption-attachment-207761\" style=\"width: 750px\" class=\"wp-caption aligncenter\"><img loading=\"lazy\" decoding=\"async\" class=\"size-full wp-image-207761\" title=\"MOC-74084 Rolls-Royce Phantom VIII EWB Technic by OleJka MOC FACTORY\" src=\"https:\/\/pay.lpwstore.com\/wp-content\/uploads\/2021\/06\/moc-74084-rolls-royce-phantom-viii-ewb-technic-by-olejka-moc-factory-104030.jpg\" alt=\"MOC-74084 Rolls-Royce Phantom VIII EWB Technic by OleJka MOC FACTORY\" width=\"750\" height=\"499\" \/><figcaption id=\"caption-attachment-207761\" class=\"wp-caption-text\">MOC-74084 Rolls-Royce Phantom VIII EWB Technic by OleJka MOC FACTORY<\/figcaption><\/figure>","protected":false},"excerpt":{"rendered":"<ul>\n<li>Inclure\u00a0<strong>4019+<\/strong>\u00a0pi\u00e8ces<\/li>\n<li>Instruction PDF en ligne<\/li>\n<li>Bloc ABS de haute qualit\u00e9<\/li>\n<\/ul>","protected":false},"featured_media":24611,"comment_status":"open","ping_status":"closed","template":"","meta":{"_acf_changed":false},"product_cat":[364],"product_tag":[],"class_list":["product","first","outofstock","shipping-taxable","purchasable","product-type-simple"],"acf":[],"_links":{"self":[{"href":"https:\/\/mouldking.store\/fr\/wp-json\/wp\/v2\/product\/24612","targetHints":{"allow":["GET"]}}],"collection":[{"href":"https:\/\/mouldking.store\/fr\/wp-json\/wp\/v2\/product"}],"about":[{"href":"https:\/\/mouldking.store\/fr\/wp-json\/wp\/v2\/types\/product"}],"replies":[{"embeddable":true,"href":"https:\/\/mouldking.store\/fr\/wp-json\/wp\/v2\/comments?post=24612"}],"wp:featuredmedia":[{"embeddable":true,"href":"https:\/\/mouldking.store\/fr\/wp-json\/wp\/v2\/media\/24611"}],"wp:attachment":[{"href":"https:\/\/mouldking.store\/fr\/wp-json\/wp\/v2\/media?parent=24612"}],"wp:term":[{"taxonomy":"product_cat","embeddable":true,"href":"https:\/\/mouldking.store\/fr\/wp-json\/wp\/v2\/product_cat?post=24612"},{"taxonomy":"product_tag","embeddable":true,"href":"https:\/\/mouldking.store\/fr\/wp-json\/wp\/v2\/product_tag?post=24612"}],"curies":[{"name":"wp","href":"https:\/\/api.w.org\/{rel}","templated":true}]}}