{"id":24689,"date":"2021-10-10T05:17:30","date_gmt":"2021-10-10T05:17:30","guid":{"rendered":"https:\/\/mouldking.store\/shop\/moc-77129-giftcard-box-a-level-8-puzzle-box-creator-by-cheat3-puzzles-moc-factory\/"},"modified":"2025-12-25T09:17:20","modified_gmt":"2025-12-25T02:17:20","slug":"moc-77129-giftcard-box-a-level-8-puzzle-box-creator-by-cheat3-puzzles-moc-factory","status":"publish","type":"product","link":"https:\/\/mouldking.store\/fr\/shop\/moc-77129-giftcard-box-a-level-8-puzzle-box-creator-by-cheat3-puzzles-moc-factory\/","title":{"rendered":"MOC-77129 Giftcard Box (une bo\u00eete de puzzle de niveau 8) Creator by cheat3 puzzles MOC FACTORY"},"content":{"rendered":"<p>MOC-77129 Giftcard Box (une bo\u00eete de puzzle de niveau 8) Cr\u00e9ateur de cheat3 puzzles MOC FACTORY est un ensemble de la collection Creator, con\u00e7u par cheat3 puzzles. Ce MOC 77129 est livr\u00e9 avec des instructions PDF faciles \u00e0 construire et \u00e0 trouver les pi\u00e8ces manquantes. L&#039;ensemble contient 342 pi\u00e8ces, sorties pour la premi\u00e8re fois en 2021.<\/p>\n<figure id=\"attachment_208121\" class=\"wp-caption aligncenter\" style=\"width: 1000px\" aria-describedby=\"caption-attachment-208121\">\n<figure id=\"attachment_41251\" aria-describedby=\"caption-attachment-41251\" style=\"width: 1000px\" class=\"wp-caption aligncenter\"><img fetchpriority=\"high\" decoding=\"async\" class=\"size-full wp-image-41251\" title=\"MOC-77129 Bo\u00eete de cartes-cadeaux Creator\" src=\"https:\/\/mocfactory.com\/wp-content\/uploads\/2021\/11\/moc-77129-creator-giftcard-box.jpg\" alt=\"MOC-77129 Creator Giftcard Box\" width=\"1000\" height=\"1000\" \/><figcaption id=\"caption-attachment-41251\" class=\"wp-caption-text\">MOC-77129 Giftcard Box (une bo\u00eete de puzzle de niveau 8) Creator by cheat3 puzzles MOC FACTORY<\/figcaption><\/figure>\n<figure id=\"attachment_41252\" aria-describedby=\"caption-attachment-41252\" style=\"width: 1000px\" class=\"wp-caption aligncenter\"><img decoding=\"async\" class=\"size-full wp-image-41252\" title=\"MOC-77129 Bo\u00eete de cartes-cadeaux Creator\" src=\"https:\/\/mocfactory.com\/wp-content\/uploads\/2021\/11\/moc-77129-creator-giftcard-box-1.jpg\" alt=\"MOC-77129 Creator Giftcard Box\" width=\"1000\" height=\"1000\" \/><figcaption id=\"caption-attachment-41252\" class=\"wp-caption-text\">MOC-77129 Giftcard Box (une bo\u00eete de puzzle de niveau 8) Creator by cheat3 puzzles MOC FACTORY<\/figcaption><\/figure>\n<p><figure id=\"attachment_41253\" aria-describedby=\"caption-attachment-41253\" style=\"width: 1000px\" class=\"wp-caption aligncenter\"><img decoding=\"async\" class=\"size-full wp-image-41253\" title=\"MOC-77129 Bo\u00eete de cartes-cadeaux Creator\" src=\"https:\/\/mocfactory.com\/wp-content\/uploads\/2021\/11\/moc-77129-creator-giftcard-box-2.jpg\" alt=\"MOC-77129 Creator Giftcard Box\" width=\"1000\" height=\"1000\" \/><figcaption id=\"caption-attachment-41253\" class=\"wp-caption-text\">MOC-77129 Giftcard Box (une bo\u00eete de puzzle de niveau 8) Creator by cheat3 puzzles MOC FACTORY<\/figcaption><\/figure><\/figure>","protected":false},"excerpt":{"rendered":"<ul>\n<li>Inclure<strong> 342+<\/strong> pi\u00e8ces<\/li>\n<li>Instruction PDF en ligne<\/li>\n<li>Bloc ABS de haute qualit\u00e9<\/li>\n<li>Dimensions : 10 x 7 x 6 cm<\/li>\n<li>Temps d&#039;arrangement\u00a0: 4 \u00e0 8\u00a0semaines<\/li>\n<\/ul>","protected":false},"featured_media":24687,"comment_status":"open","ping_status":"closed","template":"","meta":{"_acf_changed":false},"product_cat":[371],"product_tag":[],"class_list":["product","first","instock","shipping-taxable","purchasable","product-type-simple"],"acf":[],"_links":{"self":[{"href":"https:\/\/mouldking.store\/fr\/wp-json\/wp\/v2\/product\/24689","targetHints":{"allow":["GET"]}}],"collection":[{"href":"https:\/\/mouldking.store\/fr\/wp-json\/wp\/v2\/product"}],"about":[{"href":"https:\/\/mouldking.store\/fr\/wp-json\/wp\/v2\/types\/product"}],"replies":[{"embeddable":true,"href":"https:\/\/mouldking.store\/fr\/wp-json\/wp\/v2\/comments?post=24689"}],"wp:featuredmedia":[{"embeddable":true,"href":"https:\/\/mouldking.store\/fr\/wp-json\/wp\/v2\/media\/24687"}],"wp:attachment":[{"href":"https:\/\/mouldking.store\/fr\/wp-json\/wp\/v2\/media?parent=24689"}],"wp:term":[{"taxonomy":"product_cat","embeddable":true,"href":"https:\/\/mouldking.store\/fr\/wp-json\/wp\/v2\/product_cat?post=24689"},{"taxonomy":"product_tag","embeddable":true,"href":"https:\/\/mouldking.store\/fr\/wp-json\/wp\/v2\/product_tag?post=24689"}],"curies":[{"name":"wp","href":"https:\/\/api.w.org\/{rel}","templated":true}]}}