{"id":24725,"date":"2021-10-10T05:17:44","date_gmt":"2021-10-10T05:17:44","guid":{"rendered":"https:\/\/mouldking.store\/shop\/moc-66555-the-treasure-of-barbaverde-creator-by-marcosbaires76-moc-factory\/"},"modified":"2025-12-25T09:17:20","modified_gmt":"2025-12-25T02:17:20","slug":"moc-66555-the-treasure-of-barbaverde-creator-by-marcosbaires76-moc-factory","status":"publish","type":"product","link":"https:\/\/mouldking.store\/fr\/shop\/moc-66555-the-treasure-of-barbaverde-creator-by-marcosbaires76-moc-factory\/","title":{"rendered":"MOC-66555 The Treasure of Barbaverde Creator by marcosbaires76 MOC FACTORY"},"content":{"rendered":"<p>MOC-66555 The Treasure of Barbaverde Creator by marcosbaires76 MOC FACTORY is a set in Creator collection, designed bymarcosbaires76 . This MOC 66555 comes with PDF instruction which is easy to build and find the missing pieces. The set contains 956 pieces, first released in 2021.<\/p>\n<p><strong>NOTE:<\/strong><\/p>\n<ul>\n<li><strong>The color of individual parts does not correspond to that of drawing parts, which does not affect the appearance. No STICKERS included<\/strong><\/li>\n<li><strong>Veuillez acheter avec soin pour ceux qui ne sont pas pr\u00e9occup\u00e9s par la pr\u00e9cision, la diff\u00e9rence de couleur des pi\u00e8ces domestiques.<\/strong><\/li>\n<li><strong>Le client peut avoir \u00e0 payer les frais de douane suppl\u00e9mentaires lors de la r\u00e9ception des marchandises (selon la politique de chaque pays)<\/strong><\/li>\n<\/ul>\n<p><a href=\"https:\/\/pay.lpwstore.com\/wp-content\/uploads\/2021\/06\/MOC-66555-The-Treasure-of-Barbaverde-Creator-by-marcosbaires76-MOC-FACTORY.jpg\" target=\"_blank\" rel=\"noopener\"><img fetchpriority=\"high\" decoding=\"async\" class=\"aligncenter wp-image-208231 size-full\" src=\"https:\/\/pay.lpwstore.com\/wp-content\/uploads\/2021\/06\/MOC-66555-The-Treasure-of-Barbaverde-Creator-by-marcosbaires76-MOC-FACTORY.jpg\" alt=\"MOC-66555-The-Treasure-of-Barbaverde-Creator-by-marcosbaires76-MOC-FACTORY\" width=\"800\" height=\"800\" title=\"-\"><\/a> <img decoding=\"async\" class=\"size-full wp-image-208232 aligncenter\" src=\"https:\/\/pay.lpwstore.com\/wp-content\/uploads\/2021\/06\/MOC-66555-The-Treasure-of-Barbaverde-Creator-by-marcosbaires76-MOC-FACTORY-2.jpg\" alt=\"-\" width=\"800\" height=\"800\" title=\"-\"><\/p>","protected":false},"excerpt":{"rendered":"<ul>\n<li>Inclure\u00a0<strong>956+<\/strong>\u00a0pi\u00e8ces<\/li>\n<li>Instruction PDF en ligne<\/li>\n<li>Bloc ABS de haute qualit\u00e9<\/li>\n<\/ul>","protected":false},"featured_media":18892,"comment_status":"open","ping_status":"closed","template":"","meta":{"_acf_changed":false},"product_cat":[371],"product_tag":[],"class_list":["product","first","outofstock","shipping-taxable","purchasable","product-type-simple"],"acf":[],"_links":{"self":[{"href":"https:\/\/mouldking.store\/fr\/wp-json\/wp\/v2\/product\/24725","targetHints":{"allow":["GET"]}}],"collection":[{"href":"https:\/\/mouldking.store\/fr\/wp-json\/wp\/v2\/product"}],"about":[{"href":"https:\/\/mouldking.store\/fr\/wp-json\/wp\/v2\/types\/product"}],"replies":[{"embeddable":true,"href":"https:\/\/mouldking.store\/fr\/wp-json\/wp\/v2\/comments?post=24725"}],"wp:featuredmedia":[{"embeddable":true,"href":"https:\/\/mouldking.store\/fr\/wp-json\/wp\/v2\/media\/18892"}],"wp:attachment":[{"href":"https:\/\/mouldking.store\/fr\/wp-json\/wp\/v2\/media?parent=24725"}],"wp:term":[{"taxonomy":"product_cat","embeddable":true,"href":"https:\/\/mouldking.store\/fr\/wp-json\/wp\/v2\/product_cat?post=24725"},{"taxonomy":"product_tag","embeddable":true,"href":"https:\/\/mouldking.store\/fr\/wp-json\/wp\/v2\/product_tag?post=24725"}],"curies":[{"name":"wp","href":"https:\/\/api.w.org\/{rel}","templated":true}]}}