{"id":24767,"date":"2021-10-10T05:18:02","date_gmt":"2021-10-10T05:18:02","guid":{"rendered":"https:\/\/mouldking.store\/shop\/moc-90173-sun-flower-pixel-art-creator-moc-factory\/"},"modified":"2025-12-25T09:17:20","modified_gmt":"2025-12-25T02:17:20","slug":"moc-90173-sun-flower-pixel-art-creator-moc-factory","status":"publish","type":"product","link":"https:\/\/mouldking.store\/fr\/shop\/moc-90173-sun-flower-pixel-art-creator-moc-factory\/","title":{"rendered":"MOC-90173 Soleil fleur Pixel Art Creator MOC FACTORY"},"content":{"rendered":"<p>MOC-90173 Fleur de soleil Pixel Art Creator MOC FACTORY est un ensemble de la collection Creator. Ce MOC 90173 est livr\u00e9 avec des instructions PDF faciles \u00e0 construire et \u00e0 trouver les pi\u00e8ces manquantes. L&#039;ensemble contient 2304 pi\u00e8ces, sorties pour la premi\u00e8re fois en 2021.<\/p>\n<figure id=\"attachment_208343\" aria-describedby=\"caption-attachment-208343\" style=\"width: 800px\" class=\"wp-caption aligncenter\"><a href=\"https:\/\/pay.lpwstore.com\/wp-content\/uploads\/2021\/06\/MOC-90173-Sun-flower-Pixel-Art-Creator-MOC-FACTORY.jpg\" target=\"_blank\" rel=\"noopener\"><img fetchpriority=\"high\" decoding=\"async\" class=\"wp-image-208343 size-full\" title=\"MOC-90173 Soleil fleur Pixel Art Creator MOC FACTORY\" src=\"https:\/\/pay.lpwstore.com\/wp-content\/uploads\/2021\/06\/MOC-90173-Sun-flower-Pixel-Art-Creator-MOC-FACTORY.jpg\" alt=\"MOC-90173 Sun flower Pixel Art Creator MOC FACTORY\" width=\"800\" height=\"800\" \/><\/a><figcaption id=\"caption-attachment-208343\" class=\"wp-caption-text\">MOC-90173 Soleil fleur Pixel Art Creator MOC FACTORY<\/figcaption><\/figure>\n<figure id=\"attachment_208341\" aria-describedby=\"caption-attachment-208341\" style=\"width: 1200px\" class=\"wp-caption aligncenter\"><img decoding=\"async\" class=\"size-full wp-image-208341\" title=\"MOC-90173 Soleil fleur Pixel Art Creator MOC FACTORY\" src=\"https:\/\/pay.lpwstore.com\/wp-content\/uploads\/2021\/06\/moc-90173-sun-flower-pixel-art-creator-moc-factory-043107.jpg\" alt=\"MOC-90173 Sun flower Pixel Art Creator MOC FACTORY\" width=\"1200\" height=\"1200\" \/><figcaption id=\"caption-attachment-208341\" class=\"wp-caption-text\">MOC-90173 Soleil fleur Pixel Art Creator MOC FACTORY<\/figcaption><\/figure>\n<figure id=\"attachment_208342\" aria-describedby=\"caption-attachment-208342\" style=\"width: 1200px\" class=\"wp-caption aligncenter\"><img decoding=\"async\" class=\"size-full wp-image-208342\" title=\"MOC-90173 Soleil fleur Pixel Art Creator MOC FACTORY\" src=\"https:\/\/pay.lpwstore.com\/wp-content\/uploads\/2021\/06\/moc-90173-sun-flower-pixel-art-creator-moc-factory-043110.jpg\" alt=\"MOC-90173 Sun flower Pixel Art Creator MOC FACTORY\" width=\"1200\" height=\"1200\" \/><figcaption id=\"caption-attachment-208342\" class=\"wp-caption-text\">MOC-90173 Soleil fleur Pixel Art Creator MOC FACTORY<\/figcaption><\/figure>","protected":false},"excerpt":{"rendered":"<ul>\n<li>Inclure\u00a0<strong>2304+<\/strong>\u00a0pi\u00e8ces<\/li>\n<li>Instruction PDF en ligne<\/li>\n<li>Bloc ABS de haute qualit\u00e9<\/li>\n<li>Dimensions : 38,4 x 115,2 x 0,5 cm<\/li>\n<\/ul>","protected":false},"featured_media":24764,"comment_status":"open","ping_status":"closed","template":"","meta":{"_acf_changed":false},"product_cat":[371],"product_tag":[],"class_list":["product","first","outofstock","shipping-taxable","purchasable","product-type-simple"],"acf":[],"_links":{"self":[{"href":"https:\/\/mouldking.store\/fr\/wp-json\/wp\/v2\/product\/24767","targetHints":{"allow":["GET"]}}],"collection":[{"href":"https:\/\/mouldking.store\/fr\/wp-json\/wp\/v2\/product"}],"about":[{"href":"https:\/\/mouldking.store\/fr\/wp-json\/wp\/v2\/types\/product"}],"replies":[{"embeddable":true,"href":"https:\/\/mouldking.store\/fr\/wp-json\/wp\/v2\/comments?post=24767"}],"wp:featuredmedia":[{"embeddable":true,"href":"https:\/\/mouldking.store\/fr\/wp-json\/wp\/v2\/media\/24764"}],"wp:attachment":[{"href":"https:\/\/mouldking.store\/fr\/wp-json\/wp\/v2\/media?parent=24767"}],"wp:term":[{"taxonomy":"product_cat","embeddable":true,"href":"https:\/\/mouldking.store\/fr\/wp-json\/wp\/v2\/product_cat?post=24767"},{"taxonomy":"product_tag","embeddable":true,"href":"https:\/\/mouldking.store\/fr\/wp-json\/wp\/v2\/product_tag?post=24767"}],"curies":[{"name":"wp","href":"https:\/\/api.w.org\/{rel}","templated":true}]}}