{"id":25047,"date":"2021-10-15T03:23:08","date_gmt":"2021-10-15T03:23:08","guid":{"rendered":"https:\/\/mouldking.store\/?post_type=product&#038;p=25047"},"modified":"2021-12-23T09:42:00","modified_gmt":"2021-12-23T09:42:00","slug":"wange-6226-schloss-neuschwanstein-with-1969-pieces","status":"publish","type":"product","link":"https:\/\/mouldking.store\/fr\/shop\/wange-6226-schloss-neuschwanstein-with-1969-pieces\/","title":{"rendered":"WANGE 6226 Schloss Neuschwanstein avec 1969 pi\u00e8ces"},"content":{"rendered":"<p>Information produit:<\/p>\n<ol>\n<li>Marque : WANGE<\/li>\n<li>Genre: Unisexe<\/li>\n<li>Nom : Ch\u00e2teau de Neuschwanstein<\/li>\n<li>Tranche d&#039;\u00e2ge : &gt; 8 ans<\/li>\n<li>Num\u00e9ro de mod\u00e8le: 6226<\/li>\n<li>Classement : Assemblage<\/li>\n<li>Forme de bloc en plastique\u00a0: briques autobloquantes<\/li>\n<li>Mat\u00e9riel: Plastique<\/li>\n<li>Type de plastique : ABS<\/li>\n<li>Bricks Blocks: 3536 PCS<\/li>\n<li>Contient des instructions de montage d\u00e9taill\u00e9es.<\/li>\n<\/ol>\n<p>Avis:<br \/>\n1. Sans bo\u00eete d&#039;origine, mais nous garantissons que nos produits ont une assurance qualit\u00e9 et un bel emballage.<br \/>\n2. Comme toutes les pi\u00e8ces que nous avons v\u00e9rifi\u00e9es avant l&#039;exp\u00e9dition, donc si vous trouvez des pi\u00e8ces manquantes ou endommag\u00e9es, ne vous inqui\u00e9tez pas et veuillez nous contacter et nous pouvons vous les renvoyer imm\u00e9diatement gratuitement.<\/p>\n<figure id=\"attachment_25048\" aria-describedby=\"caption-attachment-25048\" style=\"width: 800px\" class=\"wp-caption aligncenter\"><img fetchpriority=\"high\" decoding=\"async\" class=\"size-full wp-image-25048\" title=\"WANGE 6226 Schloss Neuschwanstein avec 1969 pi\u00e8ces\" src=\"https:\/\/mouldking.store\/wp-content\/uploads\/2021\/10\/wange-6226-schloss-neuschwanstein-with-1969-pieces.jpg\" alt=\"WANGE 6226 Schloss Neuschwanstein with 1969 pieces\" width=\"800\" height=\"800\" srcset=\"https:\/\/mouldking.store\/wp-content\/uploads\/2021\/10\/wange-6226-schloss-neuschwanstein-with-1969-pieces.jpg 800w, https:\/\/mouldking.store\/wp-content\/uploads\/2021\/10\/wange-6226-schloss-neuschwanstein-with-1969-pieces-300x300.jpg 300w, https:\/\/mouldking.store\/wp-content\/uploads\/2021\/10\/wange-6226-schloss-neuschwanstein-with-1969-pieces-768x768.jpg 768w, https:\/\/mouldking.store\/wp-content\/uploads\/2021\/10\/wange-6226-schloss-neuschwanstein-with-1969-pieces-600x600.jpg 600w, https:\/\/mouldking.store\/wp-content\/uploads\/2021\/10\/wange-6226-schloss-neuschwanstein-with-1969-pieces-150x150.jpg 150w\" sizes=\"(max-width: 800px) 100vw, 800px\" \/><figcaption id=\"caption-attachment-25048\" class=\"wp-caption-text\">WANGE 6226 Schloss Neuschwanstein avec 1969 pi\u00e8ces<\/figcaption><\/figure>\n<figure id=\"attachment_25049\" aria-describedby=\"caption-attachment-25049\" style=\"width: 746px\" class=\"wp-caption aligncenter\"><img decoding=\"async\" class=\"size-full wp-image-25049\" title=\"WANGE 6226 Schloss Neuschwanstein avec 1969 pi\u00e8ces\" src=\"https:\/\/mouldking.store\/wp-content\/uploads\/2021\/10\/wange-6226-schloss-neuschwanstein-with-1969-pieces-1.jpg\" alt=\"WANGE 6226 Schloss Neuschwanstein with 1969 pieces\" width=\"746\" height=\"1024\" srcset=\"https:\/\/mouldking.store\/wp-content\/uploads\/2021\/10\/wange-6226-schloss-neuschwanstein-with-1969-pieces-1.jpg 746w, https:\/\/mouldking.store\/wp-content\/uploads\/2021\/10\/wange-6226-schloss-neuschwanstein-with-1969-pieces-1-219x300.jpg 219w, https:\/\/mouldking.store\/wp-content\/uploads\/2021\/10\/wange-6226-schloss-neuschwanstein-with-1969-pieces-1-300x412.jpg 300w, https:\/\/mouldking.store\/wp-content\/uploads\/2021\/10\/wange-6226-schloss-neuschwanstein-with-1969-pieces-1-600x824.jpg 600w, https:\/\/mouldking.store\/wp-content\/uploads\/2021\/10\/wange-6226-schloss-neuschwanstein-with-1969-pieces-1-109x150.jpg 109w\" sizes=\"(max-width: 746px) 100vw, 746px\" \/><figcaption id=\"caption-attachment-25049\" class=\"wp-caption-text\">WANGE 6226 Schloss Neuschwanstein avec 1969 pi\u00e8ces<\/figcaption><\/figure>\n<figure id=\"attachment_25050\" aria-describedby=\"caption-attachment-25050\" style=\"width: 790px\" class=\"wp-caption aligncenter\"><img decoding=\"async\" class=\"size-full wp-image-25050\" title=\"WANGE 6226 Schloss Neuschwanstein avec 1969 pi\u00e8ces\" src=\"https:\/\/mouldking.store\/wp-content\/uploads\/2021\/10\/wange-6226-schloss-neuschwanstein-with-1969-pieces-2.jpg\" alt=\"WANGE 6226 Schloss Neuschwanstein with 1969 pieces\" width=\"790\" height=\"887\" srcset=\"https:\/\/mouldking.store\/wp-content\/uploads\/2021\/10\/wange-6226-schloss-neuschwanstein-with-1969-pieces-2.jpg 790w, https:\/\/mouldking.store\/wp-content\/uploads\/2021\/10\/wange-6226-schloss-neuschwanstein-with-1969-pieces-2-267x300.jpg 267w, https:\/\/mouldking.store\/wp-content\/uploads\/2021\/10\/wange-6226-schloss-neuschwanstein-with-1969-pieces-2-768x862.jpg 768w, https:\/\/mouldking.store\/wp-content\/uploads\/2021\/10\/wange-6226-schloss-neuschwanstein-with-1969-pieces-2-300x337.jpg 300w, https:\/\/mouldking.store\/wp-content\/uploads\/2021\/10\/wange-6226-schloss-neuschwanstein-with-1969-pieces-2-600x674.jpg 600w, https:\/\/mouldking.store\/wp-content\/uploads\/2021\/10\/wange-6226-schloss-neuschwanstein-with-1969-pieces-2-134x150.jpg 134w\" sizes=\"(max-width: 790px) 100vw, 790px\" \/><figcaption id=\"caption-attachment-25050\" class=\"wp-caption-text\">WANGE 6226 Schloss Neuschwanstein avec 1969 pi\u00e8ces<\/figcaption><\/figure>\n<figure id=\"attachment_25051\" aria-describedby=\"caption-attachment-25051\" style=\"width: 675px\" class=\"wp-caption aligncenter\"><img loading=\"lazy\" decoding=\"async\" class=\"size-full wp-image-25051\" title=\"WANGE 6226 Schloss Neuschwanstein avec 1969 pi\u00e8ces\" src=\"https:\/\/mouldking.store\/wp-content\/uploads\/2021\/10\/wange-6226-schloss-neuschwanstein-with-1969-pieces-3.jpg\" alt=\"WANGE 6226 Schloss Neuschwanstein with 1969 pieces\" width=\"675\" height=\"1024\" srcset=\"https:\/\/mouldking.store\/wp-content\/uploads\/2021\/10\/wange-6226-schloss-neuschwanstein-with-1969-pieces-3.jpg 675w, https:\/\/mouldking.store\/wp-content\/uploads\/2021\/10\/wange-6226-schloss-neuschwanstein-with-1969-pieces-3-198x300.jpg 198w, https:\/\/mouldking.store\/wp-content\/uploads\/2021\/10\/wange-6226-schloss-neuschwanstein-with-1969-pieces-3-300x455.jpg 300w, https:\/\/mouldking.store\/wp-content\/uploads\/2021\/10\/wange-6226-schloss-neuschwanstein-with-1969-pieces-3-600x910.jpg 600w, https:\/\/mouldking.store\/wp-content\/uploads\/2021\/10\/wange-6226-schloss-neuschwanstein-with-1969-pieces-3-99x150.jpg 99w\" sizes=\"(max-width: 675px) 100vw, 675px\" \/><figcaption id=\"caption-attachment-25051\" class=\"wp-caption-text\">WANGE 6226 Schloss Neuschwanstein avec 1969 pi\u00e8ces<\/figcaption><\/figure>\n<figure id=\"attachment_25052\" aria-describedby=\"caption-attachment-25052\" style=\"width: 769px\" class=\"wp-caption aligncenter\"><img loading=\"lazy\" decoding=\"async\" class=\"size-full wp-image-25052\" title=\"WANGE 6226 Schloss Neuschwanstein avec 1969 pi\u00e8ces\" src=\"https:\/\/mouldking.store\/wp-content\/uploads\/2021\/10\/wange-6226-schloss-neuschwanstein-with-1969-pieces-4.jpg\" alt=\"WANGE 6226 Schloss Neuschwanstein with 1969 pieces\" width=\"769\" height=\"1024\" srcset=\"https:\/\/mouldking.store\/wp-content\/uploads\/2021\/10\/wange-6226-schloss-neuschwanstein-with-1969-pieces-4.jpg 769w, https:\/\/mouldking.store\/wp-content\/uploads\/2021\/10\/wange-6226-schloss-neuschwanstein-with-1969-pieces-4-225x300.jpg 225w, https:\/\/mouldking.store\/wp-content\/uploads\/2021\/10\/wange-6226-schloss-neuschwanstein-with-1969-pieces-4-300x399.jpg 300w, https:\/\/mouldking.store\/wp-content\/uploads\/2021\/10\/wange-6226-schloss-neuschwanstein-with-1969-pieces-4-600x799.jpg 600w, https:\/\/mouldking.store\/wp-content\/uploads\/2021\/10\/wange-6226-schloss-neuschwanstein-with-1969-pieces-4-113x150.jpg 113w\" sizes=\"(max-width: 769px) 100vw, 769px\" \/><figcaption id=\"caption-attachment-25052\" class=\"wp-caption-text\">WANGE 6226 Schloss Neuschwanstein avec 1969 pi\u00e8ces<\/figcaption><\/figure>\n<figure id=\"attachment_25053\" aria-describedby=\"caption-attachment-25053\" style=\"width: 800px\" class=\"wp-caption aligncenter\"><img loading=\"lazy\" decoding=\"async\" class=\"size-full wp-image-25053\" title=\"WANGE 6226 Schloss Neuschwanstein avec 1969 pi\u00e8ces\" src=\"https:\/\/mouldking.store\/wp-content\/uploads\/2021\/10\/wange-6226-schloss-neuschwanstein-with-1969-pieces-5.jpg\" alt=\"WANGE 6226 Schloss Neuschwanstein with 1969 pieces\" width=\"800\" height=\"525\" srcset=\"https:\/\/mouldking.store\/wp-content\/uploads\/2021\/10\/wange-6226-schloss-neuschwanstein-with-1969-pieces-5.jpg 800w, https:\/\/mouldking.store\/wp-content\/uploads\/2021\/10\/wange-6226-schloss-neuschwanstein-with-1969-pieces-5-300x197.jpg 300w, https:\/\/mouldking.store\/wp-content\/uploads\/2021\/10\/wange-6226-schloss-neuschwanstein-with-1969-pieces-5-768x504.jpg 768w, https:\/\/mouldking.store\/wp-content\/uploads\/2021\/10\/wange-6226-schloss-neuschwanstein-with-1969-pieces-5-600x394.jpg 600w, https:\/\/mouldking.store\/wp-content\/uploads\/2021\/10\/wange-6226-schloss-neuschwanstein-with-1969-pieces-5-150x98.jpg 150w\" sizes=\"(max-width: 800px) 100vw, 800px\" \/><figcaption id=\"caption-attachment-25053\" class=\"wp-caption-text\">WANGE 6226 Schloss Neuschwanstein avec 1969 pi\u00e8ces<\/figcaption><\/figure>\n<figure id=\"attachment_25054\" aria-describedby=\"caption-attachment-25054\" style=\"width: 790px\" class=\"wp-caption aligncenter\"><img loading=\"lazy\" decoding=\"async\" class=\"size-full wp-image-25054\" title=\"WANGE 6226 Schloss Neuschwanstein avec 1969 pi\u00e8ces\" src=\"https:\/\/mouldking.store\/wp-content\/uploads\/2021\/10\/wange-6226-schloss-neuschwanstein-with-1969-pieces-6.jpg\" alt=\"WANGE 6226 Schloss Neuschwanstein with 1969 pieces\" width=\"790\" height=\"972\" srcset=\"https:\/\/mouldking.store\/wp-content\/uploads\/2021\/10\/wange-6226-schloss-neuschwanstein-with-1969-pieces-6.jpg 790w, https:\/\/mouldking.store\/wp-content\/uploads\/2021\/10\/wange-6226-schloss-neuschwanstein-with-1969-pieces-6-244x300.jpg 244w, https:\/\/mouldking.store\/wp-content\/uploads\/2021\/10\/wange-6226-schloss-neuschwanstein-with-1969-pieces-6-768x945.jpg 768w, https:\/\/mouldking.store\/wp-content\/uploads\/2021\/10\/wange-6226-schloss-neuschwanstein-with-1969-pieces-6-300x369.jpg 300w, https:\/\/mouldking.store\/wp-content\/uploads\/2021\/10\/wange-6226-schloss-neuschwanstein-with-1969-pieces-6-600x738.jpg 600w, https:\/\/mouldking.store\/wp-content\/uploads\/2021\/10\/wange-6226-schloss-neuschwanstein-with-1969-pieces-6-122x150.jpg 122w\" sizes=\"(max-width: 790px) 100vw, 790px\" \/><figcaption id=\"caption-attachment-25054\" class=\"wp-caption-text\">WANGE 6226 Schloss Neuschwanstein avec 1969 pi\u00e8ces<\/figcaption><\/figure>","protected":false},"excerpt":{"rendered":"<p>Product information: Brand: WANGE Gender: Unisex Name: Schloss Neuschwanstein Age Range: &gt; 8 years old Model Number: 6226 Classification: Assemblage Plastic Block Shape: Self-Locking Bricks Material: Plastic Plastic Type: ABS Bricks Blocks: 3536 PCS Contains detailed assembly instructions. Notice: 1. Without an original box, but we guarantee our products have quality assurance and nice packaging. [&hellip;]<\/p>","protected":false},"featured_media":25048,"comment_status":"open","ping_status":"closed","template":"","meta":{"_acf_changed":false},"product_cat":[390],"product_tag":[2175,2174],"class_list":["product","first","instock","shipping-taxable","purchasable","product-type-simple"],"acf":[],"_links":{"self":[{"href":"https:\/\/mouldking.store\/fr\/wp-json\/wp\/v2\/product\/25047","targetHints":{"allow":["GET"]}}],"collection":[{"href":"https:\/\/mouldking.store\/fr\/wp-json\/wp\/v2\/product"}],"about":[{"href":"https:\/\/mouldking.store\/fr\/wp-json\/wp\/v2\/types\/product"}],"replies":[{"embeddable":true,"href":"https:\/\/mouldking.store\/fr\/wp-json\/wp\/v2\/comments?post=25047"}],"wp:featuredmedia":[{"embeddable":true,"href":"https:\/\/mouldking.store\/fr\/wp-json\/wp\/v2\/media\/25048"}],"wp:attachment":[{"href":"https:\/\/mouldking.store\/fr\/wp-json\/wp\/v2\/media?parent=25047"}],"wp:term":[{"taxonomy":"product_cat","embeddable":true,"href":"https:\/\/mouldking.store\/fr\/wp-json\/wp\/v2\/product_cat?post=25047"},{"taxonomy":"product_tag","embeddable":true,"href":"https:\/\/mouldking.store\/fr\/wp-json\/wp\/v2\/product_tag?post=25047"}],"curies":[{"name":"wp","href":"https:\/\/api.w.org\/{rel}","templated":true}]}}