{"id":25173,"date":"2021-10-18T12:14:25","date_gmt":"2021-10-18T05:14:25","guid":{"rendered":"https:\/\/mouldking.store\/?post_type=product&#038;p=25173"},"modified":"2025-12-25T09:17:15","modified_gmt":"2025-12-25T02:17:15","slug":"moc-60420-republic-nu-class-attack-shuttle-the-clone-wars-with-2317-pieces","status":"publish","type":"product","link":"https:\/\/mouldking.store\/fr\/shop\/moc-60420-republic-nu-class-attack-shuttle-the-clone-wars-with-2317-pieces\/","title":{"rendered":"MOC-60420 Navette d&#039;attaque de classe Republic Nu - la guerre des clones avec 2317 pi\u00e8ces"},"content":{"rendered":"<p>Information produit:<\/p>\n<ol>\n<li>Marque : MOC<\/li>\n<li>Genre: Unisexe<\/li>\n<li>Nom : Navette d&#039;attaque de classe Republic Nu - la guerre des clones<\/li>\n<li>Tranche d&#039;\u00e2ge : &gt; 8 ans<\/li>\n<li>Num\u00e9ro de mod\u00e8le : MOC-60420<\/li>\n<li>Classement : Assemblage<\/li>\n<li>Forme de bloc en plastique\u00a0: briques autobloquantes<\/li>\n<li>Mat\u00e9riel: Plastique<\/li>\n<li>Type de plastique : ABS<\/li>\n<li>Blocs de briques : 2317 PCS<\/li>\n<li>Contient des instructions de montage d\u00e9taill\u00e9es.<\/li>\n<\/ol>\n<p>Avis:<br \/>\n1. Sans bo\u00eete d&#039;origine, mais nous garantissons que nos produits ont une assurance qualit\u00e9 et un bel emballage.<br \/>\n2. Comme toutes les pi\u00e8ces que nous avons v\u00e9rifi\u00e9es avant l&#039;exp\u00e9dition, donc si vous trouvez des pi\u00e8ces manquantes ou endommag\u00e9es, ne vous inqui\u00e9tez pas et veuillez nous contacter et nous pouvons vous les renvoyer imm\u00e9diatement gratuitement.<\/p>\n<figure id=\"attachment_25174\" aria-describedby=\"caption-attachment-25174\" style=\"width: 1000px\" class=\"wp-caption aligncenter\"><img fetchpriority=\"high\" decoding=\"async\" class=\"size-full wp-image-25174\" title=\"MOC-60420 Navette d&#039;attaque de classe Nu de la R\u00e9publique - la guerre des clones avec 2317 pi\u00e8ces\" src=\"https:\/\/mouldking.store\/wp-content\/uploads\/2021\/10\/moc-60420-republic-nu-class-attack-shuttle-the-clone-wars-with-2317-pieces.jpg\" alt=\"MOC-60420 Republic Nu-class Attack Shuttle - the Clone Wars with 2317 pieces\" width=\"1000\" height=\"1000\" srcset=\"https:\/\/mouldking.store\/wp-content\/uploads\/2021\/10\/moc-60420-republic-nu-class-attack-shuttle-the-clone-wars-with-2317-pieces.jpg 1000w, https:\/\/mouldking.store\/wp-content\/uploads\/2021\/10\/moc-60420-republic-nu-class-attack-shuttle-the-clone-wars-with-2317-pieces-300x300.jpg 300w, https:\/\/mouldking.store\/wp-content\/uploads\/2021\/10\/moc-60420-republic-nu-class-attack-shuttle-the-clone-wars-with-2317-pieces-768x768.jpg 768w, https:\/\/mouldking.store\/wp-content\/uploads\/2021\/10\/moc-60420-republic-nu-class-attack-shuttle-the-clone-wars-with-2317-pieces-600x600.jpg 600w, https:\/\/mouldking.store\/wp-content\/uploads\/2021\/10\/moc-60420-republic-nu-class-attack-shuttle-the-clone-wars-with-2317-pieces-150x150.jpg 150w\" sizes=\"(max-width: 1000px) 100vw, 1000px\" \/><figcaption id=\"caption-attachment-25174\" class=\"wp-caption-text\">MOC-60420 Navette d&#039;attaque de classe Republic Nu - la guerre des clones avec 2317 pi\u00e8ces<\/figcaption><\/figure>\n<figure id=\"attachment_25175\" aria-describedby=\"caption-attachment-25175\" style=\"width: 1000px\" class=\"wp-caption aligncenter\"><img decoding=\"async\" class=\"size-full wp-image-25175\" title=\"MOC-60420 Navette d&#039;attaque de classe Nu de la R\u00e9publique - la guerre des clones avec 2317 pi\u00e8ces\" src=\"https:\/\/mouldking.store\/wp-content\/uploads\/2021\/10\/moc-60420-republic-nu-class-attack-shuttle-the-clone-wars-with-2317-pieces-1.jpg\" alt=\"MOC-60420 Republic Nu-class Attack Shuttle - the Clone Wars with 2317 pieces\" width=\"1000\" height=\"1000\" srcset=\"https:\/\/mouldking.store\/wp-content\/uploads\/2021\/10\/moc-60420-republic-nu-class-attack-shuttle-the-clone-wars-with-2317-pieces-1.jpg 1000w, https:\/\/mouldking.store\/wp-content\/uploads\/2021\/10\/moc-60420-republic-nu-class-attack-shuttle-the-clone-wars-with-2317-pieces-1-300x300.jpg 300w, https:\/\/mouldking.store\/wp-content\/uploads\/2021\/10\/moc-60420-republic-nu-class-attack-shuttle-the-clone-wars-with-2317-pieces-1-768x768.jpg 768w, https:\/\/mouldking.store\/wp-content\/uploads\/2021\/10\/moc-60420-republic-nu-class-attack-shuttle-the-clone-wars-with-2317-pieces-1-600x600.jpg 600w, https:\/\/mouldking.store\/wp-content\/uploads\/2021\/10\/moc-60420-republic-nu-class-attack-shuttle-the-clone-wars-with-2317-pieces-1-150x150.jpg 150w\" sizes=\"(max-width: 1000px) 100vw, 1000px\" \/><figcaption id=\"caption-attachment-25175\" class=\"wp-caption-text\">MOC-60420 Navette d&#039;attaque de classe Republic Nu - la guerre des clones avec 2317 pi\u00e8ces<\/figcaption><\/figure>","protected":false},"excerpt":{"rendered":"<p>Product information: Brand: MOC Gender: Unisex Name: Republic Nu-class Attack Shuttle &#8211; the Clone Wars Age Range: &gt; 8 years old Model Number: MOC-60420 Classification: Assemblage Plastic Block Shape: Self-Locking Bricks Material: Plastic Plastic Type: ABS Bricks Blocks: 2317 PCS Contains detailed assembly instructions. Notice: 1. Without an original box, but we guarantee our products [&hellip;]<\/p>","protected":false},"featured_media":25176,"comment_status":"open","ping_status":"closed","template":"","meta":{"_acf_changed":false},"product_cat":[415],"product_tag":[2248,2247],"class_list":["product","first","instock","shipping-taxable","purchasable","product-type-simple"],"acf":[],"_links":{"self":[{"href":"https:\/\/mouldking.store\/fr\/wp-json\/wp\/v2\/product\/25173","targetHints":{"allow":["GET"]}}],"collection":[{"href":"https:\/\/mouldking.store\/fr\/wp-json\/wp\/v2\/product"}],"about":[{"href":"https:\/\/mouldking.store\/fr\/wp-json\/wp\/v2\/types\/product"}],"replies":[{"embeddable":true,"href":"https:\/\/mouldking.store\/fr\/wp-json\/wp\/v2\/comments?post=25173"}],"wp:featuredmedia":[{"embeddable":true,"href":"https:\/\/mouldking.store\/fr\/wp-json\/wp\/v2\/media\/25176"}],"wp:attachment":[{"href":"https:\/\/mouldking.store\/fr\/wp-json\/wp\/v2\/media?parent=25173"}],"wp:term":[{"taxonomy":"product_cat","embeddable":true,"href":"https:\/\/mouldking.store\/fr\/wp-json\/wp\/v2\/product_cat?post=25173"},{"taxonomy":"product_tag","embeddable":true,"href":"https:\/\/mouldking.store\/fr\/wp-json\/wp\/v2\/product_tag?post=25173"}],"curies":[{"name":"wp","href":"https:\/\/api.w.org\/{rel}","templated":true}]}}