{"id":25199,"date":"2021-10-19T03:58:35","date_gmt":"2021-10-19T03:58:35","guid":{"rendered":"https:\/\/mouldking.store\/?post_type=product&#038;p=25199"},"modified":"2025-12-25T09:17:14","modified_gmt":"2025-12-25T02:17:14","slug":"moc-90066-space-battlestar-galactica-moc-factory","status":"publish","type":"product","link":"https:\/\/mouldking.store\/fr\/shop\/moc-90066-space-battlestar-galactica-moc-factory\/","title":{"rendered":"MOC-90066 Espace Battlestar Galactica MOC FACTORY"},"content":{"rendered":"<p><b>MOC-90066 Espace Battlestar Galactica MOC FACTORY\u00a0<\/b>contient 2164 morceaux, sortis pour la premi\u00e8re fois en 2020. Ce\u00a0<b>MOC-90066\u00a0<\/b>appartient \u00e0 la cat\u00e9gorie Espace et est livr\u00e9 avec des instructions PDF faciles \u00e0 construire et \u00e0 trouver les pi\u00e8ces manquantes.<\/p>\n<figure id=\"attachment_25210\" aria-describedby=\"caption-attachment-25210\" style=\"width: 800px\" class=\"wp-caption aligncenter\"><img fetchpriority=\"high\" decoding=\"async\" class=\"wp-image-25210 size-full\" src=\"https:\/\/mouldking.store\/wp-content\/uploads\/2021\/10\/MOC-90066-Space-Battlestar-Galactica-MOC-FACTORY-1.jpg\" alt=\"MOC-90066 Space Battlestar Galactica MOC FACTORY\" width=\"800\" height=\"800\" title=\"-\" srcset=\"https:\/\/mouldking.store\/wp-content\/uploads\/2021\/10\/MOC-90066-Space-Battlestar-Galactica-MOC-FACTORY-1.jpg 800w, https:\/\/mouldking.store\/wp-content\/uploads\/2021\/10\/MOC-90066-Space-Battlestar-Galactica-MOC-FACTORY-1-300x300.jpg 300w, https:\/\/mouldking.store\/wp-content\/uploads\/2021\/10\/MOC-90066-Space-Battlestar-Galactica-MOC-FACTORY-1-768x768.jpg 768w, https:\/\/mouldking.store\/wp-content\/uploads\/2021\/10\/MOC-90066-Space-Battlestar-Galactica-MOC-FACTORY-1-600x600.jpg 600w, https:\/\/mouldking.store\/wp-content\/uploads\/2021\/10\/MOC-90066-Space-Battlestar-Galactica-MOC-FACTORY-1-150x150.jpg 150w\" sizes=\"(max-width: 800px) 100vw, 800px\" \/><figcaption id=\"caption-attachment-25210\" class=\"wp-caption-text\">MOC-90066 Espace Battlestar Galactica MOC FACTORY<\/figcaption><\/figure>\n<figure id=\"attachment_25213\" aria-describedby=\"caption-attachment-25213\" style=\"width: 800px\" class=\"wp-caption aligncenter\"><img decoding=\"async\" class=\"wp-image-25213 size-full\" src=\"https:\/\/mouldking.store\/wp-content\/uploads\/2021\/10\/MOC-90066-Space-Battlestar-Galactica-MOC-FACTORY-4.jpg\" alt=\"MOC-90066 Space Battlestar Galactica MOC FACTORY\" width=\"800\" height=\"800\" title=\"-\" srcset=\"https:\/\/mouldking.store\/wp-content\/uploads\/2021\/10\/MOC-90066-Space-Battlestar-Galactica-MOC-FACTORY-4.jpg 800w, https:\/\/mouldking.store\/wp-content\/uploads\/2021\/10\/MOC-90066-Space-Battlestar-Galactica-MOC-FACTORY-4-300x300.jpg 300w, https:\/\/mouldking.store\/wp-content\/uploads\/2021\/10\/MOC-90066-Space-Battlestar-Galactica-MOC-FACTORY-4-768x768.jpg 768w, https:\/\/mouldking.store\/wp-content\/uploads\/2021\/10\/MOC-90066-Space-Battlestar-Galactica-MOC-FACTORY-4-600x600.jpg 600w, https:\/\/mouldking.store\/wp-content\/uploads\/2021\/10\/MOC-90066-Space-Battlestar-Galactica-MOC-FACTORY-4-150x150.jpg 150w\" sizes=\"(max-width: 800px) 100vw, 800px\" \/><figcaption id=\"caption-attachment-25213\" class=\"wp-caption-text\">MOC-90066 Espace Battlestar Galactica MOC FACTORY<\/figcaption><\/figure>\n<figure id=\"attachment_25214\" aria-describedby=\"caption-attachment-25214\" style=\"width: 800px\" class=\"wp-caption aligncenter\"><img decoding=\"async\" class=\"wp-image-25214 size-full\" src=\"https:\/\/mouldking.store\/wp-content\/uploads\/2021\/10\/MOC-90066-Space-Battlestar-Galactica-MOC-FACTORY-5.jpg\" alt=\"MOC-90066 Space Battlestar Galactica MOC FACTORY\" width=\"800\" height=\"800\" title=\"-\" srcset=\"https:\/\/mouldking.store\/wp-content\/uploads\/2021\/10\/MOC-90066-Space-Battlestar-Galactica-MOC-FACTORY-5.jpg 800w, https:\/\/mouldking.store\/wp-content\/uploads\/2021\/10\/MOC-90066-Space-Battlestar-Galactica-MOC-FACTORY-5-300x300.jpg 300w, https:\/\/mouldking.store\/wp-content\/uploads\/2021\/10\/MOC-90066-Space-Battlestar-Galactica-MOC-FACTORY-5-768x768.jpg 768w, https:\/\/mouldking.store\/wp-content\/uploads\/2021\/10\/MOC-90066-Space-Battlestar-Galactica-MOC-FACTORY-5-600x600.jpg 600w, https:\/\/mouldking.store\/wp-content\/uploads\/2021\/10\/MOC-90066-Space-Battlestar-Galactica-MOC-FACTORY-5-150x150.jpg 150w\" sizes=\"(max-width: 800px) 100vw, 800px\" \/><figcaption id=\"caption-attachment-25214\" class=\"wp-caption-text\">MOC-90066 Espace Battlestar Galactica MOC FACTORY<\/figcaption><\/figure>\n<figure id=\"attachment_25212\" aria-describedby=\"caption-attachment-25212\" style=\"width: 800px\" class=\"wp-caption aligncenter\"><img loading=\"lazy\" decoding=\"async\" class=\"wp-image-25212 size-full\" src=\"https:\/\/mouldking.store\/wp-content\/uploads\/2021\/10\/MOC-90066-Space-Battlestar-Galactica-MOC-FACTORY-3.jpg\" alt=\"MOC-90066 Space Battlestar Galactica MOC FACTORY\" width=\"800\" height=\"800\" title=\"-\" srcset=\"https:\/\/mouldking.store\/wp-content\/uploads\/2021\/10\/MOC-90066-Space-Battlestar-Galactica-MOC-FACTORY-3.jpg 800w, https:\/\/mouldking.store\/wp-content\/uploads\/2021\/10\/MOC-90066-Space-Battlestar-Galactica-MOC-FACTORY-3-300x300.jpg 300w, https:\/\/mouldking.store\/wp-content\/uploads\/2021\/10\/MOC-90066-Space-Battlestar-Galactica-MOC-FACTORY-3-768x768.jpg 768w, https:\/\/mouldking.store\/wp-content\/uploads\/2021\/10\/MOC-90066-Space-Battlestar-Galactica-MOC-FACTORY-3-600x600.jpg 600w, https:\/\/mouldking.store\/wp-content\/uploads\/2021\/10\/MOC-90066-Space-Battlestar-Galactica-MOC-FACTORY-3-150x150.jpg 150w\" sizes=\"(max-width: 800px) 100vw, 800px\" \/><figcaption id=\"caption-attachment-25212\" class=\"wp-caption-text\">MOC-90066 Espace Battlestar Galactica MOC FACTORY<\/figcaption><\/figure>\n<figure id=\"attachment_25211\" aria-describedby=\"caption-attachment-25211\" style=\"width: 800px\" class=\"wp-caption aligncenter\"><img loading=\"lazy\" decoding=\"async\" class=\"wp-image-25211 size-full\" src=\"https:\/\/mouldking.store\/wp-content\/uploads\/2021\/10\/MOC-90066-Space-Battlestar-Galactica-MOC-FACTORY-2.jpg\" alt=\"MOC-90066 Space Battlestar Galactica MOC FACTORY\" width=\"800\" height=\"800\" title=\"-\" srcset=\"https:\/\/mouldking.store\/wp-content\/uploads\/2021\/10\/MOC-90066-Space-Battlestar-Galactica-MOC-FACTORY-2.jpg 800w, https:\/\/mouldking.store\/wp-content\/uploads\/2021\/10\/MOC-90066-Space-Battlestar-Galactica-MOC-FACTORY-2-300x300.jpg 300w, https:\/\/mouldking.store\/wp-content\/uploads\/2021\/10\/MOC-90066-Space-Battlestar-Galactica-MOC-FACTORY-2-768x768.jpg 768w, https:\/\/mouldking.store\/wp-content\/uploads\/2021\/10\/MOC-90066-Space-Battlestar-Galactica-MOC-FACTORY-2-600x600.jpg 600w, https:\/\/mouldking.store\/wp-content\/uploads\/2021\/10\/MOC-90066-Space-Battlestar-Galactica-MOC-FACTORY-2-150x150.jpg 150w\" sizes=\"(max-width: 800px) 100vw, 800px\" \/><figcaption id=\"caption-attachment-25211\" class=\"wp-caption-text\">MOC-90066 Espace Battlestar Galactica MOC FACTORY<\/figcaption><\/figure>","protected":false},"excerpt":{"rendered":"<ul>\n<li>Nombre de pi\u00e8ces\u00a0:<strong>\u00a02164+<\/strong><b>\u00a0 \u00a0 \u00a0 \u00a0 \u00a0 \u00a0 \u00a0 \u00a0 \u00a0 \u00a0 \u00a0\u00a0<\/b><\/li>\n<li>Instructions : fichier PDF<\/li>\n<li>Mat\u00e9riau : ABS<\/li>\n<\/ul>","protected":false},"featured_media":25210,"comment_status":"open","ping_status":"closed","template":"","meta":{"_acf_changed":false},"product_cat":[371],"product_tag":[2273,2274,461,2275,2276],"class_list":["product","first","instock","shipping-taxable","purchasable","product-type-simple"],"acf":[],"_links":{"self":[{"href":"https:\/\/mouldking.store\/fr\/wp-json\/wp\/v2\/product\/25199","targetHints":{"allow":["GET"]}}],"collection":[{"href":"https:\/\/mouldking.store\/fr\/wp-json\/wp\/v2\/product"}],"about":[{"href":"https:\/\/mouldking.store\/fr\/wp-json\/wp\/v2\/types\/product"}],"replies":[{"embeddable":true,"href":"https:\/\/mouldking.store\/fr\/wp-json\/wp\/v2\/comments?post=25199"}],"wp:featuredmedia":[{"embeddable":true,"href":"https:\/\/mouldking.store\/fr\/wp-json\/wp\/v2\/media\/25210"}],"wp:attachment":[{"href":"https:\/\/mouldking.store\/fr\/wp-json\/wp\/v2\/media?parent=25199"}],"wp:term":[{"taxonomy":"product_cat","embeddable":true,"href":"https:\/\/mouldking.store\/fr\/wp-json\/wp\/v2\/product_cat?post=25199"},{"taxonomy":"product_tag","embeddable":true,"href":"https:\/\/mouldking.store\/fr\/wp-json\/wp\/v2\/product_tag?post=25199"}],"curies":[{"name":"wp","href":"https:\/\/api.w.org\/{rel}","templated":true}]}}