{"id":25309,"date":"2021-10-20T16:59:20","date_gmt":"2021-10-20T16:59:20","guid":{"rendered":"https:\/\/mouldking.store\/?post_type=product&#038;p=25309"},"modified":"2021-12-23T09:41:55","modified_gmt":"2021-12-23T09:41:55","slug":"mould-king-20005-rc-walking-tank-mk-hexa-with-1608-pieces","status":"publish","type":"product","link":"https:\/\/mouldking.store\/fr\/shop\/mould-king-20005-rc-walking-tank-mk-hexa-with-1608-pieces\/","title":{"rendered":"Mold King 20005 RC Walking Tank MK-HEXA avec 1608 pi\u00e8ces"},"content":{"rendered":"<p>Information produit:<br \/>\n1. Marque : moule roi<br \/>\n2. Genre : unisexe<br \/>\n3. Name: Walking Tank MK-HEXA<br \/>\n4. Tranche d&#039;\u00e2ge : &gt; 14 ans<br \/>\n5. Model Number: 20005<br \/>\n6. Classement : Assemblage<br \/>\n7. Forme de bloc en plastique\u00a0: briques autobloquantes<br \/>\n8. Mat\u00e9riel: Plastique<br \/>\n9. Type de plastique : ABS<br \/>\n10. Bricks Blocks: 1608 PCS<br \/>\n11. Contient des instructions de montage d\u00e9taill\u00e9es.<br \/>\nAvis:<br \/>\n1. Sans bo\u00eete d&#039;origine, mais nous garantissons que nos produits ont une assurance qualit\u00e9 et un bel emballage.<br \/>\n2. Comme toutes les pi\u00e8ces que nous avons v\u00e9rifi\u00e9es avant l&#039;exp\u00e9dition, donc si vous trouvez des pi\u00e8ces manquantes ou endommag\u00e9es, ne vous inqui\u00e9tez pas et veuillez nous contacter et nous pouvons vous les renvoyer imm\u00e9diatement gratuitement.<\/p>\n<figure id=\"attachment_25318\" aria-describedby=\"caption-attachment-25318\" style=\"width: 800px\" class=\"wp-caption aligncenter\"><img fetchpriority=\"high\" decoding=\"async\" class=\"wp-image-25318 size-full\" src=\"https:\/\/mouldking.store\/wp-content\/uploads\/2021\/10\/Mould-King-20005-RC-Walking-Tank-MK-HEXA-with-1608-pieces-1.jpg\" alt=\"Mould King 20005 RC Walking Tank MK-HEXA with 1608 pieces\" width=\"800\" height=\"800\" title=\"-\" srcset=\"https:\/\/mouldking.store\/wp-content\/uploads\/2021\/10\/Mould-King-20005-RC-Walking-Tank-MK-HEXA-with-1608-pieces-1.jpg 800w, https:\/\/mouldking.store\/wp-content\/uploads\/2021\/10\/Mould-King-20005-RC-Walking-Tank-MK-HEXA-with-1608-pieces-1-300x300.jpg 300w, https:\/\/mouldking.store\/wp-content\/uploads\/2021\/10\/Mould-King-20005-RC-Walking-Tank-MK-HEXA-with-1608-pieces-1-768x768.jpg 768w, https:\/\/mouldking.store\/wp-content\/uploads\/2021\/10\/Mould-King-20005-RC-Walking-Tank-MK-HEXA-with-1608-pieces-1-600x600.jpg 600w, https:\/\/mouldking.store\/wp-content\/uploads\/2021\/10\/Mould-King-20005-RC-Walking-Tank-MK-HEXA-with-1608-pieces-1-150x150.jpg 150w\" sizes=\"(max-width: 800px) 100vw, 800px\" \/><figcaption id=\"caption-attachment-25318\" class=\"wp-caption-text\">Mold King 20005 RC Walking Tank MK-HEXA avec 1608 pi\u00e8ces<\/figcaption><\/figure>\n<figure id=\"attachment_25331\" aria-describedby=\"caption-attachment-25331\" style=\"width: 613px\" class=\"wp-caption aligncenter\"><img decoding=\"async\" class=\"wp-image-25331 size-full\" src=\"https:\/\/mouldking.store\/wp-content\/uploads\/2021\/10\/Mould-King-20005-RC-Walking-Tank-MK-HEXA-with-1608-pieces-14.jpg\" alt=\"Mould King 20005 RC Walking Tank MK-HEXA with 1608 pieces\" width=\"613\" height=\"1023\" title=\"-\" srcset=\"https:\/\/mouldking.store\/wp-content\/uploads\/2021\/10\/Mould-King-20005-RC-Walking-Tank-MK-HEXA-with-1608-pieces-14.jpg 613w, https:\/\/mouldking.store\/wp-content\/uploads\/2021\/10\/Mould-King-20005-RC-Walking-Tank-MK-HEXA-with-1608-pieces-14-180x300.jpg 180w, https:\/\/mouldking.store\/wp-content\/uploads\/2021\/10\/Mould-King-20005-RC-Walking-Tank-MK-HEXA-with-1608-pieces-14-300x501.jpg 300w, https:\/\/mouldking.store\/wp-content\/uploads\/2021\/10\/Mould-King-20005-RC-Walking-Tank-MK-HEXA-with-1608-pieces-14-600x1001.jpg 600w, https:\/\/mouldking.store\/wp-content\/uploads\/2021\/10\/Mould-King-20005-RC-Walking-Tank-MK-HEXA-with-1608-pieces-14-90x150.jpg 90w\" sizes=\"(max-width: 613px) 100vw, 613px\" \/><figcaption id=\"caption-attachment-25331\" class=\"wp-caption-text\">Mold King 20005 RC Walking Tank MK-HEXA avec 1608 pi\u00e8ces<\/figcaption><\/figure>\n<figure id=\"attachment_25329\" aria-describedby=\"caption-attachment-25329\" style=\"width: 627px\" class=\"wp-caption aligncenter\"><img decoding=\"async\" class=\"wp-image-25329 size-full\" src=\"https:\/\/mouldking.store\/wp-content\/uploads\/2021\/10\/Mould-King-20005-RC-Walking-Tank-MK-HEXA-with-1608-pieces-12.jpg\" alt=\"Mould King 20005 RC Walking Tank MK-HEXA with 1608 pieces\" width=\"627\" height=\"1024\" title=\"-\" srcset=\"https:\/\/mouldking.store\/wp-content\/uploads\/2021\/10\/Mould-King-20005-RC-Walking-Tank-MK-HEXA-with-1608-pieces-12.jpg 627w, https:\/\/mouldking.store\/wp-content\/uploads\/2021\/10\/Mould-King-20005-RC-Walking-Tank-MK-HEXA-with-1608-pieces-12-184x300.jpg 184w, https:\/\/mouldking.store\/wp-content\/uploads\/2021\/10\/Mould-King-20005-RC-Walking-Tank-MK-HEXA-with-1608-pieces-12-300x490.jpg 300w, https:\/\/mouldking.store\/wp-content\/uploads\/2021\/10\/Mould-King-20005-RC-Walking-Tank-MK-HEXA-with-1608-pieces-12-600x980.jpg 600w, https:\/\/mouldking.store\/wp-content\/uploads\/2021\/10\/Mould-King-20005-RC-Walking-Tank-MK-HEXA-with-1608-pieces-12-92x150.jpg 92w\" sizes=\"(max-width: 627px) 100vw, 627px\" \/><figcaption id=\"caption-attachment-25329\" class=\"wp-caption-text\">Mold King 20005 RC Walking Tank MK-HEXA avec 1608 pi\u00e8ces<\/figcaption><\/figure>\n<figure id=\"attachment_25326\" aria-describedby=\"caption-attachment-25326\" style=\"width: 610px\" class=\"wp-caption aligncenter\"><img loading=\"lazy\" decoding=\"async\" class=\"wp-image-25326 size-full\" src=\"https:\/\/mouldking.store\/wp-content\/uploads\/2021\/10\/Mould-King-20005-RC-Walking-Tank-MK-HEXA-with-1608-pieces-9.jpg\" alt=\"Mould King 20005 RC Walking Tank MK-HEXA with 1608 pieces\" width=\"610\" height=\"1024\" title=\"-\" srcset=\"https:\/\/mouldking.store\/wp-content\/uploads\/2021\/10\/Mould-King-20005-RC-Walking-Tank-MK-HEXA-with-1608-pieces-9.jpg 610w, https:\/\/mouldking.store\/wp-content\/uploads\/2021\/10\/Mould-King-20005-RC-Walking-Tank-MK-HEXA-with-1608-pieces-9-179x300.jpg 179w, https:\/\/mouldking.store\/wp-content\/uploads\/2021\/10\/Mould-King-20005-RC-Walking-Tank-MK-HEXA-with-1608-pieces-9-300x504.jpg 300w, https:\/\/mouldking.store\/wp-content\/uploads\/2021\/10\/Mould-King-20005-RC-Walking-Tank-MK-HEXA-with-1608-pieces-9-600x1007.jpg 600w, https:\/\/mouldking.store\/wp-content\/uploads\/2021\/10\/Mould-King-20005-RC-Walking-Tank-MK-HEXA-with-1608-pieces-9-89x150.jpg 89w\" sizes=\"(max-width: 610px) 100vw, 610px\" \/><figcaption id=\"caption-attachment-25326\" class=\"wp-caption-text\">Mold King 20005 RC Walking Tank MK-HEXA avec 1608 pi\u00e8ces<\/figcaption><\/figure>\n<figure id=\"attachment_25325\" aria-describedby=\"caption-attachment-25325\" style=\"width: 724px\" class=\"wp-caption aligncenter\"><img loading=\"lazy\" decoding=\"async\" class=\"wp-image-25325 size-full\" src=\"https:\/\/mouldking.store\/wp-content\/uploads\/2021\/10\/Mould-King-20005-RC-Walking-Tank-MK-HEXA-with-1608-pieces-8.jpg\" alt=\"Mould King 20005 RC Walking Tank MK-HEXA with 1608 pieces\" width=\"724\" height=\"1024\" title=\"-\" srcset=\"https:\/\/mouldking.store\/wp-content\/uploads\/2021\/10\/Mould-King-20005-RC-Walking-Tank-MK-HEXA-with-1608-pieces-8.jpg 724w, https:\/\/mouldking.store\/wp-content\/uploads\/2021\/10\/Mould-King-20005-RC-Walking-Tank-MK-HEXA-with-1608-pieces-8-212x300.jpg 212w, https:\/\/mouldking.store\/wp-content\/uploads\/2021\/10\/Mould-King-20005-RC-Walking-Tank-MK-HEXA-with-1608-pieces-8-300x424.jpg 300w, https:\/\/mouldking.store\/wp-content\/uploads\/2021\/10\/Mould-King-20005-RC-Walking-Tank-MK-HEXA-with-1608-pieces-8-600x849.jpg 600w, https:\/\/mouldking.store\/wp-content\/uploads\/2021\/10\/Mould-King-20005-RC-Walking-Tank-MK-HEXA-with-1608-pieces-8-106x150.jpg 106w\" sizes=\"(max-width: 724px) 100vw, 724px\" \/><figcaption id=\"caption-attachment-25325\" class=\"wp-caption-text\">Mold King 20005 RC Walking Tank MK-HEXA avec 1608 pi\u00e8ces<\/figcaption><\/figure>\n<figure id=\"attachment_25323\" aria-describedby=\"caption-attachment-25323\" style=\"width: 735px\" class=\"wp-caption aligncenter\"><img loading=\"lazy\" decoding=\"async\" class=\"wp-image-25323 size-full\" src=\"https:\/\/mouldking.store\/wp-content\/uploads\/2021\/10\/Mould-King-20005-RC-Walking-Tank-MK-HEXA-with-1608-pieces-6.jpg\" alt=\"Mould King 20005 RC Walking Tank MK-HEXA with 1608 pieces\" width=\"735\" height=\"1024\" title=\"-\" srcset=\"https:\/\/mouldking.store\/wp-content\/uploads\/2021\/10\/Mould-King-20005-RC-Walking-Tank-MK-HEXA-with-1608-pieces-6.jpg 735w, https:\/\/mouldking.store\/wp-content\/uploads\/2021\/10\/Mould-King-20005-RC-Walking-Tank-MK-HEXA-with-1608-pieces-6-215x300.jpg 215w, https:\/\/mouldking.store\/wp-content\/uploads\/2021\/10\/Mould-King-20005-RC-Walking-Tank-MK-HEXA-with-1608-pieces-6-300x418.jpg 300w, https:\/\/mouldking.store\/wp-content\/uploads\/2021\/10\/Mould-King-20005-RC-Walking-Tank-MK-HEXA-with-1608-pieces-6-600x836.jpg 600w, https:\/\/mouldking.store\/wp-content\/uploads\/2021\/10\/Mould-King-20005-RC-Walking-Tank-MK-HEXA-with-1608-pieces-6-108x150.jpg 108w\" sizes=\"(max-width: 735px) 100vw, 735px\" \/><figcaption id=\"caption-attachment-25323\" class=\"wp-caption-text\">Mold King 20005 RC Walking Tank MK-HEXA avec 1608 pi\u00e8ces<\/figcaption><\/figure>\n<figure id=\"attachment_25322\" aria-describedby=\"caption-attachment-25322\" style=\"width: 650px\" class=\"wp-caption aligncenter\"><img loading=\"lazy\" decoding=\"async\" class=\"wp-image-25322\" src=\"https:\/\/mouldking.store\/wp-content\/uploads\/2021\/10\/Mould-King-20005-RC-Walking-Tank-MK-HEXA-with-1608-pieces-5-178x300.jpg\" alt=\"Mould King 20005 RC Walking Tank MK-HEXA with 1608 pieces\" width=\"650\" height=\"1095\" title=\"-\" srcset=\"https:\/\/mouldking.store\/wp-content\/uploads\/2021\/10\/Mould-King-20005-RC-Walking-Tank-MK-HEXA-with-1608-pieces-5-178x300.jpg 178w, https:\/\/mouldking.store\/wp-content\/uploads\/2021\/10\/Mould-King-20005-RC-Walking-Tank-MK-HEXA-with-1608-pieces-5-300x506.jpg 300w, https:\/\/mouldking.store\/wp-content\/uploads\/2021\/10\/Mould-King-20005-RC-Walking-Tank-MK-HEXA-with-1608-pieces-5-600x1011.jpg 600w, https:\/\/mouldking.store\/wp-content\/uploads\/2021\/10\/Mould-King-20005-RC-Walking-Tank-MK-HEXA-with-1608-pieces-5-89x150.jpg 89w, https:\/\/mouldking.store\/wp-content\/uploads\/2021\/10\/Mould-King-20005-RC-Walking-Tank-MK-HEXA-with-1608-pieces-5.jpg 607w\" sizes=\"(max-width: 650px) 100vw, 650px\" \/><figcaption id=\"caption-attachment-25322\" class=\"wp-caption-text\">Mold King 20005 RC Walking Tank MK-HEXA avec 1608 pi\u00e8ces<\/figcaption><\/figure>\n<figure id=\"attachment_25321\" aria-describedby=\"caption-attachment-25321\" style=\"width: 671px\" class=\"wp-caption aligncenter\"><img loading=\"lazy\" decoding=\"async\" class=\"wp-image-25321 size-full\" src=\"https:\/\/mouldking.store\/wp-content\/uploads\/2021\/10\/Mould-King-20005-RC-Walking-Tank-MK-HEXA-with-1608-pieces-4.jpg\" alt=\"Mould King 20005 RC Walking Tank MK-HEXA with 1608 pieces\" width=\"671\" height=\"1023\" title=\"-\" srcset=\"https:\/\/mouldking.store\/wp-content\/uploads\/2021\/10\/Mould-King-20005-RC-Walking-Tank-MK-HEXA-with-1608-pieces-4.jpg 671w, https:\/\/mouldking.store\/wp-content\/uploads\/2021\/10\/Mould-King-20005-RC-Walking-Tank-MK-HEXA-with-1608-pieces-4-197x300.jpg 197w, https:\/\/mouldking.store\/wp-content\/uploads\/2021\/10\/Mould-King-20005-RC-Walking-Tank-MK-HEXA-with-1608-pieces-4-300x457.jpg 300w, https:\/\/mouldking.store\/wp-content\/uploads\/2021\/10\/Mould-King-20005-RC-Walking-Tank-MK-HEXA-with-1608-pieces-4-600x915.jpg 600w, https:\/\/mouldking.store\/wp-content\/uploads\/2021\/10\/Mould-King-20005-RC-Walking-Tank-MK-HEXA-with-1608-pieces-4-98x150.jpg 98w\" sizes=\"(max-width: 671px) 100vw, 671px\" \/><figcaption id=\"caption-attachment-25321\" class=\"wp-caption-text\">Mold King 20005 RC Walking Tank MK-HEXA avec 1608 pi\u00e8ces<\/figcaption><\/figure>\n<figure id=\"attachment_25328\" aria-describedby=\"caption-attachment-25328\" style=\"width: 790px\" class=\"wp-caption aligncenter\"><img loading=\"lazy\" decoding=\"async\" class=\"wp-image-25328 size-full\" src=\"https:\/\/mouldking.store\/wp-content\/uploads\/2021\/10\/Mould-King-20005-RC-Walking-Tank-MK-HEXA-with-1608-pieces-11.jpg\" alt=\"Mould King 20005 RC Walking Tank MK-HEXA with 1608 pieces\" width=\"790\" height=\"1017\" title=\"-\" srcset=\"https:\/\/mouldking.store\/wp-content\/uploads\/2021\/10\/Mould-King-20005-RC-Walking-Tank-MK-HEXA-with-1608-pieces-11.jpg 790w, https:\/\/mouldking.store\/wp-content\/uploads\/2021\/10\/Mould-King-20005-RC-Walking-Tank-MK-HEXA-with-1608-pieces-11-233x300.jpg 233w, https:\/\/mouldking.store\/wp-content\/uploads\/2021\/10\/Mould-King-20005-RC-Walking-Tank-MK-HEXA-with-1608-pieces-11-768x989.jpg 768w, https:\/\/mouldking.store\/wp-content\/uploads\/2021\/10\/Mould-King-20005-RC-Walking-Tank-MK-HEXA-with-1608-pieces-11-300x386.jpg 300w, https:\/\/mouldking.store\/wp-content\/uploads\/2021\/10\/Mould-King-20005-RC-Walking-Tank-MK-HEXA-with-1608-pieces-11-600x772.jpg 600w, https:\/\/mouldking.store\/wp-content\/uploads\/2021\/10\/Mould-King-20005-RC-Walking-Tank-MK-HEXA-with-1608-pieces-11-117x150.jpg 117w\" sizes=\"(max-width: 790px) 100vw, 790px\" \/><figcaption id=\"caption-attachment-25328\" class=\"wp-caption-text\">Mold King 20005 RC Walking Tank MK-HEXA avec 1608 pi\u00e8ces<\/figcaption><\/figure>\n<figure id=\"attachment_25327\" aria-describedby=\"caption-attachment-25327\" style=\"width: 790px\" class=\"wp-caption aligncenter\"><img loading=\"lazy\" decoding=\"async\" class=\"wp-image-25327 size-full\" src=\"https:\/\/mouldking.store\/wp-content\/uploads\/2021\/10\/Mould-King-20005-RC-Walking-Tank-MK-HEXA-with-1608-pieces-10.jpg\" alt=\"Mould King 20005 RC Walking Tank MK-HEXA with 1608 pieces\" width=\"790\" height=\"835\" title=\"-\" srcset=\"https:\/\/mouldking.store\/wp-content\/uploads\/2021\/10\/Mould-King-20005-RC-Walking-Tank-MK-HEXA-with-1608-pieces-10.jpg 790w, https:\/\/mouldking.store\/wp-content\/uploads\/2021\/10\/Mould-King-20005-RC-Walking-Tank-MK-HEXA-with-1608-pieces-10-284x300.jpg 284w, https:\/\/mouldking.store\/wp-content\/uploads\/2021\/10\/Mould-King-20005-RC-Walking-Tank-MK-HEXA-with-1608-pieces-10-768x812.jpg 768w, https:\/\/mouldking.store\/wp-content\/uploads\/2021\/10\/Mould-King-20005-RC-Walking-Tank-MK-HEXA-with-1608-pieces-10-300x317.jpg 300w, https:\/\/mouldking.store\/wp-content\/uploads\/2021\/10\/Mould-King-20005-RC-Walking-Tank-MK-HEXA-with-1608-pieces-10-600x634.jpg 600w, https:\/\/mouldking.store\/wp-content\/uploads\/2021\/10\/Mould-King-20005-RC-Walking-Tank-MK-HEXA-with-1608-pieces-10-142x150.jpg 142w\" sizes=\"(max-width: 790px) 100vw, 790px\" \/><figcaption id=\"caption-attachment-25327\" class=\"wp-caption-text\">Mold King 20005 RC Walking Tank MK-HEXA avec 1608 pi\u00e8ces<\/figcaption><\/figure>\n<figure id=\"attachment_25324\" aria-describedby=\"caption-attachment-25324\" style=\"width: 722px\" class=\"wp-caption aligncenter\"><img loading=\"lazy\" decoding=\"async\" class=\"wp-image-25324 size-full\" src=\"https:\/\/mouldking.store\/wp-content\/uploads\/2021\/10\/Mould-King-20005-RC-Walking-Tank-MK-HEXA-with-1608-pieces-7.jpg\" alt=\"Mould King 20005 RC Walking Tank MK-HEXA with 1608 pieces\" width=\"722\" height=\"1024\" title=\"-\" srcset=\"https:\/\/mouldking.store\/wp-content\/uploads\/2021\/10\/Mould-King-20005-RC-Walking-Tank-MK-HEXA-with-1608-pieces-7.jpg 722w, https:\/\/mouldking.store\/wp-content\/uploads\/2021\/10\/Mould-King-20005-RC-Walking-Tank-MK-HEXA-with-1608-pieces-7-212x300.jpg 212w, https:\/\/mouldking.store\/wp-content\/uploads\/2021\/10\/Mould-King-20005-RC-Walking-Tank-MK-HEXA-with-1608-pieces-7-300x425.jpg 300w, https:\/\/mouldking.store\/wp-content\/uploads\/2021\/10\/Mould-King-20005-RC-Walking-Tank-MK-HEXA-with-1608-pieces-7-600x851.jpg 600w, https:\/\/mouldking.store\/wp-content\/uploads\/2021\/10\/Mould-King-20005-RC-Walking-Tank-MK-HEXA-with-1608-pieces-7-106x150.jpg 106w\" sizes=\"(max-width: 722px) 100vw, 722px\" \/><figcaption id=\"caption-attachment-25324\" class=\"wp-caption-text\">Mold King 20005 RC Walking Tank MK-HEXA avec 1608 pi\u00e8ces<\/figcaption><\/figure>\n<figure id=\"attachment_25330\" aria-describedby=\"caption-attachment-25330\" style=\"width: 689px\" class=\"wp-caption aligncenter\"><img loading=\"lazy\" decoding=\"async\" class=\"wp-image-25330 size-full\" src=\"https:\/\/mouldking.store\/wp-content\/uploads\/2021\/10\/Mould-King-20005-RC-Walking-Tank-MK-HEXA-with-1608-pieces-13.jpg\" alt=\"Mould King 20005 RC Walking Tank MK-HEXA with 1608 pieces\" width=\"689\" height=\"1024\" title=\"-\" srcset=\"https:\/\/mouldking.store\/wp-content\/uploads\/2021\/10\/Mould-King-20005-RC-Walking-Tank-MK-HEXA-with-1608-pieces-13.jpg 689w, https:\/\/mouldking.store\/wp-content\/uploads\/2021\/10\/Mould-King-20005-RC-Walking-Tank-MK-HEXA-with-1608-pieces-13-202x300.jpg 202w, https:\/\/mouldking.store\/wp-content\/uploads\/2021\/10\/Mould-King-20005-RC-Walking-Tank-MK-HEXA-with-1608-pieces-13-300x446.jpg 300w, https:\/\/mouldking.store\/wp-content\/uploads\/2021\/10\/Mould-King-20005-RC-Walking-Tank-MK-HEXA-with-1608-pieces-13-600x892.jpg 600w, https:\/\/mouldking.store\/wp-content\/uploads\/2021\/10\/Mould-King-20005-RC-Walking-Tank-MK-HEXA-with-1608-pieces-13-101x150.jpg 101w\" sizes=\"(max-width: 689px) 100vw, 689px\" \/><figcaption id=\"caption-attachment-25330\" class=\"wp-caption-text\">Mold King 20005 RC Walking Tank MK-HEXA avec 1608 pi\u00e8ces<\/figcaption><\/figure>\n<figure id=\"attachment_25320\" aria-describedby=\"caption-attachment-25320\" style=\"width: 731px\" class=\"wp-caption aligncenter\"><img loading=\"lazy\" decoding=\"async\" class=\"wp-image-25320 size-full\" src=\"https:\/\/mouldking.store\/wp-content\/uploads\/2021\/10\/Mould-King-20005-RC-Walking-Tank-MK-HEXA-with-1608-pieces-3.jpg\" alt=\"Mould King 20005 RC Walking Tank MK-HEXA with 1608 pieces\" width=\"731\" height=\"1023\" title=\"-\" srcset=\"https:\/\/mouldking.store\/wp-content\/uploads\/2021\/10\/Mould-King-20005-RC-Walking-Tank-MK-HEXA-with-1608-pieces-3.jpg 731w, https:\/\/mouldking.store\/wp-content\/uploads\/2021\/10\/Mould-King-20005-RC-Walking-Tank-MK-HEXA-with-1608-pieces-3-214x300.jpg 214w, https:\/\/mouldking.store\/wp-content\/uploads\/2021\/10\/Mould-King-20005-RC-Walking-Tank-MK-HEXA-with-1608-pieces-3-300x420.jpg 300w, https:\/\/mouldking.store\/wp-content\/uploads\/2021\/10\/Mould-King-20005-RC-Walking-Tank-MK-HEXA-with-1608-pieces-3-600x840.jpg 600w, https:\/\/mouldking.store\/wp-content\/uploads\/2021\/10\/Mould-King-20005-RC-Walking-Tank-MK-HEXA-with-1608-pieces-3-107x150.jpg 107w\" sizes=\"(max-width: 731px) 100vw, 731px\" \/><figcaption id=\"caption-attachment-25320\" class=\"wp-caption-text\">Mold King 20005 RC Walking Tank MK-HEXA avec 1608 pi\u00e8ces<\/figcaption><\/figure>\n<figure id=\"attachment_25319\" aria-describedby=\"caption-attachment-25319\" style=\"width: 790px\" class=\"wp-caption aligncenter\"><img loading=\"lazy\" decoding=\"async\" class=\"wp-image-25319 size-full\" src=\"https:\/\/mouldking.store\/wp-content\/uploads\/2021\/10\/Mould-King-20005-RC-Walking-Tank-MK-HEXA-with-1608-pieces-2.jpg\" alt=\"Mould King 20005 RC Walking Tank MK-HEXA with 1608 pieces\" width=\"790\" height=\"682\" title=\"-\" srcset=\"https:\/\/mouldking.store\/wp-content\/uploads\/2021\/10\/Mould-King-20005-RC-Walking-Tank-MK-HEXA-with-1608-pieces-2.jpg 790w, https:\/\/mouldking.store\/wp-content\/uploads\/2021\/10\/Mould-King-20005-RC-Walking-Tank-MK-HEXA-with-1608-pieces-2-300x259.jpg 300w, https:\/\/mouldking.store\/wp-content\/uploads\/2021\/10\/Mould-King-20005-RC-Walking-Tank-MK-HEXA-with-1608-pieces-2-768x663.jpg 768w, https:\/\/mouldking.store\/wp-content\/uploads\/2021\/10\/Mould-King-20005-RC-Walking-Tank-MK-HEXA-with-1608-pieces-2-600x518.jpg 600w, https:\/\/mouldking.store\/wp-content\/uploads\/2021\/10\/Mould-King-20005-RC-Walking-Tank-MK-HEXA-with-1608-pieces-2-150x129.jpg 150w\" sizes=\"(max-width: 790px) 100vw, 790px\" \/><figcaption id=\"caption-attachment-25319\" class=\"wp-caption-text\">Mold King 20005 RC Walking Tank MK-HEXA avec 1608 pi\u00e8ces<\/figcaption><\/figure>","protected":false},"excerpt":{"rendered":"<p>Product information: 1. Brand: Mould King 2. Gender: Unisex 3. Name: Walking Tank MK-HEXA 4. Age Range: &gt; 14 years old 5. Model Number: 20005 6. Classification: Assemblage 7. Plastic Block Shape: Self-Locking Bricks 8. Material: Plastic 9. Plastic Type: ABS 10. Bricks Blocks: 1608 PCS 11. Contains detailed assembly instructions. Notice: 1. Without an [&hellip;]<\/p>","protected":false},"featured_media":25318,"comment_status":"open","ping_status":"closed","template":"","meta":{"_acf_changed":false},"product_cat":[372,581],"product_tag":[2365,2367,615,2363,2362,2364,2366],"class_list":["product","first","instock","shipping-taxable","purchasable","product-type-simple"],"acf":[],"_links":{"self":[{"href":"https:\/\/mouldking.store\/fr\/wp-json\/wp\/v2\/product\/25309","targetHints":{"allow":["GET"]}}],"collection":[{"href":"https:\/\/mouldking.store\/fr\/wp-json\/wp\/v2\/product"}],"about":[{"href":"https:\/\/mouldking.store\/fr\/wp-json\/wp\/v2\/types\/product"}],"replies":[{"embeddable":true,"href":"https:\/\/mouldking.store\/fr\/wp-json\/wp\/v2\/comments?post=25309"}],"wp:featuredmedia":[{"embeddable":true,"href":"https:\/\/mouldking.store\/fr\/wp-json\/wp\/v2\/media\/25318"}],"wp:attachment":[{"href":"https:\/\/mouldking.store\/fr\/wp-json\/wp\/v2\/media?parent=25309"}],"wp:term":[{"taxonomy":"product_cat","embeddable":true,"href":"https:\/\/mouldking.store\/fr\/wp-json\/wp\/v2\/product_cat?post=25309"},{"taxonomy":"product_tag","embeddable":true,"href":"https:\/\/mouldking.store\/fr\/wp-json\/wp\/v2\/product_tag?post=25309"}],"curies":[{"name":"wp","href":"https:\/\/api.w.org\/{rel}","templated":true}]}}