{"id":25317,"date":"2021-10-20T17:02:35","date_gmt":"2021-10-20T17:02:35","guid":{"rendered":"https:\/\/mouldking.store\/?post_type=product&#038;p=25317"},"modified":"2021-12-23T09:41:55","modified_gmt":"2021-12-23T09:41:55","slug":"urge-30107-fisherman-club-with-3265-pieces","status":"publish","type":"product","link":"https:\/\/mouldking.store\/fr\/shop\/urge-30107-fisherman-club-with-3265-pieces\/","title":{"rendered":"URGE 30107 Fisherman Club avec 3265 pi\u00e8ces"},"content":{"rendered":"<p>Information produit:<br \/>\n1. Brand: URGE<br \/>\n2. Genre : unisexe<br \/>\n3. Name: Fisherman Club<br \/>\n4. Tranche d&#039;\u00e2ge : &gt; 6 ans<br \/>\n5. Model Number: 30107<br \/>\n6. Classement : Assemblage<br \/>\n7. Forme de bloc en plastique\u00a0: briques autobloquantes<br \/>\n8. Mat\u00e9riel: Plastique<br \/>\n9. Type de plastique : ABS<br \/>\n10. Bricks Blocks: 3265 PCS<br \/>\n11. Contient des instructions de montage d\u00e9taill\u00e9es.<br \/>\nAvis:<br \/>\n1. Sans bo\u00eete d&#039;origine, mais nous garantissons que nos produits ont une assurance qualit\u00e9 et un bel emballage.<br \/>\n2. Comme toutes les pi\u00e8ces que nous avons v\u00e9rifi\u00e9es avant l&#039;exp\u00e9dition, donc si vous trouvez des pi\u00e8ces manquantes ou endommag\u00e9es, ne vous inqui\u00e9tez pas et veuillez nous contacter et nous pouvons vous les renvoyer imm\u00e9diatement gratuitement.<\/p>\n<figure id=\"attachment_25332\" aria-describedby=\"caption-attachment-25332\" style=\"width: 800px\" class=\"wp-caption aligncenter\"><img fetchpriority=\"high\" decoding=\"async\" class=\"wp-image-25332 size-full\" src=\"https:\/\/mouldking.store\/wp-content\/uploads\/2021\/10\/URGE-30107-Fisherman-Club-with-3265-pieces-2.jpg\" alt=\"URGE 30107 Fisherman Club with 3265 pieces\" width=\"800\" height=\"800\" title=\"-\" srcset=\"https:\/\/mouldking.store\/wp-content\/uploads\/2021\/10\/URGE-30107-Fisherman-Club-with-3265-pieces-2.jpg 800w, https:\/\/mouldking.store\/wp-content\/uploads\/2021\/10\/URGE-30107-Fisherman-Club-with-3265-pieces-2-300x300.jpg 300w, https:\/\/mouldking.store\/wp-content\/uploads\/2021\/10\/URGE-30107-Fisherman-Club-with-3265-pieces-2-768x768.jpg 768w, https:\/\/mouldking.store\/wp-content\/uploads\/2021\/10\/URGE-30107-Fisherman-Club-with-3265-pieces-2-600x600.jpg 600w, https:\/\/mouldking.store\/wp-content\/uploads\/2021\/10\/URGE-30107-Fisherman-Club-with-3265-pieces-2-150x150.jpg 150w\" sizes=\"(max-width: 800px) 100vw, 800px\" \/><figcaption id=\"caption-attachment-25332\" class=\"wp-caption-text\">URGE 30107 Fisherman Club avec 3265 pi\u00e8ces<\/figcaption><\/figure>\n<figure id=\"attachment_25334\" aria-describedby=\"caption-attachment-25334\" style=\"width: 800px\" class=\"wp-caption aligncenter\"><img decoding=\"async\" class=\"wp-image-25334 size-full\" src=\"https:\/\/mouldking.store\/wp-content\/uploads\/2021\/10\/URGE-30107-Fisherman-Club-with-3265-pieces-1.jpg\" alt=\"URGE 30107 Fisherman Club with 3265 pieces\" width=\"800\" height=\"898\" title=\"-\" srcset=\"https:\/\/mouldking.store\/wp-content\/uploads\/2021\/10\/URGE-30107-Fisherman-Club-with-3265-pieces-1.jpg 800w, https:\/\/mouldking.store\/wp-content\/uploads\/2021\/10\/URGE-30107-Fisherman-Club-with-3265-pieces-1-267x300.jpg 267w, https:\/\/mouldking.store\/wp-content\/uploads\/2021\/10\/URGE-30107-Fisherman-Club-with-3265-pieces-1-768x862.jpg 768w, https:\/\/mouldking.store\/wp-content\/uploads\/2021\/10\/URGE-30107-Fisherman-Club-with-3265-pieces-1-300x337.jpg 300w, https:\/\/mouldking.store\/wp-content\/uploads\/2021\/10\/URGE-30107-Fisherman-Club-with-3265-pieces-1-600x674.jpg 600w, https:\/\/mouldking.store\/wp-content\/uploads\/2021\/10\/URGE-30107-Fisherman-Club-with-3265-pieces-1-134x150.jpg 134w\" sizes=\"(max-width: 800px) 100vw, 800px\" \/><figcaption id=\"caption-attachment-25334\" class=\"wp-caption-text\">URGE 30107 Fisherman Club avec 3265 pi\u00e8ces<\/figcaption><\/figure>\n<figure id=\"attachment_25333\" aria-describedby=\"caption-attachment-25333\" style=\"width: 750px\" class=\"wp-caption aligncenter\"><img decoding=\"async\" class=\"wp-image-25333 size-full\" src=\"https:\/\/mouldking.store\/wp-content\/uploads\/2021\/10\/URGE-30107-Fisherman-Club-with-3265-pieces-3.jpg\" alt=\"URGE 30107 Fisherman Club with 3265 pieces\" width=\"750\" height=\"750\" title=\"-\" srcset=\"https:\/\/mouldking.store\/wp-content\/uploads\/2021\/10\/URGE-30107-Fisherman-Club-with-3265-pieces-3.jpg 750w, https:\/\/mouldking.store\/wp-content\/uploads\/2021\/10\/URGE-30107-Fisherman-Club-with-3265-pieces-3-300x300.jpg 300w, https:\/\/mouldking.store\/wp-content\/uploads\/2021\/10\/URGE-30107-Fisherman-Club-with-3265-pieces-3-600x600.jpg 600w, https:\/\/mouldking.store\/wp-content\/uploads\/2021\/10\/URGE-30107-Fisherman-Club-with-3265-pieces-3-150x150.jpg 150w\" sizes=\"(max-width: 750px) 100vw, 750px\" \/><figcaption id=\"caption-attachment-25333\" class=\"wp-caption-text\">URGE 30107 Fisherman Club avec 3265 pi\u00e8ces<\/figcaption><\/figure>","protected":false},"excerpt":{"rendered":"<p>Product information: 1. Brand: URGE 2. Gender: Unisex 3. Name: Fisherman Club 4. Age Range: &gt; 6 years old 5. Model Number: 30107 6. Classification: Assemblage 7. Plastic Block Shape: Self-Locking Bricks 8. Material: Plastic 9. Plastic Type: ABS 10. Bricks Blocks: 3265 PCS 11. Contains detailed assembly instructions. Notice: 1. Without an original box, [&hellip;]<\/p>","protected":false},"featured_media":25332,"comment_status":"open","ping_status":"closed","template":"","meta":{"_acf_changed":false},"product_cat":[390],"product_tag":[2371,2373,2372,2370,1912,2369,2368,2374],"class_list":["product","first","instock","shipping-taxable","purchasable","product-type-simple"],"acf":[],"_links":{"self":[{"href":"https:\/\/mouldking.store\/fr\/wp-json\/wp\/v2\/product\/25317","targetHints":{"allow":["GET"]}}],"collection":[{"href":"https:\/\/mouldking.store\/fr\/wp-json\/wp\/v2\/product"}],"about":[{"href":"https:\/\/mouldking.store\/fr\/wp-json\/wp\/v2\/types\/product"}],"replies":[{"embeddable":true,"href":"https:\/\/mouldking.store\/fr\/wp-json\/wp\/v2\/comments?post=25317"}],"wp:featuredmedia":[{"embeddable":true,"href":"https:\/\/mouldking.store\/fr\/wp-json\/wp\/v2\/media\/25332"}],"wp:attachment":[{"href":"https:\/\/mouldking.store\/fr\/wp-json\/wp\/v2\/media?parent=25317"}],"wp:term":[{"taxonomy":"product_cat","embeddable":true,"href":"https:\/\/mouldking.store\/fr\/wp-json\/wp\/v2\/product_cat?post=25317"},{"taxonomy":"product_tag","embeddable":true,"href":"https:\/\/mouldking.store\/fr\/wp-json\/wp\/v2\/product_tag?post=25317"}],"curies":[{"name":"wp","href":"https:\/\/api.w.org\/{rel}","templated":true}]}}