{"id":25568,"date":"2021-10-22T04:05:26","date_gmt":"2021-10-22T04:05:26","guid":{"rendered":"https:\/\/mouldking.store\/?post_type=product&#038;p=25568"},"modified":"2021-12-23T09:41:52","modified_gmt":"2021-12-23T09:41:52","slug":"sixsix-bricks-992-king-kong-with-3000-pieces","status":"publish","type":"product","link":"https:\/\/mouldking.store\/fr\/shop\/sixsix-bricks-992-king-kong-with-3000-pieces\/","title":{"rendered":"SixSix Bricks 992 King Kong avec 3000 pi\u00e8ces"},"content":{"rendered":"<p>Information produit:<\/p>\n<ol>\n<li>Marque : Six Six Bricks<\/li>\n<li>Genre: Unisexe<\/li>\n<li>Nom : King Kong<\/li>\n<li>Tranche d&#039;\u00e2ge : &gt; 6 ans<\/li>\n<li>Num\u00e9ro de mod\u00e8le: 992<\/li>\n<li>Classement : Assemblage<\/li>\n<li>Forme de bloc en plastique\u00a0: briques autobloquantes<\/li>\n<li>Mat\u00e9riel: Plastique<\/li>\n<li>Type de plastique : ABS<\/li>\n<li>Blocs de briques : 3000 PCS<\/li>\n<li>Contient des instructions de montage d\u00e9taill\u00e9es.<\/li>\n<\/ol>\n<p>Avis:<br \/>\n1. Sans bo\u00eete d&#039;origine, mais nous garantissons que nos produits ont une assurance qualit\u00e9 et un bel emballage.<br \/>\n2. Comme toutes les pi\u00e8ces que nous avons v\u00e9rifi\u00e9es avant l&#039;exp\u00e9dition, donc si vous trouvez des pi\u00e8ces manquantes ou endommag\u00e9es, ne vous inqui\u00e9tez pas et veuillez nous contacter et nous pouvons vous les renvoyer imm\u00e9diatement gratuitement.<\/p>\n<figure id=\"attachment_25575\" aria-describedby=\"caption-attachment-25575\" style=\"width: 800px\" class=\"wp-caption aligncenter\"><img fetchpriority=\"high\" decoding=\"async\" class=\"wp-image-25575 size-full\" src=\"https:\/\/mouldking.store\/wp-content\/uploads\/2021\/10\/SixSix-Bricks-992-King-Kong-with-3000-pieces-7.jpg\" alt=\"SixSix Bricks 992 King Kong with 3000 pieces\" width=\"800\" height=\"1013\" title=\"-\" srcset=\"https:\/\/mouldking.store\/wp-content\/uploads\/2021\/10\/SixSix-Bricks-992-King-Kong-with-3000-pieces-7.jpg 800w, https:\/\/mouldking.store\/wp-content\/uploads\/2021\/10\/SixSix-Bricks-992-King-Kong-with-3000-pieces-7-237x300.jpg 237w, https:\/\/mouldking.store\/wp-content\/uploads\/2021\/10\/SixSix-Bricks-992-King-Kong-with-3000-pieces-7-768x972.jpg 768w, https:\/\/mouldking.store\/wp-content\/uploads\/2021\/10\/SixSix-Bricks-992-King-Kong-with-3000-pieces-7-300x380.jpg 300w, https:\/\/mouldking.store\/wp-content\/uploads\/2021\/10\/SixSix-Bricks-992-King-Kong-with-3000-pieces-7-600x760.jpg 600w, https:\/\/mouldking.store\/wp-content\/uploads\/2021\/10\/SixSix-Bricks-992-King-Kong-with-3000-pieces-7-118x150.jpg 118w\" sizes=\"(max-width: 800px) 100vw, 800px\" \/><figcaption id=\"caption-attachment-25575\" class=\"wp-caption-text\">SixSix Bricks 992 King Kong avec 3000 pi\u00e8ces<\/figcaption><\/figure>\n<figure id=\"attachment_25574\" aria-describedby=\"caption-attachment-25574\" style=\"width: 432px\" class=\"wp-caption aligncenter\"><img decoding=\"async\" class=\"wp-image-25574 size-full\" src=\"https:\/\/mouldking.store\/wp-content\/uploads\/2021\/10\/SixSix-Bricks-992-King-Kong-with-3000-pieces-6.jpg\" alt=\"SixSix Bricks 992 King Kong with 3000 pieces\" width=\"432\" height=\"1024\" title=\"-\" srcset=\"https:\/\/mouldking.store\/wp-content\/uploads\/2021\/10\/SixSix-Bricks-992-King-Kong-with-3000-pieces-6.jpg 432w, https:\/\/mouldking.store\/wp-content\/uploads\/2021\/10\/SixSix-Bricks-992-King-Kong-with-3000-pieces-6-127x300.jpg 127w, https:\/\/mouldking.store\/wp-content\/uploads\/2021\/10\/SixSix-Bricks-992-King-Kong-with-3000-pieces-6-300x711.jpg 300w, https:\/\/mouldking.store\/wp-content\/uploads\/2021\/10\/SixSix-Bricks-992-King-Kong-with-3000-pieces-6-63x150.jpg 63w\" sizes=\"(max-width: 432px) 100vw, 432px\" \/><figcaption id=\"caption-attachment-25574\" class=\"wp-caption-text\">SixSix Bricks 992 King Kong avec 3000 pi\u00e8ces<\/figcaption><\/figure>\n<figure id=\"attachment_25573\" aria-describedby=\"caption-attachment-25573\" style=\"width: 389px\" class=\"wp-caption aligncenter\"><img decoding=\"async\" class=\"wp-image-25573 size-full\" src=\"https:\/\/mouldking.store\/wp-content\/uploads\/2021\/10\/SixSix-Bricks-992-King-Kong-with-3000-pieces-5.jpg\" alt=\"SixSix Bricks 992 King Kong with 3000 pieces\" width=\"389\" height=\"1024\" title=\"-\" srcset=\"https:\/\/mouldking.store\/wp-content\/uploads\/2021\/10\/SixSix-Bricks-992-King-Kong-with-3000-pieces-5.jpg 389w, https:\/\/mouldking.store\/wp-content\/uploads\/2021\/10\/SixSix-Bricks-992-King-Kong-with-3000-pieces-5-114x300.jpg 114w, https:\/\/mouldking.store\/wp-content\/uploads\/2021\/10\/SixSix-Bricks-992-King-Kong-with-3000-pieces-5-300x790.jpg 300w, https:\/\/mouldking.store\/wp-content\/uploads\/2021\/10\/SixSix-Bricks-992-King-Kong-with-3000-pieces-5-57x150.jpg 57w\" sizes=\"(max-width: 389px) 100vw, 389px\" \/><figcaption id=\"caption-attachment-25573\" class=\"wp-caption-text\">SixSix Bricks 992 King Kong avec 3000 pi\u00e8ces<\/figcaption><\/figure>\n<figure id=\"attachment_25572\" aria-describedby=\"caption-attachment-25572\" style=\"width: 492px\" class=\"wp-caption aligncenter\"><img loading=\"lazy\" decoding=\"async\" class=\"wp-image-25572 size-full\" src=\"https:\/\/mouldking.store\/wp-content\/uploads\/2021\/10\/SixSix-Bricks-992-King-Kong-with-3000-pieces-4.jpg\" alt=\"SixSix Bricks 992 King Kong with 3000 pieces\" width=\"492\" height=\"1023\" title=\"-\" srcset=\"https:\/\/mouldking.store\/wp-content\/uploads\/2021\/10\/SixSix-Bricks-992-King-Kong-with-3000-pieces-4.jpg 492w, https:\/\/mouldking.store\/wp-content\/uploads\/2021\/10\/SixSix-Bricks-992-King-Kong-with-3000-pieces-4-144x300.jpg 144w, https:\/\/mouldking.store\/wp-content\/uploads\/2021\/10\/SixSix-Bricks-992-King-Kong-with-3000-pieces-4-300x624.jpg 300w, https:\/\/mouldking.store\/wp-content\/uploads\/2021\/10\/SixSix-Bricks-992-King-Kong-with-3000-pieces-4-72x150.jpg 72w\" sizes=\"(max-width: 492px) 100vw, 492px\" \/><figcaption id=\"caption-attachment-25572\" class=\"wp-caption-text\">SixSix Bricks 992 King Kong avec 3000 pi\u00e8ces<\/figcaption><\/figure>\n<figure id=\"attachment_25571\" aria-describedby=\"caption-attachment-25571\" style=\"width: 504px\" class=\"wp-caption aligncenter\"><img loading=\"lazy\" decoding=\"async\" class=\"wp-image-25571 size-full\" src=\"https:\/\/mouldking.store\/wp-content\/uploads\/2021\/10\/SixSix-Bricks-992-King-Kong-with-3000-pieces-3.jpg\" alt=\"SixSix Bricks 992 King Kong with 3000 pieces\" width=\"504\" height=\"1023\" title=\"-\" srcset=\"https:\/\/mouldking.store\/wp-content\/uploads\/2021\/10\/SixSix-Bricks-992-King-Kong-with-3000-pieces-3.jpg 504w, https:\/\/mouldking.store\/wp-content\/uploads\/2021\/10\/SixSix-Bricks-992-King-Kong-with-3000-pieces-3-148x300.jpg 148w, https:\/\/mouldking.store\/wp-content\/uploads\/2021\/10\/SixSix-Bricks-992-King-Kong-with-3000-pieces-3-300x609.jpg 300w, https:\/\/mouldking.store\/wp-content\/uploads\/2021\/10\/SixSix-Bricks-992-King-Kong-with-3000-pieces-3-74x150.jpg 74w\" sizes=\"(max-width: 504px) 100vw, 504px\" \/><figcaption id=\"caption-attachment-25571\" class=\"wp-caption-text\">SixSix Bricks 992 King Kong avec 3000 pi\u00e8ces<\/figcaption><\/figure>\n<figure id=\"attachment_25570\" aria-describedby=\"caption-attachment-25570\" style=\"width: 766px\" class=\"wp-caption aligncenter\"><img loading=\"lazy\" decoding=\"async\" class=\"wp-image-25570 size-full\" src=\"https:\/\/mouldking.store\/wp-content\/uploads\/2021\/10\/SixSix-Bricks-992-King-Kong-with-3000-pieces-2.jpg\" alt=\"SixSix Bricks 992 King Kong with 3000 pieces\" width=\"766\" height=\"1024\" title=\"-\" srcset=\"https:\/\/mouldking.store\/wp-content\/uploads\/2021\/10\/SixSix-Bricks-992-King-Kong-with-3000-pieces-2.jpg 766w, https:\/\/mouldking.store\/wp-content\/uploads\/2021\/10\/SixSix-Bricks-992-King-Kong-with-3000-pieces-2-224x300.jpg 224w, https:\/\/mouldking.store\/wp-content\/uploads\/2021\/10\/SixSix-Bricks-992-King-Kong-with-3000-pieces-2-300x401.jpg 300w, https:\/\/mouldking.store\/wp-content\/uploads\/2021\/10\/SixSix-Bricks-992-King-Kong-with-3000-pieces-2-600x802.jpg 600w, https:\/\/mouldking.store\/wp-content\/uploads\/2021\/10\/SixSix-Bricks-992-King-Kong-with-3000-pieces-2-112x150.jpg 112w\" sizes=\"(max-width: 766px) 100vw, 766px\" \/><figcaption id=\"caption-attachment-25570\" class=\"wp-caption-text\">SixSix Bricks 992 King Kong avec 3000 pi\u00e8ces<\/figcaption><\/figure>","protected":false},"excerpt":{"rendered":"<p>Product information: Brand: SixSix Bricks Gender: Unisex Name: King Kong Age Range: &gt; 6 years old Model Number: 992 Classification: Assemblage Plastic Block Shape: Self-Locking Bricks Material: Plastic Plastic Type: ABS Bricks Blocks: 3000 PCS Contains detailed assembly instructions. Notice: 1. Without an original box, but we guarantee our products have quality assurance and nice [&hellip;]<\/p>","protected":false},"featured_media":25569,"comment_status":"open","ping_status":"closed","template":"","meta":{"_acf_changed":false},"product_cat":[581],"product_tag":[2511,2508,2510,2507,2506,2509],"class_list":["product","first","instock","shipping-taxable","purchasable","product-type-simple"],"acf":[],"_links":{"self":[{"href":"https:\/\/mouldking.store\/fr\/wp-json\/wp\/v2\/product\/25568","targetHints":{"allow":["GET"]}}],"collection":[{"href":"https:\/\/mouldking.store\/fr\/wp-json\/wp\/v2\/product"}],"about":[{"href":"https:\/\/mouldking.store\/fr\/wp-json\/wp\/v2\/types\/product"}],"replies":[{"embeddable":true,"href":"https:\/\/mouldking.store\/fr\/wp-json\/wp\/v2\/comments?post=25568"}],"wp:featuredmedia":[{"embeddable":true,"href":"https:\/\/mouldking.store\/fr\/wp-json\/wp\/v2\/media\/25569"}],"wp:attachment":[{"href":"https:\/\/mouldking.store\/fr\/wp-json\/wp\/v2\/media?parent=25568"}],"wp:term":[{"taxonomy":"product_cat","embeddable":true,"href":"https:\/\/mouldking.store\/fr\/wp-json\/wp\/v2\/product_cat?post=25568"},{"taxonomy":"product_tag","embeddable":true,"href":"https:\/\/mouldking.store\/fr\/wp-json\/wp\/v2\/product_tag?post=25568"}],"curies":[{"name":"wp","href":"https:\/\/api.w.org\/{rel}","templated":true}]}}