{"id":25618,"date":"2021-10-22T04:29:00","date_gmt":"2021-10-22T04:29:00","guid":{"rendered":"https:\/\/mouldking.store\/?post_type=product&#038;p=25618"},"modified":"2021-12-23T09:41:51","modified_gmt":"2021-12-23T09:41:51","slug":"panlos-611006-brontosaurus-with-1715-pieces","status":"publish","type":"product","link":"https:\/\/mouldking.store\/fr\/shop\/panlos-611006-brontosaurus-with-1715-pieces\/","title":{"rendered":"PANLOS 611006 Brontosaure avec 1715 pi\u00e8ces"},"content":{"rendered":"<p>Information produit:<\/p>\n<ol>\n<li>Marque : PANLOS<\/li>\n<li>Genre: Unisexe<\/li>\n<li>Nom : Brontosaure<\/li>\n<li>Tranche d&#039;\u00e2ge : &gt; 6 ans<\/li>\n<li>Num\u00e9ro de mod\u00e8le: 611006<\/li>\n<li>Classement : Assemblage<\/li>\n<li>Forme de bloc en plastique\u00a0: briques autobloquantes<\/li>\n<li>Mat\u00e9riel: Plastique<\/li>\n<li>Type de plastique : ABS<\/li>\n<li>Blocs de briques : 1715 PCS<\/li>\n<li>Contient des instructions de montage d\u00e9taill\u00e9es.<\/li>\n<\/ol>\n<p>Avis:<br \/>\n1. Sans bo\u00eete d&#039;origine, mais nous garantissons que nos produits ont une assurance qualit\u00e9 et un bel emballage.<br \/>\n2. Comme toutes les pi\u00e8ces que nous avons v\u00e9rifi\u00e9es avant l&#039;exp\u00e9dition, donc si vous trouvez des pi\u00e8ces manquantes ou endommag\u00e9es, ne vous inqui\u00e9tez pas et veuillez nous contacter et nous pouvons vous les renvoyer imm\u00e9diatement gratuitement.<\/p>\n<figure id=\"attachment_25623\" aria-describedby=\"caption-attachment-25623\" style=\"width: 741px\" class=\"wp-caption aligncenter\"><img fetchpriority=\"high\" decoding=\"async\" class=\"wp-image-25623 size-full\" src=\"https:\/\/mouldking.store\/wp-content\/uploads\/2021\/10\/PANLOS-611006-Brontosaurus-with-1715-pieces-5.jpg\" alt=\"PANLOS 611006 Brontosaurus with 1715 pieces\" width=\"741\" height=\"1024\" title=\"-\" srcset=\"https:\/\/mouldking.store\/wp-content\/uploads\/2021\/10\/PANLOS-611006-Brontosaurus-with-1715-pieces-5.jpg 741w, https:\/\/mouldking.store\/wp-content\/uploads\/2021\/10\/PANLOS-611006-Brontosaurus-with-1715-pieces-5-217x300.jpg 217w, https:\/\/mouldking.store\/wp-content\/uploads\/2021\/10\/PANLOS-611006-Brontosaurus-with-1715-pieces-5-300x415.jpg 300w, https:\/\/mouldking.store\/wp-content\/uploads\/2021\/10\/PANLOS-611006-Brontosaurus-with-1715-pieces-5-600x829.jpg 600w, https:\/\/mouldking.store\/wp-content\/uploads\/2021\/10\/PANLOS-611006-Brontosaurus-with-1715-pieces-5-109x150.jpg 109w\" sizes=\"(max-width: 741px) 100vw, 741px\" \/><figcaption id=\"caption-attachment-25623\" class=\"wp-caption-text\">PANLOS 611006 Brontosaure avec 1715 pi\u00e8ces<\/figcaption><\/figure>\n<figure id=\"attachment_25622\" aria-describedby=\"caption-attachment-25622\" style=\"width: 667px\" class=\"wp-caption aligncenter\"><img decoding=\"async\" class=\"wp-image-25622 size-full\" src=\"https:\/\/mouldking.store\/wp-content\/uploads\/2021\/10\/PANLOS-611006-Brontosaurus-with-1715-pieces-4.jpg\" alt=\"PANLOS 611006 Brontosaurus with 1715 pieces\" width=\"667\" height=\"1024\" title=\"-\" srcset=\"https:\/\/mouldking.store\/wp-content\/uploads\/2021\/10\/PANLOS-611006-Brontosaurus-with-1715-pieces-4.jpg 667w, https:\/\/mouldking.store\/wp-content\/uploads\/2021\/10\/PANLOS-611006-Brontosaurus-with-1715-pieces-4-195x300.jpg 195w, https:\/\/mouldking.store\/wp-content\/uploads\/2021\/10\/PANLOS-611006-Brontosaurus-with-1715-pieces-4-300x461.jpg 300w, https:\/\/mouldking.store\/wp-content\/uploads\/2021\/10\/PANLOS-611006-Brontosaurus-with-1715-pieces-4-600x921.jpg 600w, https:\/\/mouldking.store\/wp-content\/uploads\/2021\/10\/PANLOS-611006-Brontosaurus-with-1715-pieces-4-98x150.jpg 98w\" sizes=\"(max-width: 667px) 100vw, 667px\" \/><figcaption id=\"caption-attachment-25622\" class=\"wp-caption-text\">PANLOS 611006 Brontosaure avec 1715 pi\u00e8ces<\/figcaption><\/figure>\n<figure id=\"attachment_25621\" aria-describedby=\"caption-attachment-25621\" style=\"width: 589px\" class=\"wp-caption aligncenter\"><img decoding=\"async\" class=\"wp-image-25621 size-full\" src=\"https:\/\/mouldking.store\/wp-content\/uploads\/2021\/10\/PANLOS-611006-Brontosaurus-with-1715-pieces-3.jpg\" alt=\"PANLOS 611006 Brontosaurus with 1715 pieces\" width=\"589\" height=\"1024\" title=\"-\" srcset=\"https:\/\/mouldking.store\/wp-content\/uploads\/2021\/10\/PANLOS-611006-Brontosaurus-with-1715-pieces-3.jpg 589w, https:\/\/mouldking.store\/wp-content\/uploads\/2021\/10\/PANLOS-611006-Brontosaurus-with-1715-pieces-3-173x300.jpg 173w, https:\/\/mouldking.store\/wp-content\/uploads\/2021\/10\/PANLOS-611006-Brontosaurus-with-1715-pieces-3-300x522.jpg 300w, https:\/\/mouldking.store\/wp-content\/uploads\/2021\/10\/PANLOS-611006-Brontosaurus-with-1715-pieces-3-86x150.jpg 86w\" sizes=\"(max-width: 589px) 100vw, 589px\" \/><figcaption id=\"caption-attachment-25621\" class=\"wp-caption-text\">PANLOS 611006 Brontosaure avec 1715 pi\u00e8ces<\/figcaption><\/figure>\n<figure id=\"attachment_25620\" aria-describedby=\"caption-attachment-25620\" style=\"width: 800px\" class=\"wp-caption aligncenter\"><img loading=\"lazy\" decoding=\"async\" class=\"wp-image-25620 size-full\" src=\"https:\/\/mouldking.store\/wp-content\/uploads\/2021\/10\/PANLOS-611006-Brontosaurus-with-1715-pieces-2.jpg\" alt=\"PANLOS 611006 Brontosaurus with 1715 pieces\" width=\"800\" height=\"800\" title=\"-\" srcset=\"https:\/\/mouldking.store\/wp-content\/uploads\/2021\/10\/PANLOS-611006-Brontosaurus-with-1715-pieces-2.jpg 800w, https:\/\/mouldking.store\/wp-content\/uploads\/2021\/10\/PANLOS-611006-Brontosaurus-with-1715-pieces-2-300x300.jpg 300w, https:\/\/mouldking.store\/wp-content\/uploads\/2021\/10\/PANLOS-611006-Brontosaurus-with-1715-pieces-2-768x768.jpg 768w, https:\/\/mouldking.store\/wp-content\/uploads\/2021\/10\/PANLOS-611006-Brontosaurus-with-1715-pieces-2-600x600.jpg 600w, https:\/\/mouldking.store\/wp-content\/uploads\/2021\/10\/PANLOS-611006-Brontosaurus-with-1715-pieces-2-150x150.jpg 150w\" sizes=\"(max-width: 800px) 100vw, 800px\" \/><figcaption id=\"caption-attachment-25620\" class=\"wp-caption-text\">PANLOS 611006 Brontosaure avec 1715 pi\u00e8ces<\/figcaption><\/figure>","protected":false},"excerpt":{"rendered":"<p>Product information: Brand: PANLOS Gender: Unisex Name: Brontosaurus Age Range: &gt; 6 years old Model Number: 611006 Classification: Assemblage Plastic Block Shape: Self-Locking Bricks Material: Plastic Plastic Type: ABS Bricks Blocks: 1715 PCS Contains detailed assembly instructions. Notice: 1. Without an original box, but we guarantee our products have quality assurance and nice packaging. 2. [&hellip;]<\/p>","protected":false},"featured_media":25619,"comment_status":"open","ping_status":"closed","template":"","meta":{"_acf_changed":false},"product_cat":[371],"product_tag":[2532,2234,1851,2531,2530,2235],"class_list":["product","first","instock","shipping-taxable","purchasable","product-type-simple"],"acf":[],"_links":{"self":[{"href":"https:\/\/mouldking.store\/fr\/wp-json\/wp\/v2\/product\/25618","targetHints":{"allow":["GET"]}}],"collection":[{"href":"https:\/\/mouldking.store\/fr\/wp-json\/wp\/v2\/product"}],"about":[{"href":"https:\/\/mouldking.store\/fr\/wp-json\/wp\/v2\/types\/product"}],"replies":[{"embeddable":true,"href":"https:\/\/mouldking.store\/fr\/wp-json\/wp\/v2\/comments?post=25618"}],"wp:featuredmedia":[{"embeddable":true,"href":"https:\/\/mouldking.store\/fr\/wp-json\/wp\/v2\/media\/25619"}],"wp:attachment":[{"href":"https:\/\/mouldking.store\/fr\/wp-json\/wp\/v2\/media?parent=25618"}],"wp:term":[{"taxonomy":"product_cat","embeddable":true,"href":"https:\/\/mouldking.store\/fr\/wp-json\/wp\/v2\/product_cat?post=25618"},{"taxonomy":"product_tag","embeddable":true,"href":"https:\/\/mouldking.store\/fr\/wp-json\/wp\/v2\/product_tag?post=25618"}],"curies":[{"name":"wp","href":"https:\/\/api.w.org\/{rel}","templated":true}]}}