{"id":26518,"date":"2021-11-03T12:07:18","date_gmt":"2021-11-03T12:07:18","guid":{"rendered":"https:\/\/mouldking.store\/?post_type=product&#038;p=26518"},"modified":"2025-12-25T09:17:10","modified_gmt":"2025-12-25T02:17:10","slug":"moc-15136-aratech-c-ph-patrol-speeder-with-92-pieces","status":"publish","type":"product","link":"https:\/\/mouldking.store\/fr\/shop\/moc-15136-aratech-c-ph-patrol-speeder-with-92-pieces\/","title":{"rendered":"MOC-15136 Speeder de patrouille ARATECH C-PH avec 92 pi\u00e8ces"},"content":{"rendered":"<p>Information produit:<\/p>\n<ol>\n<li>Marque : MOC<\/li>\n<li>Genre: Unisexe<\/li>\n<li>Name: ARATECH C-PH Patrol Speeder<\/li>\n<li>Tranche d&#039;\u00e2ge : &gt; 6 ans<\/li>\n<li>Model Number: MOC-15136<\/li>\n<li>Classement : Assemblage<\/li>\n<li>Forme de bloc en plastique\u00a0: briques autobloquantes<\/li>\n<li>Mat\u00e9riel: Plastique<\/li>\n<li>Type de plastique : ABS<\/li>\n<li>Bricks Blocks: 92 PCS<\/li>\n<li>Contient des instructions de montage d\u00e9taill\u00e9es.<\/li>\n<\/ol>\n<p>Avis:<br \/>\n1. Sans bo\u00eete d&#039;origine, mais nous garantissons que nos produits ont une assurance qualit\u00e9 et un bel emballage.<br \/>\n2. Comme toutes les pi\u00e8ces que nous avons v\u00e9rifi\u00e9es avant l&#039;exp\u00e9dition, donc si vous trouvez des pi\u00e8ces manquantes ou endommag\u00e9es, ne vous inqui\u00e9tez pas et veuillez nous contacter et nous pouvons vous les renvoyer imm\u00e9diatement gratuitement.<\/p>\n<figure id=\"attachment_26519\" aria-describedby=\"caption-attachment-26519\" style=\"width: 1000px\" class=\"wp-caption aligncenter\"><img fetchpriority=\"high\" decoding=\"async\" class=\"size-full wp-image-26519\" title=\"MOC-15136 Speeder de patrouille ARATECH C-PH avec 92 pi\u00e8ces\" src=\"https:\/\/mouldking.store\/wp-content\/uploads\/2021\/11\/moc-15136-aratech-c-ph-patrol-speeder-with-92-pieces.jpg\" alt=\"MOC-15136 ARATECH C-PH Patrol Speeder with 92 pieces\" width=\"1000\" height=\"1000\" srcset=\"https:\/\/mouldking.store\/wp-content\/uploads\/2021\/11\/moc-15136-aratech-c-ph-patrol-speeder-with-92-pieces.jpg 1000w, https:\/\/mouldking.store\/wp-content\/uploads\/2021\/11\/moc-15136-aratech-c-ph-patrol-speeder-with-92-pieces-300x300.jpg 300w, https:\/\/mouldking.store\/wp-content\/uploads\/2021\/11\/moc-15136-aratech-c-ph-patrol-speeder-with-92-pieces-768x768.jpg 768w, https:\/\/mouldking.store\/wp-content\/uploads\/2021\/11\/moc-15136-aratech-c-ph-patrol-speeder-with-92-pieces-600x600.jpg 600w, https:\/\/mouldking.store\/wp-content\/uploads\/2021\/11\/moc-15136-aratech-c-ph-patrol-speeder-with-92-pieces-150x150.jpg 150w\" sizes=\"(max-width: 1000px) 100vw, 1000px\" \/><figcaption id=\"caption-attachment-26519\" class=\"wp-caption-text\">MOC-15136 Speeder de patrouille ARATECH C-PH avec 92 pi\u00e8ces<\/figcaption><\/figure>\n<figure id=\"attachment_26519\" aria-describedby=\"caption-attachment-26519\" style=\"width: 1000px\" class=\"wp-caption aligncenter\"><img fetchpriority=\"high\" decoding=\"async\" class=\"size-full wp-image-26519\" title=\"MOC-15136 Speeder de patrouille ARATECH C-PH avec 92 pi\u00e8ces\" src=\"https:\/\/mouldking.store\/wp-content\/uploads\/2021\/11\/moc-15136-aratech-c-ph-patrol-speeder-with-92-pieces.jpg\" alt=\"MOC-15136 ARATECH C-PH Patrol Speeder with 92 pieces\" width=\"1000\" height=\"1000\" srcset=\"https:\/\/mouldking.store\/wp-content\/uploads\/2021\/11\/moc-15136-aratech-c-ph-patrol-speeder-with-92-pieces.jpg 1000w, https:\/\/mouldking.store\/wp-content\/uploads\/2021\/11\/moc-15136-aratech-c-ph-patrol-speeder-with-92-pieces-300x300.jpg 300w, https:\/\/mouldking.store\/wp-content\/uploads\/2021\/11\/moc-15136-aratech-c-ph-patrol-speeder-with-92-pieces-768x768.jpg 768w, https:\/\/mouldking.store\/wp-content\/uploads\/2021\/11\/moc-15136-aratech-c-ph-patrol-speeder-with-92-pieces-600x600.jpg 600w, https:\/\/mouldking.store\/wp-content\/uploads\/2021\/11\/moc-15136-aratech-c-ph-patrol-speeder-with-92-pieces-150x150.jpg 150w\" sizes=\"(max-width: 1000px) 100vw, 1000px\" \/><figcaption id=\"caption-attachment-26519\" class=\"wp-caption-text\">MOC-15136 Speeder de patrouille ARATECH C-PH avec 92 pi\u00e8ces<\/figcaption><\/figure>\n<figure id=\"attachment_26521\" aria-describedby=\"caption-attachment-26521\" style=\"width: 1000px\" class=\"wp-caption aligncenter\"><img decoding=\"async\" class=\"size-full wp-image-26521\" title=\"MOC-15136 Speeder de patrouille ARATECH C-PH avec 92 pi\u00e8ces\" src=\"https:\/\/mouldking.store\/wp-content\/uploads\/2021\/11\/moc-15136-aratech-c-ph-patrol-speeder-with-92-pieces-2.jpg\" alt=\"MOC-15136 ARATECH C-PH Patrol Speeder with 92 pieces\" width=\"1000\" height=\"1000\" srcset=\"https:\/\/mouldking.store\/wp-content\/uploads\/2021\/11\/moc-15136-aratech-c-ph-patrol-speeder-with-92-pieces-2.jpg 1000w, https:\/\/mouldking.store\/wp-content\/uploads\/2021\/11\/moc-15136-aratech-c-ph-patrol-speeder-with-92-pieces-2-300x300.jpg 300w, https:\/\/mouldking.store\/wp-content\/uploads\/2021\/11\/moc-15136-aratech-c-ph-patrol-speeder-with-92-pieces-2-768x768.jpg 768w, https:\/\/mouldking.store\/wp-content\/uploads\/2021\/11\/moc-15136-aratech-c-ph-patrol-speeder-with-92-pieces-2-600x600.jpg 600w, https:\/\/mouldking.store\/wp-content\/uploads\/2021\/11\/moc-15136-aratech-c-ph-patrol-speeder-with-92-pieces-2-150x150.jpg 150w\" sizes=\"(max-width: 1000px) 100vw, 1000px\" \/><figcaption id=\"caption-attachment-26521\" class=\"wp-caption-text\">MOC-15136 Speeder de patrouille ARATECH C-PH avec 92 pi\u00e8ces<\/figcaption><\/figure>\n<figure id=\"attachment_26522\" aria-describedby=\"caption-attachment-26522\" style=\"width: 1000px\" class=\"wp-caption aligncenter\"><img decoding=\"async\" class=\"size-full wp-image-26522\" title=\"MOC-15136 Speeder de patrouille ARATECH C-PH avec 92 pi\u00e8ces\" src=\"https:\/\/mouldking.store\/wp-content\/uploads\/2021\/11\/moc-15136-aratech-c-ph-patrol-speeder-with-92-pieces-3.jpg\" alt=\"MOC-15136 ARATECH C-PH Patrol Speeder with 92 pieces\" width=\"1000\" height=\"1000\" srcset=\"https:\/\/mouldking.store\/wp-content\/uploads\/2021\/11\/moc-15136-aratech-c-ph-patrol-speeder-with-92-pieces-3.jpg 1000w, https:\/\/mouldking.store\/wp-content\/uploads\/2021\/11\/moc-15136-aratech-c-ph-patrol-speeder-with-92-pieces-3-300x300.jpg 300w, https:\/\/mouldking.store\/wp-content\/uploads\/2021\/11\/moc-15136-aratech-c-ph-patrol-speeder-with-92-pieces-3-768x768.jpg 768w, https:\/\/mouldking.store\/wp-content\/uploads\/2021\/11\/moc-15136-aratech-c-ph-patrol-speeder-with-92-pieces-3-600x600.jpg 600w, https:\/\/mouldking.store\/wp-content\/uploads\/2021\/11\/moc-15136-aratech-c-ph-patrol-speeder-with-92-pieces-3-150x150.jpg 150w\" sizes=\"(max-width: 1000px) 100vw, 1000px\" \/><figcaption id=\"caption-attachment-26522\" class=\"wp-caption-text\">MOC-15136 Speeder de patrouille ARATECH C-PH avec 92 pi\u00e8ces<\/figcaption><\/figure>\n<p>&nbsp;<\/p>","protected":false},"excerpt":{"rendered":"<p>Product information: Brand: MOC Gender: Unisex Name: ARATECH C-PH Patrol Speeder Age Range: &gt; 6 years old Model Number: MOC-15136 Classification: Assemblage Plastic Block Shape: Self-Locking Bricks Material: Plastic Plastic Type: ABS Bricks Blocks: 92 PCS Contains detailed assembly instructions. Notice: 1. Without an original box, but we guarantee our products have quality assurance and [&hellip;]<\/p>","protected":false},"featured_media":26523,"comment_status":"open","ping_status":"closed","template":"","meta":{"_acf_changed":false},"product_cat":[415],"product_tag":[3045,3044],"class_list":["product","first","instock","shipping-taxable","purchasable","product-type-simple"],"acf":[],"_links":{"self":[{"href":"https:\/\/mouldking.store\/fr\/wp-json\/wp\/v2\/product\/26518","targetHints":{"allow":["GET"]}}],"collection":[{"href":"https:\/\/mouldking.store\/fr\/wp-json\/wp\/v2\/product"}],"about":[{"href":"https:\/\/mouldking.store\/fr\/wp-json\/wp\/v2\/types\/product"}],"replies":[{"embeddable":true,"href":"https:\/\/mouldking.store\/fr\/wp-json\/wp\/v2\/comments?post=26518"}],"wp:featuredmedia":[{"embeddable":true,"href":"https:\/\/mouldking.store\/fr\/wp-json\/wp\/v2\/media\/26523"}],"wp:attachment":[{"href":"https:\/\/mouldking.store\/fr\/wp-json\/wp\/v2\/media?parent=26518"}],"wp:term":[{"taxonomy":"product_cat","embeddable":true,"href":"https:\/\/mouldking.store\/fr\/wp-json\/wp\/v2\/product_cat?post=26518"},{"taxonomy":"product_tag","embeddable":true,"href":"https:\/\/mouldking.store\/fr\/wp-json\/wp\/v2\/product_tag?post=26518"}],"curies":[{"name":"wp","href":"https:\/\/api.w.org\/{rel}","templated":true}]}}