{"id":26581,"date":"2021-11-04T03:08:20","date_gmt":"2021-11-04T03:08:20","guid":{"rendered":"https:\/\/mouldking.store\/?post_type=product&#038;p=26581"},"modified":"2021-12-23T09:40:50","modified_gmt":"2021-12-23T09:40:50","slug":"tgl-t5004-chrome-bugatti-with-3728-pieces","status":"publish","type":"product","link":"https:\/\/mouldking.store\/fr\/shop\/tgl-t5004-chrome-bugatti-with-3728-pieces\/","title":{"rendered":"TGL T5004 Bugatti chrom\u00e9 avec 3728 pi\u00e8ces"},"content":{"rendered":"<p>Information produit:<\/p>\n<ol>\n<li>Marque : TGL<\/li>\n<li>Genre: Unisexe<\/li>\n<li>Nom : Chrome Bugatti<\/li>\n<li>Tranche d&#039;\u00e2ge : &gt; 6 ans<\/li>\n<li>Num\u00e9ro de mod\u00e8le: T5004<\/li>\n<li>Classement : Assemblage<\/li>\n<li>Forme de bloc en plastique\u00a0: briques autobloquantes<\/li>\n<li>Mat\u00e9riel: Plastique<\/li>\n<li>Type de plastique : ABS<\/li>\n<li>Blocs de briques : 3728 PCS<\/li>\n<li>Contient des instructions de montage d\u00e9taill\u00e9es.<\/li>\n<\/ol>\n<p>Avis:<br \/>\n1. Sans bo\u00eete d&#039;origine, mais nous garantissons que nos produits ont une assurance qualit\u00e9 et un bel emballage.<br \/>\n2. Comme toutes les pi\u00e8ces que nous avons v\u00e9rifi\u00e9es avant l&#039;exp\u00e9dition, donc si vous trouvez des pi\u00e8ces manquantes ou endommag\u00e9es, ne vous inqui\u00e9tez pas et veuillez nous contacter et nous pouvons vous les renvoyer imm\u00e9diatement gratuitement.<\/p>\n<figure id=\"attachment_26582\" aria-describedby=\"caption-attachment-26582\" style=\"width: 800px\" class=\"wp-caption aligncenter\"><img fetchpriority=\"high\" decoding=\"async\" class=\"wp-image-26582 size-full\" src=\"https:\/\/mouldking.store\/wp-content\/uploads\/2021\/11\/TECHNICIAN-TGL-T5004-Chrome-Bugatti-1.jpg\" alt=\"TGL T5004 Chrome Bugatti with 3728 pieces\" width=\"800\" height=\"800\" title=\"-\" srcset=\"https:\/\/mouldking.store\/wp-content\/uploads\/2021\/11\/TECHNICIAN-TGL-T5004-Chrome-Bugatti-1.jpg 800w, https:\/\/mouldking.store\/wp-content\/uploads\/2021\/11\/TECHNICIAN-TGL-T5004-Chrome-Bugatti-1-300x300.jpg 300w, https:\/\/mouldking.store\/wp-content\/uploads\/2021\/11\/TECHNICIAN-TGL-T5004-Chrome-Bugatti-1-768x768.jpg 768w, https:\/\/mouldking.store\/wp-content\/uploads\/2021\/11\/TECHNICIAN-TGL-T5004-Chrome-Bugatti-1-600x600.jpg 600w, https:\/\/mouldking.store\/wp-content\/uploads\/2021\/11\/TECHNICIAN-TGL-T5004-Chrome-Bugatti-1-150x150.jpg 150w\" sizes=\"(max-width: 800px) 100vw, 800px\" \/><figcaption id=\"caption-attachment-26582\" class=\"wp-caption-text\">TGL T5004 Bugatti chrom\u00e9 avec 3728 pi\u00e8ces<\/figcaption><\/figure>\n<figure id=\"attachment_26583\" aria-describedby=\"caption-attachment-26583\" style=\"width: 800px\" class=\"wp-caption aligncenter\"><img decoding=\"async\" class=\"wp-image-26583 size-full\" src=\"https:\/\/mouldking.store\/wp-content\/uploads\/2021\/11\/TECHNICIAN-TGL-T5004-Chrome-Bugatti-2.jpg\" alt=\"TGL T5004 Chrome Bugatti with 3728 pieces\" width=\"800\" height=\"800\" title=\"-\" srcset=\"https:\/\/mouldking.store\/wp-content\/uploads\/2021\/11\/TECHNICIAN-TGL-T5004-Chrome-Bugatti-2.jpg 800w, https:\/\/mouldking.store\/wp-content\/uploads\/2021\/11\/TECHNICIAN-TGL-T5004-Chrome-Bugatti-2-300x300.jpg 300w, https:\/\/mouldking.store\/wp-content\/uploads\/2021\/11\/TECHNICIAN-TGL-T5004-Chrome-Bugatti-2-768x768.jpg 768w, https:\/\/mouldking.store\/wp-content\/uploads\/2021\/11\/TECHNICIAN-TGL-T5004-Chrome-Bugatti-2-600x600.jpg 600w, https:\/\/mouldking.store\/wp-content\/uploads\/2021\/11\/TECHNICIAN-TGL-T5004-Chrome-Bugatti-2-150x150.jpg 150w\" sizes=\"(max-width: 800px) 100vw, 800px\" \/><figcaption id=\"caption-attachment-26583\" class=\"wp-caption-text\">TGL T5004 Bugatti chrom\u00e9 avec 3728 pi\u00e8ces<\/figcaption><\/figure>\n<figure id=\"attachment_26586\" aria-describedby=\"caption-attachment-26586\" style=\"width: 825px\" class=\"wp-caption aligncenter\"><img decoding=\"async\" class=\"wp-image-26586 size-full\" src=\"https:\/\/mouldking.store\/wp-content\/uploads\/2021\/11\/TECHNICIAN-TGL-T5004-Chrome-Bugatti-5.jpg\" alt=\"TGL T5004 Chrome Bugatti with 3728 pieces\" width=\"825\" height=\"1024\" title=\"-\" srcset=\"https:\/\/mouldking.store\/wp-content\/uploads\/2021\/11\/TECHNICIAN-TGL-T5004-Chrome-Bugatti-5.jpg 825w, https:\/\/mouldking.store\/wp-content\/uploads\/2021\/11\/TECHNICIAN-TGL-T5004-Chrome-Bugatti-5-242x300.jpg 242w, https:\/\/mouldking.store\/wp-content\/uploads\/2021\/11\/TECHNICIAN-TGL-T5004-Chrome-Bugatti-5-768x953.jpg 768w, https:\/\/mouldking.store\/wp-content\/uploads\/2021\/11\/TECHNICIAN-TGL-T5004-Chrome-Bugatti-5-300x372.jpg 300w, https:\/\/mouldking.store\/wp-content\/uploads\/2021\/11\/TECHNICIAN-TGL-T5004-Chrome-Bugatti-5-600x745.jpg 600w, https:\/\/mouldking.store\/wp-content\/uploads\/2021\/11\/TECHNICIAN-TGL-T5004-Chrome-Bugatti-5-121x150.jpg 121w\" sizes=\"(max-width: 825px) 100vw, 825px\" \/><figcaption id=\"caption-attachment-26586\" class=\"wp-caption-text\">TGL T5004 Bugatti chrom\u00e9 avec 3728 pi\u00e8ces<\/figcaption><\/figure>\n<figure id=\"attachment_26587\" aria-describedby=\"caption-attachment-26587\" style=\"width: 668px\" class=\"wp-caption aligncenter\"><img loading=\"lazy\" decoding=\"async\" class=\"wp-image-26587 size-full\" src=\"https:\/\/mouldking.store\/wp-content\/uploads\/2021\/11\/TECHNICIAN-TGL-T5004-Chrome-Bugatti-6.jpg\" alt=\"TGL T5004 Chrome Bugatti with 3728 pieces\" width=\"668\" height=\"1023\" title=\"-\" srcset=\"https:\/\/mouldking.store\/wp-content\/uploads\/2021\/11\/TECHNICIAN-TGL-T5004-Chrome-Bugatti-6.jpg 668w, https:\/\/mouldking.store\/wp-content\/uploads\/2021\/11\/TECHNICIAN-TGL-T5004-Chrome-Bugatti-6-196x300.jpg 196w, https:\/\/mouldking.store\/wp-content\/uploads\/2021\/11\/TECHNICIAN-TGL-T5004-Chrome-Bugatti-6-300x459.jpg 300w, https:\/\/mouldking.store\/wp-content\/uploads\/2021\/11\/TECHNICIAN-TGL-T5004-Chrome-Bugatti-6-600x919.jpg 600w, https:\/\/mouldking.store\/wp-content\/uploads\/2021\/11\/TECHNICIAN-TGL-T5004-Chrome-Bugatti-6-98x150.jpg 98w\" sizes=\"(max-width: 668px) 100vw, 668px\" \/><figcaption id=\"caption-attachment-26587\" class=\"wp-caption-text\">TGL T5004 Bugatti chrom\u00e9 avec 3728 pi\u00e8ces<\/figcaption><\/figure>\n<figure id=\"attachment_26589\" aria-describedby=\"caption-attachment-26589\" style=\"width: 775px\" class=\"wp-caption aligncenter\"><img loading=\"lazy\" decoding=\"async\" class=\"wp-image-26589 size-full\" src=\"https:\/\/mouldking.store\/wp-content\/uploads\/2021\/11\/TECHNICIAN-TGL-T5004-Chrome-Bugatti-7.jpg\" alt=\"TGL T5004 Chrome Bugatti with 3728 pieces\" width=\"775\" height=\"1024\" title=\"-\" srcset=\"https:\/\/mouldking.store\/wp-content\/uploads\/2021\/11\/TECHNICIAN-TGL-T5004-Chrome-Bugatti-7.jpg 775w, https:\/\/mouldking.store\/wp-content\/uploads\/2021\/11\/TECHNICIAN-TGL-T5004-Chrome-Bugatti-7-227x300.jpg 227w, https:\/\/mouldking.store\/wp-content\/uploads\/2021\/11\/TECHNICIAN-TGL-T5004-Chrome-Bugatti-7-768x1015.jpg 768w, https:\/\/mouldking.store\/wp-content\/uploads\/2021\/11\/TECHNICIAN-TGL-T5004-Chrome-Bugatti-7-300x396.jpg 300w, https:\/\/mouldking.store\/wp-content\/uploads\/2021\/11\/TECHNICIAN-TGL-T5004-Chrome-Bugatti-7-600x793.jpg 600w, https:\/\/mouldking.store\/wp-content\/uploads\/2021\/11\/TECHNICIAN-TGL-T5004-Chrome-Bugatti-7-114x150.jpg 114w\" sizes=\"(max-width: 775px) 100vw, 775px\" \/><figcaption id=\"caption-attachment-26589\" class=\"wp-caption-text\">TGL T5004 Bugatti chrom\u00e9 avec 3728 pi\u00e8ces<\/figcaption><\/figure>\n<figure id=\"attachment_26585\" aria-describedby=\"caption-attachment-26585\" style=\"width: 790px\" class=\"wp-caption aligncenter\"><img loading=\"lazy\" decoding=\"async\" class=\"wp-image-26585 size-full\" src=\"https:\/\/mouldking.store\/wp-content\/uploads\/2021\/11\/TECHNICIAN-TGL-T5004-Chrome-Bugatti-4.jpg\" alt=\"TGL T5004 Chrome Bugatti with 3728 pieces\" width=\"790\" height=\"846\" title=\"-\" srcset=\"https:\/\/mouldking.store\/wp-content\/uploads\/2021\/11\/TECHNICIAN-TGL-T5004-Chrome-Bugatti-4.jpg 790w, https:\/\/mouldking.store\/wp-content\/uploads\/2021\/11\/TECHNICIAN-TGL-T5004-Chrome-Bugatti-4-280x300.jpg 280w, https:\/\/mouldking.store\/wp-content\/uploads\/2021\/11\/TECHNICIAN-TGL-T5004-Chrome-Bugatti-4-768x822.jpg 768w, https:\/\/mouldking.store\/wp-content\/uploads\/2021\/11\/TECHNICIAN-TGL-T5004-Chrome-Bugatti-4-300x321.jpg 300w, https:\/\/mouldking.store\/wp-content\/uploads\/2021\/11\/TECHNICIAN-TGL-T5004-Chrome-Bugatti-4-600x643.jpg 600w, https:\/\/mouldking.store\/wp-content\/uploads\/2021\/11\/TECHNICIAN-TGL-T5004-Chrome-Bugatti-4-140x150.jpg 140w\" sizes=\"(max-width: 790px) 100vw, 790px\" \/><figcaption id=\"caption-attachment-26585\" class=\"wp-caption-text\">TGL T5004 Bugatti chrom\u00e9 avec 3728 pi\u00e8ces<\/figcaption><\/figure>\n<figure id=\"attachment_26584\" aria-describedby=\"caption-attachment-26584\" style=\"width: 800px\" class=\"wp-caption aligncenter\"><img loading=\"lazy\" decoding=\"async\" class=\"wp-image-26584 size-full\" src=\"https:\/\/mouldking.store\/wp-content\/uploads\/2021\/11\/TECHNICIAN-TGL-T5004-Chrome-Bugatti-3.jpg\" alt=\"TGL T5004 Chrome Bugatti with 3728 pieces\" width=\"800\" height=\"800\" title=\"-\" srcset=\"https:\/\/mouldking.store\/wp-content\/uploads\/2021\/11\/TECHNICIAN-TGL-T5004-Chrome-Bugatti-3.jpg 800w, https:\/\/mouldking.store\/wp-content\/uploads\/2021\/11\/TECHNICIAN-TGL-T5004-Chrome-Bugatti-3-300x300.jpg 300w, https:\/\/mouldking.store\/wp-content\/uploads\/2021\/11\/TECHNICIAN-TGL-T5004-Chrome-Bugatti-3-768x768.jpg 768w, https:\/\/mouldking.store\/wp-content\/uploads\/2021\/11\/TECHNICIAN-TGL-T5004-Chrome-Bugatti-3-600x600.jpg 600w, https:\/\/mouldking.store\/wp-content\/uploads\/2021\/11\/TECHNICIAN-TGL-T5004-Chrome-Bugatti-3-150x150.jpg 150w\" sizes=\"(max-width: 800px) 100vw, 800px\" \/><figcaption id=\"caption-attachment-26584\" class=\"wp-caption-text\">TGL T5004 Bugatti chrom\u00e9 avec 3728 pi\u00e8ces<\/figcaption><\/figure>\n<figure id=\"attachment_26597\" aria-describedby=\"caption-attachment-26597\" style=\"width: 645px\" class=\"wp-caption aligncenter\"><img loading=\"lazy\" decoding=\"async\" class=\"wp-image-26597 size-full\" src=\"https:\/\/mouldking.store\/wp-content\/uploads\/2021\/11\/TECHNICIAN-TGL-T5004-Chrome-Bugatti-15.jpg\" alt=\"TGL T5004 Chrome Bugatti with 3728 pieces\" width=\"645\" height=\"1024\" title=\"-\" srcset=\"https:\/\/mouldking.store\/wp-content\/uploads\/2021\/11\/TECHNICIAN-TGL-T5004-Chrome-Bugatti-15.jpg 645w, https:\/\/mouldking.store\/wp-content\/uploads\/2021\/11\/TECHNICIAN-TGL-T5004-Chrome-Bugatti-15-189x300.jpg 189w, https:\/\/mouldking.store\/wp-content\/uploads\/2021\/11\/TECHNICIAN-TGL-T5004-Chrome-Bugatti-15-300x476.jpg 300w, https:\/\/mouldking.store\/wp-content\/uploads\/2021\/11\/TECHNICIAN-TGL-T5004-Chrome-Bugatti-15-600x953.jpg 600w, https:\/\/mouldking.store\/wp-content\/uploads\/2021\/11\/TECHNICIAN-TGL-T5004-Chrome-Bugatti-15-94x150.jpg 94w\" sizes=\"(max-width: 645px) 100vw, 645px\" \/><figcaption id=\"caption-attachment-26597\" class=\"wp-caption-text\">TGL T5004 Bugatti chrom\u00e9 avec 3728 pi\u00e8ces<\/figcaption><\/figure>\n<figure id=\"attachment_26596\" aria-describedby=\"caption-attachment-26596\" style=\"width: 597px\" class=\"wp-caption aligncenter\"><img loading=\"lazy\" decoding=\"async\" class=\"wp-image-26596 size-full\" src=\"https:\/\/mouldking.store\/wp-content\/uploads\/2021\/11\/TECHNICIAN-TGL-T5004-Chrome-Bugatti-14.jpg\" alt=\"TGL T5004 Chrome Bugatti with 3728 pieces\" width=\"597\" height=\"1024\" title=\"-\" srcset=\"https:\/\/mouldking.store\/wp-content\/uploads\/2021\/11\/TECHNICIAN-TGL-T5004-Chrome-Bugatti-14.jpg 597w, https:\/\/mouldking.store\/wp-content\/uploads\/2021\/11\/TECHNICIAN-TGL-T5004-Chrome-Bugatti-14-175x300.jpg 175w, https:\/\/mouldking.store\/wp-content\/uploads\/2021\/11\/TECHNICIAN-TGL-T5004-Chrome-Bugatti-14-300x515.jpg 300w, https:\/\/mouldking.store\/wp-content\/uploads\/2021\/11\/TECHNICIAN-TGL-T5004-Chrome-Bugatti-14-87x150.jpg 87w\" sizes=\"(max-width: 597px) 100vw, 597px\" \/><figcaption id=\"caption-attachment-26596\" class=\"wp-caption-text\">TGL T5004 Bugatti chrom\u00e9 avec 3728 pi\u00e8ces<\/figcaption><\/figure>\n<figure id=\"attachment_26594\" aria-describedby=\"caption-attachment-26594\" style=\"width: 711px\" class=\"wp-caption aligncenter\"><img loading=\"lazy\" decoding=\"async\" class=\"wp-image-26594 size-full\" src=\"https:\/\/mouldking.store\/wp-content\/uploads\/2021\/11\/TECHNICIAN-TGL-T5004-Chrome-Bugatti-12.jpg\" alt=\"TGL T5004 Chrome Bugatti with 3728 pieces\" width=\"711\" height=\"1023\" title=\"-\" srcset=\"https:\/\/mouldking.store\/wp-content\/uploads\/2021\/11\/TECHNICIAN-TGL-T5004-Chrome-Bugatti-12.jpg 711w, https:\/\/mouldking.store\/wp-content\/uploads\/2021\/11\/TECHNICIAN-TGL-T5004-Chrome-Bugatti-12-209x300.jpg 209w, https:\/\/mouldking.store\/wp-content\/uploads\/2021\/11\/TECHNICIAN-TGL-T5004-Chrome-Bugatti-12-300x432.jpg 300w, https:\/\/mouldking.store\/wp-content\/uploads\/2021\/11\/TECHNICIAN-TGL-T5004-Chrome-Bugatti-12-600x863.jpg 600w, https:\/\/mouldking.store\/wp-content\/uploads\/2021\/11\/TECHNICIAN-TGL-T5004-Chrome-Bugatti-12-104x150.jpg 104w\" sizes=\"(max-width: 711px) 100vw, 711px\" \/><figcaption id=\"caption-attachment-26594\" class=\"wp-caption-text\">TGL T5004 Bugatti chrom\u00e9 avec 3728 pi\u00e8ces<\/figcaption><\/figure>\n<figure id=\"attachment_26593\" aria-describedby=\"caption-attachment-26593\" style=\"width: 659px\" class=\"wp-caption aligncenter\"><img loading=\"lazy\" decoding=\"async\" class=\"wp-image-26593 size-full\" src=\"https:\/\/mouldking.store\/wp-content\/uploads\/2021\/11\/TECHNICIAN-TGL-T5004-Chrome-Bugatti-11.jpg\" alt=\"TGL T5004 Chrome Bugatti with 3728 pieces\" width=\"659\" height=\"1024\" title=\"-\" srcset=\"https:\/\/mouldking.store\/wp-content\/uploads\/2021\/11\/TECHNICIAN-TGL-T5004-Chrome-Bugatti-11.jpg 659w, https:\/\/mouldking.store\/wp-content\/uploads\/2021\/11\/TECHNICIAN-TGL-T5004-Chrome-Bugatti-11-193x300.jpg 193w, https:\/\/mouldking.store\/wp-content\/uploads\/2021\/11\/TECHNICIAN-TGL-T5004-Chrome-Bugatti-11-300x466.jpg 300w, https:\/\/mouldking.store\/wp-content\/uploads\/2021\/11\/TECHNICIAN-TGL-T5004-Chrome-Bugatti-11-600x932.jpg 600w, https:\/\/mouldking.store\/wp-content\/uploads\/2021\/11\/TECHNICIAN-TGL-T5004-Chrome-Bugatti-11-97x150.jpg 97w\" sizes=\"(max-width: 659px) 100vw, 659px\" \/><figcaption id=\"caption-attachment-26593\" class=\"wp-caption-text\">TGL T5004 Bugatti chrom\u00e9 avec 3728 pi\u00e8ces<\/figcaption><\/figure>\n<figure id=\"attachment_26592\" aria-describedby=\"caption-attachment-26592\" style=\"width: 645px\" class=\"wp-caption aligncenter\"><img loading=\"lazy\" decoding=\"async\" class=\"wp-image-26592 size-full\" src=\"https:\/\/mouldking.store\/wp-content\/uploads\/2021\/11\/TECHNICIAN-TGL-T5004-Chrome-Bugatti-10.jpg\" alt=\"TGL T5004 Chrome Bugatti with 3728 pieces\" width=\"645\" height=\"1024\" title=\"-\" srcset=\"https:\/\/mouldking.store\/wp-content\/uploads\/2021\/11\/TECHNICIAN-TGL-T5004-Chrome-Bugatti-10.jpg 645w, https:\/\/mouldking.store\/wp-content\/uploads\/2021\/11\/TECHNICIAN-TGL-T5004-Chrome-Bugatti-10-189x300.jpg 189w, https:\/\/mouldking.store\/wp-content\/uploads\/2021\/11\/TECHNICIAN-TGL-T5004-Chrome-Bugatti-10-300x476.jpg 300w, https:\/\/mouldking.store\/wp-content\/uploads\/2021\/11\/TECHNICIAN-TGL-T5004-Chrome-Bugatti-10-600x953.jpg 600w, https:\/\/mouldking.store\/wp-content\/uploads\/2021\/11\/TECHNICIAN-TGL-T5004-Chrome-Bugatti-10-94x150.jpg 94w\" sizes=\"(max-width: 645px) 100vw, 645px\" \/><figcaption id=\"caption-attachment-26592\" class=\"wp-caption-text\">TGL T5004 Bugatti chrom\u00e9 avec 3728 pi\u00e8ces<\/figcaption><\/figure>\n<figure id=\"attachment_26591\" aria-describedby=\"caption-attachment-26591\" style=\"width: 700px\" class=\"wp-caption aligncenter\"><img loading=\"lazy\" decoding=\"async\" class=\"wp-image-26591 size-full\" src=\"https:\/\/mouldking.store\/wp-content\/uploads\/2021\/11\/TECHNICIAN-TGL-T5004-Chrome-Bugatti-9.jpg\" alt=\"TGL T5004 Chrome Bugatti with 3728 pieces\" width=\"700\" height=\"1024\" title=\"-\" srcset=\"https:\/\/mouldking.store\/wp-content\/uploads\/2021\/11\/TECHNICIAN-TGL-T5004-Chrome-Bugatti-9.jpg 700w, https:\/\/mouldking.store\/wp-content\/uploads\/2021\/11\/TECHNICIAN-TGL-T5004-Chrome-Bugatti-9-205x300.jpg 205w, https:\/\/mouldking.store\/wp-content\/uploads\/2021\/11\/TECHNICIAN-TGL-T5004-Chrome-Bugatti-9-300x439.jpg 300w, https:\/\/mouldking.store\/wp-content\/uploads\/2021\/11\/TECHNICIAN-TGL-T5004-Chrome-Bugatti-9-600x878.jpg 600w, https:\/\/mouldking.store\/wp-content\/uploads\/2021\/11\/TECHNICIAN-TGL-T5004-Chrome-Bugatti-9-103x150.jpg 103w\" sizes=\"(max-width: 700px) 100vw, 700px\" \/><figcaption id=\"caption-attachment-26591\" class=\"wp-caption-text\">TGL T5004 Bugatti chrom\u00e9 avec 3728 pi\u00e8ces<\/figcaption><\/figure>\n<figure id=\"attachment_26590\" aria-describedby=\"caption-attachment-26590\" style=\"width: 790px\" class=\"wp-caption aligncenter\"><img loading=\"lazy\" decoding=\"async\" class=\"wp-image-26590 size-full\" src=\"https:\/\/mouldking.store\/wp-content\/uploads\/2021\/11\/TECHNICIAN-TGL-T5004-Chrome-Bugatti-8.jpg\" alt=\"TGL T5004 Chrome Bugatti with 3728 pieces\" width=\"790\" height=\"901\" title=\"-\" srcset=\"https:\/\/mouldking.store\/wp-content\/uploads\/2021\/11\/TECHNICIAN-TGL-T5004-Chrome-Bugatti-8.jpg 790w, https:\/\/mouldking.store\/wp-content\/uploads\/2021\/11\/TECHNICIAN-TGL-T5004-Chrome-Bugatti-8-263x300.jpg 263w, https:\/\/mouldking.store\/wp-content\/uploads\/2021\/11\/TECHNICIAN-TGL-T5004-Chrome-Bugatti-8-768x876.jpg 768w, https:\/\/mouldking.store\/wp-content\/uploads\/2021\/11\/TECHNICIAN-TGL-T5004-Chrome-Bugatti-8-300x342.jpg 300w, https:\/\/mouldking.store\/wp-content\/uploads\/2021\/11\/TECHNICIAN-TGL-T5004-Chrome-Bugatti-8-600x684.jpg 600w, https:\/\/mouldking.store\/wp-content\/uploads\/2021\/11\/TECHNICIAN-TGL-T5004-Chrome-Bugatti-8-132x150.jpg 132w\" sizes=\"(max-width: 790px) 100vw, 790px\" \/><figcaption id=\"caption-attachment-26590\" class=\"wp-caption-text\">TGL T5004 Bugatti chrom\u00e9 avec 3728 pi\u00e8ces<\/figcaption><\/figure>\n<figure id=\"attachment_26595\" aria-describedby=\"caption-attachment-26595\" style=\"width: 700px\" class=\"wp-caption aligncenter\"><img loading=\"lazy\" decoding=\"async\" class=\"wp-image-26595 size-full\" src=\"https:\/\/mouldking.store\/wp-content\/uploads\/2021\/11\/TECHNICIAN-TGL-T5004-Chrome-Bugatti-13.jpg\" alt=\"TGL T5004 Chrome Bugatti with 3728 pieces\" width=\"700\" height=\"1023\" title=\"-\" srcset=\"https:\/\/mouldking.store\/wp-content\/uploads\/2021\/11\/TECHNICIAN-TGL-T5004-Chrome-Bugatti-13.jpg 700w, https:\/\/mouldking.store\/wp-content\/uploads\/2021\/11\/TECHNICIAN-TGL-T5004-Chrome-Bugatti-13-205x300.jpg 205w, https:\/\/mouldking.store\/wp-content\/uploads\/2021\/11\/TECHNICIAN-TGL-T5004-Chrome-Bugatti-13-300x438.jpg 300w, https:\/\/mouldking.store\/wp-content\/uploads\/2021\/11\/TECHNICIAN-TGL-T5004-Chrome-Bugatti-13-600x877.jpg 600w, https:\/\/mouldking.store\/wp-content\/uploads\/2021\/11\/TECHNICIAN-TGL-T5004-Chrome-Bugatti-13-103x150.jpg 103w\" sizes=\"(max-width: 700px) 100vw, 700px\" \/><figcaption id=\"caption-attachment-26595\" class=\"wp-caption-text\">TGL T5004 Bugatti chrom\u00e9 avec 3728 pi\u00e8ces<\/figcaption><\/figure>\n<p>&nbsp;<\/p>","protected":false},"excerpt":{"rendered":"<p>Product information: Brand: TGL Gender: Unisex Name: Chrome Bugatti Age Range: &gt; 6 years old Model Number: T5004 Classification: Assemblage Plastic Block Shape: Self-Locking Bricks Material: Plastic Plastic Type: ABS Bricks Blocks: 3728 PCS Contains detailed assembly instructions. Notice: 1. Without an original box, but we guarantee our products have quality assurance and nice packaging. [&hellip;]<\/p>","protected":false},"featured_media":26582,"comment_status":"open","ping_status":"closed","template":"","meta":{"_acf_changed":false},"product_cat":[364],"product_tag":[1730,3081,3083,2739,3080,3084,3082,3079],"class_list":["product","first","instock","shipping-taxable","purchasable","product-type-variable"],"acf":[],"_links":{"self":[{"href":"https:\/\/mouldking.store\/fr\/wp-json\/wp\/v2\/product\/26581","targetHints":{"allow":["GET"]}}],"collection":[{"href":"https:\/\/mouldking.store\/fr\/wp-json\/wp\/v2\/product"}],"about":[{"href":"https:\/\/mouldking.store\/fr\/wp-json\/wp\/v2\/types\/product"}],"replies":[{"embeddable":true,"href":"https:\/\/mouldking.store\/fr\/wp-json\/wp\/v2\/comments?post=26581"}],"wp:featuredmedia":[{"embeddable":true,"href":"https:\/\/mouldking.store\/fr\/wp-json\/wp\/v2\/media\/26582"}],"wp:attachment":[{"href":"https:\/\/mouldking.store\/fr\/wp-json\/wp\/v2\/media?parent=26581"}],"wp:term":[{"taxonomy":"product_cat","embeddable":true,"href":"https:\/\/mouldking.store\/fr\/wp-json\/wp\/v2\/product_cat?post=26581"},{"taxonomy":"product_tag","embeddable":true,"href":"https:\/\/mouldking.store\/fr\/wp-json\/wp\/v2\/product_tag?post=26581"}],"curies":[{"name":"wp","href":"https:\/\/api.w.org\/{rel}","templated":true}]}}