{"id":26756,"date":"2021-11-05T01:29:49","date_gmt":"2021-11-05T01:29:49","guid":{"rendered":"https:\/\/mouldking.store\/?post_type=product&#038;p=26756"},"modified":"2023-12-12T10:22:32","modified_gmt":"2023-12-12T03:22:32","slug":"mould-king-21021-bounty-hunter-bust-with-1268-pieces","status":"publish","type":"product","link":"https:\/\/mouldking.store\/fr\/shop\/mould-king-21021-bounty-hunter-bust-with-1268-pieces\/","title":{"rendered":"Mould King 21021 Bounty Hunter Bust with 1268 pieces"},"content":{"rendered":"<p>Information produit:<\/p>\n<ol>\n<li>Marque : Mold King<\/li>\n<li>Genre: Unisexe<\/li>\n<li>Name: Bounty Hunter Bust<\/li>\n<li>Tranche d&#039;\u00e2ge : &gt; 14 ans<\/li>\n<li>Model Number: 21021<\/li>\n<li>Classement : Assemblage<\/li>\n<li>Forme de bloc en plastique\u00a0: briques autobloquantes<\/li>\n<li>Mat\u00e9riel: Plastique<\/li>\n<li>Type de plastique : ABS<\/li>\n<li>Bricks Blocks: 1268 PCS<\/li>\n<li>Contient des instructions de montage d\u00e9taill\u00e9es.<\/li>\n<\/ol>\n<p>Avis:<br \/>\n1. Sans bo\u00eete d&#039;origine, mais nous garantissons que nos produits ont une assurance qualit\u00e9 et un bel emballage.<br \/>\n2. Comme toutes les pi\u00e8ces que nous avons v\u00e9rifi\u00e9es avant l&#039;exp\u00e9dition, donc si vous trouvez des pi\u00e8ces manquantes ou endommag\u00e9es, ne vous inqui\u00e9tez pas et veuillez nous contacter et nous pouvons vous les renvoyer imm\u00e9diatement gratuitement.<\/p>\n<figure id=\"attachment_26764\" aria-describedby=\"caption-attachment-26764\" style=\"width: 800px\" class=\"wp-caption aligncenter\"><img fetchpriority=\"high\" decoding=\"async\" class=\"wp-image-26764 size-full\" src=\"https:\/\/mouldking.store\/wp-content\/uploads\/2021\/11\/Mould-King-21021-Bounty-Hunter-Bust-with-1268-pieces-1.jpg\" alt=\"Mould King 21021 Bounty Hunter Bust with 1268 pieces\" width=\"800\" height=\"800\" title=\"-\" srcset=\"https:\/\/mouldking.store\/wp-content\/uploads\/2021\/11\/Mould-King-21021-Bounty-Hunter-Bust-with-1268-pieces-1.jpg 800w, https:\/\/mouldking.store\/wp-content\/uploads\/2021\/11\/Mould-King-21021-Bounty-Hunter-Bust-with-1268-pieces-1-300x300.jpg 300w, https:\/\/mouldking.store\/wp-content\/uploads\/2021\/11\/Mould-King-21021-Bounty-Hunter-Bust-with-1268-pieces-1-768x768.jpg 768w, https:\/\/mouldking.store\/wp-content\/uploads\/2021\/11\/Mould-King-21021-Bounty-Hunter-Bust-with-1268-pieces-1-600x600.jpg 600w, https:\/\/mouldking.store\/wp-content\/uploads\/2021\/11\/Mould-King-21021-Bounty-Hunter-Bust-with-1268-pieces-1-150x150.jpg 150w\" sizes=\"(max-width: 800px) 100vw, 800px\" \/><figcaption id=\"caption-attachment-26764\" class=\"wp-caption-text\">Mould King 21021 Bounty Hunter Bust with 1268 pieces<\/figcaption><\/figure>\n<figure id=\"attachment_26768\" aria-describedby=\"caption-attachment-26768\" style=\"width: 620px\" class=\"wp-caption aligncenter\"><img decoding=\"async\" class=\"wp-image-26768 size-full\" src=\"https:\/\/mouldking.store\/wp-content\/uploads\/2021\/11\/Mould-King-21021-Bounty-Hunter-Bust-with-1268-pieces-5.jpg\" alt=\"Mould King 21021 Bounty Hunter Bust with 1268 pieces\" width=\"620\" height=\"1023\" title=\"-\" srcset=\"https:\/\/mouldking.store\/wp-content\/uploads\/2021\/11\/Mould-King-21021-Bounty-Hunter-Bust-with-1268-pieces-5.jpg 620w, https:\/\/mouldking.store\/wp-content\/uploads\/2021\/11\/Mould-King-21021-Bounty-Hunter-Bust-with-1268-pieces-5-182x300.jpg 182w, https:\/\/mouldking.store\/wp-content\/uploads\/2021\/11\/Mould-King-21021-Bounty-Hunter-Bust-with-1268-pieces-5-300x495.jpg 300w, https:\/\/mouldking.store\/wp-content\/uploads\/2021\/11\/Mould-King-21021-Bounty-Hunter-Bust-with-1268-pieces-5-600x990.jpg 600w, https:\/\/mouldking.store\/wp-content\/uploads\/2021\/11\/Mould-King-21021-Bounty-Hunter-Bust-with-1268-pieces-5-91x150.jpg 91w\" sizes=\"(max-width: 620px) 100vw, 620px\" \/><figcaption id=\"caption-attachment-26768\" class=\"wp-caption-text\">Mould King 21021 Bounty Hunter Bust with 1268 pieces<\/figcaption><\/figure>\n<figure id=\"attachment_26767\" aria-describedby=\"caption-attachment-26767\" style=\"width: 790px\" class=\"wp-caption aligncenter\"><img decoding=\"async\" class=\"wp-image-26767 size-full\" src=\"https:\/\/mouldking.store\/wp-content\/uploads\/2021\/11\/Mould-King-21021-Bounty-Hunter-Bust-with-1268-pieces-4.jpg\" alt=\"Mould King 21021 Bounty Hunter Bust with 1268 pieces\" width=\"790\" height=\"822\" title=\"-\" srcset=\"https:\/\/mouldking.store\/wp-content\/uploads\/2021\/11\/Mould-King-21021-Bounty-Hunter-Bust-with-1268-pieces-4.jpg 790w, https:\/\/mouldking.store\/wp-content\/uploads\/2021\/11\/Mould-King-21021-Bounty-Hunter-Bust-with-1268-pieces-4-288x300.jpg 288w, https:\/\/mouldking.store\/wp-content\/uploads\/2021\/11\/Mould-King-21021-Bounty-Hunter-Bust-with-1268-pieces-4-768x799.jpg 768w, https:\/\/mouldking.store\/wp-content\/uploads\/2021\/11\/Mould-King-21021-Bounty-Hunter-Bust-with-1268-pieces-4-300x312.jpg 300w, https:\/\/mouldking.store\/wp-content\/uploads\/2021\/11\/Mould-King-21021-Bounty-Hunter-Bust-with-1268-pieces-4-600x624.jpg 600w, https:\/\/mouldking.store\/wp-content\/uploads\/2021\/11\/Mould-King-21021-Bounty-Hunter-Bust-with-1268-pieces-4-144x150.jpg 144w\" sizes=\"(max-width: 790px) 100vw, 790px\" \/><figcaption id=\"caption-attachment-26767\" class=\"wp-caption-text\">Mould King 21021 Bounty Hunter Bust with 1268 pieces<\/figcaption><\/figure>\n<figure id=\"attachment_26766\" aria-describedby=\"caption-attachment-26766\" style=\"width: 790px\" class=\"wp-caption aligncenter\"><img loading=\"lazy\" decoding=\"async\" class=\"wp-image-26766 size-full\" src=\"https:\/\/mouldking.store\/wp-content\/uploads\/2021\/11\/Mould-King-21021-Bounty-Hunter-Bust-with-1268-pieces-3.jpg\" alt=\"Mould King 21021 Bounty Hunter Bust with 1268 pieces\" width=\"790\" height=\"808\" title=\"-\" srcset=\"https:\/\/mouldking.store\/wp-content\/uploads\/2021\/11\/Mould-King-21021-Bounty-Hunter-Bust-with-1268-pieces-3.jpg 790w, https:\/\/mouldking.store\/wp-content\/uploads\/2021\/11\/Mould-King-21021-Bounty-Hunter-Bust-with-1268-pieces-3-293x300.jpg 293w, https:\/\/mouldking.store\/wp-content\/uploads\/2021\/11\/Mould-King-21021-Bounty-Hunter-Bust-with-1268-pieces-3-768x785.jpg 768w, https:\/\/mouldking.store\/wp-content\/uploads\/2021\/11\/Mould-King-21021-Bounty-Hunter-Bust-with-1268-pieces-3-300x307.jpg 300w, https:\/\/mouldking.store\/wp-content\/uploads\/2021\/11\/Mould-King-21021-Bounty-Hunter-Bust-with-1268-pieces-3-600x614.jpg 600w, https:\/\/mouldking.store\/wp-content\/uploads\/2021\/11\/Mould-King-21021-Bounty-Hunter-Bust-with-1268-pieces-3-147x150.jpg 147w\" sizes=\"(max-width: 790px) 100vw, 790px\" \/><figcaption id=\"caption-attachment-26766\" class=\"wp-caption-text\">Mould King 21021 Bounty Hunter Bust with 1268 pieces<\/figcaption><\/figure>\n<figure id=\"attachment_26765\" aria-describedby=\"caption-attachment-26765\" style=\"width: 790px\" class=\"wp-caption aligncenter\"><img loading=\"lazy\" decoding=\"async\" class=\"wp-image-26765 size-full\" src=\"https:\/\/mouldking.store\/wp-content\/uploads\/2021\/11\/Mould-King-21021-Bounty-Hunter-Bust-with-1268-pieces-2.jpg\" alt=\"Mould King 21021 Bounty Hunter Bust with 1268 pieces\" width=\"790\" height=\"1022\" title=\"-\" srcset=\"https:\/\/mouldking.store\/wp-content\/uploads\/2021\/11\/Mould-King-21021-Bounty-Hunter-Bust-with-1268-pieces-2.jpg 790w, https:\/\/mouldking.store\/wp-content\/uploads\/2021\/11\/Mould-King-21021-Bounty-Hunter-Bust-with-1268-pieces-2-232x300.jpg 232w, https:\/\/mouldking.store\/wp-content\/uploads\/2021\/11\/Mould-King-21021-Bounty-Hunter-Bust-with-1268-pieces-2-768x994.jpg 768w, https:\/\/mouldking.store\/wp-content\/uploads\/2021\/11\/Mould-King-21021-Bounty-Hunter-Bust-with-1268-pieces-2-300x388.jpg 300w, https:\/\/mouldking.store\/wp-content\/uploads\/2021\/11\/Mould-King-21021-Bounty-Hunter-Bust-with-1268-pieces-2-600x776.jpg 600w, https:\/\/mouldking.store\/wp-content\/uploads\/2021\/11\/Mould-King-21021-Bounty-Hunter-Bust-with-1268-pieces-2-116x150.jpg 116w\" sizes=\"(max-width: 790px) 100vw, 790px\" \/><figcaption id=\"caption-attachment-26765\" class=\"wp-caption-text\">Mould King 21021 Bounty Hunter Bust with 1268 pieces<\/figcaption><\/figure>","protected":false},"excerpt":{"rendered":"<p>Product information: Brand: Mould King Gender: Unisex Name: Bounty Hunter Bust Age Range: &gt; 14 years old Model Number: 21021 Classification: Assemblage Plastic Block Shape: Self-Locking Bricks Material: Plastic Plastic Type: ABS Bricks Blocks: 1268 PCS Contains detailed assembly instructions. Notice: 1. Without an original box, but we guarantee our products have quality assurance and [&hellip;]<\/p>","protected":false},"featured_media":26764,"comment_status":"open","ping_status":"closed","template":"","meta":{"_acf_changed":false},"product_cat":[581],"product_tag":[3217,3214,1753,3213,3212,3215,3216],"class_list":["product","first","outofstock","shipping-taxable","purchasable","product-type-simple"],"acf":[],"_links":{"self":[{"href":"https:\/\/mouldking.store\/fr\/wp-json\/wp\/v2\/product\/26756","targetHints":{"allow":["GET"]}}],"collection":[{"href":"https:\/\/mouldking.store\/fr\/wp-json\/wp\/v2\/product"}],"about":[{"href":"https:\/\/mouldking.store\/fr\/wp-json\/wp\/v2\/types\/product"}],"replies":[{"embeddable":true,"href":"https:\/\/mouldking.store\/fr\/wp-json\/wp\/v2\/comments?post=26756"}],"wp:featuredmedia":[{"embeddable":true,"href":"https:\/\/mouldking.store\/fr\/wp-json\/wp\/v2\/media\/26764"}],"wp:attachment":[{"href":"https:\/\/mouldking.store\/fr\/wp-json\/wp\/v2\/media?parent=26756"}],"wp:term":[{"taxonomy":"product_cat","embeddable":true,"href":"https:\/\/mouldking.store\/fr\/wp-json\/wp\/v2\/product_cat?post=26756"},{"taxonomy":"product_tag","embeddable":true,"href":"https:\/\/mouldking.store\/fr\/wp-json\/wp\/v2\/product_tag?post=26756"}],"curies":[{"name":"wp","href":"https:\/\/api.w.org\/{rel}","templated":true}]}}