{"id":26770,"date":"2021-11-05T01:41:24","date_gmt":"2021-11-05T01:41:24","guid":{"rendered":"https:\/\/mouldking.store\/?post_type=product&#038;p=26770"},"modified":"2021-12-23T09:40:49","modified_gmt":"2021-12-23T09:40:49","slug":"mj-13002-princess-ice-castle-with-lights-with-2247-pieces","status":"publish","type":"product","link":"https:\/\/mouldking.store\/fr\/shop\/mj-13002-princess-ice-castle-with-lights-with-2247-pieces\/","title":{"rendered":"MJ 13002 Princess Ice Castle avec lumi\u00e8res avec 2247 pi\u00e8ces"},"content":{"rendered":"<p>Information produit:<\/p>\n<ol>\n<li>Marque : MJ<\/li>\n<li>Genre: Unisexe<\/li>\n<li>Name: Princess Ice Castle with Lights<\/li>\n<li>Tranche d&#039;\u00e2ge : &gt; 12 ans<\/li>\n<li>Model Number: 13002<\/li>\n<li>Classement : Assemblage<\/li>\n<li>Forme de bloc en plastique\u00a0: briques autobloquantes<\/li>\n<li>Mat\u00e9riel: Plastique<\/li>\n<li>Type de plastique : ABS<\/li>\n<li>Bricks Blocks: 2247 PCS<\/li>\n<li>Contient des instructions de montage d\u00e9taill\u00e9es.<\/li>\n<\/ol>\n<p>Avis:<br \/>\n1. Sans bo\u00eete d&#039;origine, mais nous garantissons que nos produits ont une assurance qualit\u00e9 et un bel emballage.<br \/>\n2. Comme toutes les pi\u00e8ces que nous avons v\u00e9rifi\u00e9es avant l&#039;exp\u00e9dition, donc si vous trouvez des pi\u00e8ces manquantes ou endommag\u00e9es, ne vous inqui\u00e9tez pas et veuillez nous contacter et nous pouvons vous les renvoyer imm\u00e9diatement gratuitement.<\/p>\n<figure id=\"attachment_26776\" aria-describedby=\"caption-attachment-26776\" style=\"width: 800px\" class=\"wp-caption aligncenter\"><img fetchpriority=\"high\" decoding=\"async\" class=\"wp-image-26776 size-full\" src=\"https:\/\/mouldking.store\/wp-content\/uploads\/2021\/11\/MJ-13002-Princess-Ice-Castle-with-Lights-with-2247-pieces-1.jpg\" alt=\"MJ 13002 Princess Ice Castle with Lights with 2247 pieces\" width=\"800\" height=\"800\" title=\"-\" srcset=\"https:\/\/mouldking.store\/wp-content\/uploads\/2021\/11\/MJ-13002-Princess-Ice-Castle-with-Lights-with-2247-pieces-1.jpg 800w, https:\/\/mouldking.store\/wp-content\/uploads\/2021\/11\/MJ-13002-Princess-Ice-Castle-with-Lights-with-2247-pieces-1-300x300.jpg 300w, https:\/\/mouldking.store\/wp-content\/uploads\/2021\/11\/MJ-13002-Princess-Ice-Castle-with-Lights-with-2247-pieces-1-768x768.jpg 768w, https:\/\/mouldking.store\/wp-content\/uploads\/2021\/11\/MJ-13002-Princess-Ice-Castle-with-Lights-with-2247-pieces-1-600x600.jpg 600w, https:\/\/mouldking.store\/wp-content\/uploads\/2021\/11\/MJ-13002-Princess-Ice-Castle-with-Lights-with-2247-pieces-1-150x150.jpg 150w\" sizes=\"(max-width: 800px) 100vw, 800px\" \/><figcaption id=\"caption-attachment-26776\" class=\"wp-caption-text\">MJ 13002 Princess Ice Castle avec lumi\u00e8res avec 2247 pi\u00e8ces<\/figcaption><\/figure>\n<figure id=\"attachment_26780\" aria-describedby=\"caption-attachment-26780\" style=\"width: 750px\" class=\"wp-caption aligncenter\"><img decoding=\"async\" class=\"wp-image-26780 size-full\" src=\"https:\/\/mouldking.store\/wp-content\/uploads\/2021\/11\/MJ-13002-Princess-Ice-Castle-with-Lights-with-2247-pieces-5.jpg\" alt=\"MJ 13002 Princess Ice Castle with Lights with 2247 pieces\" width=\"750\" height=\"750\" title=\"-\" srcset=\"https:\/\/mouldking.store\/wp-content\/uploads\/2021\/11\/MJ-13002-Princess-Ice-Castle-with-Lights-with-2247-pieces-5.jpg 750w, https:\/\/mouldking.store\/wp-content\/uploads\/2021\/11\/MJ-13002-Princess-Ice-Castle-with-Lights-with-2247-pieces-5-300x300.jpg 300w, https:\/\/mouldking.store\/wp-content\/uploads\/2021\/11\/MJ-13002-Princess-Ice-Castle-with-Lights-with-2247-pieces-5-600x600.jpg 600w, https:\/\/mouldking.store\/wp-content\/uploads\/2021\/11\/MJ-13002-Princess-Ice-Castle-with-Lights-with-2247-pieces-5-150x150.jpg 150w\" sizes=\"(max-width: 750px) 100vw, 750px\" \/><figcaption id=\"caption-attachment-26780\" class=\"wp-caption-text\">MJ 13002 Princess Ice Castle avec lumi\u00e8res avec 2247 pi\u00e8ces<\/figcaption><\/figure>\n<figure id=\"attachment_26779\" aria-describedby=\"caption-attachment-26779\" style=\"width: 750px\" class=\"wp-caption aligncenter\"><img decoding=\"async\" class=\"wp-image-26779 size-full\" src=\"https:\/\/mouldking.store\/wp-content\/uploads\/2021\/11\/MJ-13002-Princess-Ice-Castle-with-Lights-with-2247-pieces-4.jpg\" alt=\"MJ 13002 Princess Ice Castle with Lights with 2247 pieces\" width=\"750\" height=\"750\" title=\"-\" srcset=\"https:\/\/mouldking.store\/wp-content\/uploads\/2021\/11\/MJ-13002-Princess-Ice-Castle-with-Lights-with-2247-pieces-4.jpg 750w, https:\/\/mouldking.store\/wp-content\/uploads\/2021\/11\/MJ-13002-Princess-Ice-Castle-with-Lights-with-2247-pieces-4-300x300.jpg 300w, https:\/\/mouldking.store\/wp-content\/uploads\/2021\/11\/MJ-13002-Princess-Ice-Castle-with-Lights-with-2247-pieces-4-600x600.jpg 600w, https:\/\/mouldking.store\/wp-content\/uploads\/2021\/11\/MJ-13002-Princess-Ice-Castle-with-Lights-with-2247-pieces-4-150x150.jpg 150w\" sizes=\"(max-width: 750px) 100vw, 750px\" \/><figcaption id=\"caption-attachment-26779\" class=\"wp-caption-text\">MJ 13002 Princess Ice Castle avec lumi\u00e8res avec 2247 pi\u00e8ces<\/figcaption><\/figure>\n<figure id=\"attachment_26777\" aria-describedby=\"caption-attachment-26777\" style=\"width: 750px\" class=\"wp-caption aligncenter\"><img loading=\"lazy\" decoding=\"async\" class=\"wp-image-26777 size-full\" src=\"https:\/\/mouldking.store\/wp-content\/uploads\/2021\/11\/MJ-13002-Princess-Ice-Castle-with-Lights-with-2247-pieces-2.jpg\" alt=\"MJ 13002 Princess Ice Castle with Lights with 2247 pieces\" width=\"750\" height=\"834\" title=\"-\" srcset=\"https:\/\/mouldking.store\/wp-content\/uploads\/2021\/11\/MJ-13002-Princess-Ice-Castle-with-Lights-with-2247-pieces-2.jpg 750w, https:\/\/mouldking.store\/wp-content\/uploads\/2021\/11\/MJ-13002-Princess-Ice-Castle-with-Lights-with-2247-pieces-2-270x300.jpg 270w, https:\/\/mouldking.store\/wp-content\/uploads\/2021\/11\/MJ-13002-Princess-Ice-Castle-with-Lights-with-2247-pieces-2-300x334.jpg 300w, https:\/\/mouldking.store\/wp-content\/uploads\/2021\/11\/MJ-13002-Princess-Ice-Castle-with-Lights-with-2247-pieces-2-600x667.jpg 600w, https:\/\/mouldking.store\/wp-content\/uploads\/2021\/11\/MJ-13002-Princess-Ice-Castle-with-Lights-with-2247-pieces-2-135x150.jpg 135w\" sizes=\"(max-width: 750px) 100vw, 750px\" \/><figcaption id=\"caption-attachment-26777\" class=\"wp-caption-text\">MJ 13002 Princess Ice Castle avec lumi\u00e8res avec 2247 pi\u00e8ces<\/figcaption><\/figure>\n<figure id=\"attachment_26778\" aria-describedby=\"caption-attachment-26778\" style=\"width: 750px\" class=\"wp-caption aligncenter\"><img loading=\"lazy\" decoding=\"async\" class=\"wp-image-26778 size-full\" src=\"https:\/\/mouldking.store\/wp-content\/uploads\/2021\/11\/MJ-13002-Princess-Ice-Castle-with-Lights-with-2247-pieces-3.jpg\" alt=\"MJ 13002 Princess Ice Castle with Lights with 2247 pieces\" width=\"750\" height=\"750\" title=\"-\" srcset=\"https:\/\/mouldking.store\/wp-content\/uploads\/2021\/11\/MJ-13002-Princess-Ice-Castle-with-Lights-with-2247-pieces-3.jpg 750w, https:\/\/mouldking.store\/wp-content\/uploads\/2021\/11\/MJ-13002-Princess-Ice-Castle-with-Lights-with-2247-pieces-3-300x300.jpg 300w, https:\/\/mouldking.store\/wp-content\/uploads\/2021\/11\/MJ-13002-Princess-Ice-Castle-with-Lights-with-2247-pieces-3-600x600.jpg 600w, https:\/\/mouldking.store\/wp-content\/uploads\/2021\/11\/MJ-13002-Princess-Ice-Castle-with-Lights-with-2247-pieces-3-150x150.jpg 150w\" sizes=\"(max-width: 750px) 100vw, 750px\" \/><figcaption id=\"caption-attachment-26778\" class=\"wp-caption-text\">MJ 13002 Princess Ice Castle avec lumi\u00e8res avec 2247 pi\u00e8ces<\/figcaption><\/figure>","protected":false},"excerpt":{"rendered":"<p>Product information: Brand: MJ Gender: Unisex Name: Princess Ice Castle with Lights Age Range: &gt; 12 years old Model Number: 13002 Classification: Assemblage Plastic Block Shape: Self-Locking Bricks Material: Plastic Plastic Type: ABS Bricks Blocks: 2247 PCS Contains detailed assembly instructions. Notice: 1. Without an original box, but we guarantee our products have quality assurance [&hellip;]<\/p>","protected":false},"featured_media":26776,"comment_status":"open","ping_status":"closed","template":"","meta":{"_acf_changed":false},"product_cat":[390],"product_tag":[2824,3224,3223,3226,3225],"class_list":["product","first","instock","shipping-taxable","purchasable","product-type-simple"],"acf":[],"_links":{"self":[{"href":"https:\/\/mouldking.store\/fr\/wp-json\/wp\/v2\/product\/26770","targetHints":{"allow":["GET"]}}],"collection":[{"href":"https:\/\/mouldking.store\/fr\/wp-json\/wp\/v2\/product"}],"about":[{"href":"https:\/\/mouldking.store\/fr\/wp-json\/wp\/v2\/types\/product"}],"replies":[{"embeddable":true,"href":"https:\/\/mouldking.store\/fr\/wp-json\/wp\/v2\/comments?post=26770"}],"wp:featuredmedia":[{"embeddable":true,"href":"https:\/\/mouldking.store\/fr\/wp-json\/wp\/v2\/media\/26776"}],"wp:attachment":[{"href":"https:\/\/mouldking.store\/fr\/wp-json\/wp\/v2\/media?parent=26770"}],"wp:term":[{"taxonomy":"product_cat","embeddable":true,"href":"https:\/\/mouldking.store\/fr\/wp-json\/wp\/v2\/product_cat?post=26770"},{"taxonomy":"product_tag","embeddable":true,"href":"https:\/\/mouldking.store\/fr\/wp-json\/wp\/v2\/product_tag?post=26770"}],"curies":[{"name":"wp","href":"https:\/\/api.w.org\/{rel}","templated":true}]}}