{"id":26811,"date":"2021-11-05T02:20:19","date_gmt":"2021-11-05T02:20:19","guid":{"rendered":"https:\/\/mouldking.store\/?post_type=product&#038;p=26811"},"modified":"2021-12-23T09:40:46","modified_gmt":"2021-12-23T09:40:46","slug":"jie-star-89126-the-post-office-with-4560-pieces","status":"publish","type":"product","link":"https:\/\/mouldking.store\/fr\/shop\/jie-star-89126-the-post-office-with-4560-pieces\/","title":{"rendered":"JIE STAR 89126 La Poste avec 4560 pi\u00e8ces"},"content":{"rendered":"<p>Information produit:<\/p>\n<ol>\n<li>Marque : JIE STAR<\/li>\n<li>Genre: Unisexe<\/li>\n<li>Name: The Post Office<\/li>\n<li>Tranche d&#039;\u00e2ge : &gt; 6 ans<\/li>\n<li>Model Number: 89126<\/li>\n<li>Classement : Assemblage<\/li>\n<li>Forme de bloc en plastique\u00a0: briques autobloquantes<\/li>\n<li>Mat\u00e9riel: Plastique<\/li>\n<li>Type de plastique : ABS<\/li>\n<li>Bricks Blocks: 4560 PCS<\/li>\n<li>Contient des instructions de montage d\u00e9taill\u00e9es.<\/li>\n<\/ol>\n<p>Avis:<br \/>\n1. Sans bo\u00eete d&#039;origine, mais nous garantissons que nos produits ont une assurance qualit\u00e9 et un bel emballage.<br \/>\n2. Comme toutes les pi\u00e8ces que nous avons v\u00e9rifi\u00e9es avant l&#039;exp\u00e9dition, donc si vous trouvez des pi\u00e8ces manquantes ou endommag\u00e9es, ne vous inqui\u00e9tez pas et veuillez nous contacter et nous pouvons vous les renvoyer imm\u00e9diatement gratuitement.<\/p>\n<figure id=\"attachment_26812\" aria-describedby=\"caption-attachment-26812\" style=\"width: 800px\" class=\"wp-caption aligncenter\"><img fetchpriority=\"high\" decoding=\"async\" class=\"wp-image-26812 size-full\" src=\"https:\/\/mouldking.store\/wp-content\/uploads\/2021\/11\/JIE-STAR-89126-The-Post-Office-with-4560-pieces-1.jpg\" alt=\"JIE STAR 89126 The Post Office with 4560 pieces\" width=\"800\" height=\"800\" title=\"-\" srcset=\"https:\/\/mouldking.store\/wp-content\/uploads\/2021\/11\/JIE-STAR-89126-The-Post-Office-with-4560-pieces-1.jpg 800w, https:\/\/mouldking.store\/wp-content\/uploads\/2021\/11\/JIE-STAR-89126-The-Post-Office-with-4560-pieces-1-300x300.jpg 300w, https:\/\/mouldking.store\/wp-content\/uploads\/2021\/11\/JIE-STAR-89126-The-Post-Office-with-4560-pieces-1-768x768.jpg 768w, https:\/\/mouldking.store\/wp-content\/uploads\/2021\/11\/JIE-STAR-89126-The-Post-Office-with-4560-pieces-1-600x600.jpg 600w, https:\/\/mouldking.store\/wp-content\/uploads\/2021\/11\/JIE-STAR-89126-The-Post-Office-with-4560-pieces-1-150x150.jpg 150w\" sizes=\"(max-width: 800px) 100vw, 800px\" \/><figcaption id=\"caption-attachment-26812\" class=\"wp-caption-text\">JIE STAR 89126 La Poste avec 4560 pi\u00e8ces<\/figcaption><\/figure>\n<figure id=\"attachment_26817\" aria-describedby=\"caption-attachment-26817\" style=\"width: 707px\" class=\"wp-caption aligncenter\"><img decoding=\"async\" class=\"wp-image-26817 size-full\" src=\"https:\/\/mouldking.store\/wp-content\/uploads\/2021\/11\/JIE-STAR-89126-The-Post-Office-with-4560-pieces-6.jpg\" alt=\"JIE STAR 89126 The Post Office with 4560 pieces\" width=\"707\" height=\"1024\" title=\"-\" srcset=\"https:\/\/mouldking.store\/wp-content\/uploads\/2021\/11\/JIE-STAR-89126-The-Post-Office-with-4560-pieces-6.jpg 707w, https:\/\/mouldking.store\/wp-content\/uploads\/2021\/11\/JIE-STAR-89126-The-Post-Office-with-4560-pieces-6-207x300.jpg 207w, https:\/\/mouldking.store\/wp-content\/uploads\/2021\/11\/JIE-STAR-89126-The-Post-Office-with-4560-pieces-6-300x435.jpg 300w, https:\/\/mouldking.store\/wp-content\/uploads\/2021\/11\/JIE-STAR-89126-The-Post-Office-with-4560-pieces-6-600x869.jpg 600w, https:\/\/mouldking.store\/wp-content\/uploads\/2021\/11\/JIE-STAR-89126-The-Post-Office-with-4560-pieces-6-104x150.jpg 104w\" sizes=\"(max-width: 707px) 100vw, 707px\" \/><figcaption id=\"caption-attachment-26817\" class=\"wp-caption-text\">JIE STAR 89126 La Poste avec 4560 pi\u00e8ces<\/figcaption><\/figure>\n<figure id=\"attachment_26814\" aria-describedby=\"caption-attachment-26814\" style=\"width: 557px\" class=\"wp-caption aligncenter\"><img decoding=\"async\" class=\"wp-image-26814 size-full\" src=\"https:\/\/mouldking.store\/wp-content\/uploads\/2021\/11\/JIE-STAR-89126-The-Post-Office-with-4560-pieces-3.jpg\" alt=\"JIE STAR 89126 The Post Office with 4560 pieces\" width=\"557\" height=\"1024\" title=\"-\" srcset=\"https:\/\/mouldking.store\/wp-content\/uploads\/2021\/11\/JIE-STAR-89126-The-Post-Office-with-4560-pieces-3.jpg 557w, https:\/\/mouldking.store\/wp-content\/uploads\/2021\/11\/JIE-STAR-89126-The-Post-Office-with-4560-pieces-3-163x300.jpg 163w, https:\/\/mouldking.store\/wp-content\/uploads\/2021\/11\/JIE-STAR-89126-The-Post-Office-with-4560-pieces-3-300x552.jpg 300w, https:\/\/mouldking.store\/wp-content\/uploads\/2021\/11\/JIE-STAR-89126-The-Post-Office-with-4560-pieces-3-82x150.jpg 82w\" sizes=\"(max-width: 557px) 100vw, 557px\" \/><figcaption id=\"caption-attachment-26814\" class=\"wp-caption-text\">JIE STAR 89126 La Poste avec 4560 pi\u00e8ces<\/figcaption><\/figure>\n<figure id=\"attachment_26816\" aria-describedby=\"caption-attachment-26816\" style=\"width: 800px\" class=\"wp-caption aligncenter\"><img loading=\"lazy\" decoding=\"async\" class=\"wp-image-26816 size-full\" src=\"https:\/\/mouldking.store\/wp-content\/uploads\/2021\/11\/JIE-STAR-89126-The-Post-Office-with-4560-pieces-5.jpg\" alt=\"JIE STAR 89126 The Post Office with 4560 pieces\" width=\"800\" height=\"800\" title=\"-\" srcset=\"https:\/\/mouldking.store\/wp-content\/uploads\/2021\/11\/JIE-STAR-89126-The-Post-Office-with-4560-pieces-5.jpg 800w, https:\/\/mouldking.store\/wp-content\/uploads\/2021\/11\/JIE-STAR-89126-The-Post-Office-with-4560-pieces-5-300x300.jpg 300w, https:\/\/mouldking.store\/wp-content\/uploads\/2021\/11\/JIE-STAR-89126-The-Post-Office-with-4560-pieces-5-768x768.jpg 768w, https:\/\/mouldking.store\/wp-content\/uploads\/2021\/11\/JIE-STAR-89126-The-Post-Office-with-4560-pieces-5-600x600.jpg 600w, https:\/\/mouldking.store\/wp-content\/uploads\/2021\/11\/JIE-STAR-89126-The-Post-Office-with-4560-pieces-5-150x150.jpg 150w\" sizes=\"(max-width: 800px) 100vw, 800px\" \/><figcaption id=\"caption-attachment-26816\" class=\"wp-caption-text\">JIE STAR 89126 La Poste avec 4560 pi\u00e8ces<\/figcaption><\/figure>\n<figure id=\"attachment_26815\" aria-describedby=\"caption-attachment-26815\" style=\"width: 481px\" class=\"wp-caption aligncenter\"><img loading=\"lazy\" decoding=\"async\" class=\"wp-image-26815 size-full\" src=\"https:\/\/mouldking.store\/wp-content\/uploads\/2021\/11\/JIE-STAR-89126-The-Post-Office-with-4560-pieces-4.jpg\" alt=\"JIE STAR 89126 The Post Office with 4560 pieces\" width=\"481\" height=\"1023\" title=\"-\" srcset=\"https:\/\/mouldking.store\/wp-content\/uploads\/2021\/11\/JIE-STAR-89126-The-Post-Office-with-4560-pieces-4.jpg 481w, https:\/\/mouldking.store\/wp-content\/uploads\/2021\/11\/JIE-STAR-89126-The-Post-Office-with-4560-pieces-4-141x300.jpg 141w, https:\/\/mouldking.store\/wp-content\/uploads\/2021\/11\/JIE-STAR-89126-The-Post-Office-with-4560-pieces-4-300x638.jpg 300w, https:\/\/mouldking.store\/wp-content\/uploads\/2021\/11\/JIE-STAR-89126-The-Post-Office-with-4560-pieces-4-71x150.jpg 71w\" sizes=\"(max-width: 481px) 100vw, 481px\" \/><figcaption id=\"caption-attachment-26815\" class=\"wp-caption-text\">JIE STAR 89126 La Poste avec 4560 pi\u00e8ces<\/figcaption><\/figure>\n<figure id=\"attachment_26813\" aria-describedby=\"caption-attachment-26813\" style=\"width: 493px\" class=\"wp-caption aligncenter\"><img loading=\"lazy\" decoding=\"async\" class=\"wp-image-26813 size-full\" src=\"https:\/\/mouldking.store\/wp-content\/uploads\/2021\/11\/JIE-STAR-89126-The-Post-Office-with-4560-pieces-2.jpg\" alt=\"JIE STAR 89126 The Post Office with 4560 pieces\" width=\"493\" height=\"1024\" title=\"-\" srcset=\"https:\/\/mouldking.store\/wp-content\/uploads\/2021\/11\/JIE-STAR-89126-The-Post-Office-with-4560-pieces-2.jpg 493w, https:\/\/mouldking.store\/wp-content\/uploads\/2021\/11\/JIE-STAR-89126-The-Post-Office-with-4560-pieces-2-144x300.jpg 144w, https:\/\/mouldking.store\/wp-content\/uploads\/2021\/11\/JIE-STAR-89126-The-Post-Office-with-4560-pieces-2-300x623.jpg 300w, https:\/\/mouldking.store\/wp-content\/uploads\/2021\/11\/JIE-STAR-89126-The-Post-Office-with-4560-pieces-2-72x150.jpg 72w\" sizes=\"(max-width: 493px) 100vw, 493px\" \/><figcaption id=\"caption-attachment-26813\" class=\"wp-caption-text\">JIE STAR 89126 La Poste avec 4560 pi\u00e8ces<\/figcaption><\/figure>","protected":false},"excerpt":{"rendered":"<p>Product information: Brand: JIE STAR Gender: Unisex Name: The Post Office Age Range: &gt; 6 years old Model Number: 89126 Classification: Assemblage Plastic Block Shape: Self-Locking Bricks Material: Plastic Plastic Type: ABS Bricks Blocks: 4560 PCS Contains detailed assembly instructions. Notice: 1. Without an original box, but we guarantee our products have quality assurance and [&hellip;]<\/p>","protected":false},"featured_media":26812,"comment_status":"open","ping_status":"closed","template":"","meta":{"_acf_changed":false},"product_cat":[390],"product_tag":[3246,3248,3245,3250,3249,3251,769,3247],"class_list":["product","first","instock","shipping-taxable","purchasable","product-type-simple"],"acf":[],"_links":{"self":[{"href":"https:\/\/mouldking.store\/fr\/wp-json\/wp\/v2\/product\/26811","targetHints":{"allow":["GET"]}}],"collection":[{"href":"https:\/\/mouldking.store\/fr\/wp-json\/wp\/v2\/product"}],"about":[{"href":"https:\/\/mouldking.store\/fr\/wp-json\/wp\/v2\/types\/product"}],"replies":[{"embeddable":true,"href":"https:\/\/mouldking.store\/fr\/wp-json\/wp\/v2\/comments?post=26811"}],"wp:featuredmedia":[{"embeddable":true,"href":"https:\/\/mouldking.store\/fr\/wp-json\/wp\/v2\/media\/26812"}],"wp:attachment":[{"href":"https:\/\/mouldking.store\/fr\/wp-json\/wp\/v2\/media?parent=26811"}],"wp:term":[{"taxonomy":"product_cat","embeddable":true,"href":"https:\/\/mouldking.store\/fr\/wp-json\/wp\/v2\/product_cat?post=26811"},{"taxonomy":"product_tag","embeddable":true,"href":"https:\/\/mouldking.store\/fr\/wp-json\/wp\/v2\/product_tag?post=26811"}],"curies":[{"name":"wp","href":"https:\/\/api.w.org\/{rel}","templated":true}]}}