{"id":26980,"date":"2021-11-09T11:15:18","date_gmt":"2021-11-09T11:15:18","guid":{"rendered":"https:\/\/mouldking.store\/?post_type=product&#038;p=26980"},"modified":"2021-12-23T09:40:47","modified_gmt":"2021-12-23T09:40:47","slug":"xinyu-yc-23002-toyota-gt86-with-2586-pieces","status":"publish","type":"product","link":"https:\/\/mouldking.store\/fr\/shop\/xinyu-yc-23002-toyota-gt86-with-2586-pieces\/","title":{"rendered":"XINYU YC-23002 TOYOTA GT86 avec 2586 pi\u00e8ces"},"content":{"rendered":"<p>Information produit:<\/p>\n<ol>\n<li>Brand: XINYU<\/li>\n<li>Genre: Unisexe<\/li>\n<li>Name: TOYOTA GT86<\/li>\n<li>Tranche d&#039;\u00e2ge : &gt; 6 ans<\/li>\n<li>Model Number: YC-23002<\/li>\n<li>Classement : Assemblage<\/li>\n<li>Forme de bloc en plastique\u00a0: briques autobloquantes<\/li>\n<li>Mat\u00e9riel: Plastique<\/li>\n<li>Type de plastique : ABS<\/li>\n<li>Bricks Blocks: 2586 PCS<\/li>\n<li>Contient des instructions de montage d\u00e9taill\u00e9es.<\/li>\n<\/ol>\n<p>Avis:<br \/>\n1. Sans bo\u00eete d&#039;origine, mais nous garantissons que nos produits ont une assurance qualit\u00e9 et un bel emballage.<br \/>\n2. Comme toutes les pi\u00e8ces que nous avons v\u00e9rifi\u00e9es avant l&#039;exp\u00e9dition, donc si vous trouvez des pi\u00e8ces manquantes ou endommag\u00e9es, ne vous inqui\u00e9tez pas et veuillez nous contacter et nous pouvons vous les renvoyer imm\u00e9diatement gratuitement.<\/p>\n<figure id=\"attachment_26981\" aria-describedby=\"caption-attachment-26981\" style=\"width: 800px\" class=\"wp-caption aligncenter\"><img fetchpriority=\"high\" decoding=\"async\" class=\"wp-image-26981 size-full\" src=\"https:\/\/mouldking.store\/wp-content\/uploads\/2021\/11\/XINYU-YC-23002-TOYOTA-GT86-with-2586-pieces-1.jpg\" alt=\"XINYU YC-23002 TOYOTA GT86 with 2586 pieces\" width=\"800\" height=\"800\" title=\"-\" srcset=\"https:\/\/mouldking.store\/wp-content\/uploads\/2021\/11\/XINYU-YC-23002-TOYOTA-GT86-with-2586-pieces-1.jpg 800w, https:\/\/mouldking.store\/wp-content\/uploads\/2021\/11\/XINYU-YC-23002-TOYOTA-GT86-with-2586-pieces-1-300x300.jpg 300w, https:\/\/mouldking.store\/wp-content\/uploads\/2021\/11\/XINYU-YC-23002-TOYOTA-GT86-with-2586-pieces-1-768x768.jpg 768w, https:\/\/mouldking.store\/wp-content\/uploads\/2021\/11\/XINYU-YC-23002-TOYOTA-GT86-with-2586-pieces-1-600x600.jpg 600w, https:\/\/mouldking.store\/wp-content\/uploads\/2021\/11\/XINYU-YC-23002-TOYOTA-GT86-with-2586-pieces-1-150x150.jpg 150w\" sizes=\"(max-width: 800px) 100vw, 800px\" \/><figcaption id=\"caption-attachment-26981\" class=\"wp-caption-text\">XINYU YC-23002 TOYOTA GT86 avec 2586 pi\u00e8ces<\/figcaption><\/figure>\n<figure id=\"attachment_26990\" aria-describedby=\"caption-attachment-26990\" style=\"width: 526px\" class=\"wp-caption aligncenter\"><img decoding=\"async\" class=\"wp-image-26990 size-full\" src=\"https:\/\/mouldking.store\/wp-content\/uploads\/2021\/11\/XINYU-YC-23002-TOYOTA-GT86-with-2586-pieces-10.jpg\" alt=\"XINYU YC-23002 TOYOTA GT86 with 2586 pieces\" width=\"526\" height=\"1024\" title=\"-\" srcset=\"https:\/\/mouldking.store\/wp-content\/uploads\/2021\/11\/XINYU-YC-23002-TOYOTA-GT86-with-2586-pieces-10.jpg 526w, https:\/\/mouldking.store\/wp-content\/uploads\/2021\/11\/XINYU-YC-23002-TOYOTA-GT86-with-2586-pieces-10-154x300.jpg 154w, https:\/\/mouldking.store\/wp-content\/uploads\/2021\/11\/XINYU-YC-23002-TOYOTA-GT86-with-2586-pieces-10-300x584.jpg 300w, https:\/\/mouldking.store\/wp-content\/uploads\/2021\/11\/XINYU-YC-23002-TOYOTA-GT86-with-2586-pieces-10-77x150.jpg 77w\" sizes=\"(max-width: 526px) 100vw, 526px\" \/><figcaption id=\"caption-attachment-26990\" class=\"wp-caption-text\">XINYU YC-23002 TOYOTA GT86 avec 2586 pi\u00e8ces<\/figcaption><\/figure>\n<figure id=\"attachment_26993\" aria-describedby=\"caption-attachment-26993\" style=\"width: 624px\" class=\"wp-caption aligncenter\"><img decoding=\"async\" class=\"wp-image-26993 size-full\" src=\"https:\/\/mouldking.store\/wp-content\/uploads\/2021\/11\/XINYU-YC-23002-TOYOTA-GT86-with-2586-pieces-12.jpg\" alt=\"XINYU YC-23002 TOYOTA GT86 with 2586 pieces\" width=\"624\" height=\"1024\" title=\"-\" srcset=\"https:\/\/mouldking.store\/wp-content\/uploads\/2021\/11\/XINYU-YC-23002-TOYOTA-GT86-with-2586-pieces-12.jpg 624w, https:\/\/mouldking.store\/wp-content\/uploads\/2021\/11\/XINYU-YC-23002-TOYOTA-GT86-with-2586-pieces-12-183x300.jpg 183w, https:\/\/mouldking.store\/wp-content\/uploads\/2021\/11\/XINYU-YC-23002-TOYOTA-GT86-with-2586-pieces-12-300x492.jpg 300w, https:\/\/mouldking.store\/wp-content\/uploads\/2021\/11\/XINYU-YC-23002-TOYOTA-GT86-with-2586-pieces-12-600x985.jpg 600w, https:\/\/mouldking.store\/wp-content\/uploads\/2021\/11\/XINYU-YC-23002-TOYOTA-GT86-with-2586-pieces-12-91x150.jpg 91w\" sizes=\"(max-width: 624px) 100vw, 624px\" \/><figcaption id=\"caption-attachment-26993\" class=\"wp-caption-text\">XINYU YC-23002 TOYOTA GT86 avec 2586 pi\u00e8ces<\/figcaption><\/figure>\n<figure id=\"attachment_26988\" aria-describedby=\"caption-attachment-26988\" style=\"width: 561px\" class=\"wp-caption aligncenter\"><img loading=\"lazy\" decoding=\"async\" class=\"wp-image-26988 size-full\" src=\"https:\/\/mouldking.store\/wp-content\/uploads\/2021\/11\/XINYU-YC-23002-TOYOTA-GT86-with-2586-pieces-8.jpg\" alt=\"XINYU YC-23002 TOYOTA GT86 with 2586 pieces\" width=\"561\" height=\"1023\" title=\"-\" srcset=\"https:\/\/mouldking.store\/wp-content\/uploads\/2021\/11\/XINYU-YC-23002-TOYOTA-GT86-with-2586-pieces-8.jpg 561w, https:\/\/mouldking.store\/wp-content\/uploads\/2021\/11\/XINYU-YC-23002-TOYOTA-GT86-with-2586-pieces-8-165x300.jpg 165w, https:\/\/mouldking.store\/wp-content\/uploads\/2021\/11\/XINYU-YC-23002-TOYOTA-GT86-with-2586-pieces-8-300x547.jpg 300w, https:\/\/mouldking.store\/wp-content\/uploads\/2021\/11\/XINYU-YC-23002-TOYOTA-GT86-with-2586-pieces-8-82x150.jpg 82w\" sizes=\"(max-width: 561px) 100vw, 561px\" \/><figcaption id=\"caption-attachment-26988\" class=\"wp-caption-text\">XINYU YC-23002 TOYOTA GT86 avec 2586 pi\u00e8ces<\/figcaption><\/figure>\n<figure id=\"attachment_26985\" aria-describedby=\"caption-attachment-26985\" style=\"width: 555px\" class=\"wp-caption aligncenter\"><img loading=\"lazy\" decoding=\"async\" class=\"wp-image-26985 size-full\" src=\"https:\/\/mouldking.store\/wp-content\/uploads\/2021\/11\/XINYU-YC-23002-TOYOTA-GT86-with-2586-pieces-5.jpg\" alt=\"XINYU YC-23002 TOYOTA GT86 with 2586 pieces\" width=\"555\" height=\"1024\" title=\"-\" srcset=\"https:\/\/mouldking.store\/wp-content\/uploads\/2021\/11\/XINYU-YC-23002-TOYOTA-GT86-with-2586-pieces-5.jpg 555w, https:\/\/mouldking.store\/wp-content\/uploads\/2021\/11\/XINYU-YC-23002-TOYOTA-GT86-with-2586-pieces-5-163x300.jpg 163w, https:\/\/mouldking.store\/wp-content\/uploads\/2021\/11\/XINYU-YC-23002-TOYOTA-GT86-with-2586-pieces-5-300x554.jpg 300w, https:\/\/mouldking.store\/wp-content\/uploads\/2021\/11\/XINYU-YC-23002-TOYOTA-GT86-with-2586-pieces-5-81x150.jpg 81w\" sizes=\"(max-width: 555px) 100vw, 555px\" \/><figcaption id=\"caption-attachment-26985\" class=\"wp-caption-text\">XINYU YC-23002 TOYOTA GT86 avec 2586 pi\u00e8ces<\/figcaption><\/figure>\n<figure id=\"attachment_26984\" aria-describedby=\"caption-attachment-26984\" style=\"width: 601px\" class=\"wp-caption aligncenter\"><img loading=\"lazy\" decoding=\"async\" class=\"wp-image-26984 size-full\" src=\"https:\/\/mouldking.store\/wp-content\/uploads\/2021\/11\/XINYU-YC-23002-TOYOTA-GT86-with-2586-pieces-4.jpg\" alt=\"XINYU YC-23002 TOYOTA GT86 with 2586 pieces\" width=\"601\" height=\"1024\" title=\"-\" srcset=\"https:\/\/mouldking.store\/wp-content\/uploads\/2021\/11\/XINYU-YC-23002-TOYOTA-GT86-with-2586-pieces-4.jpg 601w, https:\/\/mouldking.store\/wp-content\/uploads\/2021\/11\/XINYU-YC-23002-TOYOTA-GT86-with-2586-pieces-4-176x300.jpg 176w, https:\/\/mouldking.store\/wp-content\/uploads\/2021\/11\/XINYU-YC-23002-TOYOTA-GT86-with-2586-pieces-4-300x511.jpg 300w, https:\/\/mouldking.store\/wp-content\/uploads\/2021\/11\/XINYU-YC-23002-TOYOTA-GT86-with-2586-pieces-4-600x1022.jpg 600w, https:\/\/mouldking.store\/wp-content\/uploads\/2021\/11\/XINYU-YC-23002-TOYOTA-GT86-with-2586-pieces-4-88x150.jpg 88w\" sizes=\"(max-width: 601px) 100vw, 601px\" \/><figcaption id=\"caption-attachment-26984\" class=\"wp-caption-text\">XINYU YC-23002 TOYOTA GT86 avec 2586 pi\u00e8ces<\/figcaption><\/figure>\n<figure id=\"attachment_26983\" aria-describedby=\"caption-attachment-26983\" style=\"width: 571px\" class=\"wp-caption aligncenter\"><img loading=\"lazy\" decoding=\"async\" class=\"wp-image-26983 size-full\" src=\"https:\/\/mouldking.store\/wp-content\/uploads\/2021\/11\/XINYU-YC-23002-TOYOTA-GT86-with-2586-pieces-3.jpg\" alt=\"XINYU YC-23002 TOYOTA GT86 with 2586 pieces\" width=\"571\" height=\"1023\" title=\"-\" srcset=\"https:\/\/mouldking.store\/wp-content\/uploads\/2021\/11\/XINYU-YC-23002-TOYOTA-GT86-with-2586-pieces-3.jpg 571w, https:\/\/mouldking.store\/wp-content\/uploads\/2021\/11\/XINYU-YC-23002-TOYOTA-GT86-with-2586-pieces-3-167x300.jpg 167w, https:\/\/mouldking.store\/wp-content\/uploads\/2021\/11\/XINYU-YC-23002-TOYOTA-GT86-with-2586-pieces-3-300x537.jpg 300w, https:\/\/mouldking.store\/wp-content\/uploads\/2021\/11\/XINYU-YC-23002-TOYOTA-GT86-with-2586-pieces-3-84x150.jpg 84w\" sizes=\"(max-width: 571px) 100vw, 571px\" \/><figcaption id=\"caption-attachment-26983\" class=\"wp-caption-text\">XINYU YC-23002 TOYOTA GT86 avec 2586 pi\u00e8ces<\/figcaption><\/figure>\n<figure id=\"attachment_26989\" aria-describedby=\"caption-attachment-26989\" style=\"width: 609px\" class=\"wp-caption aligncenter\"><img loading=\"lazy\" decoding=\"async\" class=\"wp-image-26989 size-full\" src=\"https:\/\/mouldking.store\/wp-content\/uploads\/2021\/11\/XINYU-YC-23002-TOYOTA-GT86-with-2586-pieces-9.jpg\" alt=\"XINYU YC-23002 TOYOTA GT86 with 2586 pieces\" width=\"609\" height=\"1024\" title=\"-\" srcset=\"https:\/\/mouldking.store\/wp-content\/uploads\/2021\/11\/XINYU-YC-23002-TOYOTA-GT86-with-2586-pieces-9.jpg 609w, https:\/\/mouldking.store\/wp-content\/uploads\/2021\/11\/XINYU-YC-23002-TOYOTA-GT86-with-2586-pieces-9-178x300.jpg 178w, https:\/\/mouldking.store\/wp-content\/uploads\/2021\/11\/XINYU-YC-23002-TOYOTA-GT86-with-2586-pieces-9-300x504.jpg 300w, https:\/\/mouldking.store\/wp-content\/uploads\/2021\/11\/XINYU-YC-23002-TOYOTA-GT86-with-2586-pieces-9-600x1009.jpg 600w, https:\/\/mouldking.store\/wp-content\/uploads\/2021\/11\/XINYU-YC-23002-TOYOTA-GT86-with-2586-pieces-9-89x150.jpg 89w\" sizes=\"(max-width: 609px) 100vw, 609px\" \/><figcaption id=\"caption-attachment-26989\" class=\"wp-caption-text\">XINYU YC-23002 TOYOTA GT86 avec 2586 pi\u00e8ces<\/figcaption><\/figure>\n<figure id=\"attachment_26992\" aria-describedby=\"caption-attachment-26992\" style=\"width: 750px\" class=\"wp-caption aligncenter\"><img loading=\"lazy\" decoding=\"async\" class=\"wp-image-26992 size-full\" src=\"https:\/\/mouldking.store\/wp-content\/uploads\/2021\/11\/XINYU-YC-23002-TOYOTA-GT86-with-2586-pieces-11.jpg\" alt=\"XINYU YC-23002 TOYOTA GT86 with 2586 pieces\" width=\"750\" height=\"962\" title=\"-\" srcset=\"https:\/\/mouldking.store\/wp-content\/uploads\/2021\/11\/XINYU-YC-23002-TOYOTA-GT86-with-2586-pieces-11.jpg 750w, https:\/\/mouldking.store\/wp-content\/uploads\/2021\/11\/XINYU-YC-23002-TOYOTA-GT86-with-2586-pieces-11-234x300.jpg 234w, https:\/\/mouldking.store\/wp-content\/uploads\/2021\/11\/XINYU-YC-23002-TOYOTA-GT86-with-2586-pieces-11-300x385.jpg 300w, https:\/\/mouldking.store\/wp-content\/uploads\/2021\/11\/XINYU-YC-23002-TOYOTA-GT86-with-2586-pieces-11-600x770.jpg 600w, https:\/\/mouldking.store\/wp-content\/uploads\/2021\/11\/XINYU-YC-23002-TOYOTA-GT86-with-2586-pieces-11-117x150.jpg 117w\" sizes=\"(max-width: 750px) 100vw, 750px\" \/><figcaption id=\"caption-attachment-26992\" class=\"wp-caption-text\">XINYU YC-23002 TOYOTA GT86 avec 2586 pi\u00e8ces<\/figcaption><\/figure>\n<figure id=\"attachment_26987\" aria-describedby=\"caption-attachment-26987\" style=\"width: 590px\" class=\"wp-caption aligncenter\"><img loading=\"lazy\" decoding=\"async\" class=\"wp-image-26987 size-full\" src=\"https:\/\/mouldking.store\/wp-content\/uploads\/2021\/11\/XINYU-YC-23002-TOYOTA-GT86-with-2586-pieces-7.jpg\" alt=\"XINYU YC-23002 TOYOTA GT86 with 2586 pieces\" width=\"590\" height=\"1024\" title=\"-\" srcset=\"https:\/\/mouldking.store\/wp-content\/uploads\/2021\/11\/XINYU-YC-23002-TOYOTA-GT86-with-2586-pieces-7.jpg 590w, https:\/\/mouldking.store\/wp-content\/uploads\/2021\/11\/XINYU-YC-23002-TOYOTA-GT86-with-2586-pieces-7-173x300.jpg 173w, https:\/\/mouldking.store\/wp-content\/uploads\/2021\/11\/XINYU-YC-23002-TOYOTA-GT86-with-2586-pieces-7-300x521.jpg 300w, https:\/\/mouldking.store\/wp-content\/uploads\/2021\/11\/XINYU-YC-23002-TOYOTA-GT86-with-2586-pieces-7-86x150.jpg 86w\" sizes=\"(max-width: 590px) 100vw, 590px\" \/><figcaption id=\"caption-attachment-26987\" class=\"wp-caption-text\">XINYU YC-23002 TOYOTA GT86 avec 2586 pi\u00e8ces<\/figcaption><\/figure>\n<figure id=\"attachment_26982\" aria-describedby=\"caption-attachment-26982\" style=\"width: 800px\" class=\"wp-caption aligncenter\"><img loading=\"lazy\" decoding=\"async\" class=\"wp-image-26982 size-full\" src=\"https:\/\/mouldking.store\/wp-content\/uploads\/2021\/11\/XINYU-YC-23002-TOYOTA-GT86-with-2586-pieces-2.jpg\" alt=\"XINYU YC-23002 TOYOTA GT86 with 2586 pieces\" width=\"800\" height=\"800\" title=\"-\" srcset=\"https:\/\/mouldking.store\/wp-content\/uploads\/2021\/11\/XINYU-YC-23002-TOYOTA-GT86-with-2586-pieces-2.jpg 800w, https:\/\/mouldking.store\/wp-content\/uploads\/2021\/11\/XINYU-YC-23002-TOYOTA-GT86-with-2586-pieces-2-300x300.jpg 300w, https:\/\/mouldking.store\/wp-content\/uploads\/2021\/11\/XINYU-YC-23002-TOYOTA-GT86-with-2586-pieces-2-768x768.jpg 768w, https:\/\/mouldking.store\/wp-content\/uploads\/2021\/11\/XINYU-YC-23002-TOYOTA-GT86-with-2586-pieces-2-600x600.jpg 600w, https:\/\/mouldking.store\/wp-content\/uploads\/2021\/11\/XINYU-YC-23002-TOYOTA-GT86-with-2586-pieces-2-150x150.jpg 150w\" sizes=\"(max-width: 800px) 100vw, 800px\" \/><figcaption id=\"caption-attachment-26982\" class=\"wp-caption-text\">XINYU YC-23002 TOYOTA GT86 avec 2586 pi\u00e8ces<\/figcaption><\/figure>","protected":false},"excerpt":{"rendered":"<p>Product information: Brand: XINYU Gender: Unisex Name: TOYOTA GT86 Age Range: &gt; 6 years old Model Number: YC-23002 Classification: Assemblage Plastic Block Shape: Self-Locking Bricks Material: Plastic Plastic Type: ABS Bricks Blocks: 2586 PCS Contains detailed assembly instructions. Notice: 1. Without an original box, but we guarantee our products have quality assurance and nice packaging. [&hellip;]<\/p>","protected":false},"featured_media":26981,"comment_status":"open","ping_status":"closed","template":"","meta":{"_acf_changed":false},"product_cat":[364],"product_tag":[3354,3353,3351,2209,3350,3349,3348,3352],"class_list":["product","first","instock","shipping-taxable","purchasable","product-type-variable"],"acf":[],"_links":{"self":[{"href":"https:\/\/mouldking.store\/fr\/wp-json\/wp\/v2\/product\/26980","targetHints":{"allow":["GET"]}}],"collection":[{"href":"https:\/\/mouldking.store\/fr\/wp-json\/wp\/v2\/product"}],"about":[{"href":"https:\/\/mouldking.store\/fr\/wp-json\/wp\/v2\/types\/product"}],"replies":[{"embeddable":true,"href":"https:\/\/mouldking.store\/fr\/wp-json\/wp\/v2\/comments?post=26980"}],"wp:featuredmedia":[{"embeddable":true,"href":"https:\/\/mouldking.store\/fr\/wp-json\/wp\/v2\/media\/26981"}],"wp:attachment":[{"href":"https:\/\/mouldking.store\/fr\/wp-json\/wp\/v2\/media?parent=26980"}],"wp:term":[{"taxonomy":"product_cat","embeddable":true,"href":"https:\/\/mouldking.store\/fr\/wp-json\/wp\/v2\/product_cat?post=26980"},{"taxonomy":"product_tag","embeddable":true,"href":"https:\/\/mouldking.store\/fr\/wp-json\/wp\/v2\/product_tag?post=26980"}],"curies":[{"name":"wp","href":"https:\/\/api.w.org\/{rel}","templated":true}]}}