{"id":27319,"date":"2021-11-15T03:43:50","date_gmt":"2021-11-15T03:43:50","guid":{"rendered":"https:\/\/mouldking.store\/?post_type=product&#038;p=27319"},"modified":"2025-12-25T09:17:05","modified_gmt":"2025-12-25T02:17:05","slug":"moc-16306-asterix-and-obelix-with-294-pieces","status":"publish","type":"product","link":"https:\/\/mouldking.store\/fr\/shop\/moc-16306-asterix-and-obelix-with-294-pieces\/","title":{"rendered":"MOC-16306 Ast\u00e9rix et Ob\u00e9lix avec 294 pi\u00e8ces"},"content":{"rendered":"<p>Information produit:<\/p>\n<ol>\n<li>Marque : MOC<\/li>\n<li>Genre: Unisexe<\/li>\n<li>Name: Asterix and Obelix<\/li>\n<li>Tranche d&#039;\u00e2ge : &gt; 6 ans<\/li>\n<li>Model Number: MOC-16306<\/li>\n<li>Classement : Assemblage<\/li>\n<li>Forme de bloc en plastique\u00a0: briques autobloquantes<\/li>\n<li>Mat\u00e9riel: Plastique<\/li>\n<li>Type de plastique : ABS<\/li>\n<li>Bricks Blocks: 294 PCS<\/li>\n<li>Contient des instructions de montage d\u00e9taill\u00e9es.<\/li>\n<\/ol>\n<p>Avis:<br \/>\n1. Sans bo\u00eete d&#039;origine, mais nous garantissons que nos produits ont une assurance qualit\u00e9 et un bel emballage.<br \/>\n2. Comme toutes les pi\u00e8ces que nous avons v\u00e9rifi\u00e9es avant l&#039;exp\u00e9dition, donc si vous trouvez des pi\u00e8ces manquantes ou endommag\u00e9es, ne vous inqui\u00e9tez pas et veuillez nous contacter et nous pouvons vous les renvoyer imm\u00e9diatement gratuitement.<\/p>\n<figure id=\"attachment_27320\" aria-describedby=\"caption-attachment-27320\" style=\"width: 1000px\" class=\"wp-caption aligncenter\"><img fetchpriority=\"high\" decoding=\"async\" class=\"size-full wp-image-27320\" title=\"MOC-16306 Ast\u00e9rix et Ob\u00e9lix avec 294 pi\u00e8ces\" src=\"https:\/\/mouldking.store\/wp-content\/uploads\/2021\/11\/moc-16306-asterix-and-obelix-with-294-pieces.jpg\" alt=\"MOC-16306 Asterix and Obelix with 294 pieces\" width=\"1000\" height=\"1000\" srcset=\"https:\/\/mouldking.store\/wp-content\/uploads\/2021\/11\/moc-16306-asterix-and-obelix-with-294-pieces.jpg 1000w, https:\/\/mouldking.store\/wp-content\/uploads\/2021\/11\/moc-16306-asterix-and-obelix-with-294-pieces-300x300.jpg 300w, https:\/\/mouldking.store\/wp-content\/uploads\/2021\/11\/moc-16306-asterix-and-obelix-with-294-pieces-768x768.jpg 768w, https:\/\/mouldking.store\/wp-content\/uploads\/2021\/11\/moc-16306-asterix-and-obelix-with-294-pieces-600x600.jpg 600w, https:\/\/mouldking.store\/wp-content\/uploads\/2021\/11\/moc-16306-asterix-and-obelix-with-294-pieces-150x150.jpg 150w\" sizes=\"(max-width: 1000px) 100vw, 1000px\" \/><figcaption id=\"caption-attachment-27320\" class=\"wp-caption-text\">MOC-16306 Ast\u00e9rix et Ob\u00e9lix avec 294 pi\u00e8ces<\/figcaption><\/figure>\n<figure id=\"attachment_27321\" aria-describedby=\"caption-attachment-27321\" style=\"width: 1000px\" class=\"wp-caption aligncenter\"><img decoding=\"async\" class=\"size-full wp-image-27321\" title=\"MOC-16306 Ast\u00e9rix et Ob\u00e9lix avec 294 pi\u00e8ces\" src=\"https:\/\/mouldking.store\/wp-content\/uploads\/2021\/11\/moc-16306-asterix-and-obelix-with-294-pieces-1.jpg\" alt=\"MOC-16306 Asterix and Obelix with 294 pieces\" width=\"1000\" height=\"1000\" srcset=\"https:\/\/mouldking.store\/wp-content\/uploads\/2021\/11\/moc-16306-asterix-and-obelix-with-294-pieces-1.jpg 1000w, https:\/\/mouldking.store\/wp-content\/uploads\/2021\/11\/moc-16306-asterix-and-obelix-with-294-pieces-1-300x300.jpg 300w, https:\/\/mouldking.store\/wp-content\/uploads\/2021\/11\/moc-16306-asterix-and-obelix-with-294-pieces-1-768x768.jpg 768w, https:\/\/mouldking.store\/wp-content\/uploads\/2021\/11\/moc-16306-asterix-and-obelix-with-294-pieces-1-600x600.jpg 600w, https:\/\/mouldking.store\/wp-content\/uploads\/2021\/11\/moc-16306-asterix-and-obelix-with-294-pieces-1-150x150.jpg 150w\" sizes=\"(max-width: 1000px) 100vw, 1000px\" \/><figcaption id=\"caption-attachment-27321\" class=\"wp-caption-text\">MOC-16306 Ast\u00e9rix et Ob\u00e9lix avec 294 pi\u00e8ces<\/figcaption><\/figure>\n<figure id=\"attachment_27322\" aria-describedby=\"caption-attachment-27322\" style=\"width: 1000px\" class=\"wp-caption aligncenter\"><img decoding=\"async\" class=\"size-full wp-image-27322\" title=\"MOC-16306 Ast\u00e9rix et Ob\u00e9lix avec 294 pi\u00e8ces\" src=\"https:\/\/mouldking.store\/wp-content\/uploads\/2021\/11\/moc-16306-asterix-and-obelix-with-294-pieces-2.jpg\" alt=\"MOC-16306 Asterix and Obelix with 294 pieces\" width=\"1000\" height=\"1000\" srcset=\"https:\/\/mouldking.store\/wp-content\/uploads\/2021\/11\/moc-16306-asterix-and-obelix-with-294-pieces-2.jpg 1000w, https:\/\/mouldking.store\/wp-content\/uploads\/2021\/11\/moc-16306-asterix-and-obelix-with-294-pieces-2-300x300.jpg 300w, https:\/\/mouldking.store\/wp-content\/uploads\/2021\/11\/moc-16306-asterix-and-obelix-with-294-pieces-2-768x768.jpg 768w, https:\/\/mouldking.store\/wp-content\/uploads\/2021\/11\/moc-16306-asterix-and-obelix-with-294-pieces-2-600x600.jpg 600w, https:\/\/mouldking.store\/wp-content\/uploads\/2021\/11\/moc-16306-asterix-and-obelix-with-294-pieces-2-150x150.jpg 150w\" sizes=\"(max-width: 1000px) 100vw, 1000px\" \/><figcaption id=\"caption-attachment-27322\" class=\"wp-caption-text\">MOC-16306 Ast\u00e9rix et Ob\u00e9lix avec 294 pi\u00e8ces<\/figcaption><\/figure>","protected":false},"excerpt":{"rendered":"<p>Informations sur le produit : Marque : MOC Genre : Unisexe Nom : Ast\u00e9rix et Ob\u00e9lix Tranche d&#039;\u00e2ge : &gt; 6 ans Num\u00e9ro de mod\u00e8le : MOC-16306 Classification : Assemblage Forme de bloc en plastique : Briques autobloquantes Mat\u00e9riau : Plastique Type de plastique : Blocs de briques ABS : 294 PCS Contient des instructions de montage d\u00e9taill\u00e9es. Avis: 1. Sans bo\u00eete d&#039;origine, mais nous garantissons que nos produits ont une assurance qualit\u00e9 et une belle [\u2026]<\/p>","protected":false},"featured_media":27323,"comment_status":"open","ping_status":"closed","template":"","meta":{"_acf_changed":false},"product_cat":[581],"product_tag":[3521,3520],"class_list":["product","first","instock","shipping-taxable","purchasable","product-type-simple"],"acf":[],"_links":{"self":[{"href":"https:\/\/mouldking.store\/fr\/wp-json\/wp\/v2\/product\/27319","targetHints":{"allow":["GET"]}}],"collection":[{"href":"https:\/\/mouldking.store\/fr\/wp-json\/wp\/v2\/product"}],"about":[{"href":"https:\/\/mouldking.store\/fr\/wp-json\/wp\/v2\/types\/product"}],"replies":[{"embeddable":true,"href":"https:\/\/mouldking.store\/fr\/wp-json\/wp\/v2\/comments?post=27319"}],"wp:featuredmedia":[{"embeddable":true,"href":"https:\/\/mouldking.store\/fr\/wp-json\/wp\/v2\/media\/27323"}],"wp:attachment":[{"href":"https:\/\/mouldking.store\/fr\/wp-json\/wp\/v2\/media?parent=27319"}],"wp:term":[{"taxonomy":"product_cat","embeddable":true,"href":"https:\/\/mouldking.store\/fr\/wp-json\/wp\/v2\/product_cat?post=27319"},{"taxonomy":"product_tag","embeddable":true,"href":"https:\/\/mouldking.store\/fr\/wp-json\/wp\/v2\/product_tag?post=27319"}],"curies":[{"name":"wp","href":"https:\/\/api.w.org\/{rel}","templated":true}]}}