{"id":27418,"date":"2021-11-16T10:13:41","date_gmt":"2021-11-16T10:13:41","guid":{"rendered":"https:\/\/mouldking.store\/?post_type=product&#038;p=27418"},"modified":"2021-12-23T09:40:38","modified_gmt":"2021-12-23T09:40:38","slug":"mould-king-11001-post-office-with-2179-pieces","status":"publish","type":"product","link":"https:\/\/mouldking.store\/fr\/shop\/mould-king-11001-post-office-with-2179-pieces\/","title":{"rendered":"Mold King 11001 Bureau de poste avec 2179 pi\u00e8ces"},"content":{"rendered":"<p>Information produit:<\/p>\n<ol>\n<li>Marque : Mold King<\/li>\n<li>Genre: Unisexe<\/li>\n<li>Name: Post Office<\/li>\n<li>Tranche d&#039;\u00e2ge : &gt; 14 ans<\/li>\n<li>Model Number: 11001<\/li>\n<li>Classement : Assemblage<\/li>\n<li>Forme de bloc en plastique\u00a0: briques autobloquantes<\/li>\n<li>Mat\u00e9riel: Plastique<\/li>\n<li>Type de plastique : ABS<\/li>\n<li>Bricks Blocks: 2179 PCS<\/li>\n<li>Contient des instructions de montage d\u00e9taill\u00e9es.<\/li>\n<\/ol>\n<p>Avis:<br \/>\n1. Sans bo\u00eete d&#039;origine, mais nous garantissons que nos produits ont une assurance qualit\u00e9 et un bel emballage.<br \/>\n2. Comme toutes les pi\u00e8ces que nous avons v\u00e9rifi\u00e9es avant l&#039;exp\u00e9dition, donc si vous trouvez des pi\u00e8ces manquantes ou endommag\u00e9es, ne vous inqui\u00e9tez pas et veuillez nous contacter et nous pouvons vous les renvoyer imm\u00e9diatement gratuitement.<\/p>\n<figure id=\"attachment_27419\" aria-describedby=\"caption-attachment-27419\" style=\"width: 800px\" class=\"wp-caption aligncenter\"><img fetchpriority=\"high\" decoding=\"async\" class=\"wp-image-27419 size-full\" src=\"https:\/\/mouldking.store\/wp-content\/uploads\/2021\/11\/Mould-King-11001-Post-Office-with-2179-pieces-1.jpg\" alt=\"Mould King 11001 Post Office with 2179 pieces\" width=\"800\" height=\"800\" title=\"-\" srcset=\"https:\/\/mouldking.store\/wp-content\/uploads\/2021\/11\/Mould-King-11001-Post-Office-with-2179-pieces-1.jpg 800w, https:\/\/mouldking.store\/wp-content\/uploads\/2021\/11\/Mould-King-11001-Post-Office-with-2179-pieces-1-300x300.jpg 300w, https:\/\/mouldking.store\/wp-content\/uploads\/2021\/11\/Mould-King-11001-Post-Office-with-2179-pieces-1-768x768.jpg 768w, https:\/\/mouldking.store\/wp-content\/uploads\/2021\/11\/Mould-King-11001-Post-Office-with-2179-pieces-1-600x600.jpg 600w, https:\/\/mouldking.store\/wp-content\/uploads\/2021\/11\/Mould-King-11001-Post-Office-with-2179-pieces-1-150x150.jpg 150w\" sizes=\"(max-width: 800px) 100vw, 800px\" \/><figcaption id=\"caption-attachment-27419\" class=\"wp-caption-text\">Mold King 11001 Bureau de poste avec 2179 pi\u00e8ces<\/figcaption><\/figure>\n<figure id=\"attachment_27423\" aria-describedby=\"caption-attachment-27423\" style=\"width: 800px\" class=\"wp-caption aligncenter\"><img decoding=\"async\" class=\"wp-image-27423\" src=\"https:\/\/mouldking.store\/wp-content\/uploads\/2021\/11\/Mould-King-11001-Post-Office-with-2179-pieces-5.jpg\" alt=\"Mould King 11001 Post Office with 2179 pieces\" width=\"800\" height=\"933\" title=\"-\" srcset=\"https:\/\/mouldking.store\/wp-content\/uploads\/2021\/11\/Mould-King-11001-Post-Office-with-2179-pieces-5.jpg 878w, https:\/\/mouldking.store\/wp-content\/uploads\/2021\/11\/Mould-King-11001-Post-Office-with-2179-pieces-5-257x300.jpg 257w, https:\/\/mouldking.store\/wp-content\/uploads\/2021\/11\/Mould-King-11001-Post-Office-with-2179-pieces-5-768x896.jpg 768w, https:\/\/mouldking.store\/wp-content\/uploads\/2021\/11\/Mould-King-11001-Post-Office-with-2179-pieces-5-300x350.jpg 300w, https:\/\/mouldking.store\/wp-content\/uploads\/2021\/11\/Mould-King-11001-Post-Office-with-2179-pieces-5-600x700.jpg 600w, https:\/\/mouldking.store\/wp-content\/uploads\/2021\/11\/Mould-King-11001-Post-Office-with-2179-pieces-5-129x150.jpg 129w\" sizes=\"(max-width: 800px) 100vw, 800px\" \/><figcaption id=\"caption-attachment-27423\" class=\"wp-caption-text\">Mold King 11001 Bureau de poste avec 2179 pi\u00e8ces<\/figcaption><\/figure>\n<figure id=\"attachment_27422\" aria-describedby=\"caption-attachment-27422\" style=\"width: 800px\" class=\"wp-caption aligncenter\"><img decoding=\"async\" class=\"wp-image-27422\" src=\"https:\/\/mouldking.store\/wp-content\/uploads\/2021\/11\/Mould-King-11001-Post-Office-with-2179-pieces-4-300x258.jpg\" alt=\"Mould King 11001 Post Office with 2179 pieces\" width=\"800\" height=\"689\" title=\"-\" srcset=\"https:\/\/mouldking.store\/wp-content\/uploads\/2021\/11\/Mould-King-11001-Post-Office-with-2179-pieces-4-300x258.jpg 300w, https:\/\/mouldking.store\/wp-content\/uploads\/2021\/11\/Mould-King-11001-Post-Office-with-2179-pieces-4-768x661.jpg 768w, https:\/\/mouldking.store\/wp-content\/uploads\/2021\/11\/Mould-King-11001-Post-Office-with-2179-pieces-4-600x517.jpg 600w, https:\/\/mouldking.store\/wp-content\/uploads\/2021\/11\/Mould-King-11001-Post-Office-with-2179-pieces-4-150x129.jpg 150w, https:\/\/mouldking.store\/wp-content\/uploads\/2021\/11\/Mould-King-11001-Post-Office-with-2179-pieces-4.jpg 1023w\" sizes=\"(max-width: 800px) 100vw, 800px\" \/><figcaption id=\"caption-attachment-27422\" class=\"wp-caption-text\">Mold King 11001 Bureau de poste avec 2179 pi\u00e8ces<\/figcaption><\/figure>\n<figure id=\"attachment_27421\" aria-describedby=\"caption-attachment-27421\" style=\"width: 788px\" class=\"wp-caption aligncenter\"><img loading=\"lazy\" decoding=\"async\" class=\"wp-image-27421 size-full\" src=\"https:\/\/mouldking.store\/wp-content\/uploads\/2021\/11\/Mould-King-11001-Post-Office-with-2179-pieces-3.jpg\" alt=\"Mould King 11001 Post Office with 2179 pieces\" width=\"788\" height=\"1024\" title=\"-\" srcset=\"https:\/\/mouldking.store\/wp-content\/uploads\/2021\/11\/Mould-King-11001-Post-Office-with-2179-pieces-3.jpg 788w, https:\/\/mouldking.store\/wp-content\/uploads\/2021\/11\/Mould-King-11001-Post-Office-with-2179-pieces-3-231x300.jpg 231w, https:\/\/mouldking.store\/wp-content\/uploads\/2021\/11\/Mould-King-11001-Post-Office-with-2179-pieces-3-768x998.jpg 768w, https:\/\/mouldking.store\/wp-content\/uploads\/2021\/11\/Mould-King-11001-Post-Office-with-2179-pieces-3-300x390.jpg 300w, https:\/\/mouldking.store\/wp-content\/uploads\/2021\/11\/Mould-King-11001-Post-Office-with-2179-pieces-3-600x780.jpg 600w, https:\/\/mouldking.store\/wp-content\/uploads\/2021\/11\/Mould-King-11001-Post-Office-with-2179-pieces-3-115x150.jpg 115w\" sizes=\"(max-width: 788px) 100vw, 788px\" \/><figcaption id=\"caption-attachment-27421\" class=\"wp-caption-text\">Mold King 11001 Bureau de poste avec 2179 pi\u00e8ces<\/figcaption><\/figure>\n<figure id=\"attachment_27420\" aria-describedby=\"caption-attachment-27420\" style=\"width: 800px\" class=\"wp-caption aligncenter\"><img loading=\"lazy\" decoding=\"async\" class=\"wp-image-27420\" src=\"https:\/\/mouldking.store\/wp-content\/uploads\/2021\/11\/Mould-King-11001-Post-Office-with-2179-pieces-2-300x269.jpg\" alt=\"Mould King 11001 Post Office with 2179 pieces\" width=\"800\" height=\"717\" title=\"-\" srcset=\"https:\/\/mouldking.store\/wp-content\/uploads\/2021\/11\/Mould-King-11001-Post-Office-with-2179-pieces-2-300x269.jpg 300w, https:\/\/mouldking.store\/wp-content\/uploads\/2021\/11\/Mould-King-11001-Post-Office-with-2179-pieces-2-768x689.jpg 768w, https:\/\/mouldking.store\/wp-content\/uploads\/2021\/11\/Mould-King-11001-Post-Office-with-2179-pieces-2-600x538.jpg 600w, https:\/\/mouldking.store\/wp-content\/uploads\/2021\/11\/Mould-King-11001-Post-Office-with-2179-pieces-2-150x134.jpg 150w, https:\/\/mouldking.store\/wp-content\/uploads\/2021\/11\/Mould-King-11001-Post-Office-with-2179-pieces-2.jpg 1024w\" sizes=\"(max-width: 800px) 100vw, 800px\" \/><figcaption id=\"caption-attachment-27420\" class=\"wp-caption-text\">Mold King 11001 Bureau de poste avec 2179 pi\u00e8ces<\/figcaption><\/figure>","protected":false},"excerpt":{"rendered":"<p>Product information: Brand: Mould King Gender: Unisex Name: Post Office Age Range: &gt; 14 years old Model Number: 11001 Classification: Assemblage Plastic Block Shape: Self-Locking Bricks Material: Plastic Plastic Type: ABS Bricks Blocks: 2179 PCS Contains detailed assembly instructions. Notice: 1. Without an original box, but we guarantee our products have quality assurance and nice [&hellip;]<\/p>","protected":false},"author":105,"featured_media":27419,"comment_status":"open","ping_status":"closed","template":"","meta":{"_acf_changed":false},"product_cat":[390],"product_tag":[2390,3581,3582,3580,3579,3583,366,3585,3584,3586,769],"class_list":["product","first","instock","shipping-taxable","purchasable","product-type-simple"],"acf":[],"_links":{"self":[{"href":"https:\/\/mouldking.store\/fr\/wp-json\/wp\/v2\/product\/27418","targetHints":{"allow":["GET"]}}],"collection":[{"href":"https:\/\/mouldking.store\/fr\/wp-json\/wp\/v2\/product"}],"about":[{"href":"https:\/\/mouldking.store\/fr\/wp-json\/wp\/v2\/types\/product"}],"author":[{"embeddable":true,"href":"https:\/\/mouldking.store\/fr\/wp-json\/wp\/v2\/users\/105"}],"replies":[{"embeddable":true,"href":"https:\/\/mouldking.store\/fr\/wp-json\/wp\/v2\/comments?post=27418"}],"wp:featuredmedia":[{"embeddable":true,"href":"https:\/\/mouldking.store\/fr\/wp-json\/wp\/v2\/media\/27419"}],"wp:attachment":[{"href":"https:\/\/mouldking.store\/fr\/wp-json\/wp\/v2\/media?parent=27418"}],"wp:term":[{"taxonomy":"product_cat","embeddable":true,"href":"https:\/\/mouldking.store\/fr\/wp-json\/wp\/v2\/product_cat?post=27418"},{"taxonomy":"product_tag","embeddable":true,"href":"https:\/\/mouldking.store\/fr\/wp-json\/wp\/v2\/product_tag?post=27418"}],"curies":[{"name":"wp","href":"https:\/\/api.w.org\/{rel}","templated":true}]}}