{"id":27713,"date":"2021-11-22T09:25:07","date_gmt":"2021-11-22T09:25:07","guid":{"rendered":"https:\/\/mouldking.store\/?post_type=product&#038;p=27713"},"modified":"2021-12-23T09:40:34","modified_gmt":"2021-12-23T09:40:34","slug":"loz-1238-merry-christmas-music-box-with-979-pieces","status":"publish","type":"product","link":"https:\/\/mouldking.store\/fr\/shop\/loz-1238-merry-christmas-music-box-with-979-pieces\/","title":{"rendered":"LOZ 1238 Bo\u00eete \u00e0 musique Joyeux No\u00ebl avec 979 pi\u00e8ces"},"content":{"rendered":"<p>Information produit:<\/p>\n<ol>\n<li>Marque : LOZ<\/li>\n<li>Genre: Unisexe<\/li>\n<li>Name: Merry Christmas Music Box<\/li>\n<li>Tranche d&#039;\u00e2ge : &gt; 6 ans<\/li>\n<li>Model Number: 1238<\/li>\n<li>Classement : Assemblage<\/li>\n<li>Forme de bloc en plastique\u00a0: briques autobloquantes<\/li>\n<li>Mat\u00e9riel: Plastique<\/li>\n<li>Type de plastique : ABS<\/li>\n<li>Bricks Blocks: 979 PCS<\/li>\n<li>Contient des instructions de montage d\u00e9taill\u00e9es.<\/li>\n<\/ol>\n<p>Avis:<br \/>\n1. Sans bo\u00eete d&#039;origine, mais nous garantissons que nos produits ont une assurance qualit\u00e9 et un bel emballage.<br \/>\n2. Comme toutes les pi\u00e8ces que nous avons v\u00e9rifi\u00e9es avant l&#039;exp\u00e9dition, donc si vous trouvez des pi\u00e8ces manquantes ou endommag\u00e9es, ne vous inqui\u00e9tez pas et veuillez nous contacter et nous pouvons vous les renvoyer imm\u00e9diatement gratuitement.<\/p>\n<figure id=\"attachment_27714\" aria-describedby=\"caption-attachment-27714\" style=\"width: 800px\" class=\"wp-caption aligncenter\"><img fetchpriority=\"high\" decoding=\"async\" class=\"wp-image-27714 size-full\" src=\"https:\/\/mouldking.store\/wp-content\/uploads\/2021\/11\/LOZ-1238-Merry-Christmas-Music-Box-with-979-pieces-1.jpg\" alt=\"LOZ 1238 Merry Christmas Music Box with 979 pieces\" width=\"800\" height=\"800\" title=\"-\" srcset=\"https:\/\/mouldking.store\/wp-content\/uploads\/2021\/11\/LOZ-1238-Merry-Christmas-Music-Box-with-979-pieces-1.jpg 800w, https:\/\/mouldking.store\/wp-content\/uploads\/2021\/11\/LOZ-1238-Merry-Christmas-Music-Box-with-979-pieces-1-300x300.jpg 300w, https:\/\/mouldking.store\/wp-content\/uploads\/2021\/11\/LOZ-1238-Merry-Christmas-Music-Box-with-979-pieces-1-768x768.jpg 768w, https:\/\/mouldking.store\/wp-content\/uploads\/2021\/11\/LOZ-1238-Merry-Christmas-Music-Box-with-979-pieces-1-600x600.jpg 600w, https:\/\/mouldking.store\/wp-content\/uploads\/2021\/11\/LOZ-1238-Merry-Christmas-Music-Box-with-979-pieces-1-150x150.jpg 150w\" sizes=\"(max-width: 800px) 100vw, 800px\" \/><figcaption id=\"caption-attachment-27714\" class=\"wp-caption-text\">LOZ 1238 Bo\u00eete \u00e0 musique Joyeux No\u00ebl avec 979 pi\u00e8ces<\/figcaption><\/figure>\n<figure id=\"attachment_27718\" aria-describedby=\"caption-attachment-27718\" style=\"width: 790px\" class=\"wp-caption aligncenter\"><img decoding=\"async\" class=\"wp-image-27718 size-full\" src=\"https:\/\/mouldking.store\/wp-content\/uploads\/2021\/11\/LOZ-1238-Merry-Christmas-Music-Box-with-979-pieces-5.jpg\" alt=\"LOZ 1238 Merry Christmas Music Box with 979 pieces\" width=\"790\" height=\"1014\" title=\"-\" srcset=\"https:\/\/mouldking.store\/wp-content\/uploads\/2021\/11\/LOZ-1238-Merry-Christmas-Music-Box-with-979-pieces-5.jpg 790w, https:\/\/mouldking.store\/wp-content\/uploads\/2021\/11\/LOZ-1238-Merry-Christmas-Music-Box-with-979-pieces-5-234x300.jpg 234w, https:\/\/mouldking.store\/wp-content\/uploads\/2021\/11\/LOZ-1238-Merry-Christmas-Music-Box-with-979-pieces-5-768x986.jpg 768w, https:\/\/mouldking.store\/wp-content\/uploads\/2021\/11\/LOZ-1238-Merry-Christmas-Music-Box-with-979-pieces-5-300x385.jpg 300w, https:\/\/mouldking.store\/wp-content\/uploads\/2021\/11\/LOZ-1238-Merry-Christmas-Music-Box-with-979-pieces-5-600x770.jpg 600w, https:\/\/mouldking.store\/wp-content\/uploads\/2021\/11\/LOZ-1238-Merry-Christmas-Music-Box-with-979-pieces-5-117x150.jpg 117w\" sizes=\"(max-width: 790px) 100vw, 790px\" \/><figcaption id=\"caption-attachment-27718\" class=\"wp-caption-text\">LOZ 1238 Bo\u00eete \u00e0 musique Joyeux No\u00ebl avec 979 pi\u00e8ces<\/figcaption><\/figure>\n<figure id=\"attachment_27717\" aria-describedby=\"caption-attachment-27717\" style=\"width: 676px\" class=\"wp-caption aligncenter\"><img decoding=\"async\" class=\"wp-image-27717 size-full\" src=\"https:\/\/mouldking.store\/wp-content\/uploads\/2021\/11\/LOZ-1238-Merry-Christmas-Music-Box-with-979-pieces-4.jpg\" alt=\"LOZ 1238 Merry Christmas Music Box with 979 pieces\" width=\"676\" height=\"1024\" title=\"-\" srcset=\"https:\/\/mouldking.store\/wp-content\/uploads\/2021\/11\/LOZ-1238-Merry-Christmas-Music-Box-with-979-pieces-4.jpg 676w, https:\/\/mouldking.store\/wp-content\/uploads\/2021\/11\/LOZ-1238-Merry-Christmas-Music-Box-with-979-pieces-4-198x300.jpg 198w, https:\/\/mouldking.store\/wp-content\/uploads\/2021\/11\/LOZ-1238-Merry-Christmas-Music-Box-with-979-pieces-4-300x454.jpg 300w, https:\/\/mouldking.store\/wp-content\/uploads\/2021\/11\/LOZ-1238-Merry-Christmas-Music-Box-with-979-pieces-4-600x909.jpg 600w, https:\/\/mouldking.store\/wp-content\/uploads\/2021\/11\/LOZ-1238-Merry-Christmas-Music-Box-with-979-pieces-4-99x150.jpg 99w\" sizes=\"(max-width: 676px) 100vw, 676px\" \/><figcaption id=\"caption-attachment-27717\" class=\"wp-caption-text\">LOZ 1238 Bo\u00eete \u00e0 musique Joyeux No\u00ebl avec 979 pi\u00e8ces<\/figcaption><\/figure>\n<figure id=\"attachment_27715\" aria-describedby=\"caption-attachment-27715\" style=\"width: 734px\" class=\"wp-caption aligncenter\"><img loading=\"lazy\" decoding=\"async\" class=\"wp-image-27715 size-full\" src=\"https:\/\/mouldking.store\/wp-content\/uploads\/2021\/11\/LOZ-1238-Merry-Christmas-Music-Box-with-979-pieces-2.jpg\" alt=\"LOZ 1238 Merry Christmas Music Box with 979 pieces\" width=\"734\" height=\"1024\" title=\"-\" srcset=\"https:\/\/mouldking.store\/wp-content\/uploads\/2021\/11\/LOZ-1238-Merry-Christmas-Music-Box-with-979-pieces-2.jpg 734w, https:\/\/mouldking.store\/wp-content\/uploads\/2021\/11\/LOZ-1238-Merry-Christmas-Music-Box-with-979-pieces-2-215x300.jpg 215w, https:\/\/mouldking.store\/wp-content\/uploads\/2021\/11\/LOZ-1238-Merry-Christmas-Music-Box-with-979-pieces-2-300x419.jpg 300w, https:\/\/mouldking.store\/wp-content\/uploads\/2021\/11\/LOZ-1238-Merry-Christmas-Music-Box-with-979-pieces-2-600x837.jpg 600w, https:\/\/mouldking.store\/wp-content\/uploads\/2021\/11\/LOZ-1238-Merry-Christmas-Music-Box-with-979-pieces-2-108x150.jpg 108w\" sizes=\"(max-width: 734px) 100vw, 734px\" \/><figcaption id=\"caption-attachment-27715\" class=\"wp-caption-text\">LOZ 1238 Bo\u00eete \u00e0 musique Joyeux No\u00ebl avec 979 pi\u00e8ces<\/figcaption><\/figure>\n<figure id=\"attachment_27716\" aria-describedby=\"caption-attachment-27716\" style=\"width: 790px\" class=\"wp-caption aligncenter\"><img loading=\"lazy\" decoding=\"async\" class=\"wp-image-27716 size-full\" src=\"https:\/\/mouldking.store\/wp-content\/uploads\/2021\/11\/LOZ-1238-Merry-Christmas-Music-Box-with-979-pieces-3.jpg\" alt=\"LOZ 1238 Merry Christmas Music Box with 979 pieces\" width=\"790\" height=\"915\" title=\"-\" srcset=\"https:\/\/mouldking.store\/wp-content\/uploads\/2021\/11\/LOZ-1238-Merry-Christmas-Music-Box-with-979-pieces-3.jpg 790w, https:\/\/mouldking.store\/wp-content\/uploads\/2021\/11\/LOZ-1238-Merry-Christmas-Music-Box-with-979-pieces-3-259x300.jpg 259w, https:\/\/mouldking.store\/wp-content\/uploads\/2021\/11\/LOZ-1238-Merry-Christmas-Music-Box-with-979-pieces-3-768x890.jpg 768w, https:\/\/mouldking.store\/wp-content\/uploads\/2021\/11\/LOZ-1238-Merry-Christmas-Music-Box-with-979-pieces-3-300x347.jpg 300w, https:\/\/mouldking.store\/wp-content\/uploads\/2021\/11\/LOZ-1238-Merry-Christmas-Music-Box-with-979-pieces-3-600x695.jpg 600w, https:\/\/mouldking.store\/wp-content\/uploads\/2021\/11\/LOZ-1238-Merry-Christmas-Music-Box-with-979-pieces-3-130x150.jpg 130w\" sizes=\"(max-width: 790px) 100vw, 790px\" \/><figcaption id=\"caption-attachment-27716\" class=\"wp-caption-text\">LOZ 1238 Bo\u00eete \u00e0 musique Joyeux No\u00ebl avec 979 pi\u00e8ces<\/figcaption><\/figure>","protected":false},"excerpt":{"rendered":"<p>Product information: Brand: LOZ Gender: Unisex Name: Merry Christmas Music Box Age Range: &gt; 6 years old Model Number: 1238 Classification: Assemblage Plastic Block Shape: Self-Locking Bricks Material: Plastic Plastic Type: ABS Bricks Blocks: 979 PCS Contains detailed assembly instructions. Notice: 1. Without an original box, but we guarantee our products have quality assurance and [&hellip;]<\/p>","protected":false},"featured_media":27714,"comment_status":"open","ping_status":"closed","template":"","meta":{"_acf_changed":false},"product_cat":[371,390],"product_tag":[1052,3739,3736,2202,3737,3735,3734,3740,3738,1370],"class_list":["product","first","instock","shipping-taxable","purchasable","product-type-simple"],"acf":[],"_links":{"self":[{"href":"https:\/\/mouldking.store\/fr\/wp-json\/wp\/v2\/product\/27713","targetHints":{"allow":["GET"]}}],"collection":[{"href":"https:\/\/mouldking.store\/fr\/wp-json\/wp\/v2\/product"}],"about":[{"href":"https:\/\/mouldking.store\/fr\/wp-json\/wp\/v2\/types\/product"}],"replies":[{"embeddable":true,"href":"https:\/\/mouldking.store\/fr\/wp-json\/wp\/v2\/comments?post=27713"}],"wp:featuredmedia":[{"embeddable":true,"href":"https:\/\/mouldking.store\/fr\/wp-json\/wp\/v2\/media\/27714"}],"wp:attachment":[{"href":"https:\/\/mouldking.store\/fr\/wp-json\/wp\/v2\/media?parent=27713"}],"wp:term":[{"taxonomy":"product_cat","embeddable":true,"href":"https:\/\/mouldking.store\/fr\/wp-json\/wp\/v2\/product_cat?post=27713"},{"taxonomy":"product_tag","embeddable":true,"href":"https:\/\/mouldking.store\/fr\/wp-json\/wp\/v2\/product_tag?post=27713"}],"curies":[{"name":"wp","href":"https:\/\/api.w.org\/{rel}","templated":true}]}}