{"id":27860,"date":"2021-11-24T13:22:03","date_gmt":"2021-11-24T13:22:03","guid":{"rendered":"https:\/\/mouldking.store\/?post_type=product&#038;p=27860"},"modified":"2021-12-23T09:40:30","modified_gmt":"2021-12-23T09:40:30","slug":"mould-king-15027-rc-remove-obstacles-with-938-pieces","status":"publish","type":"product","link":"https:\/\/mouldking.store\/fr\/shop\/mould-king-15027-rc-remove-obstacles-with-938-pieces\/","title":{"rendered":"Mold King 15027 RC Supprimer les obstacles avec 938 pi\u00e8ces"},"content":{"rendered":"<p>Information produit:<\/p>\n<ol>\n<li>Marque : Mold King<\/li>\n<li>Genre: Unisexe<\/li>\n<li>Nom\u00a0: RC supprimer les obstacles<\/li>\n<li>Tranche d&#039;\u00e2ge : &gt; 8 ans<\/li>\n<li>Num\u00e9ro de mod\u00e8le: 15027<\/li>\n<li>Classement : Assemblage<\/li>\n<li>Forme de bloc en plastique\u00a0: briques autobloquantes<\/li>\n<li>Mat\u00e9riel: Plastique<\/li>\n<li>Type de plastique : ABS<\/li>\n<li>Blocs de briques : 938 PCS<\/li>\n<li>Contient des instructions de montage d\u00e9taill\u00e9es.<\/li>\n<\/ol>\n<p>Avis:<br \/>\n1. Sans bo\u00eete d&#039;origine, mais nous garantissons que nos produits ont une assurance qualit\u00e9 et un bel emballage.<br \/>\n2. Comme toutes les pi\u00e8ces que nous avons v\u00e9rifi\u00e9es avant l&#039;exp\u00e9dition, donc si vous trouvez des pi\u00e8ces manquantes ou endommag\u00e9es, ne vous inqui\u00e9tez pas et veuillez nous contacter et nous pouvons vous les renvoyer imm\u00e9diatement gratuitement.<\/p>\n<p>&nbsp;<\/p>\n<figure id=\"attachment_27861\" aria-describedby=\"caption-attachment-27861\" style=\"width: 800px\" class=\"wp-caption aligncenter\"><img fetchpriority=\"high\" decoding=\"async\" class=\"wp-image-27861 size-full\" src=\"https:\/\/mouldking.store\/wp-content\/uploads\/2021\/11\/TECHNICIAN-MOULDKING-15027-Small-Wrecker-1.jpg\" alt=\"Mould King 15027 RC Remove Obstacles with 938 pieces\" width=\"800\" height=\"800\" title=\"-\" srcset=\"https:\/\/mouldking.store\/wp-content\/uploads\/2021\/11\/TECHNICIAN-MOULDKING-15027-Small-Wrecker-1.jpg 800w, https:\/\/mouldking.store\/wp-content\/uploads\/2021\/11\/TECHNICIAN-MOULDKING-15027-Small-Wrecker-1-300x300.jpg 300w, https:\/\/mouldking.store\/wp-content\/uploads\/2021\/11\/TECHNICIAN-MOULDKING-15027-Small-Wrecker-1-768x768.jpg 768w, https:\/\/mouldking.store\/wp-content\/uploads\/2021\/11\/TECHNICIAN-MOULDKING-15027-Small-Wrecker-1-600x600.jpg 600w, https:\/\/mouldking.store\/wp-content\/uploads\/2021\/11\/TECHNICIAN-MOULDKING-15027-Small-Wrecker-1-150x150.jpg 150w\" sizes=\"(max-width: 800px) 100vw, 800px\" \/><figcaption id=\"caption-attachment-27861\" class=\"wp-caption-text\">Mold King 15027 RC Supprimer les obstacles avec 938 pi\u00e8ces<\/figcaption><\/figure>\n<figure id=\"attachment_27863\" aria-describedby=\"caption-attachment-27863\" style=\"width: 800px\" class=\"wp-caption aligncenter\"><img decoding=\"async\" class=\"wp-image-27863 size-full\" src=\"https:\/\/mouldking.store\/wp-content\/uploads\/2021\/11\/MOULDKING-15027-Small-Wrecker-1.jpg\" alt=\"Mould King 15027 RC Remove Obstacles with 938 pieces\" width=\"800\" height=\"800\" title=\"-\" srcset=\"https:\/\/mouldking.store\/wp-content\/uploads\/2021\/11\/MOULDKING-15027-Small-Wrecker-1.jpg 800w, https:\/\/mouldking.store\/wp-content\/uploads\/2021\/11\/MOULDKING-15027-Small-Wrecker-1-300x300.jpg 300w, https:\/\/mouldking.store\/wp-content\/uploads\/2021\/11\/MOULDKING-15027-Small-Wrecker-1-768x768.jpg 768w, https:\/\/mouldking.store\/wp-content\/uploads\/2021\/11\/MOULDKING-15027-Small-Wrecker-1-600x600.jpg 600w, https:\/\/mouldking.store\/wp-content\/uploads\/2021\/11\/MOULDKING-15027-Small-Wrecker-1-150x150.jpg 150w\" sizes=\"(max-width: 800px) 100vw, 800px\" \/><figcaption id=\"caption-attachment-27863\" class=\"wp-caption-text\">Mold King 15027 RC Supprimer les obstacles avec 938 pi\u00e8ces<\/figcaption><\/figure>\n<figure id=\"attachment_27865\" aria-describedby=\"caption-attachment-27865\" style=\"width: 800px\" class=\"wp-caption aligncenter\"><img decoding=\"async\" class=\"wp-image-27865\" src=\"https:\/\/mouldking.store\/wp-content\/uploads\/2021\/11\/TECHNICIAN-MOULDKING-15027-Small-Wrecker-3-300x275.jpg\" alt=\"Mould King 15027 RC Remove Obstacles with 938 pieces\" width=\"800\" height=\"734\" title=\"-\" srcset=\"https:\/\/mouldking.store\/wp-content\/uploads\/2021\/11\/TECHNICIAN-MOULDKING-15027-Small-Wrecker-3-300x275.jpg 300w, https:\/\/mouldking.store\/wp-content\/uploads\/2021\/11\/TECHNICIAN-MOULDKING-15027-Small-Wrecker-3-768x705.jpg 768w, https:\/\/mouldking.store\/wp-content\/uploads\/2021\/11\/TECHNICIAN-MOULDKING-15027-Small-Wrecker-3-600x551.jpg 600w, https:\/\/mouldking.store\/wp-content\/uploads\/2021\/11\/TECHNICIAN-MOULDKING-15027-Small-Wrecker-3-150x138.jpg 150w, https:\/\/mouldking.store\/wp-content\/uploads\/2021\/11\/TECHNICIAN-MOULDKING-15027-Small-Wrecker-3.jpg 1024w\" sizes=\"(max-width: 800px) 100vw, 800px\" \/><figcaption id=\"caption-attachment-27865\" class=\"wp-caption-text\">Mold King 15027 RC Supprimer les obstacles avec 938 pi\u00e8ces<\/figcaption><\/figure>\n<figure id=\"attachment_27866\" aria-describedby=\"caption-attachment-27866\" style=\"width: 800px\" class=\"wp-caption aligncenter\"><img loading=\"lazy\" decoding=\"async\" class=\"wp-image-27866\" src=\"https:\/\/mouldking.store\/wp-content\/uploads\/2021\/11\/TECHNICIAN-MOULDKING-15027-Small-Wrecker-4-300x267.jpg\" alt=\"Mould King 15027 RC Remove Obstacles with 938 pieces\" width=\"800\" height=\"713\" title=\"-\" srcset=\"https:\/\/mouldking.store\/wp-content\/uploads\/2021\/11\/TECHNICIAN-MOULDKING-15027-Small-Wrecker-4-300x267.jpg 300w, https:\/\/mouldking.store\/wp-content\/uploads\/2021\/11\/TECHNICIAN-MOULDKING-15027-Small-Wrecker-4-768x684.jpg 768w, https:\/\/mouldking.store\/wp-content\/uploads\/2021\/11\/TECHNICIAN-MOULDKING-15027-Small-Wrecker-4-600x534.jpg 600w, https:\/\/mouldking.store\/wp-content\/uploads\/2021\/11\/TECHNICIAN-MOULDKING-15027-Small-Wrecker-4-150x134.jpg 150w, https:\/\/mouldking.store\/wp-content\/uploads\/2021\/11\/TECHNICIAN-MOULDKING-15027-Small-Wrecker-4.jpg 1024w\" sizes=\"(max-width: 800px) 100vw, 800px\" \/><figcaption id=\"caption-attachment-27866\" class=\"wp-caption-text\">Mold King 15027 RC Supprimer les obstacles avec 938 pi\u00e8ces<\/figcaption><\/figure>\n<figure id=\"attachment_27864\" aria-describedby=\"caption-attachment-27864\" style=\"width: 800px\" class=\"wp-caption aligncenter\"><img loading=\"lazy\" decoding=\"async\" class=\"wp-image-27864\" src=\"https:\/\/mouldking.store\/wp-content\/uploads\/2021\/11\/TECHNICIAN-MOULDKING-15027-Small-Wrecker-2-300x210.jpg\" alt=\"Mould King 15027 RC Remove Obstacles with 938 pieces\" width=\"800\" height=\"561\" title=\"-\" srcset=\"https:\/\/mouldking.store\/wp-content\/uploads\/2021\/11\/TECHNICIAN-MOULDKING-15027-Small-Wrecker-2-300x210.jpg 300w, https:\/\/mouldking.store\/wp-content\/uploads\/2021\/11\/TECHNICIAN-MOULDKING-15027-Small-Wrecker-2-768x539.jpg 768w, https:\/\/mouldking.store\/wp-content\/uploads\/2021\/11\/TECHNICIAN-MOULDKING-15027-Small-Wrecker-2-600x421.jpg 600w, https:\/\/mouldking.store\/wp-content\/uploads\/2021\/11\/TECHNICIAN-MOULDKING-15027-Small-Wrecker-2-150x105.jpg 150w, https:\/\/mouldking.store\/wp-content\/uploads\/2021\/11\/TECHNICIAN-MOULDKING-15027-Small-Wrecker-2.jpg 1024w\" sizes=\"(max-width: 800px) 100vw, 800px\" \/><figcaption id=\"caption-attachment-27864\" class=\"wp-caption-text\">Mold King 15027 RC Supprimer les obstacles avec 938 pi\u00e8ces<\/figcaption><\/figure>\n<figure id=\"attachment_27862\" aria-describedby=\"caption-attachment-27862\" style=\"width: 800px\" class=\"wp-caption aligncenter\"><img loading=\"lazy\" decoding=\"async\" class=\"wp-image-27862\" src=\"https:\/\/mouldking.store\/wp-content\/uploads\/2021\/11\/MOULDKING-15027-Small-Wrecker-2-300x300.jpg\" alt=\"Mould King 15027 RC Remove Obstacles with 938 pieces\" width=\"800\" height=\"800\" title=\"-\" srcset=\"https:\/\/mouldking.store\/wp-content\/uploads\/2021\/11\/MOULDKING-15027-Small-Wrecker-2-300x300.jpg 300w, https:\/\/mouldking.store\/wp-content\/uploads\/2021\/11\/MOULDKING-15027-Small-Wrecker-2-1024x1024.jpg 1024w, https:\/\/mouldking.store\/wp-content\/uploads\/2021\/11\/MOULDKING-15027-Small-Wrecker-2-768x768.jpg 768w, https:\/\/mouldking.store\/wp-content\/uploads\/2021\/11\/MOULDKING-15027-Small-Wrecker-2-600x600.jpg 600w, https:\/\/mouldking.store\/wp-content\/uploads\/2021\/11\/MOULDKING-15027-Small-Wrecker-2-150x150.jpg 150w, https:\/\/mouldking.store\/wp-content\/uploads\/2021\/11\/MOULDKING-15027-Small-Wrecker-2.jpg 1280w\" sizes=\"(max-width: 800px) 100vw, 800px\" \/><figcaption id=\"caption-attachment-27862\" class=\"wp-caption-text\">Mold King 15027 RC Supprimer les obstacles avec 938 pi\u00e8ces<\/figcaption><\/figure>","protected":false},"excerpt":{"rendered":"<p>Product information: Brand: Mould King Gender: Unisex Name: RC Remove Obstacles Age Range: &gt; 8 years old Model Number: 15027 Classification: Assemblage Plastic Block Shape: Self-Locking Bricks Material: Plastic Plastic Type: ABS Bricks Blocks: 938 PCS Contains detailed assembly instructions. Notice: 1. Without an original box, but we guarantee our products have quality assurance and [&hellip;]<\/p>","protected":false},"featured_media":27861,"comment_status":"open","ping_status":"closed","template":"","meta":{"_acf_changed":false},"product_cat":[364],"product_tag":[3839,3840,3838,3837,3844,3843,3845,3841,3842],"class_list":["product","first","instock","shipping-taxable","purchasable","product-type-simple"],"acf":[],"_links":{"self":[{"href":"https:\/\/mouldking.store\/fr\/wp-json\/wp\/v2\/product\/27860","targetHints":{"allow":["GET"]}}],"collection":[{"href":"https:\/\/mouldking.store\/fr\/wp-json\/wp\/v2\/product"}],"about":[{"href":"https:\/\/mouldking.store\/fr\/wp-json\/wp\/v2\/types\/product"}],"replies":[{"embeddable":true,"href":"https:\/\/mouldking.store\/fr\/wp-json\/wp\/v2\/comments?post=27860"}],"wp:featuredmedia":[{"embeddable":true,"href":"https:\/\/mouldking.store\/fr\/wp-json\/wp\/v2\/media\/27861"}],"wp:attachment":[{"href":"https:\/\/mouldking.store\/fr\/wp-json\/wp\/v2\/media?parent=27860"}],"wp:term":[{"taxonomy":"product_cat","embeddable":true,"href":"https:\/\/mouldking.store\/fr\/wp-json\/wp\/v2\/product_cat?post=27860"},{"taxonomy":"product_tag","embeddable":true,"href":"https:\/\/mouldking.store\/fr\/wp-json\/wp\/v2\/product_tag?post=27860"}],"curies":[{"name":"wp","href":"https:\/\/api.w.org\/{rel}","templated":true}]}}