{"id":28036,"date":"2021-11-29T10:42:01","date_gmt":"2021-11-29T03:42:01","guid":{"rendered":"https:\/\/mouldking.store\/?post_type=product&#038;p=28036"},"modified":"2025-12-25T09:16:57","modified_gmt":"2025-12-25T02:16:57","slug":"18k-k109-moc-64662-star-warship-explore-the-universe-put-together-space-ship-with-2116-pieces","status":"publish","type":"product","link":"https:\/\/mouldking.store\/fr\/shop\/18k-k109-moc-64662-star-warship-explore-the-universe-put-together-space-ship-with-2116-pieces\/","title":{"rendered":"18K K109 MOC-64662 Star Warship Explore the Universe Put Together Space Ship with 2116 pieces"},"content":{"rendered":"<p>Information produit:<\/p>\n<ol>\n<li>Marque : 18K<\/li>\n<li>Genre: Unisexe<\/li>\n<li>Name: Space Ship<\/li>\n<li>Tranche d&#039;\u00e2ge : &gt; 6 ans<\/li>\n<li>Model Number: K109<\/li>\n<li>Classement : Assemblage<\/li>\n<li>Forme de bloc en plastique\u00a0: briques autobloquantes<\/li>\n<li>Mat\u00e9riel: Plastique<\/li>\n<li>Type de plastique : ABS<\/li>\n<li>Bricks Blocks: 2116 PCS<\/li>\n<li>Contient des instructions de montage d\u00e9taill\u00e9es.<\/li>\n<\/ol>\n<p>Avis:<br \/>\n1. Sans bo\u00eete d&#039;origine, mais nous garantissons que nos produits ont une assurance qualit\u00e9 et un bel emballage.<br \/>\n2. Comme toutes les pi\u00e8ces que nous avons v\u00e9rifi\u00e9es avant l&#039;exp\u00e9dition, donc si vous trouvez des pi\u00e8ces manquantes ou endommag\u00e9es, ne vous inqui\u00e9tez pas et veuillez nous contacter et nous pouvons vous les renvoyer imm\u00e9diatement gratuitement.<\/p>\n<figure id=\"attachment_28037\" aria-describedby=\"caption-attachment-28037\" style=\"width: 527px\" class=\"wp-caption aligncenter\"><img fetchpriority=\"high\" decoding=\"async\" class=\"wp-image-28037 size-full\" src=\"https:\/\/mouldking.store\/wp-content\/uploads\/2021\/11\/18K-K109-Space-Ship-with-2116-pieces-1.jpg\" alt=\"18K K109 Space Ship with 2116 pieces\" width=\"527\" height=\"486\" title=\"-\" srcset=\"https:\/\/mouldking.store\/wp-content\/uploads\/2021\/11\/18K-K109-Space-Ship-with-2116-pieces-1.jpg 527w, https:\/\/mouldking.store\/wp-content\/uploads\/2021\/11\/18K-K109-Space-Ship-with-2116-pieces-1-300x277.jpg 300w, https:\/\/mouldking.store\/wp-content\/uploads\/2021\/11\/18K-K109-Space-Ship-with-2116-pieces-1-150x138.jpg 150w\" sizes=\"(max-width: 527px) 100vw, 527px\" \/><figcaption id=\"caption-attachment-28037\" class=\"wp-caption-text\">Vaisseau spatial 18K K109 avec 2116 pi\u00e8ces<\/figcaption><\/figure>\n<figure id=\"attachment_28039\" aria-describedby=\"caption-attachment-28039\" style=\"width: 663px\" class=\"wp-caption aligncenter\"><img decoding=\"async\" class=\"wp-image-28039 size-full\" src=\"https:\/\/mouldking.store\/wp-content\/uploads\/2021\/11\/18K-K109-Space-Ship-with-2116-pieces-3.jpg\" alt=\"18K K109 Space Ship with 2116 pieces\" width=\"663\" height=\"793\" title=\"-\" srcset=\"https:\/\/mouldking.store\/wp-content\/uploads\/2021\/11\/18K-K109-Space-Ship-with-2116-pieces-3.jpg 663w, https:\/\/mouldking.store\/wp-content\/uploads\/2021\/11\/18K-K109-Space-Ship-with-2116-pieces-3-251x300.jpg 251w, https:\/\/mouldking.store\/wp-content\/uploads\/2021\/11\/18K-K109-Space-Ship-with-2116-pieces-3-300x359.jpg 300w, https:\/\/mouldking.store\/wp-content\/uploads\/2021\/11\/18K-K109-Space-Ship-with-2116-pieces-3-600x718.jpg 600w, https:\/\/mouldking.store\/wp-content\/uploads\/2021\/11\/18K-K109-Space-Ship-with-2116-pieces-3-125x150.jpg 125w\" sizes=\"(max-width: 663px) 100vw, 663px\" \/><figcaption id=\"caption-attachment-28039\" class=\"wp-caption-text\">Vaisseau spatial 18K K109 avec 2116 pi\u00e8ces<\/figcaption><\/figure>\n<figure id=\"attachment_28038\" aria-describedby=\"caption-attachment-28038\" style=\"width: 625px\" class=\"wp-caption aligncenter\"><img decoding=\"async\" class=\"wp-image-28038 size-full\" src=\"https:\/\/mouldking.store\/wp-content\/uploads\/2021\/11\/18K-K109-Space-Ship-with-2116-pieces-2.jpg\" alt=\"18K K109 Space Ship with 2116 pieces\" width=\"625\" height=\"532\" title=\"-\" srcset=\"https:\/\/mouldking.store\/wp-content\/uploads\/2021\/11\/18K-K109-Space-Ship-with-2116-pieces-2.jpg 625w, https:\/\/mouldking.store\/wp-content\/uploads\/2021\/11\/18K-K109-Space-Ship-with-2116-pieces-2-300x255.jpg 300w, https:\/\/mouldking.store\/wp-content\/uploads\/2021\/11\/18K-K109-Space-Ship-with-2116-pieces-2-600x511.jpg 600w, https:\/\/mouldking.store\/wp-content\/uploads\/2021\/11\/18K-K109-Space-Ship-with-2116-pieces-2-150x128.jpg 150w\" sizes=\"(max-width: 625px) 100vw, 625px\" \/><figcaption id=\"caption-attachment-28038\" class=\"wp-caption-text\">Vaisseau spatial 18K K109 avec 2116 pi\u00e8ces<\/figcaption><\/figure>","protected":false},"excerpt":{"rendered":"<p>Product information: Brand: 18K Gender: Unisex Name: Space Ship Age Range: &gt; 6 years old Model Number: K109 Classification: Assemblage Plastic Block Shape: Self-Locking Bricks Material: Plastic Plastic Type: ABS Bricks Blocks: 2116 PCS Contains detailed assembly instructions. Notice: 1. Without an original box, but we guarantee our products have quality assurance and nice packaging. [&hellip;]<\/p>","protected":false},"featured_media":28037,"comment_status":"open","ping_status":"closed","template":"","meta":{"_acf_changed":false},"product_cat":[415],"product_tag":[3915,3914,3913,3917,3918,3916],"class_list":["product","first","instock","shipping-taxable","purchasable","product-type-simple"],"acf":[],"_links":{"self":[{"href":"https:\/\/mouldking.store\/fr\/wp-json\/wp\/v2\/product\/28036","targetHints":{"allow":["GET"]}}],"collection":[{"href":"https:\/\/mouldking.store\/fr\/wp-json\/wp\/v2\/product"}],"about":[{"href":"https:\/\/mouldking.store\/fr\/wp-json\/wp\/v2\/types\/product"}],"replies":[{"embeddable":true,"href":"https:\/\/mouldking.store\/fr\/wp-json\/wp\/v2\/comments?post=28036"}],"wp:featuredmedia":[{"embeddable":true,"href":"https:\/\/mouldking.store\/fr\/wp-json\/wp\/v2\/media\/28037"}],"wp:attachment":[{"href":"https:\/\/mouldking.store\/fr\/wp-json\/wp\/v2\/media?parent=28036"}],"wp:term":[{"taxonomy":"product_cat","embeddable":true,"href":"https:\/\/mouldking.store\/fr\/wp-json\/wp\/v2\/product_cat?post=28036"},{"taxonomy":"product_tag","embeddable":true,"href":"https:\/\/mouldking.store\/fr\/wp-json\/wp\/v2\/product_tag?post=28036"}],"curies":[{"name":"wp","href":"https:\/\/api.w.org\/{rel}","templated":true}]}}