{"id":28072,"date":"2021-11-29T11:09:43","date_gmt":"2021-11-29T11:09:43","guid":{"rendered":"https:\/\/mouldking.store\/?post_type=product&#038;p=28072"},"modified":"2024-05-02T19:08:08","modified_gmt":"2024-05-02T12:08:08","slug":"mould-king-15019-rc-garbage-truck-with-1689-pieces","status":"publish","type":"product","link":"https:\/\/mouldking.store\/fr\/shop\/mould-king-15019-rc-garbage-truck-with-1689-pieces\/","title":{"rendered":"Mold King 15019 RC Camion \u00e0 ordures avec 1689 pi\u00e8ces"},"content":{"rendered":"<p>Information produit:<\/p>\n<ol>\n<li>Marque : Mold King<\/li>\n<li>Genre: Unisexe<\/li>\n<li>Name: RC Garbage Truck<\/li>\n<li>Tranche d&#039;\u00e2ge : &gt; 8 ans<\/li>\n<li>Model Number: 15019<\/li>\n<li>Classement : Assemblage<\/li>\n<li>Forme de bloc en plastique\u00a0: briques autobloquantes<\/li>\n<li>Mat\u00e9riel: Plastique<\/li>\n<li>Type de plastique : ABS<\/li>\n<li>Bricks Blocks: 1689 PCS<\/li>\n<li>Contient des instructions de montage d\u00e9taill\u00e9es.<\/li>\n<\/ol>\n<p>Avis:<br \/>\n1. Sans bo\u00eete d&#039;origine, mais nous garantissons que nos produits ont une assurance qualit\u00e9 et un bel emballage.<br \/>\n2. Comme toutes les pi\u00e8ces que nous avons v\u00e9rifi\u00e9es avant l&#039;exp\u00e9dition, donc si vous trouvez des pi\u00e8ces manquantes ou endommag\u00e9es, ne vous inqui\u00e9tez pas et veuillez nous contacter et nous pouvons vous les renvoyer imm\u00e9diatement gratuitement.<\/p>\n<figure id=\"attachment_28073\" aria-describedby=\"caption-attachment-28073\" style=\"width: 800px\" class=\"wp-caption aligncenter\"><img fetchpriority=\"high\" decoding=\"async\" class=\"wp-image-28073 size-full\" src=\"https:\/\/mouldking.store\/wp-content\/uploads\/2021\/11\/Mould-King-15019-RC-Garbage-Truck-with-1689-pieces-1.jpg\" alt=\"Mould King 15019 RC Garbage Truck with 1689 pieces\" width=\"800\" height=\"800\" title=\"-\" srcset=\"https:\/\/mouldking.store\/wp-content\/uploads\/2021\/11\/Mould-King-15019-RC-Garbage-Truck-with-1689-pieces-1.jpg 800w, https:\/\/mouldking.store\/wp-content\/uploads\/2021\/11\/Mould-King-15019-RC-Garbage-Truck-with-1689-pieces-1-300x300.jpg 300w, https:\/\/mouldking.store\/wp-content\/uploads\/2021\/11\/Mould-King-15019-RC-Garbage-Truck-with-1689-pieces-1-768x768.jpg 768w, https:\/\/mouldking.store\/wp-content\/uploads\/2021\/11\/Mould-King-15019-RC-Garbage-Truck-with-1689-pieces-1-600x600.jpg 600w, https:\/\/mouldking.store\/wp-content\/uploads\/2021\/11\/Mould-King-15019-RC-Garbage-Truck-with-1689-pieces-1-150x150.jpg 150w\" sizes=\"(max-width: 800px) 100vw, 800px\" \/><figcaption id=\"caption-attachment-28073\" class=\"wp-caption-text\">Mold King 15019 RC Camion \u00e0 ordures avec 1689 pi\u00e8ces<\/figcaption><\/figure>\n<figure id=\"attachment_28078\" aria-describedby=\"caption-attachment-28078\" style=\"width: 800px\" class=\"wp-caption aligncenter\"><img decoding=\"async\" class=\"wp-image-28078 size-full\" src=\"https:\/\/mouldking.store\/wp-content\/uploads\/2021\/11\/Mould-King-15019-RC-Garbage-Truck-with-1689-pieces-6.jpg\" alt=\"Mould King 15019 RC Garbage Truck with 1689 pieces\" width=\"800\" height=\"800\" title=\"-\" srcset=\"https:\/\/mouldking.store\/wp-content\/uploads\/2021\/11\/Mould-King-15019-RC-Garbage-Truck-with-1689-pieces-6.jpg 800w, https:\/\/mouldking.store\/wp-content\/uploads\/2021\/11\/Mould-King-15019-RC-Garbage-Truck-with-1689-pieces-6-300x300.jpg 300w, https:\/\/mouldking.store\/wp-content\/uploads\/2021\/11\/Mould-King-15019-RC-Garbage-Truck-with-1689-pieces-6-768x768.jpg 768w, https:\/\/mouldking.store\/wp-content\/uploads\/2021\/11\/Mould-King-15019-RC-Garbage-Truck-with-1689-pieces-6-600x600.jpg 600w, https:\/\/mouldking.store\/wp-content\/uploads\/2021\/11\/Mould-King-15019-RC-Garbage-Truck-with-1689-pieces-6-150x150.jpg 150w\" sizes=\"(max-width: 800px) 100vw, 800px\" \/><figcaption id=\"caption-attachment-28078\" class=\"wp-caption-text\">Mold King 15019 RC Camion \u00e0 ordures avec 1689 pi\u00e8ces<\/figcaption><\/figure>\n<figure id=\"attachment_28075\" aria-describedby=\"caption-attachment-28075\" style=\"width: 790px\" class=\"wp-caption aligncenter\"><img decoding=\"async\" class=\"wp-image-28075 size-full\" src=\"https:\/\/mouldking.store\/wp-content\/uploads\/2021\/11\/Mould-King-15019-RC-Garbage-Truck-with-1689-pieces-3.jpg\" alt=\"Mould King 15019 RC Garbage Truck with 1689 pieces\" width=\"790\" height=\"483\" title=\"-\" srcset=\"https:\/\/mouldking.store\/wp-content\/uploads\/2021\/11\/Mould-King-15019-RC-Garbage-Truck-with-1689-pieces-3.jpg 790w, https:\/\/mouldking.store\/wp-content\/uploads\/2021\/11\/Mould-King-15019-RC-Garbage-Truck-with-1689-pieces-3-300x183.jpg 300w, https:\/\/mouldking.store\/wp-content\/uploads\/2021\/11\/Mould-King-15019-RC-Garbage-Truck-with-1689-pieces-3-768x470.jpg 768w, https:\/\/mouldking.store\/wp-content\/uploads\/2021\/11\/Mould-King-15019-RC-Garbage-Truck-with-1689-pieces-3-600x367.jpg 600w, https:\/\/mouldking.store\/wp-content\/uploads\/2021\/11\/Mould-King-15019-RC-Garbage-Truck-with-1689-pieces-3-150x92.jpg 150w\" sizes=\"(max-width: 790px) 100vw, 790px\" \/><figcaption id=\"caption-attachment-28075\" class=\"wp-caption-text\">Mold King 15019 RC Camion \u00e0 ordures avec 1689 pi\u00e8ces<\/figcaption><\/figure>\n<figure id=\"attachment_28076\" aria-describedby=\"caption-attachment-28076\" style=\"width: 790px\" class=\"wp-caption aligncenter\"><img loading=\"lazy\" decoding=\"async\" class=\"wp-image-28076 size-full\" src=\"https:\/\/mouldking.store\/wp-content\/uploads\/2021\/11\/Mould-King-15019-RC-Garbage-Truck-with-1689-pieces-4.jpg\" alt=\"Mould King 15019 RC Garbage Truck with 1689 pieces\" width=\"790\" height=\"700\" title=\"-\" srcset=\"https:\/\/mouldking.store\/wp-content\/uploads\/2021\/11\/Mould-King-15019-RC-Garbage-Truck-with-1689-pieces-4.jpg 790w, https:\/\/mouldking.store\/wp-content\/uploads\/2021\/11\/Mould-King-15019-RC-Garbage-Truck-with-1689-pieces-4-300x266.jpg 300w, https:\/\/mouldking.store\/wp-content\/uploads\/2021\/11\/Mould-King-15019-RC-Garbage-Truck-with-1689-pieces-4-768x681.jpg 768w, https:\/\/mouldking.store\/wp-content\/uploads\/2021\/11\/Mould-King-15019-RC-Garbage-Truck-with-1689-pieces-4-600x532.jpg 600w, https:\/\/mouldking.store\/wp-content\/uploads\/2021\/11\/Mould-King-15019-RC-Garbage-Truck-with-1689-pieces-4-150x133.jpg 150w\" sizes=\"(max-width: 790px) 100vw, 790px\" \/><figcaption id=\"caption-attachment-28076\" class=\"wp-caption-text\">Mold King 15019 RC Camion \u00e0 ordures avec 1689 pi\u00e8ces<\/figcaption><\/figure>\n<figure id=\"attachment_28077\" aria-describedby=\"caption-attachment-28077\" style=\"width: 800px\" class=\"wp-caption aligncenter\"><img loading=\"lazy\" decoding=\"async\" class=\"wp-image-28077 size-full\" src=\"https:\/\/mouldking.store\/wp-content\/uploads\/2021\/11\/Mould-King-15019-RC-Garbage-Truck-with-1689-pieces-5.jpg\" alt=\"Mould King 15019 RC Garbage Truck with 1689 pieces\" width=\"800\" height=\"800\" title=\"-\" srcset=\"https:\/\/mouldking.store\/wp-content\/uploads\/2021\/11\/Mould-King-15019-RC-Garbage-Truck-with-1689-pieces-5.jpg 800w, https:\/\/mouldking.store\/wp-content\/uploads\/2021\/11\/Mould-King-15019-RC-Garbage-Truck-with-1689-pieces-5-300x300.jpg 300w, https:\/\/mouldking.store\/wp-content\/uploads\/2021\/11\/Mould-King-15019-RC-Garbage-Truck-with-1689-pieces-5-768x768.jpg 768w, https:\/\/mouldking.store\/wp-content\/uploads\/2021\/11\/Mould-King-15019-RC-Garbage-Truck-with-1689-pieces-5-600x600.jpg 600w, https:\/\/mouldking.store\/wp-content\/uploads\/2021\/11\/Mould-King-15019-RC-Garbage-Truck-with-1689-pieces-5-150x150.jpg 150w\" sizes=\"(max-width: 800px) 100vw, 800px\" \/><figcaption id=\"caption-attachment-28077\" class=\"wp-caption-text\">Mold King 15019 RC Camion \u00e0 ordures avec 1689 pi\u00e8ces<\/figcaption><\/figure>\n<figure id=\"attachment_28074\" aria-describedby=\"caption-attachment-28074\" style=\"width: 790px\" class=\"wp-caption aligncenter\"><img loading=\"lazy\" decoding=\"async\" class=\"wp-image-28074 size-full\" src=\"https:\/\/mouldking.store\/wp-content\/uploads\/2021\/11\/Mould-King-15019-RC-Garbage-Truck-with-1689-pieces-2.jpg\" alt=\"Mould King 15019 RC Garbage Truck with 1689 pieces\" width=\"790\" height=\"488\" title=\"-\" srcset=\"https:\/\/mouldking.store\/wp-content\/uploads\/2021\/11\/Mould-King-15019-RC-Garbage-Truck-with-1689-pieces-2.jpg 790w, https:\/\/mouldking.store\/wp-content\/uploads\/2021\/11\/Mould-King-15019-RC-Garbage-Truck-with-1689-pieces-2-300x185.jpg 300w, https:\/\/mouldking.store\/wp-content\/uploads\/2021\/11\/Mould-King-15019-RC-Garbage-Truck-with-1689-pieces-2-768x474.jpg 768w, https:\/\/mouldking.store\/wp-content\/uploads\/2021\/11\/Mould-King-15019-RC-Garbage-Truck-with-1689-pieces-2-600x371.jpg 600w, https:\/\/mouldking.store\/wp-content\/uploads\/2021\/11\/Mould-King-15019-RC-Garbage-Truck-with-1689-pieces-2-150x93.jpg 150w\" sizes=\"(max-width: 790px) 100vw, 790px\" \/><figcaption id=\"caption-attachment-28074\" class=\"wp-caption-text\">Mold King 15019 RC Camion \u00e0 ordures avec 1689 pi\u00e8ces<\/figcaption><\/figure>","protected":false},"excerpt":{"rendered":"<p>Product information: Brand: Mould King Gender: Unisex Name: RC Garbage Truck Age Range: &gt; 8 years old Model Number: 15019 Classification: Assemblage Plastic Block Shape: Self-Locking Bricks Material: Plastic Plastic Type: ABS Bricks Blocks: 1689 PCS Contains detailed assembly instructions. Notice: 1. Without an original box, but we guarantee our products have quality assurance and [&hellip;]<\/p>","protected":false},"featured_media":28073,"comment_status":"open","ping_status":"closed","template":"","meta":{"_acf_changed":false},"product_cat":[364],"product_tag":[3953,3950,3948,3947,3949,3952,3951],"class_list":["product","first","instock","shipping-taxable","purchasable","product-type-simple"],"acf":[],"_links":{"self":[{"href":"https:\/\/mouldking.store\/fr\/wp-json\/wp\/v2\/product\/28072","targetHints":{"allow":["GET"]}}],"collection":[{"href":"https:\/\/mouldking.store\/fr\/wp-json\/wp\/v2\/product"}],"about":[{"href":"https:\/\/mouldking.store\/fr\/wp-json\/wp\/v2\/types\/product"}],"replies":[{"embeddable":true,"href":"https:\/\/mouldking.store\/fr\/wp-json\/wp\/v2\/comments?post=28072"}],"wp:featuredmedia":[{"embeddable":true,"href":"https:\/\/mouldking.store\/fr\/wp-json\/wp\/v2\/media\/28073"}],"wp:attachment":[{"href":"https:\/\/mouldking.store\/fr\/wp-json\/wp\/v2\/media?parent=28072"}],"wp:term":[{"taxonomy":"product_cat","embeddable":true,"href":"https:\/\/mouldking.store\/fr\/wp-json\/wp\/v2\/product_cat?post=28072"},{"taxonomy":"product_tag","embeddable":true,"href":"https:\/\/mouldking.store\/fr\/wp-json\/wp\/v2\/product_tag?post=28072"}],"curies":[{"name":"wp","href":"https:\/\/api.w.org\/{rel}","templated":true}]}}