{"id":28226,"date":"2021-12-04T06:45:30","date_gmt":"2021-12-03T23:45:30","guid":{"rendered":"https:\/\/mouldking.store\/?post_type=product&#038;p=28226"},"modified":"2025-12-25T09:16:55","modified_gmt":"2025-12-25T02:16:55","slug":"moc-59227-mill-on-the-hill-with-1776-pieces-2","status":"publish","type":"product","link":"https:\/\/mouldking.store\/fr\/shop\/moc-59227-mill-on-the-hill-with-1776-pieces-2\/","title":{"rendered":"MOC-59227 Moulin sur la Colline avec 1776 pi\u00e8ces"},"content":{"rendered":"<p>Information produit:<\/p>\n<ol>\n<li>Marque : MOC Factory<\/li>\n<li>Genre: Unisexe<\/li>\n<li>Name: Mill on the Hill<\/li>\n<li>Tranche d&#039;\u00e2ge : &gt; 6 ans<\/li>\n<li>Model Number: 59227<\/li>\n<li>Classement : Assemblage<\/li>\n<li>Forme de bloc en plastique\u00a0: briques autobloquantes<\/li>\n<li>Mat\u00e9riel: Plastique<\/li>\n<li>Type de plastique : ABS<\/li>\n<li>Bricks Blocks: 1776 PCS<\/li>\n<li>Contient des instructions de montage d\u00e9taill\u00e9es.<\/li>\n<\/ol>\n<p>Avis:<br \/>\n1. Sans bo\u00eete d&#039;origine, mais nous garantissons que nos produits ont une assurance qualit\u00e9 et un bel emballage.<br \/>\n2. Comme toutes les pi\u00e8ces que nous avons v\u00e9rifi\u00e9es avant l&#039;exp\u00e9dition, donc si vous trouvez des pi\u00e8ces manquantes ou endommag\u00e9es, ne vous inqui\u00e9tez pas et veuillez nous contacter et nous pouvons vous les renvoyer imm\u00e9diatement gratuitement.<\/p>\n<figure id=\"attachment_28227\" aria-describedby=\"caption-attachment-28227\" style=\"width: 800px\" class=\"wp-caption aligncenter\"><img fetchpriority=\"high\" decoding=\"async\" class=\"wp-image-28227 size-full\" src=\"https:\/\/mouldking.store\/wp-content\/uploads\/2021\/12\/MOC-59227-Mill-on-the-Hill-with-1776-pieces-1.png\" alt=\"MOC-59227 Mill on the Hill with 1776 pieces\" width=\"800\" height=\"800\" title=\"-\" srcset=\"https:\/\/mouldking.store\/wp-content\/uploads\/2021\/12\/MOC-59227-Mill-on-the-Hill-with-1776-pieces-1.png 800w, https:\/\/mouldking.store\/wp-content\/uploads\/2021\/12\/MOC-59227-Mill-on-the-Hill-with-1776-pieces-1-300x300.png 300w, https:\/\/mouldking.store\/wp-content\/uploads\/2021\/12\/MOC-59227-Mill-on-the-Hill-with-1776-pieces-1-768x768.png 768w, https:\/\/mouldking.store\/wp-content\/uploads\/2021\/12\/MOC-59227-Mill-on-the-Hill-with-1776-pieces-1-600x600.png 600w, https:\/\/mouldking.store\/wp-content\/uploads\/2021\/12\/MOC-59227-Mill-on-the-Hill-with-1776-pieces-1-150x150.png 150w\" sizes=\"(max-width: 800px) 100vw, 800px\" \/><figcaption id=\"caption-attachment-28227\" class=\"wp-caption-text\">MOC-59227 Moulin sur la Colline avec 1776 pi\u00e8ces<\/figcaption><\/figure>\n<figure id=\"attachment_28228\" aria-describedby=\"caption-attachment-28228\" style=\"width: 800px\" class=\"wp-caption aligncenter\"><img decoding=\"async\" class=\"wp-image-28228\" src=\"https:\/\/mouldking.store\/wp-content\/uploads\/2021\/12\/MOC-59227-Mill-on-the-Hill-with-1776-pieces-1-300x300.jpg\" alt=\"MOC-59227 Mill on the Hill with 1776 pieces\" width=\"800\" height=\"800\" title=\"-\" srcset=\"https:\/\/mouldking.store\/wp-content\/uploads\/2021\/12\/MOC-59227-Mill-on-the-Hill-with-1776-pieces-1-300x300.jpg 300w, https:\/\/mouldking.store\/wp-content\/uploads\/2021\/12\/MOC-59227-Mill-on-the-Hill-with-1776-pieces-1-768x768.jpg 768w, https:\/\/mouldking.store\/wp-content\/uploads\/2021\/12\/MOC-59227-Mill-on-the-Hill-with-1776-pieces-1-600x600.jpg 600w, https:\/\/mouldking.store\/wp-content\/uploads\/2021\/12\/MOC-59227-Mill-on-the-Hill-with-1776-pieces-1-150x150.jpg 150w, https:\/\/mouldking.store\/wp-content\/uploads\/2021\/12\/MOC-59227-Mill-on-the-Hill-with-1776-pieces-1.jpg 1000w\" sizes=\"(max-width: 800px) 100vw, 800px\" \/><figcaption id=\"caption-attachment-28228\" class=\"wp-caption-text\">MOC-59227 Moulin sur la Colline avec 1776 pi\u00e8ces<\/figcaption><\/figure>\n<figure id=\"attachment_28229\" aria-describedby=\"caption-attachment-28229\" style=\"width: 800px\" class=\"wp-caption aligncenter\"><img decoding=\"async\" class=\"wp-image-28229\" src=\"https:\/\/mouldking.store\/wp-content\/uploads\/2021\/12\/MOC-59227-Mill-on-the-Hill-with-1776-pieces-2-300x300.jpg\" alt=\"MOC-59227 Mill on the Hill with 1776 pieces\" width=\"800\" height=\"800\" title=\"-\" srcset=\"https:\/\/mouldking.store\/wp-content\/uploads\/2021\/12\/MOC-59227-Mill-on-the-Hill-with-1776-pieces-2-300x300.jpg 300w, https:\/\/mouldking.store\/wp-content\/uploads\/2021\/12\/MOC-59227-Mill-on-the-Hill-with-1776-pieces-2-768x768.jpg 768w, https:\/\/mouldking.store\/wp-content\/uploads\/2021\/12\/MOC-59227-Mill-on-the-Hill-with-1776-pieces-2-600x600.jpg 600w, https:\/\/mouldking.store\/wp-content\/uploads\/2021\/12\/MOC-59227-Mill-on-the-Hill-with-1776-pieces-2-150x150.jpg 150w, https:\/\/mouldking.store\/wp-content\/uploads\/2021\/12\/MOC-59227-Mill-on-the-Hill-with-1776-pieces-2.jpg 1000w\" sizes=\"(max-width: 800px) 100vw, 800px\" \/><figcaption id=\"caption-attachment-28229\" class=\"wp-caption-text\">MOC-59227 Moulin sur la Colline avec 1776 pi\u00e8ces<\/figcaption><\/figure>","protected":false},"excerpt":{"rendered":"<p>Product information: Brand: MOC Factory Gender: Unisex Name: Mill on the Hill Age Range: &gt; 6 years old Model Number: 59227 Classification: Assemblage Plastic Block Shape: Self-Locking Bricks Material: Plastic Plastic Type: ABS Bricks Blocks: 1776 PCS Contains detailed assembly instructions. Notice: 1. Without an original box, but we guarantee our products have quality assurance [&hellip;]<\/p>","protected":false},"featured_media":28227,"comment_status":"open","ping_status":"closed","template":"","meta":{"_acf_changed":false},"product_cat":[371],"product_tag":[3049,4054,3048,4053,4052],"class_list":["product","first","instock","shipping-taxable","purchasable","product-type-simple"],"acf":[],"_links":{"self":[{"href":"https:\/\/mouldking.store\/fr\/wp-json\/wp\/v2\/product\/28226","targetHints":{"allow":["GET"]}}],"collection":[{"href":"https:\/\/mouldking.store\/fr\/wp-json\/wp\/v2\/product"}],"about":[{"href":"https:\/\/mouldking.store\/fr\/wp-json\/wp\/v2\/types\/product"}],"replies":[{"embeddable":true,"href":"https:\/\/mouldking.store\/fr\/wp-json\/wp\/v2\/comments?post=28226"}],"wp:featuredmedia":[{"embeddable":true,"href":"https:\/\/mouldking.store\/fr\/wp-json\/wp\/v2\/media\/28227"}],"wp:attachment":[{"href":"https:\/\/mouldking.store\/fr\/wp-json\/wp\/v2\/media?parent=28226"}],"wp:term":[{"taxonomy":"product_cat","embeddable":true,"href":"https:\/\/mouldking.store\/fr\/wp-json\/wp\/v2\/product_cat?post=28226"},{"taxonomy":"product_tag","embeddable":true,"href":"https:\/\/mouldking.store\/fr\/wp-json\/wp\/v2\/product_tag?post=28226"}],"curies":[{"name":"wp","href":"https:\/\/api.w.org\/{rel}","templated":true}]}}