{"id":28589,"date":"2021-12-16T15:16:57","date_gmt":"2021-12-16T08:16:57","guid":{"rendered":"https:\/\/mouldking.store\/?post_type=product&#038;p=28589"},"modified":"2025-12-25T09:16:52","modified_gmt":"2025-12-25T02:16:52","slug":"moc-59833-fantasy-orcs-horde-bundle-with-3675-pieces","status":"publish","type":"product","link":"https:\/\/mouldking.store\/fr\/shop\/moc-59833-fantasy-orcs-horde-bundle-with-3675-pieces\/","title":{"rendered":"MOC-59833 Pack Fantasy Orc (Horde) avec 3675 pi\u00e8ces"},"content":{"rendered":"<p>Information produit:<\/p>\n<ol>\n<li>Marque : MOC<\/li>\n<li>Genre: Unisexe<\/li>\n<li>Nom : Pack Fantasy Orc (Horde)<\/li>\n<li>Tranche d&#039;\u00e2ge : &gt; 6 ans<\/li>\n<li>Num\u00e9ro de mod\u00e8le: MOC-59833<\/li>\n<li>Classement : Assemblage<\/li>\n<li>Forme de bloc en plastique\u00a0: briques autobloquantes<\/li>\n<li>Mat\u00e9riel: Plastique<\/li>\n<li>Type de plastique : ABS<\/li>\n<li>Blocs de briques : 3675 PCS<\/li>\n<li>Contient des instructions de montage d\u00e9taill\u00e9es.<\/li>\n<li>Temps d&#039;arrangement\u00a0: 4 \u00e0 8\u00a0semaines<\/li>\n<\/ol>\n<p>Avis:<br \/>\n1. Sans bo\u00eete d&#039;origine, mais nous garantissons que nos produits ont une assurance qualit\u00e9 et un bel emballage.<br \/>\n2. Comme toutes les pi\u00e8ces que nous avons v\u00e9rifi\u00e9es avant l&#039;exp\u00e9dition, donc si vous trouvez des pi\u00e8ces manquantes ou endommag\u00e9es, ne vous inqui\u00e9tez pas et veuillez nous contacter et nous pouvons vous les renvoyer imm\u00e9diatement gratuitement.<\/p>\n<figure id=\"attachment_28590\" aria-describedby=\"caption-attachment-28590\" style=\"width: 1000px\" class=\"wp-caption aligncenter\"><img fetchpriority=\"high\" decoding=\"async\" class=\"size-full wp-image-28590\" title=\"MOC-59833 Pack Fantasy Orc (Horde) avec 3675 pi\u00e8ces\" src=\"https:\/\/mouldking.store\/wp-content\/uploads\/2021\/12\/moc-59833-fantasy-orcs-horde-bundle-with-3675-pieces.jpg\" alt=\"MOC-59833 Fantasy Orc's (Horde) Bundle with 3675 pieces\" width=\"1000\" height=\"1000\" srcset=\"https:\/\/mouldking.store\/wp-content\/uploads\/2021\/12\/moc-59833-fantasy-orcs-horde-bundle-with-3675-pieces.jpg 1000w, https:\/\/mouldking.store\/wp-content\/uploads\/2021\/12\/moc-59833-fantasy-orcs-horde-bundle-with-3675-pieces-300x300.jpg 300w, https:\/\/mouldking.store\/wp-content\/uploads\/2021\/12\/moc-59833-fantasy-orcs-horde-bundle-with-3675-pieces-768x768.jpg 768w, https:\/\/mouldking.store\/wp-content\/uploads\/2021\/12\/moc-59833-fantasy-orcs-horde-bundle-with-3675-pieces-600x600.jpg 600w, https:\/\/mouldking.store\/wp-content\/uploads\/2021\/12\/moc-59833-fantasy-orcs-horde-bundle-with-3675-pieces-150x150.jpg 150w\" sizes=\"(max-width: 1000px) 100vw, 1000px\" \/><figcaption id=\"caption-attachment-28590\" class=\"wp-caption-text\">MOC-59833 Pack Fantasy Orc (Horde) avec 3675 pi\u00e8ces<\/figcaption><\/figure>\n<figure id=\"attachment_28591\" aria-describedby=\"caption-attachment-28591\" style=\"width: 1000px\" class=\"wp-caption aligncenter\"><img decoding=\"async\" class=\"size-full wp-image-28591\" title=\"MOC-59833 Pack Fantasy Orc (Horde) avec 3675 pi\u00e8ces\" src=\"https:\/\/mouldking.store\/wp-content\/uploads\/2021\/12\/moc-59833-fantasy-orcs-horde-bundle-with-3675-pieces-1.jpg\" alt=\"MOC-59833 Fantasy Orc's (Horde) Bundle with 3675 pieces\" width=\"1000\" height=\"1000\" srcset=\"https:\/\/mouldking.store\/wp-content\/uploads\/2021\/12\/moc-59833-fantasy-orcs-horde-bundle-with-3675-pieces-1.jpg 1000w, https:\/\/mouldking.store\/wp-content\/uploads\/2021\/12\/moc-59833-fantasy-orcs-horde-bundle-with-3675-pieces-1-300x300.jpg 300w, https:\/\/mouldking.store\/wp-content\/uploads\/2021\/12\/moc-59833-fantasy-orcs-horde-bundle-with-3675-pieces-1-768x768.jpg 768w, https:\/\/mouldking.store\/wp-content\/uploads\/2021\/12\/moc-59833-fantasy-orcs-horde-bundle-with-3675-pieces-1-600x600.jpg 600w, https:\/\/mouldking.store\/wp-content\/uploads\/2021\/12\/moc-59833-fantasy-orcs-horde-bundle-with-3675-pieces-1-150x150.jpg 150w\" sizes=\"(max-width: 1000px) 100vw, 1000px\" \/><figcaption id=\"caption-attachment-28591\" class=\"wp-caption-text\">MOC-59833 Pack Fantasy Orc (Horde) avec 3675 pi\u00e8ces<\/figcaption><\/figure>","protected":false},"excerpt":{"rendered":"<p>Product information: Brand: MOC Gender: Unisex Name: Fantasy Orc&#8217;s (Horde) Bundle Age Range: &gt; 6 years old Model Number: MOC-59833 Classification: Assemblage Plastic Block Shape: Self-Locking Bricks Material: Plastic Plastic Type: ABS Bricks Blocks: 3675 PCS Contains detailed assembly instructions. Time arrange: 4-8 weeks Notice: 1. Without an original box, but we guarantee our products [&hellip;]<\/p>","protected":false},"featured_media":28592,"comment_status":"open","ping_status":"closed","template":"","meta":{"_acf_changed":false},"product_cat":[390],"product_tag":[4238,4237],"class_list":["product","first","instock","shipping-taxable","purchasable","product-type-simple"],"acf":[],"_links":{"self":[{"href":"https:\/\/mouldking.store\/fr\/wp-json\/wp\/v2\/product\/28589","targetHints":{"allow":["GET"]}}],"collection":[{"href":"https:\/\/mouldking.store\/fr\/wp-json\/wp\/v2\/product"}],"about":[{"href":"https:\/\/mouldking.store\/fr\/wp-json\/wp\/v2\/types\/product"}],"replies":[{"embeddable":true,"href":"https:\/\/mouldking.store\/fr\/wp-json\/wp\/v2\/comments?post=28589"}],"wp:featuredmedia":[{"embeddable":true,"href":"https:\/\/mouldking.store\/fr\/wp-json\/wp\/v2\/media\/28592"}],"wp:attachment":[{"href":"https:\/\/mouldking.store\/fr\/wp-json\/wp\/v2\/media?parent=28589"}],"wp:term":[{"taxonomy":"product_cat","embeddable":true,"href":"https:\/\/mouldking.store\/fr\/wp-json\/wp\/v2\/product_cat?post=28589"},{"taxonomy":"product_tag","embeddable":true,"href":"https:\/\/mouldking.store\/fr\/wp-json\/wp\/v2\/product_tag?post=28589"}],"curies":[{"name":"wp","href":"https:\/\/api.w.org\/{rel}","templated":true}]}}