{"id":28691,"date":"2021-12-21T03:59:25","date_gmt":"2021-12-20T20:59:25","guid":{"rendered":"https:\/\/mouldking.store\/?post_type=product&#038;p=28691"},"modified":"2025-12-25T09:16:51","modified_gmt":"2025-12-25T02:16:51","slug":"moc-9424-ucs-colonial-viper-battlestar-galactica-with-2691-pieces","status":"publish","type":"product","link":"https:\/\/mouldking.store\/fr\/shop\/moc-9424-ucs-colonial-viper-battlestar-galactica-with-2691-pieces\/","title":{"rendered":"MOC-9424 UCS Colonial Viper - Battlestar Galactica avec 2691 pi\u00e8ces"},"content":{"rendered":"<p>Information produit:<\/p>\n<ol>\n<li>Marque : MOC<\/li>\n<li>Genre: Unisexe<\/li>\n<li>Nom : UCS Colonial Viper \u2013 Battlestar Galactica<\/li>\n<li>Tranche d&#039;\u00e2ge : &gt; 6 ans<\/li>\n<li>Num\u00e9ro de mod\u00e8le: MOC-9424<\/li>\n<li>Classement : Assemblage<\/li>\n<li>Forme de bloc en plastique\u00a0: briques autobloquantes<\/li>\n<li>Mat\u00e9riel: Plastique<\/li>\n<li>Type de plastique : ABS<\/li>\n<li>Blocs de briques : 2691 PCS<\/li>\n<li>Contient des instructions de montage d\u00e9taill\u00e9es.<\/li>\n<\/ol>\n<p>Avis:<br \/>\n1. Sans bo\u00eete d&#039;origine, mais nous garantissons que nos produits ont une assurance qualit\u00e9 et un bel emballage.<br \/>\n2. Comme toutes les pi\u00e8ces que nous avons v\u00e9rifi\u00e9es avant l&#039;exp\u00e9dition, donc si vous trouvez des pi\u00e8ces manquantes ou endommag\u00e9es, ne vous inqui\u00e9tez pas et veuillez nous contacter et nous pouvons vous les renvoyer imm\u00e9diatement gratuitement.<\/p>\n<figure id=\"attachment_28693\" aria-describedby=\"caption-attachment-28693\" style=\"width: 1000px\" class=\"wp-caption aligncenter\"><img fetchpriority=\"high\" decoding=\"async\" class=\"size-full wp-image-28693\" title=\"MOC-9424 UCS Colonial Viper - Battlestar Galactica avec 2691 pi\u00e8ces\" src=\"https:\/\/mouldking.store\/wp-content\/uploads\/2021\/12\/moc-9424-ucs-colonial-viper-battlestar-galactica-with-2691-pieces.jpg\" alt=\"MOC-9424 UCS Colonial Viper - Battlestar Galactica with 2691 pieces\" width=\"1000\" height=\"1000\" srcset=\"https:\/\/mouldking.store\/wp-content\/uploads\/2021\/12\/moc-9424-ucs-colonial-viper-battlestar-galactica-with-2691-pieces.jpg 1000w, https:\/\/mouldking.store\/wp-content\/uploads\/2021\/12\/moc-9424-ucs-colonial-viper-battlestar-galactica-with-2691-pieces-300x300.jpg 300w, https:\/\/mouldking.store\/wp-content\/uploads\/2021\/12\/moc-9424-ucs-colonial-viper-battlestar-galactica-with-2691-pieces-768x768.jpg 768w, https:\/\/mouldking.store\/wp-content\/uploads\/2021\/12\/moc-9424-ucs-colonial-viper-battlestar-galactica-with-2691-pieces-600x600.jpg 600w, https:\/\/mouldking.store\/wp-content\/uploads\/2021\/12\/moc-9424-ucs-colonial-viper-battlestar-galactica-with-2691-pieces-150x150.jpg 150w\" sizes=\"(max-width: 1000px) 100vw, 1000px\" \/><figcaption id=\"caption-attachment-28693\" class=\"wp-caption-text\">MOC-9424 UCS Colonial Viper - Battlestar Galactica avec 2691 pi\u00e8ces<\/figcaption><\/figure>\n<figure id=\"attachment_28694\" aria-describedby=\"caption-attachment-28694\" style=\"width: 1000px\" class=\"wp-caption aligncenter\"><img decoding=\"async\" class=\"size-full wp-image-28694\" title=\"MOC-9424 UCS Colonial Viper - Battlestar Galactica avec 2691 pi\u00e8ces\" src=\"https:\/\/mouldking.store\/wp-content\/uploads\/2021\/12\/moc-9424-ucs-colonial-viper-battlestar-galactica-with-2691-pieces-1.jpg\" alt=\"MOC-9424 UCS Colonial Viper - Battlestar Galactica with 2691 pieces\" width=\"1000\" height=\"1000\" srcset=\"https:\/\/mouldking.store\/wp-content\/uploads\/2021\/12\/moc-9424-ucs-colonial-viper-battlestar-galactica-with-2691-pieces-1.jpg 1000w, https:\/\/mouldking.store\/wp-content\/uploads\/2021\/12\/moc-9424-ucs-colonial-viper-battlestar-galactica-with-2691-pieces-1-300x300.jpg 300w, https:\/\/mouldking.store\/wp-content\/uploads\/2021\/12\/moc-9424-ucs-colonial-viper-battlestar-galactica-with-2691-pieces-1-768x768.jpg 768w, https:\/\/mouldking.store\/wp-content\/uploads\/2021\/12\/moc-9424-ucs-colonial-viper-battlestar-galactica-with-2691-pieces-1-600x600.jpg 600w, https:\/\/mouldking.store\/wp-content\/uploads\/2021\/12\/moc-9424-ucs-colonial-viper-battlestar-galactica-with-2691-pieces-1-150x150.jpg 150w\" sizes=\"(max-width: 1000px) 100vw, 1000px\" \/><figcaption id=\"caption-attachment-28694\" class=\"wp-caption-text\">MOC-9424 UCS Colonial Viper - Battlestar Galactica avec 2691 pi\u00e8ces<\/figcaption><\/figure>\n<figure id=\"attachment_28695\" aria-describedby=\"caption-attachment-28695\" style=\"width: 1000px\" class=\"wp-caption aligncenter\"><img decoding=\"async\" class=\"size-full wp-image-28695\" title=\"MOC-9424 UCS Colonial Viper - Battlestar Galactica avec 2691 pi\u00e8ces\" src=\"https:\/\/mouldking.store\/wp-content\/uploads\/2021\/12\/moc-9424-ucs-colonial-viper-battlestar-galactica-with-2691-pieces-2.jpg\" alt=\"MOC-9424 UCS Colonial Viper - Battlestar Galactica with 2691 pieces\" width=\"1000\" height=\"1000\" srcset=\"https:\/\/mouldking.store\/wp-content\/uploads\/2021\/12\/moc-9424-ucs-colonial-viper-battlestar-galactica-with-2691-pieces-2.jpg 1000w, https:\/\/mouldking.store\/wp-content\/uploads\/2021\/12\/moc-9424-ucs-colonial-viper-battlestar-galactica-with-2691-pieces-2-300x300.jpg 300w, https:\/\/mouldking.store\/wp-content\/uploads\/2021\/12\/moc-9424-ucs-colonial-viper-battlestar-galactica-with-2691-pieces-2-768x768.jpg 768w, https:\/\/mouldking.store\/wp-content\/uploads\/2021\/12\/moc-9424-ucs-colonial-viper-battlestar-galactica-with-2691-pieces-2-600x600.jpg 600w, https:\/\/mouldking.store\/wp-content\/uploads\/2021\/12\/moc-9424-ucs-colonial-viper-battlestar-galactica-with-2691-pieces-2-150x150.jpg 150w\" sizes=\"(max-width: 1000px) 100vw, 1000px\" \/><figcaption id=\"caption-attachment-28695\" class=\"wp-caption-text\">MOC-9424 UCS Colonial Viper - Battlestar Galactica avec 2691 pi\u00e8ces<\/figcaption><\/figure>","protected":false},"excerpt":{"rendered":"<p>Product information: Brand: MOC Gender: Unisex Name: UCS Colonial Viper &#8211; Battlestar Galactica Age Range: &gt; 6 years old Model Number: MOC-9424 Classification: Assemblage Plastic Block Shape: Self-Locking Bricks Material: Plastic Plastic Type: ABS Bricks Blocks: 2691 PCS Contains detailed assembly instructions. Notice: 1. Without an original box, but we guarantee our products have quality [&hellip;]<\/p>","protected":false},"featured_media":28697,"comment_status":"open","ping_status":"closed","template":"","meta":{"_acf_changed":false},"product_cat":[581],"product_tag":[4277,4278],"class_list":["product","first","instock","shipping-taxable","purchasable","product-type-simple"],"acf":[],"_links":{"self":[{"href":"https:\/\/mouldking.store\/fr\/wp-json\/wp\/v2\/product\/28691","targetHints":{"allow":["GET"]}}],"collection":[{"href":"https:\/\/mouldking.store\/fr\/wp-json\/wp\/v2\/product"}],"about":[{"href":"https:\/\/mouldking.store\/fr\/wp-json\/wp\/v2\/types\/product"}],"replies":[{"embeddable":true,"href":"https:\/\/mouldking.store\/fr\/wp-json\/wp\/v2\/comments?post=28691"}],"wp:featuredmedia":[{"embeddable":true,"href":"https:\/\/mouldking.store\/fr\/wp-json\/wp\/v2\/media\/28697"}],"wp:attachment":[{"href":"https:\/\/mouldking.store\/fr\/wp-json\/wp\/v2\/media?parent=28691"}],"wp:term":[{"taxonomy":"product_cat","embeddable":true,"href":"https:\/\/mouldking.store\/fr\/wp-json\/wp\/v2\/product_cat?post=28691"},{"taxonomy":"product_tag","embeddable":true,"href":"https:\/\/mouldking.store\/fr\/wp-json\/wp\/v2\/product_tag?post=28691"}],"curies":[{"name":"wp","href":"https:\/\/api.w.org\/{rel}","templated":true}]}}