{"id":29516,"date":"2022-02-21T22:58:39","date_gmt":"2022-02-21T15:58:39","guid":{"rendered":"https:\/\/mouldking.store\/?post_type=product&#038;p=29516"},"modified":"2022-02-21T22:58:39","modified_gmt":"2022-02-21T15:58:39","slug":"pogo-pg5001-mickey-mouse-with-2500-pieces","status":"publish","type":"product","link":"https:\/\/mouldking.store\/fr\/shop\/pogo-pg5001-mickey-mouse-with-2500-pieces\/","title":{"rendered":"POGO PG5001 Mickey Mouse avec 2500 pi\u00e8ces"},"content":{"rendered":"<p>Information produit:<br \/>\n1. Model Number: PG5001<br \/>\n2. Attention : ne peut pas manger<br \/>\n3. Tranche d&#039;\u00e2ge : &gt; 6 ans<br \/>\n4. Certificat : 3C<br \/>\n5. Forme de bloc en plastique\u00a0: briques autobloquantes<br \/>\n6. Mat\u00e9riel: Plastique<br \/>\n7. Type de plastique : ABS<br \/>\n8. Bricks Blocks: ~2500+PCS<br \/>\n9. Contient des instructions de montage d\u00e9taill\u00e9es<\/p>\n<p>Avis:<br \/>\n1. Sans bo\u00eete d&#039;origine, mais nous garantissons que nos produits ont une assurance qualit\u00e9 et un bel emballage.<br \/>\n2. Comme toutes les pi\u00e8ces que nous avons v\u00e9rifi\u00e9es avant l&#039;exp\u00e9dition, donc si vous trouvez des pi\u00e8ces manquantes ou endommag\u00e9es, ne vous inqui\u00e9tez pas et veuillez nous contacter et nous pouvons vous les renvoyer imm\u00e9diatement gratuitement.<\/p>\n<figure id=\"attachment_29500\" aria-describedby=\"caption-attachment-29500\" style=\"width: 828px\" class=\"wp-caption aligncenter\"><img fetchpriority=\"high\" decoding=\"async\" class=\"wp-image-29500 size-full\" src=\"https:\/\/mouldking.store\/wp-content\/uploads\/2022\/02\/POGO-PG5001-Cute-Mickey-2.jpg\" alt=\"POGO PG5001 Mickey Mouse\" width=\"828\" height=\"822\" title=\"-\" srcset=\"https:\/\/mouldking.store\/wp-content\/uploads\/2022\/02\/POGO-PG5001-Cute-Mickey-2.jpg 828w, https:\/\/mouldking.store\/wp-content\/uploads\/2022\/02\/POGO-PG5001-Cute-Mickey-2-300x298.jpg 300w, https:\/\/mouldking.store\/wp-content\/uploads\/2022\/02\/POGO-PG5001-Cute-Mickey-2-768x762.jpg 768w, https:\/\/mouldking.store\/wp-content\/uploads\/2022\/02\/POGO-PG5001-Cute-Mickey-2-600x596.jpg 600w, https:\/\/mouldking.store\/wp-content\/uploads\/2022\/02\/POGO-PG5001-Cute-Mickey-2-150x150.jpg 150w\" sizes=\"(max-width: 828px) 100vw, 828px\" \/><figcaption id=\"caption-attachment-29500\" class=\"wp-caption-text\">POGO PG5001 Mickey Mouse<\/figcaption><\/figure>\n<figure id=\"attachment_29501\" aria-describedby=\"caption-attachment-29501\" style=\"width: 827px\" class=\"wp-caption aligncenter\"><img decoding=\"async\" class=\"wp-image-29501 size-full\" src=\"https:\/\/mouldking.store\/wp-content\/uploads\/2022\/02\/POGO-PG5001-Cute-Mickey-3.jpg\" alt=\"POGO PG5001 Mickey Mouse\" width=\"827\" height=\"827\" title=\"-\" srcset=\"https:\/\/mouldking.store\/wp-content\/uploads\/2022\/02\/POGO-PG5001-Cute-Mickey-3.jpg 827w, https:\/\/mouldking.store\/wp-content\/uploads\/2022\/02\/POGO-PG5001-Cute-Mickey-3-300x300.jpg 300w, https:\/\/mouldking.store\/wp-content\/uploads\/2022\/02\/POGO-PG5001-Cute-Mickey-3-768x768.jpg 768w, https:\/\/mouldking.store\/wp-content\/uploads\/2022\/02\/POGO-PG5001-Cute-Mickey-3-600x600.jpg 600w, https:\/\/mouldking.store\/wp-content\/uploads\/2022\/02\/POGO-PG5001-Cute-Mickey-3-150x150.jpg 150w\" sizes=\"(max-width: 827px) 100vw, 827px\" \/><figcaption id=\"caption-attachment-29501\" class=\"wp-caption-text\">POGO PG5001 Mickey Mouse<\/figcaption><\/figure>\n<figure id=\"attachment_29503\" aria-describedby=\"caption-attachment-29503\" style=\"width: 1024px\" class=\"wp-caption aligncenter\"><img decoding=\"async\" class=\"wp-image-29503 size-large\" src=\"https:\/\/mouldking.store\/wp-content\/uploads\/2022\/02\/POGO-PG5001-Cute-Mickey-5-1024x1024.jpg\" alt=\"POGO PG5001 Mickey Mouse\" width=\"1024\" height=\"1024\" title=\"-\" srcset=\"https:\/\/mouldking.store\/wp-content\/uploads\/2022\/02\/POGO-PG5001-Cute-Mickey-5-1024x1024.jpg 1024w, https:\/\/mouldking.store\/wp-content\/uploads\/2022\/02\/POGO-PG5001-Cute-Mickey-5-300x300.jpg 300w, https:\/\/mouldking.store\/wp-content\/uploads\/2022\/02\/POGO-PG5001-Cute-Mickey-5-768x768.jpg 768w, https:\/\/mouldking.store\/wp-content\/uploads\/2022\/02\/POGO-PG5001-Cute-Mickey-5-1536x1536.jpg 1536w, https:\/\/mouldking.store\/wp-content\/uploads\/2022\/02\/POGO-PG5001-Cute-Mickey-5-600x600.jpg 600w, https:\/\/mouldking.store\/wp-content\/uploads\/2022\/02\/POGO-PG5001-Cute-Mickey-5-150x150.jpg 150w, https:\/\/mouldking.store\/wp-content\/uploads\/2022\/02\/POGO-PG5001-Cute-Mickey-5.jpg 1920w\" sizes=\"(max-width: 1024px) 100vw, 1024px\" \/><figcaption id=\"caption-attachment-29503\" class=\"wp-caption-text\">POGO PG5001 Mickey Mouse<\/figcaption><\/figure>\n<figure id=\"attachment_29502\" aria-describedby=\"caption-attachment-29502\" style=\"width: 826px\" class=\"wp-caption aligncenter\"><img loading=\"lazy\" decoding=\"async\" class=\"wp-image-29502 size-full\" src=\"https:\/\/mouldking.store\/wp-content\/uploads\/2022\/02\/POGO-PG5001-Cute-Mickey-4.jpg\" alt=\"POGO PG5001 Mickey Mouse\" width=\"826\" height=\"806\" title=\"-\" srcset=\"https:\/\/mouldking.store\/wp-content\/uploads\/2022\/02\/POGO-PG5001-Cute-Mickey-4.jpg 826w, https:\/\/mouldking.store\/wp-content\/uploads\/2022\/02\/POGO-PG5001-Cute-Mickey-4-300x293.jpg 300w, https:\/\/mouldking.store\/wp-content\/uploads\/2022\/02\/POGO-PG5001-Cute-Mickey-4-768x749.jpg 768w, https:\/\/mouldking.store\/wp-content\/uploads\/2022\/02\/POGO-PG5001-Cute-Mickey-4-600x585.jpg 600w, https:\/\/mouldking.store\/wp-content\/uploads\/2022\/02\/POGO-PG5001-Cute-Mickey-4-150x146.jpg 150w\" sizes=\"(max-width: 826px) 100vw, 826px\" \/><figcaption id=\"caption-attachment-29502\" class=\"wp-caption-text\">POGO PG5001 Mickey Mouse<\/figcaption><\/figure>\n<figure id=\"attachment_29504\" aria-describedby=\"caption-attachment-29504\" style=\"width: 1024px\" class=\"wp-caption aligncenter\"><img loading=\"lazy\" decoding=\"async\" class=\"wp-image-29504 size-large\" src=\"https:\/\/mouldking.store\/wp-content\/uploads\/2022\/02\/POGO-PG5001-Cute-Mickey-1-1024x1024.jpg\" alt=\"POGO PG5001 Mickey Mouse\" width=\"1024\" height=\"1024\" title=\"-\" srcset=\"https:\/\/mouldking.store\/wp-content\/uploads\/2022\/02\/POGO-PG5001-Cute-Mickey-1-1024x1024.jpg 1024w, https:\/\/mouldking.store\/wp-content\/uploads\/2022\/02\/POGO-PG5001-Cute-Mickey-1-300x300.jpg 300w, https:\/\/mouldking.store\/wp-content\/uploads\/2022\/02\/POGO-PG5001-Cute-Mickey-1-768x768.jpg 768w, https:\/\/mouldking.store\/wp-content\/uploads\/2022\/02\/POGO-PG5001-Cute-Mickey-1-1536x1536.jpg 1536w, https:\/\/mouldking.store\/wp-content\/uploads\/2022\/02\/POGO-PG5001-Cute-Mickey-1-600x600.jpg 600w, https:\/\/mouldking.store\/wp-content\/uploads\/2022\/02\/POGO-PG5001-Cute-Mickey-1-150x150.jpg 150w, https:\/\/mouldking.store\/wp-content\/uploads\/2022\/02\/POGO-PG5001-Cute-Mickey-1.jpg 1920w\" sizes=\"(max-width: 1024px) 100vw, 1024px\" \/><figcaption id=\"caption-attachment-29504\" class=\"wp-caption-text\">POGO PG5001 Mickey Mouse<\/figcaption><\/figure>","protected":false},"excerpt":{"rendered":"<p>Product information: 1. Model Number: PG5001 2. Warning: can not eat 3. Age Range: &gt; 6 years old 4. Certification: 3C 5. Plastic Block Shape: Self-Locking Bricks 6. Material: Plastic 7. Plastic Type: ABS 8. Bricks Blocks: ~2500+PCS 9. Contains detailed assembly instructions Notice: 1. Without original box, but we guarantee our products have quality [&hellip;]<\/p>","protected":false},"featured_media":29500,"comment_status":"closed","ping_status":"closed","template":"","meta":{"_acf_changed":false},"product_cat":[581],"product_tag":[4462,4459,4463,4461,4460,4458,4457],"class_list":["product","first","instock","shipping-taxable","purchasable","product-type-simple"],"acf":[],"_links":{"self":[{"href":"https:\/\/mouldking.store\/fr\/wp-json\/wp\/v2\/product\/29516","targetHints":{"allow":["GET"]}}],"collection":[{"href":"https:\/\/mouldking.store\/fr\/wp-json\/wp\/v2\/product"}],"about":[{"href":"https:\/\/mouldking.store\/fr\/wp-json\/wp\/v2\/types\/product"}],"replies":[{"embeddable":true,"href":"https:\/\/mouldking.store\/fr\/wp-json\/wp\/v2\/comments?post=29516"}],"wp:featuredmedia":[{"embeddable":true,"href":"https:\/\/mouldking.store\/fr\/wp-json\/wp\/v2\/media\/29500"}],"wp:attachment":[{"href":"https:\/\/mouldking.store\/fr\/wp-json\/wp\/v2\/media?parent=29516"}],"wp:term":[{"taxonomy":"product_cat","embeddable":true,"href":"https:\/\/mouldking.store\/fr\/wp-json\/wp\/v2\/product_cat?post=29516"},{"taxonomy":"product_tag","embeddable":true,"href":"https:\/\/mouldking.store\/fr\/wp-json\/wp\/v2\/product_tag?post=29516"}],"curies":[{"name":"wp","href":"https:\/\/api.w.org\/{rel}","templated":true}]}}