{"id":29583,"date":"2022-02-22T09:32:29","date_gmt":"2022-02-22T02:32:29","guid":{"rendered":"https:\/\/mouldking.store\/?post_type=product&#038;p=29583"},"modified":"2022-02-22T09:32:29","modified_gmt":"2022-02-22T02:32:29","slug":"qman-k20505-naruto-gaara-vs-deidara-with-466-pieces","status":"publish","type":"product","link":"https:\/\/mouldking.store\/fr\/shop\/qman-k20505-naruto-gaara-vs-deidara-with-466-pieces\/","title":{"rendered":"Qman K20505 Naruto Gaara contre Deidara avec 466 pi\u00e8ces"},"content":{"rendered":"<p>Information produit:<\/p>\n<ol>\n<li>Marque : Qman<\/li>\n<li>Genre: Unisexe<\/li>\n<li>Nom : Naruto Gaara contre Deidara<\/li>\n<li>Tranche d&#039;\u00e2ge : &gt; 6 ans<\/li>\n<li>Num\u00e9ro de mod\u00e8le: K20505<\/li>\n<li>Classement : Assemblage<\/li>\n<li>Forme de bloc en plastique\u00a0: briques autobloquantes<\/li>\n<li>Mat\u00e9riel: Plastique<\/li>\n<li>Type de plastique : ABS<\/li>\n<li>Blocs de briques : 466 PCS<\/li>\n<li>Contient des instructions de montage d\u00e9taill\u00e9es.<\/li>\n<\/ol>\n<p>Avis:<br \/>\n1. Sans bo\u00eete d&#039;origine, mais nous garantissons que nos produits ont une assurance qualit\u00e9 et un bel emballage.<br \/>\n2. Comme toutes les pi\u00e8ces que nous avons v\u00e9rifi\u00e9es avant l&#039;exp\u00e9dition, donc si vous trouvez des pi\u00e8ces manquantes ou endommag\u00e9es, ne vous inqui\u00e9tez pas et veuillez nous contacter et nous pouvons vous les renvoyer imm\u00e9diatement gratuitement.<\/p>\n<figure id=\"attachment_29584\" aria-describedby=\"caption-attachment-29584\" style=\"width: 800px\" class=\"wp-caption aligncenter\"><img fetchpriority=\"high\" decoding=\"async\" class=\"wp-image-29584 size-full\" src=\"https:\/\/mouldking.store\/wp-content\/uploads\/2022\/02\/Qman-K20505-Naruto-Gaara-vs.-Deidara-with-466-pieces-1.jpg\" alt=\"Qman K20505 Naruto Gaara vs. Deidara with 466 pieces\" width=\"800\" height=\"800\" title=\"-\" srcset=\"https:\/\/mouldking.store\/wp-content\/uploads\/2022\/02\/Qman-K20505-Naruto-Gaara-vs.-Deidara-with-466-pieces-1.jpg 800w, https:\/\/mouldking.store\/wp-content\/uploads\/2022\/02\/Qman-K20505-Naruto-Gaara-vs.-Deidara-with-466-pieces-1-300x300.jpg 300w, https:\/\/mouldking.store\/wp-content\/uploads\/2022\/02\/Qman-K20505-Naruto-Gaara-vs.-Deidara-with-466-pieces-1-768x768.jpg 768w, https:\/\/mouldking.store\/wp-content\/uploads\/2022\/02\/Qman-K20505-Naruto-Gaara-vs.-Deidara-with-466-pieces-1-600x600.jpg 600w, https:\/\/mouldking.store\/wp-content\/uploads\/2022\/02\/Qman-K20505-Naruto-Gaara-vs.-Deidara-with-466-pieces-1-150x150.jpg 150w\" sizes=\"(max-width: 800px) 100vw, 800px\" \/><figcaption id=\"caption-attachment-29584\" class=\"wp-caption-text\">Qman K20505 Naruto Gaara contre Deidara avec 466 pi\u00e8ces<\/figcaption><\/figure>\n<figure id=\"attachment_29586\" aria-describedby=\"caption-attachment-29586\" style=\"width: 800px\" class=\"wp-caption aligncenter\"><img decoding=\"async\" class=\"wp-image-29586 size-full\" src=\"https:\/\/mouldking.store\/wp-content\/uploads\/2022\/02\/Qman-K20505-Naruto-Gaara-vs.-Deidara-with-466-pieces-3.jpg\" alt=\"Qman K20505 Naruto Gaara vs. Deidara with 466 pieces\" width=\"800\" height=\"800\" title=\"-\" srcset=\"https:\/\/mouldking.store\/wp-content\/uploads\/2022\/02\/Qman-K20505-Naruto-Gaara-vs.-Deidara-with-466-pieces-3.jpg 800w, https:\/\/mouldking.store\/wp-content\/uploads\/2022\/02\/Qman-K20505-Naruto-Gaara-vs.-Deidara-with-466-pieces-3-300x300.jpg 300w, https:\/\/mouldking.store\/wp-content\/uploads\/2022\/02\/Qman-K20505-Naruto-Gaara-vs.-Deidara-with-466-pieces-3-768x768.jpg 768w, https:\/\/mouldking.store\/wp-content\/uploads\/2022\/02\/Qman-K20505-Naruto-Gaara-vs.-Deidara-with-466-pieces-3-600x600.jpg 600w, https:\/\/mouldking.store\/wp-content\/uploads\/2022\/02\/Qman-K20505-Naruto-Gaara-vs.-Deidara-with-466-pieces-3-150x150.jpg 150w\" sizes=\"(max-width: 800px) 100vw, 800px\" \/><figcaption id=\"caption-attachment-29586\" class=\"wp-caption-text\">Qman K20505 Naruto Gaara contre Deidara avec 466 pi\u00e8ces<\/figcaption><\/figure>\n<figure id=\"attachment_29585\" aria-describedby=\"caption-attachment-29585\" style=\"width: 800px\" class=\"wp-caption aligncenter\"><img decoding=\"async\" class=\"wp-image-29585 size-full\" src=\"https:\/\/mouldking.store\/wp-content\/uploads\/2022\/02\/Qman-K20505-Naruto-Gaara-vs.-Deidara-with-466-pieces-2.jpg\" alt=\"Qman K20505 Naruto Gaara vs. Deidara with 466 pieces\" width=\"800\" height=\"800\" title=\"-\" srcset=\"https:\/\/mouldking.store\/wp-content\/uploads\/2022\/02\/Qman-K20505-Naruto-Gaara-vs.-Deidara-with-466-pieces-2.jpg 800w, https:\/\/mouldking.store\/wp-content\/uploads\/2022\/02\/Qman-K20505-Naruto-Gaara-vs.-Deidara-with-466-pieces-2-300x300.jpg 300w, https:\/\/mouldking.store\/wp-content\/uploads\/2022\/02\/Qman-K20505-Naruto-Gaara-vs.-Deidara-with-466-pieces-2-768x768.jpg 768w, https:\/\/mouldking.store\/wp-content\/uploads\/2022\/02\/Qman-K20505-Naruto-Gaara-vs.-Deidara-with-466-pieces-2-600x600.jpg 600w, https:\/\/mouldking.store\/wp-content\/uploads\/2022\/02\/Qman-K20505-Naruto-Gaara-vs.-Deidara-with-466-pieces-2-150x150.jpg 150w\" sizes=\"(max-width: 800px) 100vw, 800px\" \/><figcaption id=\"caption-attachment-29585\" class=\"wp-caption-text\">Qman K20505 Naruto Gaara contre Deidara avec 466 pi\u00e8ces<\/figcaption><\/figure>","protected":false},"excerpt":{"rendered":"<p>Product information: Brand: Qman Gender: Unisex Name: Naruto Gaara vs. Deidara Age Range: &gt; 6 years old Model Number: K20505 Classification: Assemblage Plastic Block Shape: Self-Locking Bricks Material: Plastic Plastic Type: ABS Bricks Blocks: 466 PCS Contains detailed assembly instructions. Notice: 1. Without an original box, but we guarantee our products have quality assurance and [&hellip;]<\/p>","protected":false},"featured_media":29584,"comment_status":"closed","ping_status":"closed","template":"","meta":{"_acf_changed":false},"product_cat":[581],"product_tag":[4522,4521,4523,4519,4520,2383,4517,4125,4516,4518,4515],"class_list":["product","first","instock","shipping-taxable","purchasable","product-type-simple"],"acf":[],"_links":{"self":[{"href":"https:\/\/mouldking.store\/fr\/wp-json\/wp\/v2\/product\/29583","targetHints":{"allow":["GET"]}}],"collection":[{"href":"https:\/\/mouldking.store\/fr\/wp-json\/wp\/v2\/product"}],"about":[{"href":"https:\/\/mouldking.store\/fr\/wp-json\/wp\/v2\/types\/product"}],"replies":[{"embeddable":true,"href":"https:\/\/mouldking.store\/fr\/wp-json\/wp\/v2\/comments?post=29583"}],"wp:featuredmedia":[{"embeddable":true,"href":"https:\/\/mouldking.store\/fr\/wp-json\/wp\/v2\/media\/29584"}],"wp:attachment":[{"href":"https:\/\/mouldking.store\/fr\/wp-json\/wp\/v2\/media?parent=29583"}],"wp:term":[{"taxonomy":"product_cat","embeddable":true,"href":"https:\/\/mouldking.store\/fr\/wp-json\/wp\/v2\/product_cat?post=29583"},{"taxonomy":"product_tag","embeddable":true,"href":"https:\/\/mouldking.store\/fr\/wp-json\/wp\/v2\/product_tag?post=29583"}],"curies":[{"name":"wp","href":"https:\/\/api.w.org\/{rel}","templated":true}]}}