{"id":29626,"date":"2022-02-22T10:17:54","date_gmt":"2022-02-22T03:17:54","guid":{"rendered":"https:\/\/mouldking.store\/?post_type=product&#038;p=29626"},"modified":"2022-02-22T10:17:54","modified_gmt":"2022-02-22T03:17:54","slug":"qman-42106-the-era-of-dinosaur-war-with-287-pieces","status":"publish","type":"product","link":"https:\/\/mouldking.store\/fr\/shop\/qman-42106-the-era-of-dinosaur-war-with-287-pieces\/","title":{"rendered":"Qman 42106 The Era of Dinosaur War with 287 pieces"},"content":{"rendered":"<p>Information produit:<\/p>\n<ol>\n<li>Marque : Qman<\/li>\n<li>Genre: Unisexe<\/li>\n<li>Name: The Era of Dinosaur War<\/li>\n<li>Tranche d&#039;\u00e2ge : &gt; 6 ans<\/li>\n<li>Model Number: 42106<\/li>\n<li>Classement : Assemblage<\/li>\n<li>Forme de bloc en plastique\u00a0: briques autobloquantes<\/li>\n<li>Mat\u00e9riel: Plastique<\/li>\n<li>Type de plastique : ABS<\/li>\n<li>Bricks Blocks: 287 PCS<\/li>\n<li>Contient des instructions de montage d\u00e9taill\u00e9es.<\/li>\n<\/ol>\n<p>Avis:<br \/>\n1. Sans bo\u00eete d&#039;origine, mais nous garantissons que nos produits ont une assurance qualit\u00e9 et un bel emballage.<br \/>\n2. Comme toutes les pi\u00e8ces que nous avons v\u00e9rifi\u00e9es avant l&#039;exp\u00e9dition, donc si vous trouvez des pi\u00e8ces manquantes ou endommag\u00e9es, ne vous inqui\u00e9tez pas et veuillez nous contacter et nous pouvons vous les renvoyer imm\u00e9diatement gratuitement.<\/p>\n<figure id=\"attachment_29627\" aria-describedby=\"caption-attachment-29627\" style=\"width: 800px\" class=\"wp-caption aligncenter\"><img fetchpriority=\"high\" decoding=\"async\" class=\"wp-image-29627 size-full\" src=\"https:\/\/mouldking.store\/wp-content\/uploads\/2022\/02\/Qman-42106-The-Era-of-Dinosaur-War-with-287-pieces-1.jpg\" alt=\"Qman 42106 The Era of Dinosaur War with 287 pieces\" width=\"800\" height=\"800\" title=\"-\" srcset=\"https:\/\/mouldking.store\/wp-content\/uploads\/2022\/02\/Qman-42106-The-Era-of-Dinosaur-War-with-287-pieces-1.jpg 800w, https:\/\/mouldking.store\/wp-content\/uploads\/2022\/02\/Qman-42106-The-Era-of-Dinosaur-War-with-287-pieces-1-300x300.jpg 300w, https:\/\/mouldking.store\/wp-content\/uploads\/2022\/02\/Qman-42106-The-Era-of-Dinosaur-War-with-287-pieces-1-768x768.jpg 768w, https:\/\/mouldking.store\/wp-content\/uploads\/2022\/02\/Qman-42106-The-Era-of-Dinosaur-War-with-287-pieces-1-600x600.jpg 600w, https:\/\/mouldking.store\/wp-content\/uploads\/2022\/02\/Qman-42106-The-Era-of-Dinosaur-War-with-287-pieces-1-150x150.jpg 150w\" sizes=\"(max-width: 800px) 100vw, 800px\" \/><figcaption id=\"caption-attachment-29627\" class=\"wp-caption-text\">Qman 42106 The Era of Dinosaur War with 287 pieces<\/figcaption><\/figure>\n<figure id=\"attachment_29635\" aria-describedby=\"caption-attachment-29635\" style=\"width: 713px\" class=\"wp-caption aligncenter\"><img decoding=\"async\" class=\"wp-image-29635 size-full\" src=\"https:\/\/mouldking.store\/wp-content\/uploads\/2022\/02\/Qman-42106-The-Era-of-Dinosaur-War-with-287-pieces-9.jpg\" alt=\"Qman 42106 The Era of Dinosaur War with 287 pieces\" width=\"713\" height=\"1024\" title=\"-\" srcset=\"https:\/\/mouldking.store\/wp-content\/uploads\/2022\/02\/Qman-42106-The-Era-of-Dinosaur-War-with-287-pieces-9.jpg 713w, https:\/\/mouldking.store\/wp-content\/uploads\/2022\/02\/Qman-42106-The-Era-of-Dinosaur-War-with-287-pieces-9-209x300.jpg 209w, https:\/\/mouldking.store\/wp-content\/uploads\/2022\/02\/Qman-42106-The-Era-of-Dinosaur-War-with-287-pieces-9-300x431.jpg 300w, https:\/\/mouldking.store\/wp-content\/uploads\/2022\/02\/Qman-42106-The-Era-of-Dinosaur-War-with-287-pieces-9-600x862.jpg 600w, https:\/\/mouldking.store\/wp-content\/uploads\/2022\/02\/Qman-42106-The-Era-of-Dinosaur-War-with-287-pieces-9-104x150.jpg 104w\" sizes=\"(max-width: 713px) 100vw, 713px\" \/><figcaption id=\"caption-attachment-29635\" class=\"wp-caption-text\">Qman 42106 The Era of Dinosaur War with 287 pieces<\/figcaption><\/figure>\n<figure id=\"attachment_29633\" aria-describedby=\"caption-attachment-29633\" style=\"width: 554px\" class=\"wp-caption aligncenter\"><img decoding=\"async\" class=\"wp-image-29633 size-full\" src=\"https:\/\/mouldking.store\/wp-content\/uploads\/2022\/02\/Qman-42106-The-Era-of-Dinosaur-War-with-287-pieces-7.jpg\" alt=\"Qman 42106 The Era of Dinosaur War with 287 pieces\" width=\"554\" height=\"1024\" title=\"-\" srcset=\"https:\/\/mouldking.store\/wp-content\/uploads\/2022\/02\/Qman-42106-The-Era-of-Dinosaur-War-with-287-pieces-7.jpg 554w, https:\/\/mouldking.store\/wp-content\/uploads\/2022\/02\/Qman-42106-The-Era-of-Dinosaur-War-with-287-pieces-7-162x300.jpg 162w, https:\/\/mouldking.store\/wp-content\/uploads\/2022\/02\/Qman-42106-The-Era-of-Dinosaur-War-with-287-pieces-7-300x555.jpg 300w, https:\/\/mouldking.store\/wp-content\/uploads\/2022\/02\/Qman-42106-The-Era-of-Dinosaur-War-with-287-pieces-7-81x150.jpg 81w\" sizes=\"(max-width: 554px) 100vw, 554px\" \/><figcaption id=\"caption-attachment-29633\" class=\"wp-caption-text\">Qman 42106 The Era of Dinosaur War with 287 pieces<\/figcaption><\/figure>\n<figure id=\"attachment_29632\" aria-describedby=\"caption-attachment-29632\" style=\"width: 597px\" class=\"wp-caption aligncenter\"><img loading=\"lazy\" decoding=\"async\" class=\"wp-image-29632 size-full\" src=\"https:\/\/mouldking.store\/wp-content\/uploads\/2022\/02\/Qman-42106-The-Era-of-Dinosaur-War-with-287-pieces-6.jpg\" alt=\"Qman 42106 The Era of Dinosaur War with 287 pieces\" width=\"597\" height=\"1024\" title=\"-\" srcset=\"https:\/\/mouldking.store\/wp-content\/uploads\/2022\/02\/Qman-42106-The-Era-of-Dinosaur-War-with-287-pieces-6.jpg 597w, https:\/\/mouldking.store\/wp-content\/uploads\/2022\/02\/Qman-42106-The-Era-of-Dinosaur-War-with-287-pieces-6-175x300.jpg 175w, https:\/\/mouldking.store\/wp-content\/uploads\/2022\/02\/Qman-42106-The-Era-of-Dinosaur-War-with-287-pieces-6-300x515.jpg 300w, https:\/\/mouldking.store\/wp-content\/uploads\/2022\/02\/Qman-42106-The-Era-of-Dinosaur-War-with-287-pieces-6-87x150.jpg 87w\" sizes=\"(max-width: 597px) 100vw, 597px\" \/><figcaption id=\"caption-attachment-29632\" class=\"wp-caption-text\">Qman 42106 The Era of Dinosaur War with 287 pieces<\/figcaption><\/figure>\n<figure id=\"attachment_29631\" aria-describedby=\"caption-attachment-29631\" style=\"width: 594px\" class=\"wp-caption aligncenter\"><img loading=\"lazy\" decoding=\"async\" class=\"wp-image-29631 size-full\" src=\"https:\/\/mouldking.store\/wp-content\/uploads\/2022\/02\/Qman-42106-The-Era-of-Dinosaur-War-with-287-pieces-5.jpg\" alt=\"Qman 42106 The Era of Dinosaur War with 287 pieces\" width=\"594\" height=\"1024\" title=\"-\" srcset=\"https:\/\/mouldking.store\/wp-content\/uploads\/2022\/02\/Qman-42106-The-Era-of-Dinosaur-War-with-287-pieces-5.jpg 594w, https:\/\/mouldking.store\/wp-content\/uploads\/2022\/02\/Qman-42106-The-Era-of-Dinosaur-War-with-287-pieces-5-174x300.jpg 174w, https:\/\/mouldking.store\/wp-content\/uploads\/2022\/02\/Qman-42106-The-Era-of-Dinosaur-War-with-287-pieces-5-300x517.jpg 300w, https:\/\/mouldking.store\/wp-content\/uploads\/2022\/02\/Qman-42106-The-Era-of-Dinosaur-War-with-287-pieces-5-87x150.jpg 87w\" sizes=\"(max-width: 594px) 100vw, 594px\" \/><figcaption id=\"caption-attachment-29631\" class=\"wp-caption-text\">Qman 42106 The Era of Dinosaur War with 287 pieces<\/figcaption><\/figure>\n<figure id=\"attachment_29630\" aria-describedby=\"caption-attachment-29630\" style=\"width: 660px\" class=\"wp-caption aligncenter\"><img loading=\"lazy\" decoding=\"async\" class=\"wp-image-29630 size-full\" src=\"https:\/\/mouldking.store\/wp-content\/uploads\/2022\/02\/Qman-42106-The-Era-of-Dinosaur-War-with-287-pieces-4.jpg\" alt=\"Qman 42106 The Era of Dinosaur War with 287 pieces\" width=\"660\" height=\"1024\" title=\"-\" srcset=\"https:\/\/mouldking.store\/wp-content\/uploads\/2022\/02\/Qman-42106-The-Era-of-Dinosaur-War-with-287-pieces-4.jpg 660w, https:\/\/mouldking.store\/wp-content\/uploads\/2022\/02\/Qman-42106-The-Era-of-Dinosaur-War-with-287-pieces-4-193x300.jpg 193w, https:\/\/mouldking.store\/wp-content\/uploads\/2022\/02\/Qman-42106-The-Era-of-Dinosaur-War-with-287-pieces-4-300x465.jpg 300w, https:\/\/mouldking.store\/wp-content\/uploads\/2022\/02\/Qman-42106-The-Era-of-Dinosaur-War-with-287-pieces-4-600x931.jpg 600w, https:\/\/mouldking.store\/wp-content\/uploads\/2022\/02\/Qman-42106-The-Era-of-Dinosaur-War-with-287-pieces-4-97x150.jpg 97w\" sizes=\"(max-width: 660px) 100vw, 660px\" \/><figcaption id=\"caption-attachment-29630\" class=\"wp-caption-text\">Qman 42106 The Era of Dinosaur War with 287 pieces<\/figcaption><\/figure>\n<figure id=\"attachment_29634\" aria-describedby=\"caption-attachment-29634\" style=\"width: 696px\" class=\"wp-caption aligncenter\"><img loading=\"lazy\" decoding=\"async\" class=\"wp-image-29634 size-full\" src=\"https:\/\/mouldking.store\/wp-content\/uploads\/2022\/02\/Qman-42106-The-Era-of-Dinosaur-War-with-287-pieces-8.jpg\" alt=\"Qman 42106 The Era of Dinosaur War with 287 pieces\" width=\"696\" height=\"1024\" title=\"-\" srcset=\"https:\/\/mouldking.store\/wp-content\/uploads\/2022\/02\/Qman-42106-The-Era-of-Dinosaur-War-with-287-pieces-8.jpg 696w, https:\/\/mouldking.store\/wp-content\/uploads\/2022\/02\/Qman-42106-The-Era-of-Dinosaur-War-with-287-pieces-8-204x300.jpg 204w, https:\/\/mouldking.store\/wp-content\/uploads\/2022\/02\/Qman-42106-The-Era-of-Dinosaur-War-with-287-pieces-8-300x441.jpg 300w, https:\/\/mouldking.store\/wp-content\/uploads\/2022\/02\/Qman-42106-The-Era-of-Dinosaur-War-with-287-pieces-8-600x883.jpg 600w, https:\/\/mouldking.store\/wp-content\/uploads\/2022\/02\/Qman-42106-The-Era-of-Dinosaur-War-with-287-pieces-8-102x150.jpg 102w\" sizes=\"(max-width: 696px) 100vw, 696px\" \/><figcaption id=\"caption-attachment-29634\" class=\"wp-caption-text\">Qman 42106 The Era of Dinosaur War with 287 pieces<\/figcaption><\/figure>\n<figure id=\"attachment_29628\" aria-describedby=\"caption-attachment-29628\" style=\"width: 750px\" class=\"wp-caption aligncenter\"><img loading=\"lazy\" decoding=\"async\" class=\"wp-image-29628 size-full\" src=\"https:\/\/mouldking.store\/wp-content\/uploads\/2022\/02\/Qman-42106-The-Era-of-Dinosaur-War-with-287-pieces-2.jpg\" alt=\"Qman 42106 The Era of Dinosaur War with 287 pieces\" width=\"750\" height=\"907\" title=\"-\" srcset=\"https:\/\/mouldking.store\/wp-content\/uploads\/2022\/02\/Qman-42106-The-Era-of-Dinosaur-War-with-287-pieces-2.jpg 750w, https:\/\/mouldking.store\/wp-content\/uploads\/2022\/02\/Qman-42106-The-Era-of-Dinosaur-War-with-287-pieces-2-248x300.jpg 248w, https:\/\/mouldking.store\/wp-content\/uploads\/2022\/02\/Qman-42106-The-Era-of-Dinosaur-War-with-287-pieces-2-300x363.jpg 300w, https:\/\/mouldking.store\/wp-content\/uploads\/2022\/02\/Qman-42106-The-Era-of-Dinosaur-War-with-287-pieces-2-600x726.jpg 600w, https:\/\/mouldking.store\/wp-content\/uploads\/2022\/02\/Qman-42106-The-Era-of-Dinosaur-War-with-287-pieces-2-124x150.jpg 124w\" sizes=\"(max-width: 750px) 100vw, 750px\" \/><figcaption id=\"caption-attachment-29628\" class=\"wp-caption-text\">Qman 42106 The Era of Dinosaur War with 287 pieces<\/figcaption><\/figure>\n<figure id=\"attachment_29629\" aria-describedby=\"caption-attachment-29629\" style=\"width: 460px\" class=\"wp-caption aligncenter\"><img loading=\"lazy\" decoding=\"async\" class=\"wp-image-29629 size-full\" src=\"https:\/\/mouldking.store\/wp-content\/uploads\/2022\/02\/Qman-42106-The-Era-of-Dinosaur-War-with-287-pieces-3.jpg\" alt=\"Qman 42106 The Era of Dinosaur War with 287 pieces\" width=\"460\" height=\"1024\" title=\"-\" srcset=\"https:\/\/mouldking.store\/wp-content\/uploads\/2022\/02\/Qman-42106-The-Era-of-Dinosaur-War-with-287-pieces-3.jpg 460w, https:\/\/mouldking.store\/wp-content\/uploads\/2022\/02\/Qman-42106-The-Era-of-Dinosaur-War-with-287-pieces-3-135x300.jpg 135w, https:\/\/mouldking.store\/wp-content\/uploads\/2022\/02\/Qman-42106-The-Era-of-Dinosaur-War-with-287-pieces-3-300x668.jpg 300w, https:\/\/mouldking.store\/wp-content\/uploads\/2022\/02\/Qman-42106-The-Era-of-Dinosaur-War-with-287-pieces-3-67x150.jpg 67w\" sizes=\"(max-width: 460px) 100vw, 460px\" \/><figcaption id=\"caption-attachment-29629\" class=\"wp-caption-text\">Qman 42106 The Era of Dinosaur War with 287 pieces<\/figcaption><\/figure>","protected":false},"excerpt":{"rendered":"<p>Product information: Brand: Qman Gender: Unisex Name: The Era of Dinosaur War Age Range: &gt; 6 years old Model Number: 42106 Classification: Assemblage Plastic Block Shape: Self-Locking Bricks Material: Plastic Plastic Type: ABS Bricks Blocks: 287 PCS Contains detailed assembly instructions. Notice: 1. Without an original box, but we guarantee our products have quality assurance [&hellip;]<\/p>","protected":false},"featured_media":29627,"comment_status":"closed","ping_status":"closed","template":"","meta":{"_acf_changed":false},"product_cat":[371],"product_tag":[4557,2541,4562,4561,4559,4558,4125,4555,4554,4556,4560],"class_list":["product","first","instock","shipping-taxable","purchasable","product-type-simple"],"acf":[],"_links":{"self":[{"href":"https:\/\/mouldking.store\/fr\/wp-json\/wp\/v2\/product\/29626","targetHints":{"allow":["GET"]}}],"collection":[{"href":"https:\/\/mouldking.store\/fr\/wp-json\/wp\/v2\/product"}],"about":[{"href":"https:\/\/mouldking.store\/fr\/wp-json\/wp\/v2\/types\/product"}],"replies":[{"embeddable":true,"href":"https:\/\/mouldking.store\/fr\/wp-json\/wp\/v2\/comments?post=29626"}],"wp:featuredmedia":[{"embeddable":true,"href":"https:\/\/mouldking.store\/fr\/wp-json\/wp\/v2\/media\/29627"}],"wp:attachment":[{"href":"https:\/\/mouldking.store\/fr\/wp-json\/wp\/v2\/media?parent=29626"}],"wp:term":[{"taxonomy":"product_cat","embeddable":true,"href":"https:\/\/mouldking.store\/fr\/wp-json\/wp\/v2\/product_cat?post=29626"},{"taxonomy":"product_tag","embeddable":true,"href":"https:\/\/mouldking.store\/fr\/wp-json\/wp\/v2\/product_tag?post=29626"}],"curies":[{"name":"wp","href":"https:\/\/api.w.org\/{rel}","templated":true}]}}