{"id":29656,"date":"2022-02-22T10:40:24","date_gmt":"2022-02-22T03:40:24","guid":{"rendered":"https:\/\/mouldking.store\/?post_type=product&#038;p=29656"},"modified":"2022-02-22T10:40:24","modified_gmt":"2022-02-22T03:40:24","slug":"qman-s0104-doraemon-shrink-flashlight-and-bamboo-dragonfly-with-796-pieces","status":"publish","type":"product","link":"https:\/\/mouldking.store\/fr\/shop\/qman-s0104-doraemon-shrink-flashlight-and-bamboo-dragonfly-with-796-pieces\/","title":{"rendered":"Qman S0104 Lampe de poche r\u00e9tractable Doraemon et libellule en bambou avec 796 pi\u00e8ces"},"content":{"rendered":"<p>Information produit:<\/p>\n<ol>\n<li>Marque : Qman<\/li>\n<li>Genre: Unisexe<\/li>\n<li>Nom : lampe de poche r\u00e9tractable Doraemon et libellule en bambou<\/li>\n<li>Tranche d&#039;\u00e2ge : &gt; 6 ans<\/li>\n<li>Num\u00e9ro de mod\u00e8le: S0104<\/li>\n<li>Classement : Assemblage<\/li>\n<li>Forme de bloc en plastique\u00a0: briques autobloquantes<\/li>\n<li>Mat\u00e9riel: Plastique<\/li>\n<li>Type de plastique : ABS<\/li>\n<li>Blocs de briques : 796 PCS<\/li>\n<li>Contient des instructions de montage d\u00e9taill\u00e9es.<\/li>\n<\/ol>\n<p>Avis:<br \/>\n1. Sans bo\u00eete d&#039;origine, mais nous garantissons que nos produits ont une assurance qualit\u00e9 et un bel emballage.<br \/>\n2. Comme toutes les pi\u00e8ces que nous avons v\u00e9rifi\u00e9es avant l&#039;exp\u00e9dition, donc si vous trouvez des pi\u00e8ces manquantes ou endommag\u00e9es, ne vous inqui\u00e9tez pas et veuillez nous contacter et nous pouvons vous les renvoyer imm\u00e9diatement gratuitement.<\/p>\n<figure id=\"attachment_29657\" aria-describedby=\"caption-attachment-29657\" style=\"width: 800px\" class=\"wp-caption aligncenter\"><img fetchpriority=\"high\" decoding=\"async\" class=\"wp-image-29657 size-full\" src=\"https:\/\/mouldking.store\/wp-content\/uploads\/2022\/02\/Qman-S0104-Doraemon-Shrink-Flashlight-and-Bamboo-Dragonfly-with-796-pieces-1.jpg\" alt=\"Qman S0104 Doraemon Shrink Flashlight and Bamboo Dragonfly with 796 pieces\" width=\"800\" height=\"800\" title=\"-\" srcset=\"https:\/\/mouldking.store\/wp-content\/uploads\/2022\/02\/Qman-S0104-Doraemon-Shrink-Flashlight-and-Bamboo-Dragonfly-with-796-pieces-1.jpg 800w, https:\/\/mouldking.store\/wp-content\/uploads\/2022\/02\/Qman-S0104-Doraemon-Shrink-Flashlight-and-Bamboo-Dragonfly-with-796-pieces-1-300x300.jpg 300w, https:\/\/mouldking.store\/wp-content\/uploads\/2022\/02\/Qman-S0104-Doraemon-Shrink-Flashlight-and-Bamboo-Dragonfly-with-796-pieces-1-768x768.jpg 768w, https:\/\/mouldking.store\/wp-content\/uploads\/2022\/02\/Qman-S0104-Doraemon-Shrink-Flashlight-and-Bamboo-Dragonfly-with-796-pieces-1-600x600.jpg 600w, https:\/\/mouldking.store\/wp-content\/uploads\/2022\/02\/Qman-S0104-Doraemon-Shrink-Flashlight-and-Bamboo-Dragonfly-with-796-pieces-1-150x150.jpg 150w\" sizes=\"(max-width: 800px) 100vw, 800px\" \/><figcaption id=\"caption-attachment-29657\" class=\"wp-caption-text\">Qman S0104 Lampe de poche r\u00e9tractable Doraemon et libellule en bambou avec 796 pi\u00e8ces<\/figcaption><\/figure>\n<figure id=\"attachment_29661\" aria-describedby=\"caption-attachment-29661\" style=\"width: 729px\" class=\"wp-caption aligncenter\"><img decoding=\"async\" class=\"wp-image-29661 size-full\" src=\"https:\/\/mouldking.store\/wp-content\/uploads\/2022\/02\/Qman-S0104-Doraemon-Shrink-Flashlight-and-Bamboo-Dragonfly-with-796-pieces-5.jpg\" alt=\"Qman S0104 Doraemon Shrink Flashlight and Bamboo Dragonfly with 796 pieces\" width=\"729\" height=\"1024\" title=\"-\" srcset=\"https:\/\/mouldking.store\/wp-content\/uploads\/2022\/02\/Qman-S0104-Doraemon-Shrink-Flashlight-and-Bamboo-Dragonfly-with-796-pieces-5.jpg 729w, https:\/\/mouldking.store\/wp-content\/uploads\/2022\/02\/Qman-S0104-Doraemon-Shrink-Flashlight-and-Bamboo-Dragonfly-with-796-pieces-5-214x300.jpg 214w, https:\/\/mouldking.store\/wp-content\/uploads\/2022\/02\/Qman-S0104-Doraemon-Shrink-Flashlight-and-Bamboo-Dragonfly-with-796-pieces-5-300x421.jpg 300w, https:\/\/mouldking.store\/wp-content\/uploads\/2022\/02\/Qman-S0104-Doraemon-Shrink-Flashlight-and-Bamboo-Dragonfly-with-796-pieces-5-600x843.jpg 600w, https:\/\/mouldking.store\/wp-content\/uploads\/2022\/02\/Qman-S0104-Doraemon-Shrink-Flashlight-and-Bamboo-Dragonfly-with-796-pieces-5-107x150.jpg 107w\" sizes=\"(max-width: 729px) 100vw, 729px\" \/><figcaption id=\"caption-attachment-29661\" class=\"wp-caption-text\">Qman S0104 Lampe de poche r\u00e9tractable Doraemon et libellule en bambou avec 796 pi\u00e8ces<\/figcaption><\/figure>\n<figure id=\"attachment_29660\" aria-describedby=\"caption-attachment-29660\" style=\"width: 571px\" class=\"wp-caption aligncenter\"><img decoding=\"async\" class=\"wp-image-29660 size-full\" src=\"https:\/\/mouldking.store\/wp-content\/uploads\/2022\/02\/Qman-S0104-Doraemon-Shrink-Flashlight-and-Bamboo-Dragonfly-with-796-pieces-4.jpg\" alt=\"Qman S0104 Doraemon Shrink Flashlight and Bamboo Dragonfly with 796 pieces\" width=\"571\" height=\"1024\" title=\"-\" srcset=\"https:\/\/mouldking.store\/wp-content\/uploads\/2022\/02\/Qman-S0104-Doraemon-Shrink-Flashlight-and-Bamboo-Dragonfly-with-796-pieces-4.jpg 571w, https:\/\/mouldking.store\/wp-content\/uploads\/2022\/02\/Qman-S0104-Doraemon-Shrink-Flashlight-and-Bamboo-Dragonfly-with-796-pieces-4-167x300.jpg 167w, https:\/\/mouldking.store\/wp-content\/uploads\/2022\/02\/Qman-S0104-Doraemon-Shrink-Flashlight-and-Bamboo-Dragonfly-with-796-pieces-4-300x538.jpg 300w, https:\/\/mouldking.store\/wp-content\/uploads\/2022\/02\/Qman-S0104-Doraemon-Shrink-Flashlight-and-Bamboo-Dragonfly-with-796-pieces-4-84x150.jpg 84w\" sizes=\"(max-width: 571px) 100vw, 571px\" \/><figcaption id=\"caption-attachment-29660\" class=\"wp-caption-text\">Qman S0104 Lampe de poche r\u00e9tractable Doraemon et libellule en bambou avec 796 pi\u00e8ces<\/figcaption><\/figure>\n<figure id=\"attachment_29659\" aria-describedby=\"caption-attachment-29659\" style=\"width: 790px\" class=\"wp-caption aligncenter\"><img loading=\"lazy\" decoding=\"async\" class=\"wp-image-29659 size-full\" src=\"https:\/\/mouldking.store\/wp-content\/uploads\/2022\/02\/Qman-S0104-Doraemon-Shrink-Flashlight-and-Bamboo-Dragonfly-with-796-pieces-3.jpg\" alt=\"Qman S0104 Doraemon Shrink Flashlight and Bamboo Dragonfly with 796 pieces\" width=\"790\" height=\"876\" title=\"-\" srcset=\"https:\/\/mouldking.store\/wp-content\/uploads\/2022\/02\/Qman-S0104-Doraemon-Shrink-Flashlight-and-Bamboo-Dragonfly-with-796-pieces-3.jpg 790w, https:\/\/mouldking.store\/wp-content\/uploads\/2022\/02\/Qman-S0104-Doraemon-Shrink-Flashlight-and-Bamboo-Dragonfly-with-796-pieces-3-271x300.jpg 271w, https:\/\/mouldking.store\/wp-content\/uploads\/2022\/02\/Qman-S0104-Doraemon-Shrink-Flashlight-and-Bamboo-Dragonfly-with-796-pieces-3-768x852.jpg 768w, https:\/\/mouldking.store\/wp-content\/uploads\/2022\/02\/Qman-S0104-Doraemon-Shrink-Flashlight-and-Bamboo-Dragonfly-with-796-pieces-3-300x333.jpg 300w, https:\/\/mouldking.store\/wp-content\/uploads\/2022\/02\/Qman-S0104-Doraemon-Shrink-Flashlight-and-Bamboo-Dragonfly-with-796-pieces-3-600x665.jpg 600w, https:\/\/mouldking.store\/wp-content\/uploads\/2022\/02\/Qman-S0104-Doraemon-Shrink-Flashlight-and-Bamboo-Dragonfly-with-796-pieces-3-135x150.jpg 135w\" sizes=\"(max-width: 790px) 100vw, 790px\" \/><figcaption id=\"caption-attachment-29659\" class=\"wp-caption-text\">Qman S0104 Lampe de poche r\u00e9tractable Doraemon et libellule en bambou avec 796 pi\u00e8ces<\/figcaption><\/figure>\n<figure id=\"attachment_29658\" aria-describedby=\"caption-attachment-29658\" style=\"width: 404px\" class=\"wp-caption aligncenter\"><img loading=\"lazy\" decoding=\"async\" class=\"wp-image-29658 size-full\" src=\"https:\/\/mouldking.store\/wp-content\/uploads\/2022\/02\/Qman-S0104-Doraemon-Shrink-Flashlight-and-Bamboo-Dragonfly-with-796-pieces-2.jpg\" alt=\"Qman S0104 Doraemon Shrink Flashlight and Bamboo Dragonfly with 796 pieces\" width=\"404\" height=\"1024\" title=\"-\" srcset=\"https:\/\/mouldking.store\/wp-content\/uploads\/2022\/02\/Qman-S0104-Doraemon-Shrink-Flashlight-and-Bamboo-Dragonfly-with-796-pieces-2.jpg 404w, https:\/\/mouldking.store\/wp-content\/uploads\/2022\/02\/Qman-S0104-Doraemon-Shrink-Flashlight-and-Bamboo-Dragonfly-with-796-pieces-2-118x300.jpg 118w, https:\/\/mouldking.store\/wp-content\/uploads\/2022\/02\/Qman-S0104-Doraemon-Shrink-Flashlight-and-Bamboo-Dragonfly-with-796-pieces-2-300x760.jpg 300w, https:\/\/mouldking.store\/wp-content\/uploads\/2022\/02\/Qman-S0104-Doraemon-Shrink-Flashlight-and-Bamboo-Dragonfly-with-796-pieces-2-59x150.jpg 59w\" sizes=\"(max-width: 404px) 100vw, 404px\" \/><figcaption id=\"caption-attachment-29658\" class=\"wp-caption-text\">Qman S0104 Lampe de poche r\u00e9tractable Doraemon et libellule en bambou avec 796 pi\u00e8ces<\/figcaption><\/figure>","protected":false},"excerpt":{"rendered":"<p>Product information: Brand: Qman Gender: Unisex Name: Doraemon Shrink Flashlight and Bamboo Dragonfly Age Range: &gt; 6 years old Model Number: S0104 Classification: Assemblage Plastic Block Shape: Self-Locking Bricks Material: Plastic Plastic Type: ABS Bricks Blocks: 796 PCS Contains detailed assembly instructions. Notice: 1. Without an original box, but we guarantee our products have quality [&hellip;]<\/p>","protected":false},"featured_media":29657,"comment_status":"closed","ping_status":"closed","template":"","meta":{"_acf_changed":false},"product_cat":[581],"product_tag":[4586,4584,4583,4585,4582,4588,4587],"class_list":["product","first","instock","shipping-taxable","purchasable","product-type-simple"],"acf":[],"_links":{"self":[{"href":"https:\/\/mouldking.store\/fr\/wp-json\/wp\/v2\/product\/29656","targetHints":{"allow":["GET"]}}],"collection":[{"href":"https:\/\/mouldking.store\/fr\/wp-json\/wp\/v2\/product"}],"about":[{"href":"https:\/\/mouldking.store\/fr\/wp-json\/wp\/v2\/types\/product"}],"replies":[{"embeddable":true,"href":"https:\/\/mouldking.store\/fr\/wp-json\/wp\/v2\/comments?post=29656"}],"wp:featuredmedia":[{"embeddable":true,"href":"https:\/\/mouldking.store\/fr\/wp-json\/wp\/v2\/media\/29657"}],"wp:attachment":[{"href":"https:\/\/mouldking.store\/fr\/wp-json\/wp\/v2\/media?parent=29656"}],"wp:term":[{"taxonomy":"product_cat","embeddable":true,"href":"https:\/\/mouldking.store\/fr\/wp-json\/wp\/v2\/product_cat?post=29656"},{"taxonomy":"product_tag","embeddable":true,"href":"https:\/\/mouldking.store\/fr\/wp-json\/wp\/v2\/product_tag?post=29656"}],"curies":[{"name":"wp","href":"https:\/\/api.w.org\/{rel}","templated":true}]}}