{"id":29684,"date":"2022-02-22T10:54:49","date_gmt":"2022-02-22T03:54:49","guid":{"rendered":"https:\/\/mouldking.store\/?post_type=product&#038;p=29684"},"modified":"2022-02-22T10:54:49","modified_gmt":"2022-02-22T03:54:49","slug":"qman-1416-fiery-god-of-war-with-496-pieces","status":"publish","type":"product","link":"https:\/\/mouldking.store\/fr\/shop\/qman-1416-fiery-god-of-war-with-496-pieces\/","title":{"rendered":"Qman 1416 Fiery God of War avec 496 pi\u00e8ces"},"content":{"rendered":"<p>Information produit:<\/p>\n<ol>\n<li>Marque : Qman<\/li>\n<li>Genre: Unisexe<\/li>\n<li>Name: Fiery God of War<\/li>\n<li>Tranche d&#039;\u00e2ge : &gt; 6 ans<\/li>\n<li>Model Number: 1416<\/li>\n<li>Classement : Assemblage<\/li>\n<li>Forme de bloc en plastique\u00a0: briques autobloquantes<\/li>\n<li>Mat\u00e9riel: Plastique<\/li>\n<li>Type de plastique : ABS<\/li>\n<li>Bricks Blocks: 496 PCS<\/li>\n<li>Contient des instructions de montage d\u00e9taill\u00e9es.<\/li>\n<\/ol>\n<p>Avis:<br \/>\n1. Sans bo\u00eete d&#039;origine, mais nous garantissons que nos produits ont une assurance qualit\u00e9 et un bel emballage.<br \/>\n2. Comme toutes les pi\u00e8ces que nous avons v\u00e9rifi\u00e9es avant l&#039;exp\u00e9dition, donc si vous trouvez des pi\u00e8ces manquantes ou endommag\u00e9es, ne vous inqui\u00e9tez pas et veuillez nous contacter et nous pouvons vous les renvoyer imm\u00e9diatement gratuitement.<\/p>\n<figure id=\"attachment_29685\" aria-describedby=\"caption-attachment-29685\" style=\"width: 800px\" class=\"wp-caption aligncenter\"><img fetchpriority=\"high\" decoding=\"async\" class=\"wp-image-29685 size-full\" src=\"https:\/\/mouldking.store\/wp-content\/uploads\/2022\/02\/Qman-1416-Fiery-God-of-War-with-496-pieces-1.jpg\" alt=\"Qman 1416 Fiery God of War with 496 pieces\" width=\"800\" height=\"800\" title=\"-\" srcset=\"https:\/\/mouldking.store\/wp-content\/uploads\/2022\/02\/Qman-1416-Fiery-God-of-War-with-496-pieces-1.jpg 800w, https:\/\/mouldking.store\/wp-content\/uploads\/2022\/02\/Qman-1416-Fiery-God-of-War-with-496-pieces-1-300x300.jpg 300w, https:\/\/mouldking.store\/wp-content\/uploads\/2022\/02\/Qman-1416-Fiery-God-of-War-with-496-pieces-1-768x768.jpg 768w, https:\/\/mouldking.store\/wp-content\/uploads\/2022\/02\/Qman-1416-Fiery-God-of-War-with-496-pieces-1-600x600.jpg 600w, https:\/\/mouldking.store\/wp-content\/uploads\/2022\/02\/Qman-1416-Fiery-God-of-War-with-496-pieces-1-150x150.jpg 150w\" sizes=\"(max-width: 800px) 100vw, 800px\" \/><figcaption id=\"caption-attachment-29685\" class=\"wp-caption-text\">Qman 1416 Fiery God of War avec 496 pi\u00e8ces<\/figcaption><\/figure>\n<figure id=\"attachment_29686\" aria-describedby=\"caption-attachment-29686\" style=\"width: 844px\" class=\"wp-caption aligncenter\"><img decoding=\"async\" class=\"wp-image-29686 size-full\" src=\"https:\/\/mouldking.store\/wp-content\/uploads\/2022\/02\/Qman-1416-Fiery-God-of-War-with-496-pieces-1.png\" alt=\"Qman 1416 Fiery God of War with 496 pieces\" width=\"844\" height=\"563\" title=\"-\" srcset=\"https:\/\/mouldking.store\/wp-content\/uploads\/2022\/02\/Qman-1416-Fiery-God-of-War-with-496-pieces-1.png 844w, https:\/\/mouldking.store\/wp-content\/uploads\/2022\/02\/Qman-1416-Fiery-God-of-War-with-496-pieces-1-300x200.png 300w, https:\/\/mouldking.store\/wp-content\/uploads\/2022\/02\/Qman-1416-Fiery-God-of-War-with-496-pieces-1-768x512.png 768w, https:\/\/mouldking.store\/wp-content\/uploads\/2022\/02\/Qman-1416-Fiery-God-of-War-with-496-pieces-1-600x400.png 600w, https:\/\/mouldking.store\/wp-content\/uploads\/2022\/02\/Qman-1416-Fiery-God-of-War-with-496-pieces-1-150x100.png 150w\" sizes=\"(max-width: 844px) 100vw, 844px\" \/><figcaption id=\"caption-attachment-29686\" class=\"wp-caption-text\">Qman 1416 Fiery God of War avec 496 pi\u00e8ces<\/figcaption><\/figure>\n<figure id=\"attachment_29687\" aria-describedby=\"caption-attachment-29687\" style=\"width: 838px\" class=\"wp-caption aligncenter\"><img decoding=\"async\" class=\"wp-image-29687 size-full\" src=\"https:\/\/mouldking.store\/wp-content\/uploads\/2022\/02\/Qman-1416-Fiery-God-of-War-with-496-pieces-2.png\" alt=\"Qman 1416 Fiery God of War with 496 pieces\" width=\"838\" height=\"559\" title=\"-\" srcset=\"https:\/\/mouldking.store\/wp-content\/uploads\/2022\/02\/Qman-1416-Fiery-God-of-War-with-496-pieces-2.png 838w, https:\/\/mouldking.store\/wp-content\/uploads\/2022\/02\/Qman-1416-Fiery-God-of-War-with-496-pieces-2-300x200.png 300w, https:\/\/mouldking.store\/wp-content\/uploads\/2022\/02\/Qman-1416-Fiery-God-of-War-with-496-pieces-2-768x512.png 768w, https:\/\/mouldking.store\/wp-content\/uploads\/2022\/02\/Qman-1416-Fiery-God-of-War-with-496-pieces-2-600x400.png 600w, https:\/\/mouldking.store\/wp-content\/uploads\/2022\/02\/Qman-1416-Fiery-God-of-War-with-496-pieces-2-150x100.png 150w\" sizes=\"(max-width: 838px) 100vw, 838px\" \/><figcaption id=\"caption-attachment-29687\" class=\"wp-caption-text\">Qman 1416 Fiery God of War avec 496 pi\u00e8ces<\/figcaption><\/figure>\n<figure id=\"attachment_29688\" aria-describedby=\"caption-attachment-29688\" style=\"width: 841px\" class=\"wp-caption aligncenter\"><img loading=\"lazy\" decoding=\"async\" class=\"wp-image-29688 size-full\" src=\"https:\/\/mouldking.store\/wp-content\/uploads\/2022\/02\/Qman-1416-Fiery-God-of-War-with-496-pieces-3.png\" alt=\"Qman 1416 Fiery God of War with 496 pieces\" width=\"841\" height=\"563\" title=\"-\" srcset=\"https:\/\/mouldking.store\/wp-content\/uploads\/2022\/02\/Qman-1416-Fiery-God-of-War-with-496-pieces-3.png 841w, https:\/\/mouldking.store\/wp-content\/uploads\/2022\/02\/Qman-1416-Fiery-God-of-War-with-496-pieces-3-300x201.png 300w, https:\/\/mouldking.store\/wp-content\/uploads\/2022\/02\/Qman-1416-Fiery-God-of-War-with-496-pieces-3-768x514.png 768w, https:\/\/mouldking.store\/wp-content\/uploads\/2022\/02\/Qman-1416-Fiery-God-of-War-with-496-pieces-3-600x402.png 600w, https:\/\/mouldking.store\/wp-content\/uploads\/2022\/02\/Qman-1416-Fiery-God-of-War-with-496-pieces-3-150x100.png 150w\" sizes=\"(max-width: 841px) 100vw, 841px\" \/><figcaption id=\"caption-attachment-29688\" class=\"wp-caption-text\">Qman 1416 Fiery God of War avec 496 pi\u00e8ces<\/figcaption><\/figure>\n<figure id=\"attachment_29689\" aria-describedby=\"caption-attachment-29689\" style=\"width: 832px\" class=\"wp-caption aligncenter\"><img loading=\"lazy\" decoding=\"async\" class=\"wp-image-29689 size-full\" src=\"https:\/\/mouldking.store\/wp-content\/uploads\/2022\/02\/Qman-1416-Fiery-God-of-War-with-496-pieces-4.png\" alt=\"Qman 1416 Fiery God of War with 496 pieces\" width=\"832\" height=\"567\" title=\"-\" srcset=\"https:\/\/mouldking.store\/wp-content\/uploads\/2022\/02\/Qman-1416-Fiery-God-of-War-with-496-pieces-4.png 832w, https:\/\/mouldking.store\/wp-content\/uploads\/2022\/02\/Qman-1416-Fiery-God-of-War-with-496-pieces-4-300x204.png 300w, https:\/\/mouldking.store\/wp-content\/uploads\/2022\/02\/Qman-1416-Fiery-God-of-War-with-496-pieces-4-768x523.png 768w, https:\/\/mouldking.store\/wp-content\/uploads\/2022\/02\/Qman-1416-Fiery-God-of-War-with-496-pieces-4-600x409.png 600w, https:\/\/mouldking.store\/wp-content\/uploads\/2022\/02\/Qman-1416-Fiery-God-of-War-with-496-pieces-4-150x102.png 150w\" sizes=\"(max-width: 832px) 100vw, 832px\" \/><figcaption id=\"caption-attachment-29689\" class=\"wp-caption-text\">Qman 1416 Fiery God of War avec 496 pi\u00e8ces<\/figcaption><\/figure>\n<figure id=\"attachment_29690\" aria-describedby=\"caption-attachment-29690\" style=\"width: 827px\" class=\"wp-caption aligncenter\"><img loading=\"lazy\" decoding=\"async\" class=\"wp-image-29690 size-full\" src=\"https:\/\/mouldking.store\/wp-content\/uploads\/2022\/02\/Qman-1416-Fiery-God-of-War-with-496-pieces-5.png\" alt=\"Qman 1416 Fiery God of War with 496 pieces\" width=\"827\" height=\"565\" title=\"-\" srcset=\"https:\/\/mouldking.store\/wp-content\/uploads\/2022\/02\/Qman-1416-Fiery-God-of-War-with-496-pieces-5.png 827w, https:\/\/mouldking.store\/wp-content\/uploads\/2022\/02\/Qman-1416-Fiery-God-of-War-with-496-pieces-5-300x205.png 300w, https:\/\/mouldking.store\/wp-content\/uploads\/2022\/02\/Qman-1416-Fiery-God-of-War-with-496-pieces-5-768x525.png 768w, https:\/\/mouldking.store\/wp-content\/uploads\/2022\/02\/Qman-1416-Fiery-God-of-War-with-496-pieces-5-600x410.png 600w, https:\/\/mouldking.store\/wp-content\/uploads\/2022\/02\/Qman-1416-Fiery-God-of-War-with-496-pieces-5-150x102.png 150w\" sizes=\"(max-width: 827px) 100vw, 827px\" \/><figcaption id=\"caption-attachment-29690\" class=\"wp-caption-text\">Qman 1416 Fiery God of War avec 496 pi\u00e8ces<\/figcaption><\/figure>\n<figure id=\"attachment_29691\" aria-describedby=\"caption-attachment-29691\" style=\"width: 835px\" class=\"wp-caption aligncenter\"><img loading=\"lazy\" decoding=\"async\" class=\"wp-image-29691 size-full\" src=\"https:\/\/mouldking.store\/wp-content\/uploads\/2022\/02\/Qman-1416-Fiery-God-of-War-with-496-pieces-6.png\" alt=\"Qman 1416 Fiery God of War with 496 pieces\" width=\"835\" height=\"568\" title=\"-\" srcset=\"https:\/\/mouldking.store\/wp-content\/uploads\/2022\/02\/Qman-1416-Fiery-God-of-War-with-496-pieces-6.png 835w, https:\/\/mouldking.store\/wp-content\/uploads\/2022\/02\/Qman-1416-Fiery-God-of-War-with-496-pieces-6-300x204.png 300w, https:\/\/mouldking.store\/wp-content\/uploads\/2022\/02\/Qman-1416-Fiery-God-of-War-with-496-pieces-6-768x522.png 768w, https:\/\/mouldking.store\/wp-content\/uploads\/2022\/02\/Qman-1416-Fiery-God-of-War-with-496-pieces-6-600x408.png 600w, https:\/\/mouldking.store\/wp-content\/uploads\/2022\/02\/Qman-1416-Fiery-God-of-War-with-496-pieces-6-150x102.png 150w\" sizes=\"(max-width: 835px) 100vw, 835px\" \/><figcaption id=\"caption-attachment-29691\" class=\"wp-caption-text\">Qman 1416 Fiery God of War avec 496 pi\u00e8ces<\/figcaption><\/figure>\n<figure id=\"attachment_29692\" aria-describedby=\"caption-attachment-29692\" style=\"width: 729px\" class=\"wp-caption aligncenter\"><img loading=\"lazy\" decoding=\"async\" class=\"wp-image-29692 size-full\" src=\"https:\/\/mouldking.store\/wp-content\/uploads\/2022\/02\/Qman-1416-Fiery-God-of-War-with-496-pieces-7.png\" alt=\"Qman 1416 Fiery God of War with 496 pieces\" width=\"729\" height=\"633\" title=\"-\" srcset=\"https:\/\/mouldking.store\/wp-content\/uploads\/2022\/02\/Qman-1416-Fiery-God-of-War-with-496-pieces-7.png 729w, https:\/\/mouldking.store\/wp-content\/uploads\/2022\/02\/Qman-1416-Fiery-God-of-War-with-496-pieces-7-300x260.png 300w, https:\/\/mouldking.store\/wp-content\/uploads\/2022\/02\/Qman-1416-Fiery-God-of-War-with-496-pieces-7-600x521.png 600w, https:\/\/mouldking.store\/wp-content\/uploads\/2022\/02\/Qman-1416-Fiery-God-of-War-with-496-pieces-7-150x130.png 150w\" sizes=\"(max-width: 729px) 100vw, 729px\" \/><figcaption id=\"caption-attachment-29692\" class=\"wp-caption-text\">Qman 1416 Fiery God of War avec 496 pi\u00e8ces<\/figcaption><\/figure>\n<figure id=\"attachment_29693\" aria-describedby=\"caption-attachment-29693\" style=\"width: 751px\" class=\"wp-caption aligncenter\"><img loading=\"lazy\" decoding=\"async\" class=\"wp-image-29693 size-full\" src=\"https:\/\/mouldking.store\/wp-content\/uploads\/2022\/02\/Qman-1416-Fiery-God-of-War-with-496-pieces-2.jpg\" alt=\"Qman 1416 Fiery God of War with 496 pieces\" width=\"751\" height=\"1024\" title=\"-\" srcset=\"https:\/\/mouldking.store\/wp-content\/uploads\/2022\/02\/Qman-1416-Fiery-God-of-War-with-496-pieces-2.jpg 751w, https:\/\/mouldking.store\/wp-content\/uploads\/2022\/02\/Qman-1416-Fiery-God-of-War-with-496-pieces-2-220x300.jpg 220w, https:\/\/mouldking.store\/wp-content\/uploads\/2022\/02\/Qman-1416-Fiery-God-of-War-with-496-pieces-2-300x409.jpg 300w, https:\/\/mouldking.store\/wp-content\/uploads\/2022\/02\/Qman-1416-Fiery-God-of-War-with-496-pieces-2-600x818.jpg 600w, https:\/\/mouldking.store\/wp-content\/uploads\/2022\/02\/Qman-1416-Fiery-God-of-War-with-496-pieces-2-110x150.jpg 110w\" sizes=\"(max-width: 751px) 100vw, 751px\" \/><figcaption id=\"caption-attachment-29693\" class=\"wp-caption-text\">Qman 1416 Fiery God of War avec 496 pi\u00e8ces<\/figcaption><\/figure>","protected":false},"excerpt":{"rendered":"<p>Product information: Brand: Qman Gender: Unisex Name: Fiery God of War Age Range: &gt; 6 years old Model Number: 1416 Classification: Assemblage Plastic Block Shape: Self-Locking Bricks Material: Plastic Plastic Type: ABS Bricks Blocks: 496 PCS Contains detailed assembly instructions. Notice: 1. Without an original box, but we guarantee our products have quality assurance and [&hellip;]<\/p>","protected":false},"featured_media":29685,"comment_status":"closed","ping_status":"closed","template":"","meta":{"_acf_changed":false},"product_cat":[371],"product_tag":[4603,4604,4602,4605,4125,4601,4600,4599,4560],"class_list":["product","first","instock","shipping-taxable","purchasable","product-type-simple"],"acf":[],"_links":{"self":[{"href":"https:\/\/mouldking.store\/fr\/wp-json\/wp\/v2\/product\/29684","targetHints":{"allow":["GET"]}}],"collection":[{"href":"https:\/\/mouldking.store\/fr\/wp-json\/wp\/v2\/product"}],"about":[{"href":"https:\/\/mouldking.store\/fr\/wp-json\/wp\/v2\/types\/product"}],"replies":[{"embeddable":true,"href":"https:\/\/mouldking.store\/fr\/wp-json\/wp\/v2\/comments?post=29684"}],"wp:featuredmedia":[{"embeddable":true,"href":"https:\/\/mouldking.store\/fr\/wp-json\/wp\/v2\/media\/29685"}],"wp:attachment":[{"href":"https:\/\/mouldking.store\/fr\/wp-json\/wp\/v2\/media?parent=29684"}],"wp:term":[{"taxonomy":"product_cat","embeddable":true,"href":"https:\/\/mouldking.store\/fr\/wp-json\/wp\/v2\/product_cat?post=29684"},{"taxonomy":"product_tag","embeddable":true,"href":"https:\/\/mouldking.store\/fr\/wp-json\/wp\/v2\/product_tag?post=29684"}],"curies":[{"name":"wp","href":"https:\/\/api.w.org\/{rel}","templated":true}]}}