{"id":29755,"date":"2022-02-23T15:18:47","date_gmt":"2022-02-23T08:18:47","guid":{"rendered":"https:\/\/mouldking.store\/?post_type=product&#038;p=29755"},"modified":"2022-02-23T15:18:48","modified_gmt":"2022-02-23T08:18:48","slug":"qman-41219-41222-super-set-change-rubiks-cube","status":"publish","type":"product","link":"https:\/\/mouldking.store\/fr\/shop\/qman-41219-41222-super-set-change-rubiks-cube\/","title":{"rendered":"Qman 41219-41222 Super Set Changement Rubik&#039;s Cube"},"content":{"rendered":"<p>Information produit:<\/p>\n<ol>\n<li>Marque : Qman<\/li>\n<li>Genre: Unisexe<\/li>\n<li>Nom : Super Set Change Rubik&#039;s Cube<\/li>\n<li>Tranche d&#039;\u00e2ge : &gt; 6 ans<\/li>\n<li>Num\u00e9ro de mod\u00e8le : 41219-41222<\/li>\n<li>Classement : Assemblage<\/li>\n<li>Forme de bloc en plastique\u00a0: briques autobloquantes<\/li>\n<li>Mat\u00e9riel: Plastique<\/li>\n<li>Type de plastique : ABS<\/li>\n<li>Blocs de briques : 41219 ~ 162 PCS, 41220 ~ 157 PCS, 41221 ~ 145 PCS, 41222 ~ 149 PCS, 41219-41222 ~ 613 PCS<\/li>\n<li>Contient des instructions de montage d\u00e9taill\u00e9es.<\/li>\n<\/ol>\n<p>Avis:<br \/>\n1. Sans bo\u00eete d&#039;origine, mais nous garantissons que nos produits ont une assurance qualit\u00e9 et un bel emballage.<br \/>\n2. Comme toutes les pi\u00e8ces que nous avons v\u00e9rifi\u00e9es avant l&#039;exp\u00e9dition, donc si vous trouvez des pi\u00e8ces manquantes ou endommag\u00e9es, ne vous inqui\u00e9tez pas et veuillez nous contacter et nous pouvons vous les renvoyer imm\u00e9diatement gratuitement.<\/p>\n<figure id=\"attachment_29757\" aria-describedby=\"caption-attachment-29757\" style=\"width: 800px\" class=\"wp-caption aligncenter\"><img fetchpriority=\"high\" decoding=\"async\" class=\"wp-image-29757 size-full\" src=\"https:\/\/mouldking.store\/wp-content\/uploads\/2022\/02\/Qman-41219-41222-Super-Set-Change-Rubiks-Cube-1.jpg\" alt=\"Qman 41219-41222 Super Set Change Rubik&#039;s Cube\" width=\"800\" height=\"800\" title=\"-\" srcset=\"https:\/\/mouldking.store\/wp-content\/uploads\/2022\/02\/Qman-41219-41222-Super-Set-Change-Rubiks-Cube-1.jpg 800w, https:\/\/mouldking.store\/wp-content\/uploads\/2022\/02\/Qman-41219-41222-Super-Set-Change-Rubiks-Cube-1-300x300.jpg 300w, https:\/\/mouldking.store\/wp-content\/uploads\/2022\/02\/Qman-41219-41222-Super-Set-Change-Rubiks-Cube-1-768x768.jpg 768w, https:\/\/mouldking.store\/wp-content\/uploads\/2022\/02\/Qman-41219-41222-Super-Set-Change-Rubiks-Cube-1-600x600.jpg 600w, https:\/\/mouldking.store\/wp-content\/uploads\/2022\/02\/Qman-41219-41222-Super-Set-Change-Rubiks-Cube-1-150x150.jpg 150w\" sizes=\"(max-width: 800px) 100vw, 800px\" \/><figcaption id=\"caption-attachment-29757\" class=\"wp-caption-text\">Qman 41219-41222 Super Set Changement Rubik&#039;s Cube<\/figcaption><\/figure>\n<figure id=\"attachment_29758\" aria-describedby=\"caption-attachment-29758\" style=\"width: 697px\" class=\"wp-caption aligncenter\"><img decoding=\"async\" class=\"wp-image-29758 size-full\" src=\"https:\/\/mouldking.store\/wp-content\/uploads\/2022\/02\/Qman-41219-41222-Super-Set-Change-Rubiks-Cube-2.jpg\" alt=\"Qman 41219-41222 Super Set Change Rubik&#039;s Cube\" width=\"697\" height=\"1024\" title=\"-\" srcset=\"https:\/\/mouldking.store\/wp-content\/uploads\/2022\/02\/Qman-41219-41222-Super-Set-Change-Rubiks-Cube-2.jpg 697w, https:\/\/mouldking.store\/wp-content\/uploads\/2022\/02\/Qman-41219-41222-Super-Set-Change-Rubiks-Cube-2-204x300.jpg 204w, https:\/\/mouldking.store\/wp-content\/uploads\/2022\/02\/Qman-41219-41222-Super-Set-Change-Rubiks-Cube-2-300x441.jpg 300w, https:\/\/mouldking.store\/wp-content\/uploads\/2022\/02\/Qman-41219-41222-Super-Set-Change-Rubiks-Cube-2-600x881.jpg 600w, https:\/\/mouldking.store\/wp-content\/uploads\/2022\/02\/Qman-41219-41222-Super-Set-Change-Rubiks-Cube-2-102x150.jpg 102w\" sizes=\"(max-width: 697px) 100vw, 697px\" \/><figcaption id=\"caption-attachment-29758\" class=\"wp-caption-text\">Qman 41219-41222 Super Set Changement Rubik&#039;s Cube<\/figcaption><\/figure>\n<figure id=\"attachment_29759\" aria-describedby=\"caption-attachment-29759\" style=\"width: 790px\" class=\"wp-caption aligncenter\"><img decoding=\"async\" class=\"wp-image-29759 size-full\" src=\"https:\/\/mouldking.store\/wp-content\/uploads\/2022\/02\/Qman-41219-41222-Super-Set-Change-Rubiks-Cube-3.jpg\" alt=\"Qman 41219-41222 Super Set Change Rubik&#039;s Cube\" width=\"790\" height=\"803\" title=\"-\" srcset=\"https:\/\/mouldking.store\/wp-content\/uploads\/2022\/02\/Qman-41219-41222-Super-Set-Change-Rubiks-Cube-3.jpg 790w, https:\/\/mouldking.store\/wp-content\/uploads\/2022\/02\/Qman-41219-41222-Super-Set-Change-Rubiks-Cube-3-295x300.jpg 295w, https:\/\/mouldking.store\/wp-content\/uploads\/2022\/02\/Qman-41219-41222-Super-Set-Change-Rubiks-Cube-3-768x781.jpg 768w, https:\/\/mouldking.store\/wp-content\/uploads\/2022\/02\/Qman-41219-41222-Super-Set-Change-Rubiks-Cube-3-300x305.jpg 300w, https:\/\/mouldking.store\/wp-content\/uploads\/2022\/02\/Qman-41219-41222-Super-Set-Change-Rubiks-Cube-3-600x610.jpg 600w, https:\/\/mouldking.store\/wp-content\/uploads\/2022\/02\/Qman-41219-41222-Super-Set-Change-Rubiks-Cube-3-148x150.jpg 148w\" sizes=\"(max-width: 790px) 100vw, 790px\" \/><figcaption id=\"caption-attachment-29759\" class=\"wp-caption-text\">Qman 41219-41222 Super Set Changement Rubik&#039;s Cube<\/figcaption><\/figure>\n<figure id=\"attachment_29760\" aria-describedby=\"caption-attachment-29760\" style=\"width: 789px\" class=\"wp-caption aligncenter\"><img loading=\"lazy\" decoding=\"async\" class=\"wp-image-29760 size-full\" src=\"https:\/\/mouldking.store\/wp-content\/uploads\/2022\/02\/Qman-41219-41222-Super-Set-Change-Rubiks-Cube-4.jpg\" alt=\"Qman 41219-41222 Super Set Change Rubik&#039;s Cube\" width=\"789\" height=\"815\" title=\"-\" srcset=\"https:\/\/mouldking.store\/wp-content\/uploads\/2022\/02\/Qman-41219-41222-Super-Set-Change-Rubiks-Cube-4.jpg 789w, https:\/\/mouldking.store\/wp-content\/uploads\/2022\/02\/Qman-41219-41222-Super-Set-Change-Rubiks-Cube-4-290x300.jpg 290w, https:\/\/mouldking.store\/wp-content\/uploads\/2022\/02\/Qman-41219-41222-Super-Set-Change-Rubiks-Cube-4-768x793.jpg 768w, https:\/\/mouldking.store\/wp-content\/uploads\/2022\/02\/Qman-41219-41222-Super-Set-Change-Rubiks-Cube-4-300x310.jpg 300w, https:\/\/mouldking.store\/wp-content\/uploads\/2022\/02\/Qman-41219-41222-Super-Set-Change-Rubiks-Cube-4-600x620.jpg 600w, https:\/\/mouldking.store\/wp-content\/uploads\/2022\/02\/Qman-41219-41222-Super-Set-Change-Rubiks-Cube-4-145x150.jpg 145w\" sizes=\"(max-width: 789px) 100vw, 789px\" \/><figcaption id=\"caption-attachment-29760\" class=\"wp-caption-text\">Qman 41219-41222 Super Set Changement Rubik&#039;s Cube<\/figcaption><\/figure>\n<figure id=\"attachment_29765\" aria-describedby=\"caption-attachment-29765\" style=\"width: 800px\" class=\"wp-caption aligncenter\"><img loading=\"lazy\" decoding=\"async\" class=\"wp-image-29765 size-full\" src=\"https:\/\/mouldking.store\/wp-content\/uploads\/2022\/02\/Qman-41219-41222-Super-Set-Change-Rubiks-Cube-9.jpg\" alt=\"Qman 41219-41222 Super Set Change Rubik&#039;s Cube\" width=\"800\" height=\"800\" title=\"-\" srcset=\"https:\/\/mouldking.store\/wp-content\/uploads\/2022\/02\/Qman-41219-41222-Super-Set-Change-Rubiks-Cube-9.jpg 800w, https:\/\/mouldking.store\/wp-content\/uploads\/2022\/02\/Qman-41219-41222-Super-Set-Change-Rubiks-Cube-9-300x300.jpg 300w, https:\/\/mouldking.store\/wp-content\/uploads\/2022\/02\/Qman-41219-41222-Super-Set-Change-Rubiks-Cube-9-768x768.jpg 768w, https:\/\/mouldking.store\/wp-content\/uploads\/2022\/02\/Qman-41219-41222-Super-Set-Change-Rubiks-Cube-9-600x600.jpg 600w, https:\/\/mouldking.store\/wp-content\/uploads\/2022\/02\/Qman-41219-41222-Super-Set-Change-Rubiks-Cube-9-150x150.jpg 150w\" sizes=\"(max-width: 800px) 100vw, 800px\" \/><figcaption id=\"caption-attachment-29765\" class=\"wp-caption-text\">Qman 41219-41222 Super Set Changement Rubik&#039;s Cube<\/figcaption><\/figure>\n<figure id=\"attachment_29764\" aria-describedby=\"caption-attachment-29764\" style=\"width: 430px\" class=\"wp-caption aligncenter\"><img loading=\"lazy\" decoding=\"async\" class=\"wp-image-29764 size-full\" src=\"https:\/\/mouldking.store\/wp-content\/uploads\/2022\/02\/Qman-41219-41222-Super-Set-Change-Rubiks-Cube-8.jpg\" alt=\"Qman 41219-41222 Super Set Change Rubik&#039;s Cube\" width=\"430\" height=\"430\" title=\"-\" srcset=\"https:\/\/mouldking.store\/wp-content\/uploads\/2022\/02\/Qman-41219-41222-Super-Set-Change-Rubiks-Cube-8.jpg 430w, https:\/\/mouldking.store\/wp-content\/uploads\/2022\/02\/Qman-41219-41222-Super-Set-Change-Rubiks-Cube-8-300x300.jpg 300w, https:\/\/mouldking.store\/wp-content\/uploads\/2022\/02\/Qman-41219-41222-Super-Set-Change-Rubiks-Cube-8-150x150.jpg 150w\" sizes=\"(max-width: 430px) 100vw, 430px\" \/><figcaption id=\"caption-attachment-29764\" class=\"wp-caption-text\">Qman 41219-41222 Super Set Changement Rubik&#039;s Cube<\/figcaption><\/figure>\n<figure id=\"attachment_29761\" aria-describedby=\"caption-attachment-29761\" style=\"width: 430px\" class=\"wp-caption aligncenter\"><img loading=\"lazy\" decoding=\"async\" class=\"wp-image-29761 size-full\" src=\"https:\/\/mouldking.store\/wp-content\/uploads\/2022\/02\/Qman-41219-41222-Super-Set-Change-Rubiks-Cube-5.jpg\" alt=\"Qman 41219-41222 Super Set Change Rubik&#039;s Cube\" width=\"430\" height=\"430\" title=\"-\" srcset=\"https:\/\/mouldking.store\/wp-content\/uploads\/2022\/02\/Qman-41219-41222-Super-Set-Change-Rubiks-Cube-5.jpg 430w, https:\/\/mouldking.store\/wp-content\/uploads\/2022\/02\/Qman-41219-41222-Super-Set-Change-Rubiks-Cube-5-300x300.jpg 300w, https:\/\/mouldking.store\/wp-content\/uploads\/2022\/02\/Qman-41219-41222-Super-Set-Change-Rubiks-Cube-5-150x150.jpg 150w\" sizes=\"(max-width: 430px) 100vw, 430px\" \/><figcaption id=\"caption-attachment-29761\" class=\"wp-caption-text\">Qman 41219-41222 Super Set Changement Rubik&#039;s Cube<\/figcaption><\/figure>\n<figure id=\"attachment_29762\" aria-describedby=\"caption-attachment-29762\" style=\"width: 430px\" class=\"wp-caption aligncenter\"><img loading=\"lazy\" decoding=\"async\" class=\"wp-image-29762 size-full\" src=\"https:\/\/mouldking.store\/wp-content\/uploads\/2022\/02\/Qman-41219-41222-Super-Set-Change-Rubiks-Cube-6.jpg\" alt=\"Qman 41219-41222 Super Set Change Rubik&#039;s Cube\" width=\"430\" height=\"430\" title=\"-\" srcset=\"https:\/\/mouldking.store\/wp-content\/uploads\/2022\/02\/Qman-41219-41222-Super-Set-Change-Rubiks-Cube-6.jpg 430w, https:\/\/mouldking.store\/wp-content\/uploads\/2022\/02\/Qman-41219-41222-Super-Set-Change-Rubiks-Cube-6-300x300.jpg 300w, https:\/\/mouldking.store\/wp-content\/uploads\/2022\/02\/Qman-41219-41222-Super-Set-Change-Rubiks-Cube-6-150x150.jpg 150w\" sizes=\"(max-width: 430px) 100vw, 430px\" \/><figcaption id=\"caption-attachment-29762\" class=\"wp-caption-text\">Qman 41219-41222 Super Set Changement Rubik&#039;s Cube<\/figcaption><\/figure>\n<figure id=\"attachment_29763\" aria-describedby=\"caption-attachment-29763\" style=\"width: 430px\" class=\"wp-caption aligncenter\"><img loading=\"lazy\" decoding=\"async\" class=\"wp-image-29763 size-full\" src=\"https:\/\/mouldking.store\/wp-content\/uploads\/2022\/02\/Qman-41219-41222-Super-Set-Change-Rubiks-Cube-7.jpg\" alt=\"Qman 41219-41222 Super Set Change Rubik&#039;s Cube\" width=\"430\" height=\"430\" title=\"-\" srcset=\"https:\/\/mouldking.store\/wp-content\/uploads\/2022\/02\/Qman-41219-41222-Super-Set-Change-Rubiks-Cube-7.jpg 430w, https:\/\/mouldking.store\/wp-content\/uploads\/2022\/02\/Qman-41219-41222-Super-Set-Change-Rubiks-Cube-7-300x300.jpg 300w, https:\/\/mouldking.store\/wp-content\/uploads\/2022\/02\/Qman-41219-41222-Super-Set-Change-Rubiks-Cube-7-150x150.jpg 150w\" sizes=\"(max-width: 430px) 100vw, 430px\" \/><figcaption id=\"caption-attachment-29763\" class=\"wp-caption-text\">Qman 41219-41222 Super Set Changement Rubik&#039;s Cube<\/figcaption><\/figure>","protected":false},"excerpt":{"rendered":"<p>Product information: Brand: Qman Gender: Unisex Name: Super Set Change Rubik&#8217;s Cube Age Range: &gt; 6 years old Model Number: 41219-41222 Classification: Assemblage Plastic Block Shape: Self-Locking Bricks Material: Plastic Plastic Type: ABS Bricks Blocks: 41219 ~162 PCS, 41220~ 157 \u00a0PCS, 41221 ~145 PCS, 41222 ~149 PCS, 41219-41222 ~613 PCS Contains detailed assembly instructions. Notice: [&hellip;]<\/p>","protected":false},"featured_media":29757,"comment_status":"closed","ping_status":"closed","template":"","meta":{"_acf_changed":false},"product_cat":[371],"product_tag":[4648,4645,4649,4650,4651,4646,4125,4643,4642,4647,4639,4644],"class_list":["product","first","instock","shipping-taxable","purchasable","product-type-variable"],"acf":[],"_links":{"self":[{"href":"https:\/\/mouldking.store\/fr\/wp-json\/wp\/v2\/product\/29755","targetHints":{"allow":["GET"]}}],"collection":[{"href":"https:\/\/mouldking.store\/fr\/wp-json\/wp\/v2\/product"}],"about":[{"href":"https:\/\/mouldking.store\/fr\/wp-json\/wp\/v2\/types\/product"}],"replies":[{"embeddable":true,"href":"https:\/\/mouldking.store\/fr\/wp-json\/wp\/v2\/comments?post=29755"}],"wp:featuredmedia":[{"embeddable":true,"href":"https:\/\/mouldking.store\/fr\/wp-json\/wp\/v2\/media\/29757"}],"wp:attachment":[{"href":"https:\/\/mouldking.store\/fr\/wp-json\/wp\/v2\/media?parent=29755"}],"wp:term":[{"taxonomy":"product_cat","embeddable":true,"href":"https:\/\/mouldking.store\/fr\/wp-json\/wp\/v2\/product_cat?post=29755"},{"taxonomy":"product_tag","embeddable":true,"href":"https:\/\/mouldking.store\/fr\/wp-json\/wp\/v2\/product_tag?post=29755"}],"curies":[{"name":"wp","href":"https:\/\/api.w.org\/{rel}","templated":true}]}}