{"id":29805,"date":"2022-02-23T15:42:16","date_gmt":"2022-02-23T08:42:16","guid":{"rendered":"https:\/\/mouldking.store\/?post_type=product&#038;p=29805"},"modified":"2022-02-23T15:42:16","modified_gmt":"2022-02-23T08:42:16","slug":"qman-1418-chinese-aircraft-carrier-liaoning-with-678-pieces","status":"publish","type":"product","link":"https:\/\/mouldking.store\/fr\/shop\/qman-1418-chinese-aircraft-carrier-liaoning-with-678-pieces\/","title":{"rendered":"Qman 1418 Chinese Aircraft Carrier Liaoning with 678 pieces"},"content":{"rendered":"<p>Information produit:<\/p>\n<ol>\n<li>Marque : Qman<\/li>\n<li>Genre: Unisexe<\/li>\n<li>Name: Chinese Aircraft Carrier Liaoning<\/li>\n<li>Tranche d&#039;\u00e2ge : &gt; 6 ans<\/li>\n<li>Model Number: 1418<\/li>\n<li>Classement : Assemblage<\/li>\n<li>Forme de bloc en plastique\u00a0: briques autobloquantes<\/li>\n<li>Mat\u00e9riel: Plastique<\/li>\n<li>Type de plastique : ABS<\/li>\n<li>Bricks Blocks: 678 PCS<\/li>\n<li>Contient des instructions de montage d\u00e9taill\u00e9es.<\/li>\n<\/ol>\n<p>Avis:<br \/>\n1. Sans bo\u00eete d&#039;origine, mais nous garantissons que nos produits ont une assurance qualit\u00e9 et un bel emballage.<br \/>\n2. Comme toutes les pi\u00e8ces que nous avons v\u00e9rifi\u00e9es avant l&#039;exp\u00e9dition, donc si vous trouvez des pi\u00e8ces manquantes ou endommag\u00e9es, ne vous inqui\u00e9tez pas et veuillez nous contacter et nous pouvons vous les renvoyer imm\u00e9diatement gratuitement.<\/p>\n<figure id=\"attachment_29806\" aria-describedby=\"caption-attachment-29806\" style=\"width: 800px\" class=\"wp-caption aligncenter\"><img fetchpriority=\"high\" decoding=\"async\" class=\"wp-image-29806 size-full\" src=\"https:\/\/mouldking.store\/wp-content\/uploads\/2022\/02\/Qman-1418-ChineseAaircraft-Carrier-Liaoning-with-678-pieces-1.jpg\" alt=\"Qman 1418 ChineseAaircraft Carrier Liaoning with 678 pieces\" width=\"800\" height=\"800\" title=\"-\" srcset=\"https:\/\/mouldking.store\/wp-content\/uploads\/2022\/02\/Qman-1418-ChineseAaircraft-Carrier-Liaoning-with-678-pieces-1.jpg 800w, https:\/\/mouldking.store\/wp-content\/uploads\/2022\/02\/Qman-1418-ChineseAaircraft-Carrier-Liaoning-with-678-pieces-1-300x300.jpg 300w, https:\/\/mouldking.store\/wp-content\/uploads\/2022\/02\/Qman-1418-ChineseAaircraft-Carrier-Liaoning-with-678-pieces-1-768x768.jpg 768w, https:\/\/mouldking.store\/wp-content\/uploads\/2022\/02\/Qman-1418-ChineseAaircraft-Carrier-Liaoning-with-678-pieces-1-600x600.jpg 600w, https:\/\/mouldking.store\/wp-content\/uploads\/2022\/02\/Qman-1418-ChineseAaircraft-Carrier-Liaoning-with-678-pieces-1-150x150.jpg 150w\" sizes=\"(max-width: 800px) 100vw, 800px\" \/><figcaption id=\"caption-attachment-29806\" class=\"wp-caption-text\">Qman 1418 Chinese Aircraft Carrier Liaoning with 678 pieces<\/figcaption><\/figure>\n<figure id=\"attachment_29807\" aria-describedby=\"caption-attachment-29807\" style=\"width: 717px\" class=\"wp-caption aligncenter\"><img decoding=\"async\" class=\"wp-image-29807 size-full\" src=\"https:\/\/mouldking.store\/wp-content\/uploads\/2022\/02\/Qman-1418-ChineseAaircraft-Carrier-Liaoning-with-678-pieces-2.jpg\" alt=\"Qman 1418 ChineseAaircraft Carrier Liaoning with 678 pieces\" width=\"717\" height=\"1024\" title=\"-\" srcset=\"https:\/\/mouldking.store\/wp-content\/uploads\/2022\/02\/Qman-1418-ChineseAaircraft-Carrier-Liaoning-with-678-pieces-2.jpg 717w, https:\/\/mouldking.store\/wp-content\/uploads\/2022\/02\/Qman-1418-ChineseAaircraft-Carrier-Liaoning-with-678-pieces-2-210x300.jpg 210w, https:\/\/mouldking.store\/wp-content\/uploads\/2022\/02\/Qman-1418-ChineseAaircraft-Carrier-Liaoning-with-678-pieces-2-300x428.jpg 300w, https:\/\/mouldking.store\/wp-content\/uploads\/2022\/02\/Qman-1418-ChineseAaircraft-Carrier-Liaoning-with-678-pieces-2-600x857.jpg 600w, https:\/\/mouldking.store\/wp-content\/uploads\/2022\/02\/Qman-1418-ChineseAaircraft-Carrier-Liaoning-with-678-pieces-2-105x150.jpg 105w\" sizes=\"(max-width: 717px) 100vw, 717px\" \/><figcaption id=\"caption-attachment-29807\" class=\"wp-caption-text\">Qman 1418 Chinese Aircraft Carrier Liaoning with 678 pieces<\/figcaption><\/figure>\n<figure id=\"attachment_29808\" aria-describedby=\"caption-attachment-29808\" style=\"width: 790px\" class=\"wp-caption aligncenter\"><img decoding=\"async\" class=\"wp-image-29808 size-full\" src=\"https:\/\/mouldking.store\/wp-content\/uploads\/2022\/02\/Qman-1418-ChineseAaircraft-Carrier-Liaoning-with-678-pieces-3.jpg\" alt=\"Qman 1418 ChineseAaircraft Carrier Liaoning with 678 pieces\" width=\"790\" height=\"851\" title=\"-\" srcset=\"https:\/\/mouldking.store\/wp-content\/uploads\/2022\/02\/Qman-1418-ChineseAaircraft-Carrier-Liaoning-with-678-pieces-3.jpg 790w, https:\/\/mouldking.store\/wp-content\/uploads\/2022\/02\/Qman-1418-ChineseAaircraft-Carrier-Liaoning-with-678-pieces-3-278x300.jpg 278w, https:\/\/mouldking.store\/wp-content\/uploads\/2022\/02\/Qman-1418-ChineseAaircraft-Carrier-Liaoning-with-678-pieces-3-768x827.jpg 768w, https:\/\/mouldking.store\/wp-content\/uploads\/2022\/02\/Qman-1418-ChineseAaircraft-Carrier-Liaoning-with-678-pieces-3-300x323.jpg 300w, https:\/\/mouldking.store\/wp-content\/uploads\/2022\/02\/Qman-1418-ChineseAaircraft-Carrier-Liaoning-with-678-pieces-3-600x646.jpg 600w, https:\/\/mouldking.store\/wp-content\/uploads\/2022\/02\/Qman-1418-ChineseAaircraft-Carrier-Liaoning-with-678-pieces-3-139x150.jpg 139w\" sizes=\"(max-width: 790px) 100vw, 790px\" \/><figcaption id=\"caption-attachment-29808\" class=\"wp-caption-text\">Qman 1418 Chinese Aircraft Carrier Liaoning with 678 pieces<\/figcaption><\/figure>\n<figure id=\"attachment_29809\" aria-describedby=\"caption-attachment-29809\" style=\"width: 790px\" class=\"wp-caption aligncenter\"><img loading=\"lazy\" decoding=\"async\" class=\"wp-image-29809 size-full\" src=\"https:\/\/mouldking.store\/wp-content\/uploads\/2022\/02\/Qman-1418-ChineseAaircraft-Carrier-Liaoning-with-678-pieces-4.jpg\" alt=\"Qman 1418 ChineseAaircraft Carrier Liaoning with 678 pieces\" width=\"790\" height=\"852\" title=\"-\" srcset=\"https:\/\/mouldking.store\/wp-content\/uploads\/2022\/02\/Qman-1418-ChineseAaircraft-Carrier-Liaoning-with-678-pieces-4.jpg 790w, https:\/\/mouldking.store\/wp-content\/uploads\/2022\/02\/Qman-1418-ChineseAaircraft-Carrier-Liaoning-with-678-pieces-4-278x300.jpg 278w, https:\/\/mouldking.store\/wp-content\/uploads\/2022\/02\/Qman-1418-ChineseAaircraft-Carrier-Liaoning-with-678-pieces-4-768x828.jpg 768w, https:\/\/mouldking.store\/wp-content\/uploads\/2022\/02\/Qman-1418-ChineseAaircraft-Carrier-Liaoning-with-678-pieces-4-300x324.jpg 300w, https:\/\/mouldking.store\/wp-content\/uploads\/2022\/02\/Qman-1418-ChineseAaircraft-Carrier-Liaoning-with-678-pieces-4-600x647.jpg 600w, https:\/\/mouldking.store\/wp-content\/uploads\/2022\/02\/Qman-1418-ChineseAaircraft-Carrier-Liaoning-with-678-pieces-4-139x150.jpg 139w\" sizes=\"(max-width: 790px) 100vw, 790px\" \/><figcaption id=\"caption-attachment-29809\" class=\"wp-caption-text\">Qman 1418 Chinese Aircraft Carrier Liaoning with 678 pieces<\/figcaption><\/figure>\n<figure id=\"attachment_29810\" aria-describedby=\"caption-attachment-29810\" style=\"width: 790px\" class=\"wp-caption aligncenter\"><img loading=\"lazy\" decoding=\"async\" class=\"wp-image-29810 size-full\" src=\"https:\/\/mouldking.store\/wp-content\/uploads\/2022\/02\/Qman-1418-ChineseAaircraft-Carrier-Liaoning-with-678-pieces-5.jpg\" alt=\"Qman 1418 ChineseAaircraft Carrier Liaoning with 678 pieces\" width=\"790\" height=\"836\" title=\"-\" srcset=\"https:\/\/mouldking.store\/wp-content\/uploads\/2022\/02\/Qman-1418-ChineseAaircraft-Carrier-Liaoning-with-678-pieces-5.jpg 790w, https:\/\/mouldking.store\/wp-content\/uploads\/2022\/02\/Qman-1418-ChineseAaircraft-Carrier-Liaoning-with-678-pieces-5-283x300.jpg 283w, https:\/\/mouldking.store\/wp-content\/uploads\/2022\/02\/Qman-1418-ChineseAaircraft-Carrier-Liaoning-with-678-pieces-5-768x813.jpg 768w, https:\/\/mouldking.store\/wp-content\/uploads\/2022\/02\/Qman-1418-ChineseAaircraft-Carrier-Liaoning-with-678-pieces-5-300x317.jpg 300w, https:\/\/mouldking.store\/wp-content\/uploads\/2022\/02\/Qman-1418-ChineseAaircraft-Carrier-Liaoning-with-678-pieces-5-600x635.jpg 600w, https:\/\/mouldking.store\/wp-content\/uploads\/2022\/02\/Qman-1418-ChineseAaircraft-Carrier-Liaoning-with-678-pieces-5-142x150.jpg 142w\" sizes=\"(max-width: 790px) 100vw, 790px\" \/><figcaption id=\"caption-attachment-29810\" class=\"wp-caption-text\">Qman 1418 Chinese Aircraft Carrier Liaoning with 678 pieces<\/figcaption><\/figure>\n<figure id=\"attachment_29811\" aria-describedby=\"caption-attachment-29811\" style=\"width: 790px\" class=\"wp-caption aligncenter\"><img loading=\"lazy\" decoding=\"async\" class=\"wp-image-29811 size-full\" src=\"https:\/\/mouldking.store\/wp-content\/uploads\/2022\/02\/Qman-1418-ChineseAaircraft-Carrier-Liaoning-with-678-pieces-6.jpg\" alt=\"Qman 1418 ChineseAaircraft Carrier Liaoning with 678 pieces\" width=\"790\" height=\"837\" title=\"-\" srcset=\"https:\/\/mouldking.store\/wp-content\/uploads\/2022\/02\/Qman-1418-ChineseAaircraft-Carrier-Liaoning-with-678-pieces-6.jpg 790w, https:\/\/mouldking.store\/wp-content\/uploads\/2022\/02\/Qman-1418-ChineseAaircraft-Carrier-Liaoning-with-678-pieces-6-283x300.jpg 283w, https:\/\/mouldking.store\/wp-content\/uploads\/2022\/02\/Qman-1418-ChineseAaircraft-Carrier-Liaoning-with-678-pieces-6-768x814.jpg 768w, https:\/\/mouldking.store\/wp-content\/uploads\/2022\/02\/Qman-1418-ChineseAaircraft-Carrier-Liaoning-with-678-pieces-6-300x318.jpg 300w, https:\/\/mouldking.store\/wp-content\/uploads\/2022\/02\/Qman-1418-ChineseAaircraft-Carrier-Liaoning-with-678-pieces-6-600x636.jpg 600w, https:\/\/mouldking.store\/wp-content\/uploads\/2022\/02\/Qman-1418-ChineseAaircraft-Carrier-Liaoning-with-678-pieces-6-142x150.jpg 142w\" sizes=\"(max-width: 790px) 100vw, 790px\" \/><figcaption id=\"caption-attachment-29811\" class=\"wp-caption-text\">Qman 1418 Chinese Aircraft Carrier Liaoning with 678 pieces<\/figcaption><\/figure>\n<figure id=\"attachment_29812\" aria-describedby=\"caption-attachment-29812\" style=\"width: 790px\" class=\"wp-caption aligncenter\"><img loading=\"lazy\" decoding=\"async\" class=\"wp-image-29812 size-full\" src=\"https:\/\/mouldking.store\/wp-content\/uploads\/2022\/02\/Qman-1418-ChineseAaircraft-Carrier-Liaoning-with-678-pieces-7.jpg\" alt=\"Qman 1418 ChineseAaircraft Carrier Liaoning with 678 pieces\" width=\"790\" height=\"851\" title=\"-\" srcset=\"https:\/\/mouldking.store\/wp-content\/uploads\/2022\/02\/Qman-1418-ChineseAaircraft-Carrier-Liaoning-with-678-pieces-7.jpg 790w, https:\/\/mouldking.store\/wp-content\/uploads\/2022\/02\/Qman-1418-ChineseAaircraft-Carrier-Liaoning-with-678-pieces-7-278x300.jpg 278w, https:\/\/mouldking.store\/wp-content\/uploads\/2022\/02\/Qman-1418-ChineseAaircraft-Carrier-Liaoning-with-678-pieces-7-768x827.jpg 768w, https:\/\/mouldking.store\/wp-content\/uploads\/2022\/02\/Qman-1418-ChineseAaircraft-Carrier-Liaoning-with-678-pieces-7-300x323.jpg 300w, https:\/\/mouldking.store\/wp-content\/uploads\/2022\/02\/Qman-1418-ChineseAaircraft-Carrier-Liaoning-with-678-pieces-7-600x646.jpg 600w, https:\/\/mouldking.store\/wp-content\/uploads\/2022\/02\/Qman-1418-ChineseAaircraft-Carrier-Liaoning-with-678-pieces-7-139x150.jpg 139w\" sizes=\"(max-width: 790px) 100vw, 790px\" \/><figcaption id=\"caption-attachment-29812\" class=\"wp-caption-text\">Qman 1418 Chinese Aircraft Carrier Liaoning with 678 pieces<\/figcaption><\/figure>\n<figure id=\"attachment_29813\" aria-describedby=\"caption-attachment-29813\" style=\"width: 790px\" class=\"wp-caption aligncenter\"><img loading=\"lazy\" decoding=\"async\" class=\"wp-image-29813 size-full\" src=\"https:\/\/mouldking.store\/wp-content\/uploads\/2022\/02\/Qman-1418-ChineseAaircraft-Carrier-Liaoning-with-678-pieces-8.jpg\" alt=\"Qman 1418 ChineseAaircraft Carrier Liaoning with 678 pieces\" width=\"790\" height=\"845\" title=\"-\" srcset=\"https:\/\/mouldking.store\/wp-content\/uploads\/2022\/02\/Qman-1418-ChineseAaircraft-Carrier-Liaoning-with-678-pieces-8.jpg 790w, https:\/\/mouldking.store\/wp-content\/uploads\/2022\/02\/Qman-1418-ChineseAaircraft-Carrier-Liaoning-with-678-pieces-8-280x300.jpg 280w, https:\/\/mouldking.store\/wp-content\/uploads\/2022\/02\/Qman-1418-ChineseAaircraft-Carrier-Liaoning-with-678-pieces-8-768x821.jpg 768w, https:\/\/mouldking.store\/wp-content\/uploads\/2022\/02\/Qman-1418-ChineseAaircraft-Carrier-Liaoning-with-678-pieces-8-300x321.jpg 300w, https:\/\/mouldking.store\/wp-content\/uploads\/2022\/02\/Qman-1418-ChineseAaircraft-Carrier-Liaoning-with-678-pieces-8-600x642.jpg 600w, https:\/\/mouldking.store\/wp-content\/uploads\/2022\/02\/Qman-1418-ChineseAaircraft-Carrier-Liaoning-with-678-pieces-8-140x150.jpg 140w\" sizes=\"(max-width: 790px) 100vw, 790px\" \/><figcaption id=\"caption-attachment-29813\" class=\"wp-caption-text\">Qman 1418 Chinese Aircraft Carrier Liaoning with 678 pieces<\/figcaption><\/figure>\n<figure id=\"attachment_29814\" aria-describedby=\"caption-attachment-29814\" style=\"width: 790px\" class=\"wp-caption aligncenter\"><img loading=\"lazy\" decoding=\"async\" class=\"wp-image-29814 size-full\" src=\"https:\/\/mouldking.store\/wp-content\/uploads\/2022\/02\/Qman-1418-ChineseAaircraft-Carrier-Liaoning-with-678-pieces-9.jpg\" alt=\"Qman 1418 ChineseAaircraft Carrier Liaoning with 678 pieces\" width=\"790\" height=\"865\" title=\"-\" srcset=\"https:\/\/mouldking.store\/wp-content\/uploads\/2022\/02\/Qman-1418-ChineseAaircraft-Carrier-Liaoning-with-678-pieces-9.jpg 790w, https:\/\/mouldking.store\/wp-content\/uploads\/2022\/02\/Qman-1418-ChineseAaircraft-Carrier-Liaoning-with-678-pieces-9-274x300.jpg 274w, https:\/\/mouldking.store\/wp-content\/uploads\/2022\/02\/Qman-1418-ChineseAaircraft-Carrier-Liaoning-with-678-pieces-9-768x841.jpg 768w, https:\/\/mouldking.store\/wp-content\/uploads\/2022\/02\/Qman-1418-ChineseAaircraft-Carrier-Liaoning-with-678-pieces-9-300x328.jpg 300w, https:\/\/mouldking.store\/wp-content\/uploads\/2022\/02\/Qman-1418-ChineseAaircraft-Carrier-Liaoning-with-678-pieces-9-600x657.jpg 600w, https:\/\/mouldking.store\/wp-content\/uploads\/2022\/02\/Qman-1418-ChineseAaircraft-Carrier-Liaoning-with-678-pieces-9-137x150.jpg 137w\" sizes=\"(max-width: 790px) 100vw, 790px\" \/><figcaption id=\"caption-attachment-29814\" class=\"wp-caption-text\">Qman 1418 Chinese Aircraft Carrier Liaoning with 678 pieces<\/figcaption><\/figure>\n<figure id=\"attachment_29815\" aria-describedby=\"caption-attachment-29815\" style=\"width: 790px\" class=\"wp-caption aligncenter\"><img loading=\"lazy\" decoding=\"async\" class=\"wp-image-29815 size-full\" src=\"https:\/\/mouldking.store\/wp-content\/uploads\/2022\/02\/Qman-1418-ChineseAaircraft-Carrier-Liaoning-with-678-pieces-10.jpg\" alt=\"Qman 1418 ChineseAaircraft Carrier Liaoning with 678 pieces\" width=\"790\" height=\"895\" title=\"-\" srcset=\"https:\/\/mouldking.store\/wp-content\/uploads\/2022\/02\/Qman-1418-ChineseAaircraft-Carrier-Liaoning-with-678-pieces-10.jpg 790w, https:\/\/mouldking.store\/wp-content\/uploads\/2022\/02\/Qman-1418-ChineseAaircraft-Carrier-Liaoning-with-678-pieces-10-265x300.jpg 265w, https:\/\/mouldking.store\/wp-content\/uploads\/2022\/02\/Qman-1418-ChineseAaircraft-Carrier-Liaoning-with-678-pieces-10-768x870.jpg 768w, https:\/\/mouldking.store\/wp-content\/uploads\/2022\/02\/Qman-1418-ChineseAaircraft-Carrier-Liaoning-with-678-pieces-10-300x340.jpg 300w, https:\/\/mouldking.store\/wp-content\/uploads\/2022\/02\/Qman-1418-ChineseAaircraft-Carrier-Liaoning-with-678-pieces-10-600x680.jpg 600w, https:\/\/mouldking.store\/wp-content\/uploads\/2022\/02\/Qman-1418-ChineseAaircraft-Carrier-Liaoning-with-678-pieces-10-132x150.jpg 132w\" sizes=\"(max-width: 790px) 100vw, 790px\" \/><figcaption id=\"caption-attachment-29815\" class=\"wp-caption-text\">Qman 1418 Chinese Aircraft Carrier Liaoning with 678 pieces<\/figcaption><\/figure>\n<figure id=\"attachment_29816\" aria-describedby=\"caption-attachment-29816\" style=\"width: 790px\" class=\"wp-caption aligncenter\"><img loading=\"lazy\" decoding=\"async\" class=\"wp-image-29816 size-full\" src=\"https:\/\/mouldking.store\/wp-content\/uploads\/2022\/02\/Qman-1418-ChineseAaircraft-Carrier-Liaoning-with-678-pieces-11.jpg\" alt=\"Qman 1418 ChineseAaircraft Carrier Liaoning with 678 pieces\" width=\"790\" height=\"459\" title=\"-\" srcset=\"https:\/\/mouldking.store\/wp-content\/uploads\/2022\/02\/Qman-1418-ChineseAaircraft-Carrier-Liaoning-with-678-pieces-11.jpg 790w, https:\/\/mouldking.store\/wp-content\/uploads\/2022\/02\/Qman-1418-ChineseAaircraft-Carrier-Liaoning-with-678-pieces-11-300x174.jpg 300w, https:\/\/mouldking.store\/wp-content\/uploads\/2022\/02\/Qman-1418-ChineseAaircraft-Carrier-Liaoning-with-678-pieces-11-768x446.jpg 768w, https:\/\/mouldking.store\/wp-content\/uploads\/2022\/02\/Qman-1418-ChineseAaircraft-Carrier-Liaoning-with-678-pieces-11-600x349.jpg 600w, https:\/\/mouldking.store\/wp-content\/uploads\/2022\/02\/Qman-1418-ChineseAaircraft-Carrier-Liaoning-with-678-pieces-11-150x87.jpg 150w\" sizes=\"(max-width: 790px) 100vw, 790px\" \/><figcaption id=\"caption-attachment-29816\" class=\"wp-caption-text\">Qman 1418 Chinese Aircraft Carrier Liaoning with 678 pieces<\/figcaption><\/figure>","protected":false},"excerpt":{"rendered":"<p>Product information: Brand: Qman Gender: Unisex Name: Chinese Aircraft Carrier Liaoning Age Range: &gt; 6 years old Model Number: 1418 Classification: Assemblage Plastic Block Shape: Self-Locking Bricks Material: Plastic Plastic Type: ABS Bricks Blocks: 678 PCS Contains detailed assembly instructions. Notice: 1. Without an original box, but we guarantee our products have quality assurance and [&hellip;]<\/p>","protected":false},"featured_media":29806,"comment_status":"closed","ping_status":"closed","template":"","meta":{"_acf_changed":false},"product_cat":[372],"product_tag":[4680,4681,4679,4678,4682,4125,4677,4676,4675],"class_list":["product","first","instock","shipping-taxable","purchasable","product-type-simple"],"acf":[],"_links":{"self":[{"href":"https:\/\/mouldking.store\/fr\/wp-json\/wp\/v2\/product\/29805","targetHints":{"allow":["GET"]}}],"collection":[{"href":"https:\/\/mouldking.store\/fr\/wp-json\/wp\/v2\/product"}],"about":[{"href":"https:\/\/mouldking.store\/fr\/wp-json\/wp\/v2\/types\/product"}],"replies":[{"embeddable":true,"href":"https:\/\/mouldking.store\/fr\/wp-json\/wp\/v2\/comments?post=29805"}],"wp:featuredmedia":[{"embeddable":true,"href":"https:\/\/mouldking.store\/fr\/wp-json\/wp\/v2\/media\/29806"}],"wp:attachment":[{"href":"https:\/\/mouldking.store\/fr\/wp-json\/wp\/v2\/media?parent=29805"}],"wp:term":[{"taxonomy":"product_cat","embeddable":true,"href":"https:\/\/mouldking.store\/fr\/wp-json\/wp\/v2\/product_cat?post=29805"},{"taxonomy":"product_tag","embeddable":true,"href":"https:\/\/mouldking.store\/fr\/wp-json\/wp\/v2\/product_tag?post=29805"}],"curies":[{"name":"wp","href":"https:\/\/api.w.org\/{rel}","templated":true}]}}